{"id":131281,"date":"2024-02-11T22:26:26","date_gmt":"2024-02-11T19:26:26","guid":{"rendered":"https:\/\/bionley.com\/en\/?post_type=product&#038;p=131281"},"modified":"2024-07-20T19:14:05","modified_gmt":"2024-07-20T16:14:05","slug":"soapwort-2","status":"publish","type":"product","link":"https:\/\/bionley.com\/en\/urun\/soapwort-2\/","title":{"rendered":"SOAPWORT"},"content":{"rendered":"<p>Widely used in traditional medicine applications, the extract of Gypsophila is also used in the food field.<\/p>\n<p>The Gypsophila extract is an extract from the leaves and flowers of the plant and is used in many different food products due to its antioxidant and anti-inflammatory properties. In particular, it is added to meat, fish, dairy products, baked goods, wine and beer.<\/p>\n<p>The active ingredients in the Gypsophila extract include azulenes, flavonoids, tannins, coumarins and essential oils. These components have various biological effects and are particularly beneficial for health due to their antioxidant and anti-inflammatory properties.<\/p>\n<p>However, caution should be exercised before using Gypsophila extract. It may cause allergic reactions in some people and is not recommended for women during pregnancy and lactation, as well as people taking blood thinners. For this reason, it is absolutely necessary to consult a healthcare professional before using Gypsophila extract.<\/p>\n<p>In particular, Gypsophila extract is frequently used in skin care products. By protecting the skin&#8217;s natural lipid barrier, Gypsophila extract retains skin moisture and helps to tighten the skin. In addition, desiccant extract can reduce redness and irritation on the skin and make the skin look healthier overall.<br \/>\nIn addition, Gypsophila extract is also used in hair care products. It can revitalize the scalp, strengthen the hair and reduce hair loss.<\/p>\n<h4>Chemical Info<\/h4>\n<p>Gypsophila Extract, Glycerin, Aqua, Potassium Sorbate, Sodium Benzoate<\/p>\n<h4>Traditional Uses<\/h4>\n<p>Some Gypsophila species are used in folk medicine as remedies for coughs, colds, and ailments of the upper respiratory tract3 and also used for medical treatment such as an expectorant and diuretic, and for hepatitis, gastritis, and bronchitis. Some Gypsophila species are known as a source of saponins since the antiquity and is also used in gastronomy in Arabic countries. Both of the genera have known as \u201c\u00e7\u00f6ven, \u00e7\u00f6\u011fen\u201d, halvah root and largened root parts or rhizomes are economically very important. Extracts produced from under parts of the plants known as fire extinguisher, gold polishing, silk and cloth cleaner and softener and crispness giving to halvah. These extracts have often used for making liqueur, preparing herbal cheese and making ice cream. Because of giving flavour, crispness and nice odor they generally preferred in food industry.<\/p>\n","protected":false},"excerpt":{"rendered":"<p><em>Gypsophila Sp.<\/em><br \/>\nTotal Saponins By UV<\/p>\n","protected":false},"featured_media":131216,"comment_status":"open","ping_status":"closed","template":"","meta":[],"product_cat":[151,152],"product_tag":[],"class_list":{"0":"post-131281","1":"product","2":"type-product","3":"status-publish","4":"has-post-thumbnail","6":"product_cat-extracts","7":"product_cat-liquid-extracts","9":"first","10":"instock","11":"shipping-taxable","12":"product-type-simple"},"_links":{"self":[{"href":"https:\/\/bionley.com\/en\/wp-json\/wp\/v2\/product\/131281","targetHints":{"allow":["GET"]}}],"collection":[{"href":"https:\/\/bionley.com\/en\/wp-json\/wp\/v2\/product"}],"about":[{"href":"https:\/\/bionley.com\/en\/wp-json\/wp\/v2\/types\/product"}],"replies":[{"embeddable":true,"href":"https:\/\/bionley.com\/en\/wp-json\/wp\/v2\/comments?post=131281"}],"wp:featuredmedia":[{"embeddable":true,"href":"https:\/\/bionley.com\/en\/wp-json\/wp\/v2\/media\/131216"}],"wp:attachment":[{"href":"https:\/\/bionley.com\/en\/wp-json\/wp\/v2\/media?parent=131281"}],"wp:term":[{"taxonomy":"product_cat","embeddable":true,"href":"https:\/\/bionley.com\/en\/wp-json\/wp\/v2\/product_cat?post=131281"},{"taxonomy":"product_tag","embeddable":true,"href":"https:\/\/bionley.com\/en\/wp-json\/wp\/v2\/product_tag?post=131281"}],"curies":[{"name":"wp","href":"https:\/\/api.w.org\/{rel}","templated":true}]}}