{"id":131150,"date":"2024-01-19T00:56:44","date_gmt":"2024-01-18T21:56:44","guid":{"rendered":"https:\/\/tr.bionley.com\/?page_id=131150"},"modified":"2026-03-21T22:15:44","modified_gmt":"2026-03-21T19:15:44","slug":"yonetim-sistemleri-politikalari","status":"publish","type":"page","link":"https:\/\/bionley.com\/tr\/yonetim-sistemleri-politikalari\/","title":{"rendered":"Y\u00f6netim Sistemleri Politikalar\u0131"},"content":{"rendered":"<p><strong>B\u0130ONLEY B\u0130YOTEKNOLOJ\u0130 ANON\u0130M \u015e\u0130RKET\u0130;<\/strong><\/p>\n<p class=\"western\" lang=\"en-GB\" align=\"justify\"><span style=\"font-family: Calibri, serif;\"><span style=\"font-size: small;\"><span lang=\"tr-TR\">Standartlara uygun olarak<\/span><\/span><\/span><span style=\"font-family: Calibri, serif;\"><span style=\"font-size: small;\"> B\u0130TK\u0130SEL DO\u011eAL \u00dcR\u00dcNLER\u0130N \u00dcRET\u0130M\u0130, B\u0130TK\u0130SEL KOZMET\u0130K \u00dcR\u00dcNLER\u0130N \u00dcRET\u0130M\u0130, B\u0130TK\u0130SEL STANDARD\u0130ZE TOZ VE SIVI EKSTRELER\u0130N VE KOZMET\u0130K HAMMADDELER\u0130N\u0130N ARA\u015eTIRILMASI, GEL\u0130\u015eT\u0130R\u0130LMES\u0130 VE DENEYSEL FAAL\u0130YETLER\u0130N\u0130N GER\u00c7EKLE\u015eT\u0130R\u0130LMES\u0130, \u00dcRET\u0130LMES\u0130 <\/span><\/span><span style=\"font-family: Calibri, serif;\"><span style=\"font-size: small;\"><span lang=\"tr-TR\">alanlar\u0131nda yapm\u0131\u015f oldu\u011fumuz \u00fcretim faaliyetlerinin t\u00fcm a\u015famalar\u0131nda, iyi imalat uygulamalar\u0131n\u0131, \u00fcr\u00fcn ve hizmet kalitesini, g\u00fcvenli g\u0131da \u00fcretim \u015fartlar\u0131n\u0131 sa\u011flamay\u0131, insan sa\u011fl\u0131\u011f\u0131na \u00f6nem vererek, hijyenik ko\u015fullarda, i\u015f sa\u011fl\u0131\u011f\u0131 ve g\u00fcvenli\u011fini, \u00e7evreyi korumay\u0131 ve g\u00fczelle\u015ftirmeyi<\/span><\/span><\/span><span style=\"font-family: Calibri, serif;\"><span style=\"font-size: small;\">,<\/span><\/span><\/p>\n<p class=\"western\" lang=\"en-GB\" align=\"justify\">\u25cf<span style=\"font-family: Calibri, serif;\"><span style=\"font-size: small;\">T\u00fcm \u00fcretim a\u015famalar\u0131nda; OIC\/SMIIC1 standard\u0131na, T\u00fcrk G\u0131da Kodeksine, kalite ve g\u0131da g\u00fcvenli\u011fi y\u00f6netim sistemimize, \u0130slam F\u0131kh\u0131na ve m\u00fc\u015fterilerin helal g\u0131da g\u00fcvenli\u011fi isteklerine uygun, y\u00fcksek verimlilikle ve en ekonomik maliyetle \u00fcretmek,<\/span><\/span><\/p>\n<p class=\"western\" lang=\"en-GB\" align=\"justify\">\u25cf<span style=\"font-family: Calibri, serif;\"><span style=\"font-size: small;\">\u00c7al\u0131\u015fanlar\u0131m\u0131za helal ve g\u0131da g\u00fcvenli\u011fi e\u011fitimleri vererek yetkinliklerini art\u0131rmay\u0131, iyile\u015ftirme \u00e7al\u0131\u015fmalar\u0131na etkin kat\u0131l\u0131mlar\u0131n\u0131 sa\u011flamakt\u0131r.<\/span><\/span><\/p>\n<p class=\"western\" lang=\"en-GB\" align=\"justify\">\u25cf<span style=\"font-family: Calibri, serif;\"><span style=\"font-size: small;\"><span lang=\"tr-TR\">Kurum i\u00e7i ve d\u0131\u015f\u0131 e\u011fitim programlar\u0131yla \u00e7al\u0131\u015fanlar\u0131n\u0131n bireysel yetkinliklerini s\u00fcrekli art\u0131rmay\u0131,<\/span><\/span><\/span><\/p>\n<p class=\"western\" lang=\"en-GB\" align=\"justify\">\u25cf<span style=\"font-family: Calibri, serif;\"><span style=\"font-size: small;\"><span lang=\"tr-TR\">Ar-ge ve \u00dcr-ge faaliyetlerinin artt\u0131r\u0131lmas\u0131 ve geli\u015ftirilmesi i\u00e7in gerekli olan altyap\u0131 ve kaynaklar\u0131 iyile\u015ftirmeyi ve bunlar\u0131n etkin bir \u015fekilde kullan\u0131m\u0131n\u0131 sa\u011flamay\u0131,<\/span><\/span><\/span><\/p>\n<p class=\"western\" lang=\"en-GB\" align=\"justify\">\u25cf<span style=\"font-family: Calibri, serif;\"><span style=\"font-size: small;\"><span lang=\"tr-TR\">M\u00fc\u015fteri odakl\u0131l\u0131\u011f\u0131n\u0131 t\u00fcm faaliyetlerimize yans\u0131tarak, zaman\u0131nda ve tam m\u00fc\u015fteri memnuniyeti i\u00e7in seferber olmay\u0131,<\/span><\/span><\/span><\/p>\n<p class=\"western\" lang=\"en-GB\" align=\"justify\">\u25cf<span style=\"font-family: Calibri, serif;\"><span style=\"font-size: small;\"><span lang=\"tr-TR\">\u00c7al\u0131\u015fanlar\u0131n s\u00fcrekli e\u011fitimlerini sa\u011flayarak, teknolojik geli\u015fmeleri takip etmelerini, sa\u011fl\u0131k ve g\u00fcvenlik bilincini geli\u015ftirmeyi, \u00e7evreyi koruma ve g\u00f6zetme duyarl\u0131l\u0131\u011f\u0131n\u0131 artt\u0131rmay\u0131, kalitenin devaml\u0131l\u0131\u011f\u0131n\u0131 sa\u011flamay\u0131,<\/span><\/span><\/span><\/p>\n<p class=\"western\" lang=\"en-GB\" align=\"justify\">\u25cf<span style=\"font-family: Calibri, serif;\"><span style=\"font-size: small;\"><span lang=\"tr-TR\">S\u00fcrekli iyile\u015ftirmenin sa\u011flanmas\u0131 i\u00e7in, \u00e7al\u0131\u015fanlar\u0131n ve \u00e7al\u0131\u015fan temsilcilerinin fikirlerini alarak kat\u0131l\u0131mc\u0131 olmalar\u0131n\u0131 sa\u011flamak,<\/span><\/span><\/span><\/p>\n<p class=\"western\" lang=\"en-GB\" align=\"justify\">\u25cf<span style=\"font-family: Calibri, serif;\"><span style=\"font-size: small;\"><span lang=\"tr-TR\">\u00c7evreyi ve \u00e7al\u0131\u015fanlar\u0131 tehdit eden sa\u011fl\u0131k ve g\u00fcvenlik risklerini belirleyerek, bu riskleri ortadan kald\u0131racak \u00e7al\u0131\u015fmalar\u0131 yapmay\u0131 ve te\u015fvik etmeyi,<\/span><\/span><\/span><\/p>\n<p class=\"western\" lang=\"en-GB\" align=\"justify\">\u25cf<span style=\"font-family: Calibri, serif;\"><span style=\"font-size: small;\"><span lang=\"tr-TR\">\u0130\u015f kazalar\u0131 ve meslek hastal\u0131klar\u0131n\u0131n olmamas\u0131 i\u00e7in \u00f6nleyici tedbirleri almay\u0131,<\/span><\/span><\/span><\/p>\n<p class=\"western\" lang=\"en-GB\" align=\"justify\">\u25cf <span style=\"font-family: Calibri, serif;\"><span style=\"font-size: small;\"><span lang=\"tr-TR\">S\u00fcrekli geli\u015fen bir performans ile \u00e7evremizde daha ya\u015fanabilir ve temiz bir do\u011fa olu\u015fturmay\u0131, \u00e7al\u0131\u015fma ortamlar\u0131n\u0131 daha sa\u011fl\u0131kl\u0131 ve g\u00fcvenli hale getirmeyi, \u00fcr\u00fcn ve hizmet kalitesini iyile\u015ftirmeyi,<\/span><\/span><\/span><\/p>\n<p class=\"western\" lang=\"en-GB\" align=\"justify\">\u25cf <span style=\"font-family: Calibri, serif;\"><span style=\"font-size: small;\"><span lang=\"tr-TR\">T\u00fcm bu faaliyetler i\u00e7in; insan, hammadde, i\u015f ekipman\u0131 ve enerji kaynaklar\u0131n\u0131 sa\u011flamay\u0131, sa\u011flanan bu kaynaklar\u0131 en verimli ve g\u00fcvenli \u015fekilde kullanmay\u0131<\/span><\/span><\/span><\/p>\n<p class=\"western\" lang=\"en-GB\" align=\"justify\">\u25cf <span style=\"font-family: Calibri, serif;\"><span style=\"font-size: small;\"><span lang=\"tr-TR\">\u00c7evreyi kirleten unsurlar\u0131 kayna\u011f\u0131nda yok etmeyi, do\u011fal kaynaklar\u0131 do\u011fru ve verimli kullanmay\u0131, at\u0131klar\u0131n geri kazan\u0131mlar\u0131n\u0131 ve yeniden kullan\u0131mlar\u0131n\u0131 sa\u011flamay\u0131,<\/span><\/span><\/span><\/p>\n<p class=\"western\" lang=\"en-GB\" align=\"justify\">\u25cf <span style=\"font-family: Calibri, serif;\"><span style=\"font-size: small;\"><span lang=\"tr-TR\">Y\u00f6netim sistemleri uygulamalar\u0131m\u0131zda, Uygunluk y\u00fck\u00fcml\u00fcl\u00fcklerine, t\u00fcm yasal \u015fartlara ve mevzuatlara uygun hareket etmeyi,<\/span><\/span><\/span><\/p>\n<p class=\"western\" lang=\"en-GB\" align=\"justify\">\u25cf <span style=\"font-family: Calibri, serif;\"><span style=\"font-size: small;\"><span lang=\"tr-TR\">Entegre y\u00f6netim sistemi \u015fartlar\u0131na uymak ve etkinli\u011fini s\u00fcrekli iyile\u015ftirmek,<\/span><\/span><\/span><\/p>\n<p class=\"western\" lang=\"en-GB\" align=\"justify\">\u25cf <span style=\"font-family: Calibri, serif;\"><span style=\"font-size: small;\"><span lang=\"tr-TR\">Etkin s\u00fcre\u00e7 y\u00f6netimi ile firma i\u00e7erisinde birimler aras\u0131 koordinasyonu sa\u011flamak ve i\u00e7-d\u0131\u015f ileti\u015fim verimlili\u011fini artt\u0131rmak.<\/span><\/span><\/span><\/p>\n<p class=\"western\" lang=\"en-GB\" align=\"justify\">\u25cf <span style=\"font-family: Calibri, serif;\"><span style=\"font-size: small;\"><span lang=\"tr-TR\">Sistemin s\u00fcrekli g\u00f6zden ge\u00e7irilmesi i\u00e7in \u201cg\u0131da g\u00fcvenli\u011fi\u201d ad\u0131 alt\u0131nda ekip kurmak ve y\u00f6netmek. Ve hammaddeden mamul \u00fcr\u00fcn\u00fcn sevkine kadar de\u011ferler zincirinin t\u00fcm halkalar\u0131nda g\u0131da g\u00fcvenli\u011fini ve g\u0131da g\u00fcvenli\u011fi k\u00fclt\u00fcr\u00fcn\u00fc sa\u011flamak.<\/span><\/span><\/span><\/p>\n<p class=\"western\" lang=\"en-GB\" align=\"justify\">\u25cf <span style=\"font-family: Calibri, serif;\"><span style=\"font-size: small;\"><span lang=\"tr-TR\">\u00dcr\u00fcn\u00fcm\u00fczden kaynakl\u0131 t\u00fcketici sa\u011fl\u0131\u011f\u0131n\u0131 tehlikeye d\u00fc\u015f\u00fcrecek herhangi bir tehlikenin ya\u015fanmamas\u0131 i\u00e7in faaliyetlerimizde gerekli olan t\u00fcm \u00e7abay\u0131 g\u00f6stermek.<\/span><\/span><\/span><\/p>\n<p class=\"western\" lang=\"en-GB\" align=\"justify\">\u25cf <span style=\"font-family: Calibri, serif;\"><span style=\"font-size: small;\"><span lang=\"tr-TR\">Payda\u015flar\u0131m\u0131z\u0131n ihtiya\u00e7 ve beklentilerini dikkate alarak, kalite, g\u0131da g\u00fcvenli\u011fi, \u00e7evre, sa\u011fl\u0131k ve g\u00fcvenlik hedefleri belirlemeyi, \u00e7al\u0131\u015fanlar\u0131m\u0131z\u0131 ve tedarik\u00e7ilerimizi t\u00fcm bu \u00e7al\u0131\u015fmalara dahil etmeyi,<\/span><\/span><\/span><\/p>\n<p class=\"western\" lang=\"en-GB\" align=\"justify\">\u25cf <span style=\"font-family: Calibri, serif;\"><span style=\"font-size: small;\">Tedarik\u00e7ilerimizden t\u00fcketicilerimize kadar kar\u015f\u0131la\u015f\u0131labilecek helal g\u0131da g\u00fcvenli\u011fi tehlikelerini \u00f6nlemeyi ve y\u00f6netmeyi; uygulamalar\u0131n kontrol\u00fcn\u00fc ve s\u00fcreklili\u011fini sa\u011flamak,<\/span><\/span><\/p>\n<p class=\"western\" lang=\"en-GB\" align=\"justify\"><span style=\"font-family: Calibri, serif;\"><span style=\"font-size: small;\"><span lang=\"tr-TR\">Y\u00f6netim Politikas\u0131 olarak benimsemi\u015ftir. <\/span><\/span><\/span><\/p>\n<div class=\"notranslate\" style=\"all: initial;\"><\/div>\n","protected":false},"excerpt":{"rendered":"<p>B\u0130ONLEY B\u0130YOTEKNOLOJ\u0130 ANON\u0130M \u015e\u0130RKET\u0130; Standartlara uygun olarak B\u0130TK\u0130SEL DO\u011eAL \u00dcR\u00dcNLER\u0130N \u00dcRET\u0130M\u0130, B\u0130TK\u0130SEL KOZMET\u0130K \u00dcR\u00dcNLER\u0130N \u00dcRET\u0130M\u0130, B\u0130TK\u0130SEL STANDARD\u0130ZE TOZ VE SIVI [&hellip;]<\/p>\n","protected":false},"author":1,"featured_media":0,"parent":0,"menu_order":0,"comment_status":"closed","ping_status":"closed","template":"","meta":{"footnotes":""},"class_list":["post-131150","page","type-page","status-publish","hentry"],"yoast_head":"<!-- This site is optimized with the Yoast SEO Premium plugin v27.4 (Yoast SEO v27.4) - https:\/\/yoast.com\/product\/yoast-seo-premium-wordpress\/ -->\n<title>Y\u00f6netim Sistemleri Politikalar\u0131 - Bionley<\/title>\n<meta name=\"robots\" content=\"index, follow, max-snippet:-1, max-image-preview:large, max-video-preview:-1\" \/>\n<link rel=\"canonical\" href=\"https:\/\/bionley.com\/tr\/yonetim-sistemleri-politikalari\/\" \/>\n<meta property=\"og:locale\" content=\"tr_TR\" \/>\n<meta property=\"og:type\" content=\"article\" \/>\n<meta property=\"og:title\" content=\"Y\u00f6netim Sistemleri Politikalar\u0131\" \/>\n<meta property=\"og:description\" content=\"B\u0130ONLEY B\u0130YOTEKNOLOJ\u0130 ANON\u0130M \u015e\u0130RKET\u0130; Standartlara uygun olarak B\u0130TK\u0130SEL DO\u011eAL \u00dcR\u00dcNLER\u0130N \u00dcRET\u0130M\u0130, B\u0130TK\u0130SEL KOZMET\u0130K \u00dcR\u00dcNLER\u0130N \u00dcRET\u0130M\u0130, B\u0130TK\u0130SEL STANDARD\u0130ZE TOZ VE SIVI [&hellip;]\" \/>\n<meta property=\"og:url\" content=\"https:\/\/bionley.com\/tr\/yonetim-sistemleri-politikalari\/\" \/>\n<meta property=\"og:site_name\" content=\"Bionley\" \/>\n<meta property=\"article:publisher\" content=\"https:\/\/www.facebook.com\/profile.php?id=61554875321542&amp;locale=tr_TR\" \/>\n<meta property=\"article:modified_time\" content=\"2026-03-21T19:15:44+00:00\" \/>\n<meta name=\"twitter:card\" content=\"summary_large_image\" \/>\n<meta name=\"twitter:site\" content=\"@bionleyBion\" \/>\n<meta name=\"twitter:label1\" content=\"Tahmini okuma s\u00fcresi\" \/>\n\t<meta name=\"twitter:data1\" content=\"3 dakika\" \/>\n<script type=\"application\/ld+json\" class=\"yoast-schema-graph\">{\"@context\":\"https:\\\/\\\/schema.org\",\"@graph\":[{\"@type\":\"WebPage\",\"@id\":\"https:\\\/\\\/bionley.com\\\/tr\\\/yonetim-sistemleri-politikalari\\\/\",\"url\":\"https:\\\/\\\/bionley.com\\\/tr\\\/yonetim-sistemleri-politikalari\\\/\",\"name\":\"Y\u00f6netim Sistemleri Politikalar\u0131 - Bionley\",\"isPartOf\":{\"@id\":\"https:\\\/\\\/bionley.com\\\/tr\\\/#website\"},\"datePublished\":\"2024-01-18T21:56:44+00:00\",\"dateModified\":\"2026-03-21T19:15:44+00:00\",\"breadcrumb\":{\"@id\":\"https:\\\/\\\/bionley.com\\\/tr\\\/yonetim-sistemleri-politikalari\\\/#breadcrumb\"},\"inLanguage\":\"tr\",\"potentialAction\":[{\"@type\":\"ReadAction\",\"target\":[\"https:\\\/\\\/bionley.com\\\/tr\\\/yonetim-sistemleri-politikalari\\\/\"]}]},{\"@type\":\"BreadcrumbList\",\"@id\":\"https:\\\/\\\/bionley.com\\\/tr\\\/yonetim-sistemleri-politikalari\\\/#breadcrumb\",\"itemListElement\":[{\"@type\":\"ListItem\",\"position\":1,\"name\":\"Anasayfa\",\"item\":\"https:\\\/\\\/bionley.com\\\/tr\\\/\"},{\"@type\":\"ListItem\",\"position\":2,\"name\":\"Y\u00f6netim Sistemleri Politikalar\u0131\"}]},{\"@type\":\"WebSite\",\"@id\":\"https:\\\/\\\/bionley.com\\\/tr\\\/#website\",\"url\":\"https:\\\/\\\/bionley.com\\\/tr\\\/\",\"name\":\"Bionley\",\"description\":\"\",\"publisher\":{\"@id\":\"https:\\\/\\\/bionley.com\\\/tr\\\/#organization\"},\"potentialAction\":[{\"@type\":\"SearchAction\",\"target\":{\"@type\":\"EntryPoint\",\"urlTemplate\":\"https:\\\/\\\/bionley.com\\\/tr\\\/?s={search_term_string}\"},\"query-input\":{\"@type\":\"PropertyValueSpecification\",\"valueRequired\":true,\"valueName\":\"search_term_string\"}}],\"inLanguage\":\"tr\"},{\"@type\":[\"Organization\",\"Place\",\"Corporation\"],\"@id\":\"https:\\\/\\\/bionley.com\\\/tr\\\/#organization\",\"name\":\"Bionley Biyoteknoloji A.\u015e\",\"url\":\"https:\\\/\\\/bionley.com\\\/tr\\\/\",\"logo\":{\"@id\":\"https:\\\/\\\/bionley.com\\\/tr\\\/yonetim-sistemleri-politikalari\\\/#local-main-organization-logo\"},\"image\":{\"@id\":\"https:\\\/\\\/bionley.com\\\/tr\\\/yonetim-sistemleri-politikalari\\\/#local-main-organization-logo\"},\"sameAs\":[\"https:\\\/\\\/www.facebook.com\\\/profile.php?id=61554875321542&locale=tr_TR\",\"https:\\\/\\\/x.com\\\/bionleyBion\",\"https:\\\/\\\/www.instagram.com\\\/bionleycom\\\/\"],\"description\":\"Bitkilerden standardize ekstre elde edilmesi ve elde edilen ekstrelerden de\u011ferli molek\u00fcllerin safla\u015ft\u0131r\u0131lmas\u0131 ve end\u00fcstriyel \u00f6l\u00e7ekte \u00fcretiminin yap\u0131lmas\u0131, \u00f6zellikle tar\u0131msal at\u0131klar ve t\u0131bbi aromatik bitkilerden y\u00fcksek katma de\u011ferli \u00fcr\u00fcnler elde etme \u00fczerine 20 y\u0131l\u0131 a\u015fk\u0131n s\u00fcredir \u00e7al\u0131\u015fmalar yapmaktay\u0131z. Gaziemir Sarn\u0131\u00e7 sanayi b\u00f6lgesinde faaliyet g\u00f6steren Bionley Biyoteknoloji A.\u015e \u015firketimiz i\u015f ortaklar\u0131m\u0131za \u00f6zel Ar-Ge \u00e7al\u0131\u015fmalar\u0131 ile inovatif \u00fcr\u00fcnler geli\u015ftirmekte ve \u00dclkemizin bu konularda d\u0131\u015far\u0131ya olan ba\u011f\u0131ml\u0131l\u0131\u011f\u0131n\u0131 azaltmaktay\u0131z. \u00d6zellikle Astragalus (Geven) ve Ruscus (Tav\u015fan memesi) bitkilerinin de\u011ferli molek\u00fcllerinin y\u00fcksek safl\u0131kta elde edilmesi ve end\u00fcstriyel \u00f6l\u00e7ekte \u00fcretimini ger\u00e7ekle\u015ftirmekteyiz . T\u00fcrkiye'de yeti\u015fen bitkilerin standardize olarak ekstrelerinin \u00fcretimini ger\u00e7ekle\u015ftirmektedir. Ayr\u0131ca Spray Dryer (p\u00fcsk\u00fcrtmeli kurutucu), Freeze Dryer, Tray Dryer, Rotocone Dryer v.b. cihazlar\u0131n tasar\u0131m ve optizasyonunu yapan bir firmad\u0131r.\",\"legalName\":\"B\u0130ONLEY B\u0130YOTEKNOLOJ\u0130 A.\u015e\",\"foundingDate\":\"2023-05-23\",\"numberOfEmployees\":{\"@type\":\"QuantitativeValue\",\"minValue\":\"1\",\"maxValue\":\"10\"},\"address\":{\"@id\":\"https:\\\/\\\/bionley.com\\\/tr\\\/yonetim-sistemleri-politikalari\\\/#local-main-place-address\"},\"telephone\":[\"05332783176\"],\"openingHoursSpecification\":[{\"@type\":\"OpeningHoursSpecification\",\"dayOfWeek\":[\"Monday\"],\"opens\":\"09:00\",\"closes\":\"18:00\"},{\"@type\":\"OpeningHoursSpecification\",\"dayOfWeek\":[\"Tuesday\",\"Wednesday\",\"Thursday\",\"Friday\",\"Saturday\"],\"opens\":\"09:00\",\"closes\":\"17:00\"},{\"@type\":\"OpeningHoursSpecification\",\"dayOfWeek\":[\"Sunday\"],\"opens\":\"00:00\",\"closes\":\"00:00\"}],\"email\":\"info@bionley.com\"},{\"@type\":\"PostalAddress\",\"@id\":\"https:\\\/\\\/bionley.com\\\/tr\\\/yonetim-sistemleri-politikalari\\\/#local-main-place-address\",\"streetAddress\":\"Fatih Mahallesi 1178 sokak no 5B Gaziemir \u0130ZM\u0130R\",\"addressLocality\":\"GAZ\u0130EM\u0130R\",\"postalCode\":\"35410\",\"addressRegion\":\"\u0130ZM\u0130R\",\"addressCountry\":\"TR\"},{\"@type\":\"ImageObject\",\"inLanguage\":\"tr\",\"@id\":\"https:\\\/\\\/bionley.com\\\/tr\\\/yonetim-sistemleri-politikalari\\\/#local-main-organization-logo\",\"url\":\"https:\\\/\\\/bionley.com\\\/tr\\\/wp-content\\\/uploads\\\/2026\\\/01\\\/Adsiz-tasarim-1.png\",\"contentUrl\":\"https:\\\/\\\/bionley.com\\\/tr\\\/wp-content\\\/uploads\\\/2026\\\/01\\\/Adsiz-tasarim-1.png\",\"width\":1280,\"height\":439,\"caption\":\"Bionley Biyoteknoloji A.\u015e\"}]}<\/script>\n<meta name=\"geo.placename\" content=\"GAZ\u0130EM\u0130R\" \/>\n<meta name=\"geo.region\" content=\"T\u00fcrkiye\" \/>\n<!-- \/ Yoast SEO Premium plugin. -->","yoast_head_json":{"title":"Y\u00f6netim Sistemleri Politikalar\u0131 - Bionley","robots":{"index":"index","follow":"follow","max-snippet":"max-snippet:-1","max-image-preview":"max-image-preview:large","max-video-preview":"max-video-preview:-1"},"canonical":"https:\/\/bionley.com\/tr\/yonetim-sistemleri-politikalari\/","og_locale":"tr_TR","og_type":"article","og_title":"Y\u00f6netim Sistemleri Politikalar\u0131","og_description":"B\u0130ONLEY B\u0130YOTEKNOLOJ\u0130 ANON\u0130M \u015e\u0130RKET\u0130; Standartlara uygun olarak B\u0130TK\u0130SEL DO\u011eAL \u00dcR\u00dcNLER\u0130N \u00dcRET\u0130M\u0130, B\u0130TK\u0130SEL KOZMET\u0130K \u00dcR\u00dcNLER\u0130N \u00dcRET\u0130M\u0130, B\u0130TK\u0130SEL STANDARD\u0130ZE TOZ VE SIVI [&hellip;]","og_url":"https:\/\/bionley.com\/tr\/yonetim-sistemleri-politikalari\/","og_site_name":"Bionley","article_publisher":"https:\/\/www.facebook.com\/profile.php?id=61554875321542&locale=tr_TR","article_modified_time":"2026-03-21T19:15:44+00:00","twitter_card":"summary_large_image","twitter_site":"@bionleyBion","twitter_misc":{"Tahmini okuma s\u00fcresi":"3 dakika"},"schema":{"@context":"https:\/\/schema.org","@graph":[{"@type":"WebPage","@id":"https:\/\/bionley.com\/tr\/yonetim-sistemleri-politikalari\/","url":"https:\/\/bionley.com\/tr\/yonetim-sistemleri-politikalari\/","name":"Y\u00f6netim Sistemleri Politikalar\u0131 - Bionley","isPartOf":{"@id":"https:\/\/bionley.com\/tr\/#website"},"datePublished":"2024-01-18T21:56:44+00:00","dateModified":"2026-03-21T19:15:44+00:00","breadcrumb":{"@id":"https:\/\/bionley.com\/tr\/yonetim-sistemleri-politikalari\/#breadcrumb"},"inLanguage":"tr","potentialAction":[{"@type":"ReadAction","target":["https:\/\/bionley.com\/tr\/yonetim-sistemleri-politikalari\/"]}]},{"@type":"BreadcrumbList","@id":"https:\/\/bionley.com\/tr\/yonetim-sistemleri-politikalari\/#breadcrumb","itemListElement":[{"@type":"ListItem","position":1,"name":"Anasayfa","item":"https:\/\/bionley.com\/tr\/"},{"@type":"ListItem","position":2,"name":"Y\u00f6netim Sistemleri Politikalar\u0131"}]},{"@type":"WebSite","@id":"https:\/\/bionley.com\/tr\/#website","url":"https:\/\/bionley.com\/tr\/","name":"Bionley","description":"","publisher":{"@id":"https:\/\/bionley.com\/tr\/#organization"},"potentialAction":[{"@type":"SearchAction","target":{"@type":"EntryPoint","urlTemplate":"https:\/\/bionley.com\/tr\/?s={search_term_string}"},"query-input":{"@type":"PropertyValueSpecification","valueRequired":true,"valueName":"search_term_string"}}],"inLanguage":"tr"},{"@type":["Organization","Place","Corporation"],"@id":"https:\/\/bionley.com\/tr\/#organization","name":"Bionley Biyoteknoloji A.\u015e","url":"https:\/\/bionley.com\/tr\/","logo":{"@id":"https:\/\/bionley.com\/tr\/yonetim-sistemleri-politikalari\/#local-main-organization-logo"},"image":{"@id":"https:\/\/bionley.com\/tr\/yonetim-sistemleri-politikalari\/#local-main-organization-logo"},"sameAs":["https:\/\/www.facebook.com\/profile.php?id=61554875321542&locale=tr_TR","https:\/\/x.com\/bionleyBion","https:\/\/www.instagram.com\/bionleycom\/"],"description":"Bitkilerden standardize ekstre elde edilmesi ve elde edilen ekstrelerden de\u011ferli molek\u00fcllerin safla\u015ft\u0131r\u0131lmas\u0131 ve end\u00fcstriyel \u00f6l\u00e7ekte \u00fcretiminin yap\u0131lmas\u0131, \u00f6zellikle tar\u0131msal at\u0131klar ve t\u0131bbi aromatik bitkilerden y\u00fcksek katma de\u011ferli \u00fcr\u00fcnler elde etme \u00fczerine 20 y\u0131l\u0131 a\u015fk\u0131n s\u00fcredir \u00e7al\u0131\u015fmalar yapmaktay\u0131z. Gaziemir Sarn\u0131\u00e7 sanayi b\u00f6lgesinde faaliyet g\u00f6steren Bionley Biyoteknoloji A.\u015e \u015firketimiz i\u015f ortaklar\u0131m\u0131za \u00f6zel Ar-Ge \u00e7al\u0131\u015fmalar\u0131 ile inovatif \u00fcr\u00fcnler geli\u015ftirmekte ve \u00dclkemizin bu konularda d\u0131\u015far\u0131ya olan ba\u011f\u0131ml\u0131l\u0131\u011f\u0131n\u0131 azaltmaktay\u0131z. \u00d6zellikle Astragalus (Geven) ve Ruscus (Tav\u015fan memesi) bitkilerinin de\u011ferli molek\u00fcllerinin y\u00fcksek safl\u0131kta elde edilmesi ve end\u00fcstriyel \u00f6l\u00e7ekte \u00fcretimini ger\u00e7ekle\u015ftirmekteyiz . T\u00fcrkiye'de yeti\u015fen bitkilerin standardize olarak ekstrelerinin \u00fcretimini ger\u00e7ekle\u015ftirmektedir. Ayr\u0131ca Spray Dryer (p\u00fcsk\u00fcrtmeli kurutucu), Freeze Dryer, Tray Dryer, Rotocone Dryer v.b. cihazlar\u0131n tasar\u0131m ve optizasyonunu yapan bir firmad\u0131r.","legalName":"B\u0130ONLEY B\u0130YOTEKNOLOJ\u0130 A.\u015e","foundingDate":"2023-05-23","numberOfEmployees":{"@type":"QuantitativeValue","minValue":"1","maxValue":"10"},"address":{"@id":"https:\/\/bionley.com\/tr\/yonetim-sistemleri-politikalari\/#local-main-place-address"},"telephone":["05332783176"],"openingHoursSpecification":[{"@type":"OpeningHoursSpecification","dayOfWeek":["Monday"],"opens":"09:00","closes":"18:00"},{"@type":"OpeningHoursSpecification","dayOfWeek":["Tuesday","Wednesday","Thursday","Friday","Saturday"],"opens":"09:00","closes":"17:00"},{"@type":"OpeningHoursSpecification","dayOfWeek":["Sunday"],"opens":"00:00","closes":"00:00"}],"email":"info@bionley.com"},{"@type":"PostalAddress","@id":"https:\/\/bionley.com\/tr\/yonetim-sistemleri-politikalari\/#local-main-place-address","streetAddress":"Fatih Mahallesi 1178 sokak no 5B Gaziemir \u0130ZM\u0130R","addressLocality":"GAZ\u0130EM\u0130R","postalCode":"35410","addressRegion":"\u0130ZM\u0130R","addressCountry":"TR"},{"@type":"ImageObject","inLanguage":"tr","@id":"https:\/\/bionley.com\/tr\/yonetim-sistemleri-politikalari\/#local-main-organization-logo","url":"https:\/\/bionley.com\/tr\/wp-content\/uploads\/2026\/01\/Adsiz-tasarim-1.png","contentUrl":"https:\/\/bionley.com\/tr\/wp-content\/uploads\/2026\/01\/Adsiz-tasarim-1.png","width":1280,"height":439,"caption":"Bionley Biyoteknoloji A.\u015e"}]},"geo.placename":"GAZ\u0130EM\u0130R","geo.region":"T\u00fcrkiye"},"_links":{"self":[{"href":"https:\/\/bionley.com\/tr\/wp-json\/wp\/v2\/pages\/131150","targetHints":{"allow":["GET"]}}],"collection":[{"href":"https:\/\/bionley.com\/tr\/wp-json\/wp\/v2\/pages"}],"about":[{"href":"https:\/\/bionley.com\/tr\/wp-json\/wp\/v2\/types\/page"}],"author":[{"embeddable":true,"href":"https:\/\/bionley.com\/tr\/wp-json\/wp\/v2\/users\/1"}],"replies":[{"embeddable":true,"href":"https:\/\/bionley.com\/tr\/wp-json\/wp\/v2\/comments?post=131150"}],"version-history":[{"count":6,"href":"https:\/\/bionley.com\/tr\/wp-json\/wp\/v2\/pages\/131150\/revisions"}],"predecessor-version":[{"id":131643,"href":"https:\/\/bionley.com\/tr\/wp-json\/wp\/v2\/pages\/131150\/revisions\/131643"}],"wp:attachment":[{"href":"https:\/\/bionley.com\/tr\/wp-json\/wp\/v2\/media?parent=131150"}],"curies":[{"name":"wp","href":"https:\/\/api.w.org\/{rel}","templated":true}]}}