{"id":131019,"date":"2024-01-06T13:44:28","date_gmt":"2024-01-06T10:44:28","guid":{"rendered":"http:\/\/demo.bionley.com\/?post_type=product&#038;p=131019"},"modified":"2024-08-28T02:14:40","modified_gmt":"2024-08-27T23:14:40","slug":"geven","status":"publish","type":"product","link":"https:\/\/bionley.com\/tr\/urun\/geven\/","title":{"rendered":"GEVEN"},"content":{"rendered":"<p>Astragalus&#8217;un safla\u015ft\u0131r\u0131lm\u0131\u015f flavonoid bile\u015fenleri isoquercitrin, isorhamnetin-3-b-glucoside, ononin, calycosin ve formononetin&#8217;dir.<\/p>\n<p>Geleneksel t\u0131pta ve kozmetikte yayg\u0131n olarak kullan\u0131lan bir bitkidir. Kozmetik sekt\u00f6r\u00fcnde bitki \u00f6zellikle cilt bak\u0131m \u00fcr\u00fcnlerinde kullan\u0131lmaktad\u0131r. Astragalus \u00f6z\u00fc, cildi nemlendirmeye, cilt k\u0131zar\u0131kl\u0131\u011f\u0131n\u0131 hafifletmeye ve cildin daha sa\u011fl\u0131kl\u0131 g\u00f6r\u00fcnmesine yard\u0131mc\u0131 olmak i\u00e7in kullan\u0131l\u0131r. Sa\u00e7 bak\u0131m \u00fcr\u00fcnlerinde de kullan\u0131lan Astragalus ya\u011f\u0131, sa\u00e7\u0131 g\u00fc\u00e7lendirmek, kepe\u011fi \u00f6nlemek ve sa\u00e7 derisini beslemek i\u00e7in kullan\u0131l\u0131r.<br \/>\nG\u0131da end\u00fcstrisinde Geven baharat olarak kullan\u0131l\u0131r ve genellikle et, tavuk, sebze yemeklerinde ve soslarda kullan\u0131l\u0131r. Sindirim sistemini d\u00fczenlemek ve solunum sorunlar\u0131na yard\u0131mc\u0131 olmak i\u00e7in \u00e7aylara da eklenebilir.<\/p>\n<h4>Kimyasal Bilgi<\/h4>\n<p>Geven Ekstresi, Gliserin, Aqua, Potasyum Sorbat, Sodyum Benzoat<\/p>\n<h4>Geleneksel Kullan\u0131m<\/h4>\n<p>Astragalus k\u00f6k\u00fc geleneksel olarak <strong>TCM*<\/strong>&#8216;de sadece ba\u011f\u0131\u015f\u0131kl\u0131k savunmas\u0131n\u0131 g\u00fc\u00e7lendirmek i\u00e7in de\u011fil, ayn\u0131 zamanda canl\u0131l\u0131\u011f\u0131 art\u0131rmak ve stres zamanlar\u0131nda v\u00fccudun ba\u015fa \u00e7\u0131kmas\u0131na yard\u0131mc\u0131 olmak i\u00e7in de al\u0131n\u0131r Astragalus, geleneksel \u00c7in t\u0131bb\u0131nda (TCM) en az 1800 y\u0131ld\u0131r kullan\u0131lan bir bitkidir.<\/p>\n<p>Baklagiller (Fabaceae) familyas\u0131n\u0131n bir par\u00e7as\u0131 olan ve Asya, Kuzey Amerika, Orta Do\u011fu ve Afrika&#8217;n\u0131n bir\u00e7ok b\u00f6lgesine \u00f6zg\u00fc olan Astragalus cinsi bitkilerin yakla\u015f\u0131k 2900 t\u00fcr\u00fc bulunmaktad\u0131r. Bu t\u00fcrlerin bir k\u0131sm\u0131, yeti\u015ftikleri b\u00f6lgelerin halk t\u0131bb\u0131 geleneklerinde kullan\u0131lm\u0131\u015ft\u0131r. Astragalus geleneksel olarak TCM&#8217;de Qi&#8217;yi g\u00fc\u00e7lendirmek ve t\u00fckendi\u011finde Qi&#8217;yi yenileyen onar\u0131c\u0131 bir tonik g\u00f6revi g\u00f6rmek i\u00e7in kullan\u0131l\u0131r. TCM&#8217;de ayr\u0131ca v\u00fccudun d\u0131\u015f y\u00fczeyini stabilize etmeye yard\u0131mc\u0131 olarak uygulad\u0131\u011f\u0131 savunma Qi&#8217;si \u00fczerinde destekleyici etkileri oldu\u011fu anla\u015f\u0131lmaktad\u0131r. TCM&#8217;deki yayg\u0131n kullan\u0131m\u0131na ek olarak, astragalus 1800&#8217;lerden beri Bat\u0131 bitkisel t\u0131bb\u0131nda kullan\u0131lmaktad\u0131r ve burada geleneksel olarak ba\u011f\u0131\u015f\u0131kl\u0131k savunmas\u0131n\u0131 g\u00fc\u00e7lendirmek ve ba\u011f\u0131\u015f\u0131kl\u0131k sisteminin i\u015fleyi\u015fini iyile\u015ftirmek (\u00f6rne\u011fin sa\u011fl\u0131kl\u0131 ba\u011f\u0131\u015f\u0131kl\u0131k sistemi tepkilerini uyarmak) ve hastal\u0131klara kar\u015f\u0131 sava\u015fmada ba\u011f\u0131\u015f\u0131kl\u0131k sistemini desteklemek i\u00e7in kullan\u0131lmaktad\u0131r.<\/p>\n<p><em>* <strong>TCM<\/strong>: Traditional Chinese Medicine, Geleneksel \u00c7in T\u0131bb\u0131 <\/em><\/p>\n","protected":false},"excerpt":{"rendered":"<p><em>Astragalus Sp.<\/em><br \/>\nUV Ile Toplam Saponin<\/p>\n","protected":false},"featured_media":131184,"comment_status":"open","ping_status":"closed","template":"","meta":[],"product_brand":[],"product_cat":[151,152],"product_tag":[],"class_list":{"0":"post-131019","1":"product","2":"type-product","3":"status-publish","4":"has-post-thumbnail","6":"product_cat-extracts","7":"product_cat-liquid-extracts","9":"first","10":"instock","11":"shipping-taxable","12":"product-type-simple"},"yoast_head":"<!-- This site is optimized with the Yoast SEO Premium plugin v27.4 (Yoast SEO v27.4) - https:\/\/yoast.com\/product\/yoast-seo-premium-wordpress\/ -->\n<title>GEVEN - Bionley<\/title>\n<meta name=\"robots\" content=\"index, follow, max-snippet:-1, max-image-preview:large, max-video-preview:-1\" \/>\n<link rel=\"canonical\" href=\"https:\/\/bionley.com\/tr\/urun\/geven\/\" \/>\n<meta property=\"og:locale\" content=\"tr_TR\" \/>\n<meta property=\"og:type\" content=\"article\" \/>\n<meta property=\"og:title\" content=\"GEVEN\" \/>\n<meta property=\"og:description\" content=\"Astragalus Sp. UV Ile Toplam Saponin\" \/>\n<meta property=\"og:url\" content=\"https:\/\/bionley.com\/tr\/urun\/geven\/\" \/>\n<meta property=\"og:site_name\" content=\"Bionley\" \/>\n<meta property=\"article:publisher\" content=\"https:\/\/www.facebook.com\/profile.php?id=61554875321542&amp;locale=tr_TR\" \/>\n<meta property=\"article:modified_time\" content=\"2024-08-27T23:14:40+00:00\" \/>\n<meta property=\"og:image\" content=\"https:\/\/bionley.com\/tr\/wp-content\/uploads\/2024\/01\/astragalus.jpg\" \/>\n\t<meta property=\"og:image:width\" content=\"1500\" \/>\n\t<meta property=\"og:image:height\" content=\"1500\" \/>\n\t<meta property=\"og:image:type\" content=\"image\/jpeg\" \/>\n<meta name=\"twitter:card\" content=\"summary_large_image\" \/>\n<meta name=\"twitter:site\" content=\"@bionleyBion\" \/>\n<meta name=\"twitter:label1\" content=\"Tahmini okuma s\u00fcresi\" \/>\n\t<meta name=\"twitter:data1\" content=\"2 dakika\" \/>\n<script type=\"application\/ld+json\" class=\"yoast-schema-graph\">{\"@context\":\"https:\\\/\\\/schema.org\",\"@graph\":[{\"@type\":\"WebPage\",\"@id\":\"https:\\\/\\\/bionley.com\\\/tr\\\/urun\\\/geven\\\/\",\"url\":\"https:\\\/\\\/bionley.com\\\/tr\\\/urun\\\/geven\\\/\",\"name\":\"GEVEN - Bionley\",\"isPartOf\":{\"@id\":\"https:\\\/\\\/bionley.com\\\/tr\\\/#website\"},\"primaryImageOfPage\":{\"@id\":\"https:\\\/\\\/bionley.com\\\/tr\\\/urun\\\/geven\\\/#primaryimage\"},\"image\":{\"@id\":\"https:\\\/\\\/bionley.com\\\/tr\\\/urun\\\/geven\\\/#primaryimage\"},\"thumbnailUrl\":\"https:\\\/\\\/bionley.com\\\/tr\\\/wp-content\\\/uploads\\\/2024\\\/01\\\/astragalus.jpg\",\"datePublished\":\"2024-01-06T10:44:28+00:00\",\"dateModified\":\"2024-08-27T23:14:40+00:00\",\"breadcrumb\":{\"@id\":\"https:\\\/\\\/bionley.com\\\/tr\\\/urun\\\/geven\\\/#breadcrumb\"},\"inLanguage\":\"tr\",\"potentialAction\":[{\"@type\":\"ReadAction\",\"target\":[\"https:\\\/\\\/bionley.com\\\/tr\\\/urun\\\/geven\\\/\"]}]},{\"@type\":\"ImageObject\",\"inLanguage\":\"tr\",\"@id\":\"https:\\\/\\\/bionley.com\\\/tr\\\/urun\\\/geven\\\/#primaryimage\",\"url\":\"https:\\\/\\\/bionley.com\\\/tr\\\/wp-content\\\/uploads\\\/2024\\\/01\\\/astragalus.jpg\",\"contentUrl\":\"https:\\\/\\\/bionley.com\\\/tr\\\/wp-content\\\/uploads\\\/2024\\\/01\\\/astragalus.jpg\",\"width\":1500,\"height\":1500},{\"@type\":\"BreadcrumbList\",\"@id\":\"https:\\\/\\\/bionley.com\\\/tr\\\/urun\\\/geven\\\/#breadcrumb\",\"itemListElement\":[{\"@type\":\"ListItem\",\"position\":1,\"name\":\"Anasayfa\",\"item\":\"https:\\\/\\\/bionley.com\\\/tr\\\/\"},{\"@type\":\"ListItem\",\"position\":2,\"name\":\"\u00dcr\u00fcnler\",\"item\":\"https:\\\/\\\/bionley.com\\\/tr\\\/shop\\\/\"},{\"@type\":\"ListItem\",\"position\":3,\"name\":\"GEVEN\"}]},{\"@type\":\"WebSite\",\"@id\":\"https:\\\/\\\/bionley.com\\\/tr\\\/#website\",\"url\":\"https:\\\/\\\/bionley.com\\\/tr\\\/\",\"name\":\"Bionley\",\"description\":\"\",\"publisher\":{\"@id\":\"https:\\\/\\\/bionley.com\\\/tr\\\/#organization\"},\"potentialAction\":[{\"@type\":\"SearchAction\",\"target\":{\"@type\":\"EntryPoint\",\"urlTemplate\":\"https:\\\/\\\/bionley.com\\\/tr\\\/?s={search_term_string}\"},\"query-input\":{\"@type\":\"PropertyValueSpecification\",\"valueRequired\":true,\"valueName\":\"search_term_string\"}}],\"inLanguage\":\"tr\"},{\"@type\":[\"Organization\",\"Place\",\"Corporation\"],\"@id\":\"https:\\\/\\\/bionley.com\\\/tr\\\/#organization\",\"name\":\"Bionley Biyoteknoloji A.\u015e\",\"url\":\"https:\\\/\\\/bionley.com\\\/tr\\\/\",\"logo\":{\"@id\":\"https:\\\/\\\/bionley.com\\\/tr\\\/urun\\\/geven\\\/#local-main-organization-logo\"},\"image\":{\"@id\":\"https:\\\/\\\/bionley.com\\\/tr\\\/urun\\\/geven\\\/#local-main-organization-logo\"},\"sameAs\":[\"https:\\\/\\\/www.facebook.com\\\/profile.php?id=61554875321542&locale=tr_TR\",\"https:\\\/\\\/x.com\\\/bionleyBion\",\"https:\\\/\\\/www.instagram.com\\\/bionleycom\\\/\"],\"description\":\"Bitkilerden standardize ekstre elde edilmesi ve elde edilen ekstrelerden de\u011ferli molek\u00fcllerin safla\u015ft\u0131r\u0131lmas\u0131 ve end\u00fcstriyel \u00f6l\u00e7ekte \u00fcretiminin yap\u0131lmas\u0131, \u00f6zellikle tar\u0131msal at\u0131klar ve t\u0131bbi aromatik bitkilerden y\u00fcksek katma de\u011ferli \u00fcr\u00fcnler elde etme \u00fczerine 20 y\u0131l\u0131 a\u015fk\u0131n s\u00fcredir \u00e7al\u0131\u015fmalar yapmaktay\u0131z. Gaziemir Sarn\u0131\u00e7 sanayi b\u00f6lgesinde faaliyet g\u00f6steren Bionley Biyoteknoloji A.\u015e \u015firketimiz i\u015f ortaklar\u0131m\u0131za \u00f6zel Ar-Ge \u00e7al\u0131\u015fmalar\u0131 ile inovatif \u00fcr\u00fcnler geli\u015ftirmekte ve \u00dclkemizin bu konularda d\u0131\u015far\u0131ya olan ba\u011f\u0131ml\u0131l\u0131\u011f\u0131n\u0131 azaltmaktay\u0131z. \u00d6zellikle Astragalus (Geven) ve Ruscus (Tav\u015fan memesi) bitkilerinin de\u011ferli molek\u00fcllerinin y\u00fcksek safl\u0131kta elde edilmesi ve end\u00fcstriyel \u00f6l\u00e7ekte \u00fcretimini ger\u00e7ekle\u015ftirmekteyiz . T\u00fcrkiye'de yeti\u015fen bitkilerin standardize olarak ekstrelerinin \u00fcretimini ger\u00e7ekle\u015ftirmektedir. Ayr\u0131ca Spray Dryer (p\u00fcsk\u00fcrtmeli kurutucu), Freeze Dryer, Tray Dryer, Rotocone Dryer v.b. cihazlar\u0131n tasar\u0131m ve optizasyonunu yapan bir firmad\u0131r.\",\"legalName\":\"B\u0130ONLEY B\u0130YOTEKNOLOJ\u0130 A.\u015e\",\"foundingDate\":\"2023-05-23\",\"numberOfEmployees\":{\"@type\":\"QuantitativeValue\",\"minValue\":\"1\",\"maxValue\":\"10\"},\"address\":{\"@id\":\"https:\\\/\\\/bionley.com\\\/tr\\\/urun\\\/geven\\\/#local-main-place-address\"},\"telephone\":[\"05332783176\"],\"openingHoursSpecification\":[{\"@type\":\"OpeningHoursSpecification\",\"dayOfWeek\":[\"Monday\"],\"opens\":\"09:00\",\"closes\":\"18:00\"},{\"@type\":\"OpeningHoursSpecification\",\"dayOfWeek\":[\"Tuesday\",\"Wednesday\",\"Thursday\",\"Friday\",\"Saturday\"],\"opens\":\"09:00\",\"closes\":\"17:00\"},{\"@type\":\"OpeningHoursSpecification\",\"dayOfWeek\":[\"Sunday\"],\"opens\":\"00:00\",\"closes\":\"00:00\"}],\"email\":\"info@bionley.com\"},{\"@type\":\"PostalAddress\",\"@id\":\"https:\\\/\\\/bionley.com\\\/tr\\\/urun\\\/geven\\\/#local-main-place-address\",\"streetAddress\":\"Fatih Mahallesi 1178 sokak no 5B Gaziemir \u0130ZM\u0130R\",\"addressLocality\":\"GAZ\u0130EM\u0130R\",\"postalCode\":\"35410\",\"addressRegion\":\"\u0130ZM\u0130R\",\"addressCountry\":\"TR\"},{\"@type\":\"ImageObject\",\"inLanguage\":\"tr\",\"@id\":\"https:\\\/\\\/bionley.com\\\/tr\\\/urun\\\/geven\\\/#local-main-organization-logo\",\"url\":\"https:\\\/\\\/bionley.com\\\/tr\\\/wp-content\\\/uploads\\\/2026\\\/01\\\/Adsiz-tasarim-1.png\",\"contentUrl\":\"https:\\\/\\\/bionley.com\\\/tr\\\/wp-content\\\/uploads\\\/2026\\\/01\\\/Adsiz-tasarim-1.png\",\"width\":1280,\"height\":439,\"caption\":\"Bionley Biyoteknoloji A.\u015e\"}]}<\/script>\n<meta name=\"geo.placename\" content=\"GAZ\u0130EM\u0130R\" \/>\n<meta name=\"geo.region\" content=\"T\u00fcrkiye\" \/>\n<!-- \/ Yoast SEO Premium plugin. -->","yoast_head_json":{"title":"GEVEN - Bionley","robots":{"index":"index","follow":"follow","max-snippet":"max-snippet:-1","max-image-preview":"max-image-preview:large","max-video-preview":"max-video-preview:-1"},"canonical":"https:\/\/bionley.com\/tr\/urun\/geven\/","og_locale":"tr_TR","og_type":"article","og_title":"GEVEN","og_description":"Astragalus Sp. UV Ile Toplam Saponin","og_url":"https:\/\/bionley.com\/tr\/urun\/geven\/","og_site_name":"Bionley","article_publisher":"https:\/\/www.facebook.com\/profile.php?id=61554875321542&locale=tr_TR","article_modified_time":"2024-08-27T23:14:40+00:00","og_image":[{"width":1500,"height":1500,"url":"https:\/\/bionley.com\/tr\/wp-content\/uploads\/2024\/01\/astragalus.jpg","type":"image\/jpeg"}],"twitter_card":"summary_large_image","twitter_site":"@bionleyBion","twitter_misc":{"Tahmini okuma s\u00fcresi":"2 dakika"},"schema":{"@context":"https:\/\/schema.org","@graph":[{"@type":"WebPage","@id":"https:\/\/bionley.com\/tr\/urun\/geven\/","url":"https:\/\/bionley.com\/tr\/urun\/geven\/","name":"GEVEN - Bionley","isPartOf":{"@id":"https:\/\/bionley.com\/tr\/#website"},"primaryImageOfPage":{"@id":"https:\/\/bionley.com\/tr\/urun\/geven\/#primaryimage"},"image":{"@id":"https:\/\/bionley.com\/tr\/urun\/geven\/#primaryimage"},"thumbnailUrl":"https:\/\/bionley.com\/tr\/wp-content\/uploads\/2024\/01\/astragalus.jpg","datePublished":"2024-01-06T10:44:28+00:00","dateModified":"2024-08-27T23:14:40+00:00","breadcrumb":{"@id":"https:\/\/bionley.com\/tr\/urun\/geven\/#breadcrumb"},"inLanguage":"tr","potentialAction":[{"@type":"ReadAction","target":["https:\/\/bionley.com\/tr\/urun\/geven\/"]}]},{"@type":"ImageObject","inLanguage":"tr","@id":"https:\/\/bionley.com\/tr\/urun\/geven\/#primaryimage","url":"https:\/\/bionley.com\/tr\/wp-content\/uploads\/2024\/01\/astragalus.jpg","contentUrl":"https:\/\/bionley.com\/tr\/wp-content\/uploads\/2024\/01\/astragalus.jpg","width":1500,"height":1500},{"@type":"BreadcrumbList","@id":"https:\/\/bionley.com\/tr\/urun\/geven\/#breadcrumb","itemListElement":[{"@type":"ListItem","position":1,"name":"Anasayfa","item":"https:\/\/bionley.com\/tr\/"},{"@type":"ListItem","position":2,"name":"\u00dcr\u00fcnler","item":"https:\/\/bionley.com\/tr\/shop\/"},{"@type":"ListItem","position":3,"name":"GEVEN"}]},{"@type":"WebSite","@id":"https:\/\/bionley.com\/tr\/#website","url":"https:\/\/bionley.com\/tr\/","name":"Bionley","description":"","publisher":{"@id":"https:\/\/bionley.com\/tr\/#organization"},"potentialAction":[{"@type":"SearchAction","target":{"@type":"EntryPoint","urlTemplate":"https:\/\/bionley.com\/tr\/?s={search_term_string}"},"query-input":{"@type":"PropertyValueSpecification","valueRequired":true,"valueName":"search_term_string"}}],"inLanguage":"tr"},{"@type":["Organization","Place","Corporation"],"@id":"https:\/\/bionley.com\/tr\/#organization","name":"Bionley Biyoteknoloji A.\u015e","url":"https:\/\/bionley.com\/tr\/","logo":{"@id":"https:\/\/bionley.com\/tr\/urun\/geven\/#local-main-organization-logo"},"image":{"@id":"https:\/\/bionley.com\/tr\/urun\/geven\/#local-main-organization-logo"},"sameAs":["https:\/\/www.facebook.com\/profile.php?id=61554875321542&locale=tr_TR","https:\/\/x.com\/bionleyBion","https:\/\/www.instagram.com\/bionleycom\/"],"description":"Bitkilerden standardize ekstre elde edilmesi ve elde edilen ekstrelerden de\u011ferli molek\u00fcllerin safla\u015ft\u0131r\u0131lmas\u0131 ve end\u00fcstriyel \u00f6l\u00e7ekte \u00fcretiminin yap\u0131lmas\u0131, \u00f6zellikle tar\u0131msal at\u0131klar ve t\u0131bbi aromatik bitkilerden y\u00fcksek katma de\u011ferli \u00fcr\u00fcnler elde etme \u00fczerine 20 y\u0131l\u0131 a\u015fk\u0131n s\u00fcredir \u00e7al\u0131\u015fmalar yapmaktay\u0131z. Gaziemir Sarn\u0131\u00e7 sanayi b\u00f6lgesinde faaliyet g\u00f6steren Bionley Biyoteknoloji A.\u015e \u015firketimiz i\u015f ortaklar\u0131m\u0131za \u00f6zel Ar-Ge \u00e7al\u0131\u015fmalar\u0131 ile inovatif \u00fcr\u00fcnler geli\u015ftirmekte ve \u00dclkemizin bu konularda d\u0131\u015far\u0131ya olan ba\u011f\u0131ml\u0131l\u0131\u011f\u0131n\u0131 azaltmaktay\u0131z. \u00d6zellikle Astragalus (Geven) ve Ruscus (Tav\u015fan memesi) bitkilerinin de\u011ferli molek\u00fcllerinin y\u00fcksek safl\u0131kta elde edilmesi ve end\u00fcstriyel \u00f6l\u00e7ekte \u00fcretimini ger\u00e7ekle\u015ftirmekteyiz . T\u00fcrkiye'de yeti\u015fen bitkilerin standardize olarak ekstrelerinin \u00fcretimini ger\u00e7ekle\u015ftirmektedir. Ayr\u0131ca Spray Dryer (p\u00fcsk\u00fcrtmeli kurutucu), Freeze Dryer, Tray Dryer, Rotocone Dryer v.b. cihazlar\u0131n tasar\u0131m ve optizasyonunu yapan bir firmad\u0131r.","legalName":"B\u0130ONLEY B\u0130YOTEKNOLOJ\u0130 A.\u015e","foundingDate":"2023-05-23","numberOfEmployees":{"@type":"QuantitativeValue","minValue":"1","maxValue":"10"},"address":{"@id":"https:\/\/bionley.com\/tr\/urun\/geven\/#local-main-place-address"},"telephone":["05332783176"],"openingHoursSpecification":[{"@type":"OpeningHoursSpecification","dayOfWeek":["Monday"],"opens":"09:00","closes":"18:00"},{"@type":"OpeningHoursSpecification","dayOfWeek":["Tuesday","Wednesday","Thursday","Friday","Saturday"],"opens":"09:00","closes":"17:00"},{"@type":"OpeningHoursSpecification","dayOfWeek":["Sunday"],"opens":"00:00","closes":"00:00"}],"email":"info@bionley.com"},{"@type":"PostalAddress","@id":"https:\/\/bionley.com\/tr\/urun\/geven\/#local-main-place-address","streetAddress":"Fatih Mahallesi 1178 sokak no 5B Gaziemir \u0130ZM\u0130R","addressLocality":"GAZ\u0130EM\u0130R","postalCode":"35410","addressRegion":"\u0130ZM\u0130R","addressCountry":"TR"},{"@type":"ImageObject","inLanguage":"tr","@id":"https:\/\/bionley.com\/tr\/urun\/geven\/#local-main-organization-logo","url":"https:\/\/bionley.com\/tr\/wp-content\/uploads\/2026\/01\/Adsiz-tasarim-1.png","contentUrl":"https:\/\/bionley.com\/tr\/wp-content\/uploads\/2026\/01\/Adsiz-tasarim-1.png","width":1280,"height":439,"caption":"Bionley Biyoteknoloji A.\u015e"}]},"geo.placename":"GAZ\u0130EM\u0130R","geo.region":"T\u00fcrkiye"},"_links":{"self":[{"href":"https:\/\/bionley.com\/tr\/wp-json\/wp\/v2\/product\/131019","targetHints":{"allow":["GET"]}}],"collection":[{"href":"https:\/\/bionley.com\/tr\/wp-json\/wp\/v2\/product"}],"about":[{"href":"https:\/\/bionley.com\/tr\/wp-json\/wp\/v2\/types\/product"}],"replies":[{"embeddable":true,"href":"https:\/\/bionley.com\/tr\/wp-json\/wp\/v2\/comments?post=131019"}],"wp:featuredmedia":[{"embeddable":true,"href":"https:\/\/bionley.com\/tr\/wp-json\/wp\/v2\/media\/131184"}],"wp:attachment":[{"href":"https:\/\/bionley.com\/tr\/wp-json\/wp\/v2\/media?parent=131019"}],"wp:term":[{"taxonomy":"product_brand","embeddable":true,"href":"https:\/\/bionley.com\/tr\/wp-json\/wp\/v2\/product_brand?post=131019"},{"taxonomy":"product_cat","embeddable":true,"href":"https:\/\/bionley.com\/tr\/wp-json\/wp\/v2\/product_cat?post=131019"},{"taxonomy":"product_tag","embeddable":true,"href":"https:\/\/bionley.com\/tr\/wp-json\/wp\/v2\/product_tag?post=131019"}],"curies":[{"name":"wp","href":"https:\/\/api.w.org\/{rel}","templated":true}]}}