{"id":131036,"date":"2024-01-07T16:28:38","date_gmt":"2024-01-07T13:28:38","guid":{"rendered":"http:\/\/demo.bionley.com\/?post_type=product&#038;p=131036"},"modified":"2024-01-31T01:18:53","modified_gmt":"2024-01-30T22:18:53","slug":"uzum-cekirdegi","status":"publish","type":"product","link":"https:\/\/bionley.com\/tr\/urun\/uzum-cekirdegi\/","title":{"rendered":"\u00dcZ\u00dcM \u00c7EK\u0130RDE\u011e\u0130"},"content":{"rendered":"<p>\u00dcz\u00fcm \u00e7ekirde\u011fi ekstresi kozmetik, g\u0131da ve hayvan yemlerinde \u00e7e\u015fitli kullan\u0131m alanlar\u0131na sahiptir.<\/p>\n<p>Kozmetik:<br \/>\n\u00dcz\u00fcm \u00e7ekirde\u011fi ekstresi, cildi serbest radikallerin neden oldu\u011fu hasarlardan korumaya yard\u0131mc\u0131 olan antioksidan \u00f6zellikleri nedeniyle cilt bak\u0131m \u00fcr\u00fcnlerinde s\u0131kl\u0131kla kullan\u0131l\u0131r. Ayr\u0131ca cildin elastikiyetini ve s\u0131k\u0131l\u0131\u011f\u0131n\u0131 art\u0131rmaya da yard\u0131mc\u0131 olabilir. \u00dcz\u00fcm \u00e7ekirde\u011fi ekstresi bazen sa\u00e7\u0131 g\u00fc\u00e7lendirmeye ve genel sa\u011fl\u0131\u011f\u0131n\u0131 iyile\u015ftirmeye yard\u0131mc\u0131 olmak i\u00e7in sa\u00e7 bak\u0131m \u00fcr\u00fcnlerine eklenir.<\/p>\n<p>G\u0131da:<br \/>\n\u00dcz\u00fcm \u00e7ekirde\u011fi ekstresi, antioksidan \u00f6zellikleri nedeniyle bazen besin takviyesi olarak kullan\u0131l\u0131r. V\u00fccuttaki oksidatif strese ve iltihaplanmaya kar\u015f\u0131 korunmaya yard\u0131mc\u0131 olabilir. \u00dcz\u00fcm \u00e7ekirde\u011fi ekstresi bazen antimikrobiyal \u00f6zelliklerinden dolay\u0131 do\u011fal bir koruyucu olarak g\u0131da \u00fcr\u00fcnlerine eklenir. \u00dcz\u00fcm \u00e7ekirde\u011fi ekstresi bazen \u015farap \u00fcretiminde, \u015faraptaki safs\u0131zl\u0131klar\u0131n giderilmesine yard\u0131mc\u0131 olmak i\u00e7in bir inceltici madde olarak kullan\u0131l\u0131r.<\/p>\n<p>Hayvan yemi:<br \/>\n\u00dcz\u00fcm \u00e7ekirde\u011fi ekstrakt\u0131 bazen hayvan yemlerine do\u011fal bir antioksidan ve koruyucu olarak eklenir. Ayr\u0131ca ba\u011f\u0131\u015f\u0131kl\u0131k sistemi fonksiyonu ve sindirim sa\u011fl\u0131\u011f\u0131 da dahil olmak \u00fczere hayvanlar\u0131n genel sa\u011fl\u0131k ve refah\u0131n\u0131 iyile\u015ftirmeye yard\u0131mc\u0131 olabilir. \u00dcz\u00fcm \u00e7ekirde\u011fi ekstrakt\u0131n\u0131n kullan\u0131m alanlar\u0131n\u0131n belirli \u00fcr\u00fcne ve kullan\u0131m amac\u0131na ba\u011fl\u0131 olarak de\u011fi\u015febilece\u011fini ve potansiyel faydalar\u0131n\u0131 ve risklerini tam olarak anlamak i\u00e7in daha fazla ara\u015ft\u0131rmaya ihtiya\u00e7 oldu\u011funu belirtmek gerekir.<\/p>\n<h4>Kimyasal Bilgi<\/h4>\n<p>\u00dcz\u00fcm \u00c7ekirde\u011fi Ekstresi, Gliserin, Aqua, Potasyum Sorbat, Sodyum Benzoat<\/p>\n<h4>Geleneksel Kullan\u0131m<\/h4>\n<p>G\u00fcney Avrupa ve Bat\u0131 Asya&#8217;ya \u00f6zg\u00fc olan bitki, g\u00fcn\u00fcm\u00fczde d\u00fcnyan\u0131n t\u00fcm \u0131l\u0131man b\u00f6lgelerinde yeti\u015ftirilmektedir. D\u00fcnyan\u0131n en tan\u0131nm\u0131\u015f bitkilerinden biridir ve y\u00fczy\u0131llar boyunca yabani formundan \u00e7ok say\u0131da \u00e7e\u015fidi yeti\u015ftirilmi\u015ftir. \u00d6zellikle sofral\u0131k \u00fcz\u00fcm \u00fcretimi, \u015farap ve lik\u00f6r yap\u0131m\u0131 nedeniyle b\u00fcy\u00fck bir ticari \u00f6neme sahiptir. \u00dcz\u00fcm ayr\u0131ca meyve suyu, re\u00e7el ve kuru \u00fcz\u00fcm ve \u00fcz\u00fcm \u00e7ekirde\u011fi ya\u011f\u0131 gibi di\u011fer g\u0131da \u00fcr\u00fcnlerinin yap\u0131m\u0131nda da kullan\u0131lmaktad\u0131r. Vitis vinifera, yery\u00fcz\u00fcnde var olan en eski uygarl\u0131klar\u0131n zaman\u0131ndan beri en yayg\u0131n olarak kullan\u0131lan t\u00fcrlerden biridir. M.\u00d6. 2400 y\u0131llar\u0131na tarihlenen M\u0131s\u0131r hiyerogliflerinde ve \u0130ncil&#8217;deki baz\u0131 ayetlerde \u00fcz\u00fcm ba\u011flar\u0131ndan ve \u015faraptan bahsedilmektedir. Hipokrat, Theophrastus, Galen, Dioscorides ve Pliny \u015farab\u0131n t\u0131bbi \u00f6zelliklerinden bahsetmi\u015ftir. K\u0131rm\u0131z\u0131 \u015farab\u0131 tonik ve b\u00fcz\u00fcc\u00fc olarak, beyaz \u015farab\u0131 ise idrar s\u00f6kt\u00fcr\u00fcc\u00fc olarak tavsiye etmi\u015flerdir. \u00dcz\u00fcm \u00e7ekirde\u011finden elde edilen ya\u011f, diyet tamamlay\u0131c\u0131 olarak kullan\u0131l\u0131r. G\u00fcney Afrika&#8217;da \u00fcz\u00fcm \u00e7ekirde\u011fi ya\u011f\u0131 m\u00fcshil, antiasit, kolagog ve yara iyile\u015ftirici ila\u00e7 olarak kullan\u0131l\u0131r.<\/p>\n","protected":false},"excerpt":{"rendered":"<p><em>Vitis Vinifera<\/em><br \/>\nUV Ile Resveratrol<\/p>\n","protected":false},"featured_media":131197,"comment_status":"open","ping_status":"closed","template":"","meta":[],"product_brand":[],"product_cat":[151,152],"product_tag":[],"class_list":{"0":"post-131036","1":"product","2":"type-product","3":"status-publish","4":"has-post-thumbnail","6":"product_cat-extracts","7":"product_cat-liquid-extracts","9":"first","10":"instock","11":"shipping-taxable","12":"product-type-simple"},"yoast_head":"<!-- This site is optimized with the Yoast SEO Premium plugin v27.4 (Yoast SEO v27.4) - https:\/\/yoast.com\/product\/yoast-seo-premium-wordpress\/ -->\n<title>\u00dcZ\u00dcM \u00c7EK\u0130RDE\u011e\u0130 - Bionley<\/title>\n<meta name=\"robots\" content=\"index, follow, max-snippet:-1, max-image-preview:large, max-video-preview:-1\" \/>\n<link rel=\"canonical\" href=\"https:\/\/bionley.com\/tr\/urun\/uzum-cekirdegi\/\" \/>\n<meta property=\"og:locale\" content=\"tr_TR\" \/>\n<meta property=\"og:type\" content=\"article\" \/>\n<meta property=\"og:title\" content=\"\u00dcZ\u00dcM \u00c7EK\u0130RDE\u011e\u0130\" \/>\n<meta property=\"og:description\" content=\"Vitis Vinifera UV Ile Resveratrol\" \/>\n<meta property=\"og:url\" content=\"https:\/\/bionley.com\/tr\/urun\/uzum-cekirdegi\/\" \/>\n<meta property=\"og:site_name\" content=\"Bionley\" \/>\n<meta property=\"article:publisher\" content=\"https:\/\/www.facebook.com\/profile.php?id=61554875321542&amp;locale=tr_TR\" \/>\n<meta property=\"article:modified_time\" content=\"2024-01-30T22:18:53+00:00\" \/>\n<meta property=\"og:image\" content=\"https:\/\/bionley.com\/tr\/wp-content\/uploads\/2024\/01\/grapeseed.jpg\" \/>\n\t<meta property=\"og:image:width\" content=\"1500\" \/>\n\t<meta property=\"og:image:height\" content=\"1500\" \/>\n\t<meta property=\"og:image:type\" content=\"image\/jpeg\" \/>\n<meta name=\"twitter:card\" content=\"summary_large_image\" \/>\n<meta name=\"twitter:site\" content=\"@bionleyBion\" \/>\n<meta name=\"twitter:label1\" content=\"Tahmini okuma s\u00fcresi\" \/>\n\t<meta name=\"twitter:data1\" content=\"2 dakika\" \/>\n<script type=\"application\/ld+json\" class=\"yoast-schema-graph\">{\"@context\":\"https:\\\/\\\/schema.org\",\"@graph\":[{\"@type\":\"WebPage\",\"@id\":\"https:\\\/\\\/bionley.com\\\/tr\\\/urun\\\/uzum-cekirdegi\\\/\",\"url\":\"https:\\\/\\\/bionley.com\\\/tr\\\/urun\\\/uzum-cekirdegi\\\/\",\"name\":\"\u00dcZ\u00dcM \u00c7EK\u0130RDE\u011e\u0130 - Bionley\",\"isPartOf\":{\"@id\":\"https:\\\/\\\/bionley.com\\\/tr\\\/#website\"},\"primaryImageOfPage\":{\"@id\":\"https:\\\/\\\/bionley.com\\\/tr\\\/urun\\\/uzum-cekirdegi\\\/#primaryimage\"},\"image\":{\"@id\":\"https:\\\/\\\/bionley.com\\\/tr\\\/urun\\\/uzum-cekirdegi\\\/#primaryimage\"},\"thumbnailUrl\":\"https:\\\/\\\/bionley.com\\\/tr\\\/wp-content\\\/uploads\\\/2024\\\/01\\\/grapeseed.jpg\",\"datePublished\":\"2024-01-07T13:28:38+00:00\",\"dateModified\":\"2024-01-30T22:18:53+00:00\",\"breadcrumb\":{\"@id\":\"https:\\\/\\\/bionley.com\\\/tr\\\/urun\\\/uzum-cekirdegi\\\/#breadcrumb\"},\"inLanguage\":\"tr\",\"potentialAction\":[{\"@type\":\"ReadAction\",\"target\":[\"https:\\\/\\\/bionley.com\\\/tr\\\/urun\\\/uzum-cekirdegi\\\/\"]}]},{\"@type\":\"ImageObject\",\"inLanguage\":\"tr\",\"@id\":\"https:\\\/\\\/bionley.com\\\/tr\\\/urun\\\/uzum-cekirdegi\\\/#primaryimage\",\"url\":\"https:\\\/\\\/bionley.com\\\/tr\\\/wp-content\\\/uploads\\\/2024\\\/01\\\/grapeseed.jpg\",\"contentUrl\":\"https:\\\/\\\/bionley.com\\\/tr\\\/wp-content\\\/uploads\\\/2024\\\/01\\\/grapeseed.jpg\",\"width\":1500,\"height\":1500},{\"@type\":\"BreadcrumbList\",\"@id\":\"https:\\\/\\\/bionley.com\\\/tr\\\/urun\\\/uzum-cekirdegi\\\/#breadcrumb\",\"itemListElement\":[{\"@type\":\"ListItem\",\"position\":1,\"name\":\"Anasayfa\",\"item\":\"https:\\\/\\\/bionley.com\\\/tr\\\/\"},{\"@type\":\"ListItem\",\"position\":2,\"name\":\"\u00dcr\u00fcnler\",\"item\":\"https:\\\/\\\/bionley.com\\\/tr\\\/shop\\\/\"},{\"@type\":\"ListItem\",\"position\":3,\"name\":\"\u00dcZ\u00dcM \u00c7EK\u0130RDE\u011e\u0130\"}]},{\"@type\":\"WebSite\",\"@id\":\"https:\\\/\\\/bionley.com\\\/tr\\\/#website\",\"url\":\"https:\\\/\\\/bionley.com\\\/tr\\\/\",\"name\":\"Bionley\",\"description\":\"\",\"publisher\":{\"@id\":\"https:\\\/\\\/bionley.com\\\/tr\\\/#organization\"},\"potentialAction\":[{\"@type\":\"SearchAction\",\"target\":{\"@type\":\"EntryPoint\",\"urlTemplate\":\"https:\\\/\\\/bionley.com\\\/tr\\\/?s={search_term_string}\"},\"query-input\":{\"@type\":\"PropertyValueSpecification\",\"valueRequired\":true,\"valueName\":\"search_term_string\"}}],\"inLanguage\":\"tr\"},{\"@type\":[\"Organization\",\"Place\",\"Corporation\"],\"@id\":\"https:\\\/\\\/bionley.com\\\/tr\\\/#organization\",\"name\":\"Bionley Biyoteknoloji A.\u015e\",\"url\":\"https:\\\/\\\/bionley.com\\\/tr\\\/\",\"logo\":{\"@id\":\"https:\\\/\\\/bionley.com\\\/tr\\\/urun\\\/uzum-cekirdegi\\\/#local-main-organization-logo\"},\"image\":{\"@id\":\"https:\\\/\\\/bionley.com\\\/tr\\\/urun\\\/uzum-cekirdegi\\\/#local-main-organization-logo\"},\"sameAs\":[\"https:\\\/\\\/www.facebook.com\\\/profile.php?id=61554875321542&locale=tr_TR\",\"https:\\\/\\\/x.com\\\/bionleyBion\",\"https:\\\/\\\/www.instagram.com\\\/bionleycom\\\/\"],\"description\":\"Bitkilerden standardize ekstre elde edilmesi ve elde edilen ekstrelerden de\u011ferli molek\u00fcllerin safla\u015ft\u0131r\u0131lmas\u0131 ve end\u00fcstriyel \u00f6l\u00e7ekte \u00fcretiminin yap\u0131lmas\u0131, \u00f6zellikle tar\u0131msal at\u0131klar ve t\u0131bbi aromatik bitkilerden y\u00fcksek katma de\u011ferli \u00fcr\u00fcnler elde etme \u00fczerine 20 y\u0131l\u0131 a\u015fk\u0131n s\u00fcredir \u00e7al\u0131\u015fmalar yapmaktay\u0131z. Gaziemir Sarn\u0131\u00e7 sanayi b\u00f6lgesinde faaliyet g\u00f6steren Bionley Biyoteknoloji A.\u015e \u015firketimiz i\u015f ortaklar\u0131m\u0131za \u00f6zel Ar-Ge \u00e7al\u0131\u015fmalar\u0131 ile inovatif \u00fcr\u00fcnler geli\u015ftirmekte ve \u00dclkemizin bu konularda d\u0131\u015far\u0131ya olan ba\u011f\u0131ml\u0131l\u0131\u011f\u0131n\u0131 azaltmaktay\u0131z. \u00d6zellikle Astragalus (Geven) ve Ruscus (Tav\u015fan memesi) bitkilerinin de\u011ferli molek\u00fcllerinin y\u00fcksek safl\u0131kta elde edilmesi ve end\u00fcstriyel \u00f6l\u00e7ekte \u00fcretimini ger\u00e7ekle\u015ftirmekteyiz . T\u00fcrkiye'de yeti\u015fen bitkilerin standardize olarak ekstrelerinin \u00fcretimini ger\u00e7ekle\u015ftirmektedir. Ayr\u0131ca Spray Dryer (p\u00fcsk\u00fcrtmeli kurutucu), Freeze Dryer, Tray Dryer, Rotocone Dryer v.b. cihazlar\u0131n tasar\u0131m ve optizasyonunu yapan bir firmad\u0131r.\",\"legalName\":\"B\u0130ONLEY B\u0130YOTEKNOLOJ\u0130 A.\u015e\",\"foundingDate\":\"2023-05-23\",\"numberOfEmployees\":{\"@type\":\"QuantitativeValue\",\"minValue\":\"1\",\"maxValue\":\"10\"},\"address\":{\"@id\":\"https:\\\/\\\/bionley.com\\\/tr\\\/urun\\\/uzum-cekirdegi\\\/#local-main-place-address\"},\"telephone\":[\"05332783176\"],\"openingHoursSpecification\":[{\"@type\":\"OpeningHoursSpecification\",\"dayOfWeek\":[\"Monday\"],\"opens\":\"09:00\",\"closes\":\"18:00\"},{\"@type\":\"OpeningHoursSpecification\",\"dayOfWeek\":[\"Tuesday\",\"Wednesday\",\"Thursday\",\"Friday\",\"Saturday\"],\"opens\":\"09:00\",\"closes\":\"17:00\"},{\"@type\":\"OpeningHoursSpecification\",\"dayOfWeek\":[\"Sunday\"],\"opens\":\"00:00\",\"closes\":\"00:00\"}],\"email\":\"info@bionley.com\"},{\"@type\":\"PostalAddress\",\"@id\":\"https:\\\/\\\/bionley.com\\\/tr\\\/urun\\\/uzum-cekirdegi\\\/#local-main-place-address\",\"streetAddress\":\"Fatih Mahallesi 1178 sokak no 5B Gaziemir \u0130ZM\u0130R\",\"addressLocality\":\"GAZ\u0130EM\u0130R\",\"postalCode\":\"35410\",\"addressRegion\":\"\u0130ZM\u0130R\",\"addressCountry\":\"TR\"},{\"@type\":\"ImageObject\",\"inLanguage\":\"tr\",\"@id\":\"https:\\\/\\\/bionley.com\\\/tr\\\/urun\\\/uzum-cekirdegi\\\/#local-main-organization-logo\",\"url\":\"https:\\\/\\\/bionley.com\\\/tr\\\/wp-content\\\/uploads\\\/2026\\\/01\\\/Adsiz-tasarim-1.png\",\"contentUrl\":\"https:\\\/\\\/bionley.com\\\/tr\\\/wp-content\\\/uploads\\\/2026\\\/01\\\/Adsiz-tasarim-1.png\",\"width\":1280,\"height\":439,\"caption\":\"Bionley Biyoteknoloji A.\u015e\"}]}<\/script>\n<meta name=\"geo.placename\" content=\"GAZ\u0130EM\u0130R\" \/>\n<meta name=\"geo.region\" content=\"T\u00fcrkiye\" \/>\n<!-- \/ Yoast SEO Premium plugin. -->","yoast_head_json":{"title":"\u00dcZ\u00dcM \u00c7EK\u0130RDE\u011e\u0130 - Bionley","robots":{"index":"index","follow":"follow","max-snippet":"max-snippet:-1","max-image-preview":"max-image-preview:large","max-video-preview":"max-video-preview:-1"},"canonical":"https:\/\/bionley.com\/tr\/urun\/uzum-cekirdegi\/","og_locale":"tr_TR","og_type":"article","og_title":"\u00dcZ\u00dcM \u00c7EK\u0130RDE\u011e\u0130","og_description":"Vitis Vinifera UV Ile Resveratrol","og_url":"https:\/\/bionley.com\/tr\/urun\/uzum-cekirdegi\/","og_site_name":"Bionley","article_publisher":"https:\/\/www.facebook.com\/profile.php?id=61554875321542&locale=tr_TR","article_modified_time":"2024-01-30T22:18:53+00:00","og_image":[{"width":1500,"height":1500,"url":"https:\/\/bionley.com\/tr\/wp-content\/uploads\/2024\/01\/grapeseed.jpg","type":"image\/jpeg"}],"twitter_card":"summary_large_image","twitter_site":"@bionleyBion","twitter_misc":{"Tahmini okuma s\u00fcresi":"2 dakika"},"schema":{"@context":"https:\/\/schema.org","@graph":[{"@type":"WebPage","@id":"https:\/\/bionley.com\/tr\/urun\/uzum-cekirdegi\/","url":"https:\/\/bionley.com\/tr\/urun\/uzum-cekirdegi\/","name":"\u00dcZ\u00dcM \u00c7EK\u0130RDE\u011e\u0130 - Bionley","isPartOf":{"@id":"https:\/\/bionley.com\/tr\/#website"},"primaryImageOfPage":{"@id":"https:\/\/bionley.com\/tr\/urun\/uzum-cekirdegi\/#primaryimage"},"image":{"@id":"https:\/\/bionley.com\/tr\/urun\/uzum-cekirdegi\/#primaryimage"},"thumbnailUrl":"https:\/\/bionley.com\/tr\/wp-content\/uploads\/2024\/01\/grapeseed.jpg","datePublished":"2024-01-07T13:28:38+00:00","dateModified":"2024-01-30T22:18:53+00:00","breadcrumb":{"@id":"https:\/\/bionley.com\/tr\/urun\/uzum-cekirdegi\/#breadcrumb"},"inLanguage":"tr","potentialAction":[{"@type":"ReadAction","target":["https:\/\/bionley.com\/tr\/urun\/uzum-cekirdegi\/"]}]},{"@type":"ImageObject","inLanguage":"tr","@id":"https:\/\/bionley.com\/tr\/urun\/uzum-cekirdegi\/#primaryimage","url":"https:\/\/bionley.com\/tr\/wp-content\/uploads\/2024\/01\/grapeseed.jpg","contentUrl":"https:\/\/bionley.com\/tr\/wp-content\/uploads\/2024\/01\/grapeseed.jpg","width":1500,"height":1500},{"@type":"BreadcrumbList","@id":"https:\/\/bionley.com\/tr\/urun\/uzum-cekirdegi\/#breadcrumb","itemListElement":[{"@type":"ListItem","position":1,"name":"Anasayfa","item":"https:\/\/bionley.com\/tr\/"},{"@type":"ListItem","position":2,"name":"\u00dcr\u00fcnler","item":"https:\/\/bionley.com\/tr\/shop\/"},{"@type":"ListItem","position":3,"name":"\u00dcZ\u00dcM \u00c7EK\u0130RDE\u011e\u0130"}]},{"@type":"WebSite","@id":"https:\/\/bionley.com\/tr\/#website","url":"https:\/\/bionley.com\/tr\/","name":"Bionley","description":"","publisher":{"@id":"https:\/\/bionley.com\/tr\/#organization"},"potentialAction":[{"@type":"SearchAction","target":{"@type":"EntryPoint","urlTemplate":"https:\/\/bionley.com\/tr\/?s={search_term_string}"},"query-input":{"@type":"PropertyValueSpecification","valueRequired":true,"valueName":"search_term_string"}}],"inLanguage":"tr"},{"@type":["Organization","Place","Corporation"],"@id":"https:\/\/bionley.com\/tr\/#organization","name":"Bionley Biyoteknoloji A.\u015e","url":"https:\/\/bionley.com\/tr\/","logo":{"@id":"https:\/\/bionley.com\/tr\/urun\/uzum-cekirdegi\/#local-main-organization-logo"},"image":{"@id":"https:\/\/bionley.com\/tr\/urun\/uzum-cekirdegi\/#local-main-organization-logo"},"sameAs":["https:\/\/www.facebook.com\/profile.php?id=61554875321542&locale=tr_TR","https:\/\/x.com\/bionleyBion","https:\/\/www.instagram.com\/bionleycom\/"],"description":"Bitkilerden standardize ekstre elde edilmesi ve elde edilen ekstrelerden de\u011ferli molek\u00fcllerin safla\u015ft\u0131r\u0131lmas\u0131 ve end\u00fcstriyel \u00f6l\u00e7ekte \u00fcretiminin yap\u0131lmas\u0131, \u00f6zellikle tar\u0131msal at\u0131klar ve t\u0131bbi aromatik bitkilerden y\u00fcksek katma de\u011ferli \u00fcr\u00fcnler elde etme \u00fczerine 20 y\u0131l\u0131 a\u015fk\u0131n s\u00fcredir \u00e7al\u0131\u015fmalar yapmaktay\u0131z. Gaziemir Sarn\u0131\u00e7 sanayi b\u00f6lgesinde faaliyet g\u00f6steren Bionley Biyoteknoloji A.\u015e \u015firketimiz i\u015f ortaklar\u0131m\u0131za \u00f6zel Ar-Ge \u00e7al\u0131\u015fmalar\u0131 ile inovatif \u00fcr\u00fcnler geli\u015ftirmekte ve \u00dclkemizin bu konularda d\u0131\u015far\u0131ya olan ba\u011f\u0131ml\u0131l\u0131\u011f\u0131n\u0131 azaltmaktay\u0131z. \u00d6zellikle Astragalus (Geven) ve Ruscus (Tav\u015fan memesi) bitkilerinin de\u011ferli molek\u00fcllerinin y\u00fcksek safl\u0131kta elde edilmesi ve end\u00fcstriyel \u00f6l\u00e7ekte \u00fcretimini ger\u00e7ekle\u015ftirmekteyiz . T\u00fcrkiye'de yeti\u015fen bitkilerin standardize olarak ekstrelerinin \u00fcretimini ger\u00e7ekle\u015ftirmektedir. Ayr\u0131ca Spray Dryer (p\u00fcsk\u00fcrtmeli kurutucu), Freeze Dryer, Tray Dryer, Rotocone Dryer v.b. cihazlar\u0131n tasar\u0131m ve optizasyonunu yapan bir firmad\u0131r.","legalName":"B\u0130ONLEY B\u0130YOTEKNOLOJ\u0130 A.\u015e","foundingDate":"2023-05-23","numberOfEmployees":{"@type":"QuantitativeValue","minValue":"1","maxValue":"10"},"address":{"@id":"https:\/\/bionley.com\/tr\/urun\/uzum-cekirdegi\/#local-main-place-address"},"telephone":["05332783176"],"openingHoursSpecification":[{"@type":"OpeningHoursSpecification","dayOfWeek":["Monday"],"opens":"09:00","closes":"18:00"},{"@type":"OpeningHoursSpecification","dayOfWeek":["Tuesday","Wednesday","Thursday","Friday","Saturday"],"opens":"09:00","closes":"17:00"},{"@type":"OpeningHoursSpecification","dayOfWeek":["Sunday"],"opens":"00:00","closes":"00:00"}],"email":"info@bionley.com"},{"@type":"PostalAddress","@id":"https:\/\/bionley.com\/tr\/urun\/uzum-cekirdegi\/#local-main-place-address","streetAddress":"Fatih Mahallesi 1178 sokak no 5B Gaziemir \u0130ZM\u0130R","addressLocality":"GAZ\u0130EM\u0130R","postalCode":"35410","addressRegion":"\u0130ZM\u0130R","addressCountry":"TR"},{"@type":"ImageObject","inLanguage":"tr","@id":"https:\/\/bionley.com\/tr\/urun\/uzum-cekirdegi\/#local-main-organization-logo","url":"https:\/\/bionley.com\/tr\/wp-content\/uploads\/2026\/01\/Adsiz-tasarim-1.png","contentUrl":"https:\/\/bionley.com\/tr\/wp-content\/uploads\/2026\/01\/Adsiz-tasarim-1.png","width":1280,"height":439,"caption":"Bionley Biyoteknoloji A.\u015e"}]},"geo.placename":"GAZ\u0130EM\u0130R","geo.region":"T\u00fcrkiye"},"_links":{"self":[{"href":"https:\/\/bionley.com\/tr\/wp-json\/wp\/v2\/product\/131036","targetHints":{"allow":["GET"]}}],"collection":[{"href":"https:\/\/bionley.com\/tr\/wp-json\/wp\/v2\/product"}],"about":[{"href":"https:\/\/bionley.com\/tr\/wp-json\/wp\/v2\/types\/product"}],"replies":[{"embeddable":true,"href":"https:\/\/bionley.com\/tr\/wp-json\/wp\/v2\/comments?post=131036"}],"wp:featuredmedia":[{"embeddable":true,"href":"https:\/\/bionley.com\/tr\/wp-json\/wp\/v2\/media\/131197"}],"wp:attachment":[{"href":"https:\/\/bionley.com\/tr\/wp-json\/wp\/v2\/media?parent=131036"}],"wp:term":[{"taxonomy":"product_brand","embeddable":true,"href":"https:\/\/bionley.com\/tr\/wp-json\/wp\/v2\/product_brand?post=131036"},{"taxonomy":"product_cat","embeddable":true,"href":"https:\/\/bionley.com\/tr\/wp-json\/wp\/v2\/product_cat?post=131036"},{"taxonomy":"product_tag","embeddable":true,"href":"https:\/\/bionley.com\/tr\/wp-json\/wp\/v2\/product_tag?post=131036"}],"curies":[{"name":"wp","href":"https:\/\/api.w.org\/{rel}","templated":true}]}}