{"id":131041,"date":"2024-01-07T16:35:18","date_gmt":"2024-01-07T13:35:18","guid":{"rendered":"http:\/\/demo.bionley.com\/?post_type=product&#038;p=131041"},"modified":"2024-03-16T05:19:06","modified_gmt":"2024-03-16T02:19:06","slug":"alic","status":"publish","type":"product","link":"https:\/\/bionley.com\/tr\/urun\/alic\/","title":{"rendered":"ALI\u00c7"},"content":{"rendered":"<p>Al\u0131\u00e7, \u00e7e\u015fitli cilt bak\u0131m faydalar\u0131 nedeniyle kozmetikte kullan\u0131lan do\u011fal bir bile\u015fendir.<\/p>\n<p>Al\u0131\u00e7, antioksidanlar, flavonoidler ve cilt sa\u011fl\u0131\u011f\u0131n\u0131 iyile\u015ftirmek i\u00e7in yararl\u0131 k\u0131lan di\u011fer faydal\u0131 bile\u015fikleri i\u00e7erir.<br \/>\nAl\u0131\u00e7\u0131n kozmetiklerdeki ana faydalar\u0131ndan biri cilt dokusunu ve tonunu iyile\u015ftirme yetene\u011fidir. Al\u0131\u00e7taki antioksidanlar ve di\u011fer faydal\u0131 bile\u015fikler, cildi kirlilik ve UV radyasyonu gibi \u00e7evresel fakt\u00f6rlerin neden oldu\u011fu hasarlardan korumaya yard\u0131mc\u0131 olur. Bu, ince \u00e7izgilerin, k\u0131r\u0131\u015f\u0131kl\u0131klar\u0131n ve di\u011fer ya\u015flanma belirtilerinin g\u00f6r\u00fcn\u00fcm\u00fcn\u00fc azaltmaya yard\u0131mc\u0131 olabilir.<br \/>\nAl\u0131\u00e7 ayr\u0131ca ciltteki k\u0131zar\u0131kl\u0131\u011f\u0131 ve tahri\u015fi azaltmaya yard\u0131mc\u0131 olabilecek anti-enflamatuar \u00f6zellikleriyle de bilinir. Bu, hassas cilde sahip olanlar\u0131n yan\u0131 s\u0131ra rosacea gibi durumlardan muzdarip olanlar i\u00e7in de yararl\u0131 olmas\u0131n\u0131 sa\u011flar. Ayr\u0131ca, al\u0131\u00e7\u0131n kan dola\u015f\u0131m\u0131 \u00fczerinde olumlu bir etkiye sahip oldu\u011fu g\u00f6sterilmi\u015ftir, bu da cildin genel sa\u011fl\u0131\u011f\u0131n\u0131 ve g\u00f6r\u00fcn\u00fcm\u00fcn\u00fc iyile\u015ftirmeye yard\u0131mc\u0131 olabilir. Ayr\u0131ca g\u00f6z alt\u0131ndaki \u015fi\u015fkinli\u011fi ve koyu halkalar\u0131 azaltmaya da yard\u0131mc\u0131 olabilir. Al\u0131\u00e7, y\u00fcz kremleri, serumlar ve maskeler de dahil olmak \u00fczere \u00e7e\u015fitli kozmetik \u00fcr\u00fcnlerde bulunabilir. Bununla birlikte, al\u0131\u00e7\u0131n baz\u0131 ki\u015filerde alerjik reaksiyonlara neden olabilece\u011fine dikkat etmek \u00f6nemlidir, bu nedenle \u00fcr\u00fcn\u00fc kullanmadan \u00f6nce cildin k\u00fc\u00e7\u00fck bir b\u00f6lgesinde test etmek \u00f6nemlidir.<\/p>\n<p>Al\u0131\u00e7, tatl\u0131 ve hafif ek\u015fi tad\u0131 nedeniyle g\u0131da end\u00fcstrisinde yayg\u0131n olarak kullan\u0131lan bir meyvedir.<br \/>\n\u00c7ay: Al\u0131\u00e7 \u00e7ay\u0131, al\u0131\u00e7 bitkisinin kurutulmu\u015f yapraklar\u0131ndan, \u00e7i\u00e7eklerinden ve meyvelerinden yap\u0131lan pop\u00fcler bir bitki \u00e7ay\u0131d\u0131r. V\u00fccut \u00fczerinde sakinle\u015ftirici bir etkiye sahip oldu\u011funa inan\u0131l\u0131r ve genellikle anksiyete ve stres i\u00e7in do\u011fal bir \u00e7are olarak kullan\u0131l\u0131r.<br \/>\nRe\u00e7eller ve j\u00f6leler: Al\u0131\u00e7 meyvesi, tostun \u00fczerine s\u00fcrmek veya tatl\u0131lar\u0131n \u00fczerine s\u00fcrmek i\u00e7in m\u00fckemmel olan lezzetli re\u00e7eller ve j\u00f6leler yapmak i\u00e7in kullan\u0131labilir.<br \/>\n\u015earap: Al\u0131\u00e7 meyvesi fermente edilerek hafif tatl\u0131 ve ek\u015fi bir tada sahip olan \u015farap yap\u0131labilir. Al\u0131\u00e7 \u015farab\u0131 \u00c7in&#8217;de pop\u00fclerdir ve sindirimi iyile\u015ftirmek ve kolesterol seviyelerini d\u00fc\u015f\u00fcrmek de dahil olmak \u00fczere sa\u011fl\u0131\u011fa faydalar\u0131 oldu\u011funa inan\u0131lmaktad\u0131r.<br \/>\n\u015eekerleme: Al\u0131\u00e7 meyvesi, \u00c7in&#8217;de ve Asya&#8217;n\u0131n di\u011fer b\u00f6lgelerinde pop\u00fcler olan \u015fekerleme yap\u0131m\u0131nda da kullan\u0131labilir.<br \/>\nSa\u011fl\u0131k takviyeleri: Al\u0131\u00e7, y\u00fcksek antioksidan i\u00e7eri\u011fi ve kalp sa\u011fl\u0131\u011f\u0131n\u0131 iyile\u015ftirme ve iltihaplanmay\u0131 azaltma gibi potansiyel sa\u011fl\u0131k yararlar\u0131 nedeniyle genellikle sa\u011fl\u0131k takviyelerinde bir bile\u015fen olarak kullan\u0131l\u0131r.<\/p>\n<h4>Kimyasal Bilgi<\/h4>\n<p>Al\u0131\u00e7 Ekstrakt\u0131, Gliserin, Aqua, Potasyum Sorbat, Sodyum Benzoat<\/p>\n<h4>Geleneksel Kullan\u0131m<\/h4>\n<p>Crataegus&#8217;un kabu\u011fu, meyvesi, yapraklar\u0131, k\u00f6k ve k\u00f6k kabu\u011fu, \u00f6zsuyu ve diri odunu, dikenleri, dallar\u0131 ve gen\u00e7 s\u00fcrg\u00fcnlerinin inf\u00fczyonlar\u0131 ve dekoksiyonlar\u0131 \u00e7e\u015fitli Kuzey Amerika kabileleri taraf\u0131ndan s\u0131rt a\u011fr\u0131s\u0131, mesane rahats\u0131zl\u0131klar\u0131, verem (akci\u011fer t\u00fcberk\u00fclozu), ishal, a\u011f\u0131z yaralar\u0131 ve mide \u015fikayetleri gibi durumlar\u0131 tedavi etmek i\u00e7in kullan\u0131lm\u0131\u015ft\u0131r. Al\u0131\u00e7\u0131n kalp \u00fczerindeki iyile\u015ftirici etkilerinden ilk kez \u0130svi\u00e7reli hekim Paracelsus taraf\u0131ndan bahsedilmi\u015f olabilir. Avrupa Fitoterapi Bilimsel Kooperatifi de sinirsel kalp \u015fikayetlerinde kalp ve dola\u015f\u0131m fonksiyonunu desteklemek i\u00e7in bitki \u00e7ay\u0131 ve hidroalkolik ekstrakt d\u0131\u015f\u0131ndaki preparatlar\u0131 \u00f6nermi\u015ftir.<\/p>\n","protected":false},"excerpt":{"rendered":"<p><em>Crataegus Sp.<\/em><br \/>\nUV Ile Toplam Flavonoid<\/p>\n","protected":false},"featured_media":131253,"comment_status":"open","ping_status":"closed","template":"","meta":[],"product_brand":[],"product_cat":[151,152],"product_tag":[],"class_list":{"0":"post-131041","1":"product","2":"type-product","3":"status-publish","4":"has-post-thumbnail","6":"product_cat-extracts","7":"product_cat-liquid-extracts","9":"first","10":"instock","11":"shipping-taxable","12":"product-type-simple"},"yoast_head":"<!-- This site is optimized with the Yoast SEO Premium plugin v27.4 (Yoast SEO v27.4) - https:\/\/yoast.com\/product\/yoast-seo-premium-wordpress\/ -->\n<title>ALI\u00c7 - Bionley<\/title>\n<meta name=\"robots\" content=\"index, follow, max-snippet:-1, max-image-preview:large, max-video-preview:-1\" \/>\n<link rel=\"canonical\" href=\"https:\/\/bionley.com\/tr\/urun\/alic\/\" \/>\n<meta property=\"og:locale\" content=\"tr_TR\" \/>\n<meta property=\"og:type\" content=\"article\" \/>\n<meta property=\"og:title\" content=\"ALI\u00c7\" \/>\n<meta property=\"og:description\" content=\"Crataegus Sp. UV Ile Toplam Flavonoid\" \/>\n<meta property=\"og:url\" content=\"https:\/\/bionley.com\/tr\/urun\/alic\/\" \/>\n<meta property=\"og:site_name\" content=\"Bionley\" \/>\n<meta property=\"article:publisher\" content=\"https:\/\/www.facebook.com\/profile.php?id=61554875321542&amp;locale=tr_TR\" \/>\n<meta property=\"article:modified_time\" content=\"2024-03-16T02:19:06+00:00\" \/>\n<meta property=\"og:image\" content=\"https:\/\/bionley.com\/tr\/wp-content\/uploads\/2024\/01\/alic.jpg\" \/>\n\t<meta property=\"og:image:width\" content=\"1500\" \/>\n\t<meta property=\"og:image:height\" content=\"1500\" \/>\n\t<meta property=\"og:image:type\" content=\"image\/jpeg\" \/>\n<meta name=\"twitter:card\" content=\"summary_large_image\" \/>\n<meta name=\"twitter:site\" content=\"@bionleyBion\" \/>\n<meta name=\"twitter:label1\" content=\"Tahmini okuma s\u00fcresi\" \/>\n\t<meta name=\"twitter:data1\" content=\"3 dakika\" \/>\n<script type=\"application\/ld+json\" class=\"yoast-schema-graph\">{\"@context\":\"https:\\\/\\\/schema.org\",\"@graph\":[{\"@type\":\"WebPage\",\"@id\":\"https:\\\/\\\/bionley.com\\\/tr\\\/urun\\\/alic\\\/\",\"url\":\"https:\\\/\\\/bionley.com\\\/tr\\\/urun\\\/alic\\\/\",\"name\":\"ALI\u00c7 - Bionley\",\"isPartOf\":{\"@id\":\"https:\\\/\\\/bionley.com\\\/tr\\\/#website\"},\"primaryImageOfPage\":{\"@id\":\"https:\\\/\\\/bionley.com\\\/tr\\\/urun\\\/alic\\\/#primaryimage\"},\"image\":{\"@id\":\"https:\\\/\\\/bionley.com\\\/tr\\\/urun\\\/alic\\\/#primaryimage\"},\"thumbnailUrl\":\"https:\\\/\\\/bionley.com\\\/tr\\\/wp-content\\\/uploads\\\/2024\\\/01\\\/alic.jpg\",\"datePublished\":\"2024-01-07T13:35:18+00:00\",\"dateModified\":\"2024-03-16T02:19:06+00:00\",\"breadcrumb\":{\"@id\":\"https:\\\/\\\/bionley.com\\\/tr\\\/urun\\\/alic\\\/#breadcrumb\"},\"inLanguage\":\"tr\",\"potentialAction\":[{\"@type\":\"ReadAction\",\"target\":[\"https:\\\/\\\/bionley.com\\\/tr\\\/urun\\\/alic\\\/\"]}]},{\"@type\":\"ImageObject\",\"inLanguage\":\"tr\",\"@id\":\"https:\\\/\\\/bionley.com\\\/tr\\\/urun\\\/alic\\\/#primaryimage\",\"url\":\"https:\\\/\\\/bionley.com\\\/tr\\\/wp-content\\\/uploads\\\/2024\\\/01\\\/alic.jpg\",\"contentUrl\":\"https:\\\/\\\/bionley.com\\\/tr\\\/wp-content\\\/uploads\\\/2024\\\/01\\\/alic.jpg\",\"width\":1500,\"height\":1500},{\"@type\":\"BreadcrumbList\",\"@id\":\"https:\\\/\\\/bionley.com\\\/tr\\\/urun\\\/alic\\\/#breadcrumb\",\"itemListElement\":[{\"@type\":\"ListItem\",\"position\":1,\"name\":\"Anasayfa\",\"item\":\"https:\\\/\\\/bionley.com\\\/tr\\\/\"},{\"@type\":\"ListItem\",\"position\":2,\"name\":\"\u00dcr\u00fcnler\",\"item\":\"https:\\\/\\\/bionley.com\\\/tr\\\/shop\\\/\"},{\"@type\":\"ListItem\",\"position\":3,\"name\":\"ALI\u00c7\"}]},{\"@type\":\"WebSite\",\"@id\":\"https:\\\/\\\/bionley.com\\\/tr\\\/#website\",\"url\":\"https:\\\/\\\/bionley.com\\\/tr\\\/\",\"name\":\"Bionley\",\"description\":\"\",\"publisher\":{\"@id\":\"https:\\\/\\\/bionley.com\\\/tr\\\/#organization\"},\"potentialAction\":[{\"@type\":\"SearchAction\",\"target\":{\"@type\":\"EntryPoint\",\"urlTemplate\":\"https:\\\/\\\/bionley.com\\\/tr\\\/?s={search_term_string}\"},\"query-input\":{\"@type\":\"PropertyValueSpecification\",\"valueRequired\":true,\"valueName\":\"search_term_string\"}}],\"inLanguage\":\"tr\"},{\"@type\":[\"Organization\",\"Place\",\"Corporation\"],\"@id\":\"https:\\\/\\\/bionley.com\\\/tr\\\/#organization\",\"name\":\"Bionley Biyoteknoloji A.\u015e\",\"url\":\"https:\\\/\\\/bionley.com\\\/tr\\\/\",\"logo\":{\"@id\":\"https:\\\/\\\/bionley.com\\\/tr\\\/urun\\\/alic\\\/#local-main-organization-logo\"},\"image\":{\"@id\":\"https:\\\/\\\/bionley.com\\\/tr\\\/urun\\\/alic\\\/#local-main-organization-logo\"},\"sameAs\":[\"https:\\\/\\\/www.facebook.com\\\/profile.php?id=61554875321542&locale=tr_TR\",\"https:\\\/\\\/x.com\\\/bionleyBion\",\"https:\\\/\\\/www.instagram.com\\\/bionleycom\\\/\"],\"description\":\"Bitkilerden standardize ekstre elde edilmesi ve elde edilen ekstrelerden de\u011ferli molek\u00fcllerin safla\u015ft\u0131r\u0131lmas\u0131 ve end\u00fcstriyel \u00f6l\u00e7ekte \u00fcretiminin yap\u0131lmas\u0131, \u00f6zellikle tar\u0131msal at\u0131klar ve t\u0131bbi aromatik bitkilerden y\u00fcksek katma de\u011ferli \u00fcr\u00fcnler elde etme \u00fczerine 20 y\u0131l\u0131 a\u015fk\u0131n s\u00fcredir \u00e7al\u0131\u015fmalar yapmaktay\u0131z. Gaziemir Sarn\u0131\u00e7 sanayi b\u00f6lgesinde faaliyet g\u00f6steren Bionley Biyoteknoloji A.\u015e \u015firketimiz i\u015f ortaklar\u0131m\u0131za \u00f6zel Ar-Ge \u00e7al\u0131\u015fmalar\u0131 ile inovatif \u00fcr\u00fcnler geli\u015ftirmekte ve \u00dclkemizin bu konularda d\u0131\u015far\u0131ya olan ba\u011f\u0131ml\u0131l\u0131\u011f\u0131n\u0131 azaltmaktay\u0131z. \u00d6zellikle Astragalus (Geven) ve Ruscus (Tav\u015fan memesi) bitkilerinin de\u011ferli molek\u00fcllerinin y\u00fcksek safl\u0131kta elde edilmesi ve end\u00fcstriyel \u00f6l\u00e7ekte \u00fcretimini ger\u00e7ekle\u015ftirmekteyiz . T\u00fcrkiye'de yeti\u015fen bitkilerin standardize olarak ekstrelerinin \u00fcretimini ger\u00e7ekle\u015ftirmektedir. Ayr\u0131ca Spray Dryer (p\u00fcsk\u00fcrtmeli kurutucu), Freeze Dryer, Tray Dryer, Rotocone Dryer v.b. cihazlar\u0131n tasar\u0131m ve optizasyonunu yapan bir firmad\u0131r.\",\"legalName\":\"B\u0130ONLEY B\u0130YOTEKNOLOJ\u0130 A.\u015e\",\"foundingDate\":\"2023-05-23\",\"numberOfEmployees\":{\"@type\":\"QuantitativeValue\",\"minValue\":\"1\",\"maxValue\":\"10\"},\"address\":{\"@id\":\"https:\\\/\\\/bionley.com\\\/tr\\\/urun\\\/alic\\\/#local-main-place-address\"},\"telephone\":[\"05332783176\"],\"openingHoursSpecification\":[{\"@type\":\"OpeningHoursSpecification\",\"dayOfWeek\":[\"Monday\"],\"opens\":\"09:00\",\"closes\":\"18:00\"},{\"@type\":\"OpeningHoursSpecification\",\"dayOfWeek\":[\"Tuesday\",\"Wednesday\",\"Thursday\",\"Friday\",\"Saturday\"],\"opens\":\"09:00\",\"closes\":\"17:00\"},{\"@type\":\"OpeningHoursSpecification\",\"dayOfWeek\":[\"Sunday\"],\"opens\":\"00:00\",\"closes\":\"00:00\"}],\"email\":\"info@bionley.com\"},{\"@type\":\"PostalAddress\",\"@id\":\"https:\\\/\\\/bionley.com\\\/tr\\\/urun\\\/alic\\\/#local-main-place-address\",\"streetAddress\":\"Fatih Mahallesi 1178 sokak no 5B Gaziemir \u0130ZM\u0130R\",\"addressLocality\":\"GAZ\u0130EM\u0130R\",\"postalCode\":\"35410\",\"addressRegion\":\"\u0130ZM\u0130R\",\"addressCountry\":\"TR\"},{\"@type\":\"ImageObject\",\"inLanguage\":\"tr\",\"@id\":\"https:\\\/\\\/bionley.com\\\/tr\\\/urun\\\/alic\\\/#local-main-organization-logo\",\"url\":\"https:\\\/\\\/bionley.com\\\/tr\\\/wp-content\\\/uploads\\\/2026\\\/01\\\/Adsiz-tasarim-1.png\",\"contentUrl\":\"https:\\\/\\\/bionley.com\\\/tr\\\/wp-content\\\/uploads\\\/2026\\\/01\\\/Adsiz-tasarim-1.png\",\"width\":1280,\"height\":439,\"caption\":\"Bionley Biyoteknoloji A.\u015e\"}]}<\/script>\n<meta name=\"geo.placename\" content=\"GAZ\u0130EM\u0130R\" \/>\n<meta name=\"geo.region\" content=\"T\u00fcrkiye\" \/>\n<!-- \/ Yoast SEO Premium plugin. -->","yoast_head_json":{"title":"ALI\u00c7 - Bionley","robots":{"index":"index","follow":"follow","max-snippet":"max-snippet:-1","max-image-preview":"max-image-preview:large","max-video-preview":"max-video-preview:-1"},"canonical":"https:\/\/bionley.com\/tr\/urun\/alic\/","og_locale":"tr_TR","og_type":"article","og_title":"ALI\u00c7","og_description":"Crataegus Sp. UV Ile Toplam Flavonoid","og_url":"https:\/\/bionley.com\/tr\/urun\/alic\/","og_site_name":"Bionley","article_publisher":"https:\/\/www.facebook.com\/profile.php?id=61554875321542&locale=tr_TR","article_modified_time":"2024-03-16T02:19:06+00:00","og_image":[{"width":1500,"height":1500,"url":"https:\/\/bionley.com\/tr\/wp-content\/uploads\/2024\/01\/alic.jpg","type":"image\/jpeg"}],"twitter_card":"summary_large_image","twitter_site":"@bionleyBion","twitter_misc":{"Tahmini okuma s\u00fcresi":"3 dakika"},"schema":{"@context":"https:\/\/schema.org","@graph":[{"@type":"WebPage","@id":"https:\/\/bionley.com\/tr\/urun\/alic\/","url":"https:\/\/bionley.com\/tr\/urun\/alic\/","name":"ALI\u00c7 - Bionley","isPartOf":{"@id":"https:\/\/bionley.com\/tr\/#website"},"primaryImageOfPage":{"@id":"https:\/\/bionley.com\/tr\/urun\/alic\/#primaryimage"},"image":{"@id":"https:\/\/bionley.com\/tr\/urun\/alic\/#primaryimage"},"thumbnailUrl":"https:\/\/bionley.com\/tr\/wp-content\/uploads\/2024\/01\/alic.jpg","datePublished":"2024-01-07T13:35:18+00:00","dateModified":"2024-03-16T02:19:06+00:00","breadcrumb":{"@id":"https:\/\/bionley.com\/tr\/urun\/alic\/#breadcrumb"},"inLanguage":"tr","potentialAction":[{"@type":"ReadAction","target":["https:\/\/bionley.com\/tr\/urun\/alic\/"]}]},{"@type":"ImageObject","inLanguage":"tr","@id":"https:\/\/bionley.com\/tr\/urun\/alic\/#primaryimage","url":"https:\/\/bionley.com\/tr\/wp-content\/uploads\/2024\/01\/alic.jpg","contentUrl":"https:\/\/bionley.com\/tr\/wp-content\/uploads\/2024\/01\/alic.jpg","width":1500,"height":1500},{"@type":"BreadcrumbList","@id":"https:\/\/bionley.com\/tr\/urun\/alic\/#breadcrumb","itemListElement":[{"@type":"ListItem","position":1,"name":"Anasayfa","item":"https:\/\/bionley.com\/tr\/"},{"@type":"ListItem","position":2,"name":"\u00dcr\u00fcnler","item":"https:\/\/bionley.com\/tr\/shop\/"},{"@type":"ListItem","position":3,"name":"ALI\u00c7"}]},{"@type":"WebSite","@id":"https:\/\/bionley.com\/tr\/#website","url":"https:\/\/bionley.com\/tr\/","name":"Bionley","description":"","publisher":{"@id":"https:\/\/bionley.com\/tr\/#organization"},"potentialAction":[{"@type":"SearchAction","target":{"@type":"EntryPoint","urlTemplate":"https:\/\/bionley.com\/tr\/?s={search_term_string}"},"query-input":{"@type":"PropertyValueSpecification","valueRequired":true,"valueName":"search_term_string"}}],"inLanguage":"tr"},{"@type":["Organization","Place","Corporation"],"@id":"https:\/\/bionley.com\/tr\/#organization","name":"Bionley Biyoteknoloji A.\u015e","url":"https:\/\/bionley.com\/tr\/","logo":{"@id":"https:\/\/bionley.com\/tr\/urun\/alic\/#local-main-organization-logo"},"image":{"@id":"https:\/\/bionley.com\/tr\/urun\/alic\/#local-main-organization-logo"},"sameAs":["https:\/\/www.facebook.com\/profile.php?id=61554875321542&locale=tr_TR","https:\/\/x.com\/bionleyBion","https:\/\/www.instagram.com\/bionleycom\/"],"description":"Bitkilerden standardize ekstre elde edilmesi ve elde edilen ekstrelerden de\u011ferli molek\u00fcllerin safla\u015ft\u0131r\u0131lmas\u0131 ve end\u00fcstriyel \u00f6l\u00e7ekte \u00fcretiminin yap\u0131lmas\u0131, \u00f6zellikle tar\u0131msal at\u0131klar ve t\u0131bbi aromatik bitkilerden y\u00fcksek katma de\u011ferli \u00fcr\u00fcnler elde etme \u00fczerine 20 y\u0131l\u0131 a\u015fk\u0131n s\u00fcredir \u00e7al\u0131\u015fmalar yapmaktay\u0131z. Gaziemir Sarn\u0131\u00e7 sanayi b\u00f6lgesinde faaliyet g\u00f6steren Bionley Biyoteknoloji A.\u015e \u015firketimiz i\u015f ortaklar\u0131m\u0131za \u00f6zel Ar-Ge \u00e7al\u0131\u015fmalar\u0131 ile inovatif \u00fcr\u00fcnler geli\u015ftirmekte ve \u00dclkemizin bu konularda d\u0131\u015far\u0131ya olan ba\u011f\u0131ml\u0131l\u0131\u011f\u0131n\u0131 azaltmaktay\u0131z. \u00d6zellikle Astragalus (Geven) ve Ruscus (Tav\u015fan memesi) bitkilerinin de\u011ferli molek\u00fcllerinin y\u00fcksek safl\u0131kta elde edilmesi ve end\u00fcstriyel \u00f6l\u00e7ekte \u00fcretimini ger\u00e7ekle\u015ftirmekteyiz . T\u00fcrkiye'de yeti\u015fen bitkilerin standardize olarak ekstrelerinin \u00fcretimini ger\u00e7ekle\u015ftirmektedir. Ayr\u0131ca Spray Dryer (p\u00fcsk\u00fcrtmeli kurutucu), Freeze Dryer, Tray Dryer, Rotocone Dryer v.b. cihazlar\u0131n tasar\u0131m ve optizasyonunu yapan bir firmad\u0131r.","legalName":"B\u0130ONLEY B\u0130YOTEKNOLOJ\u0130 A.\u015e","foundingDate":"2023-05-23","numberOfEmployees":{"@type":"QuantitativeValue","minValue":"1","maxValue":"10"},"address":{"@id":"https:\/\/bionley.com\/tr\/urun\/alic\/#local-main-place-address"},"telephone":["05332783176"],"openingHoursSpecification":[{"@type":"OpeningHoursSpecification","dayOfWeek":["Monday"],"opens":"09:00","closes":"18:00"},{"@type":"OpeningHoursSpecification","dayOfWeek":["Tuesday","Wednesday","Thursday","Friday","Saturday"],"opens":"09:00","closes":"17:00"},{"@type":"OpeningHoursSpecification","dayOfWeek":["Sunday"],"opens":"00:00","closes":"00:00"}],"email":"info@bionley.com"},{"@type":"PostalAddress","@id":"https:\/\/bionley.com\/tr\/urun\/alic\/#local-main-place-address","streetAddress":"Fatih Mahallesi 1178 sokak no 5B Gaziemir \u0130ZM\u0130R","addressLocality":"GAZ\u0130EM\u0130R","postalCode":"35410","addressRegion":"\u0130ZM\u0130R","addressCountry":"TR"},{"@type":"ImageObject","inLanguage":"tr","@id":"https:\/\/bionley.com\/tr\/urun\/alic\/#local-main-organization-logo","url":"https:\/\/bionley.com\/tr\/wp-content\/uploads\/2026\/01\/Adsiz-tasarim-1.png","contentUrl":"https:\/\/bionley.com\/tr\/wp-content\/uploads\/2026\/01\/Adsiz-tasarim-1.png","width":1280,"height":439,"caption":"Bionley Biyoteknoloji A.\u015e"}]},"geo.placename":"GAZ\u0130EM\u0130R","geo.region":"T\u00fcrkiye"},"_links":{"self":[{"href":"https:\/\/bionley.com\/tr\/wp-json\/wp\/v2\/product\/131041","targetHints":{"allow":["GET"]}}],"collection":[{"href":"https:\/\/bionley.com\/tr\/wp-json\/wp\/v2\/product"}],"about":[{"href":"https:\/\/bionley.com\/tr\/wp-json\/wp\/v2\/types\/product"}],"replies":[{"embeddable":true,"href":"https:\/\/bionley.com\/tr\/wp-json\/wp\/v2\/comments?post=131041"}],"wp:featuredmedia":[{"embeddable":true,"href":"https:\/\/bionley.com\/tr\/wp-json\/wp\/v2\/media\/131253"}],"wp:attachment":[{"href":"https:\/\/bionley.com\/tr\/wp-json\/wp\/v2\/media?parent=131041"}],"wp:term":[{"taxonomy":"product_brand","embeddable":true,"href":"https:\/\/bionley.com\/tr\/wp-json\/wp\/v2\/product_brand?post=131041"},{"taxonomy":"product_cat","embeddable":true,"href":"https:\/\/bionley.com\/tr\/wp-json\/wp\/v2\/product_cat?post=131041"},{"taxonomy":"product_tag","embeddable":true,"href":"https:\/\/bionley.com\/tr\/wp-json\/wp\/v2\/product_tag?post=131041"}],"curies":[{"name":"wp","href":"https:\/\/api.w.org\/{rel}","templated":true}]}}