{"id":131053,"date":"2024-01-07T16:48:47","date_gmt":"2024-01-07T13:48:47","guid":{"rendered":"http:\/\/demo.bionley.com\/?post_type=product&#038;p=131053"},"modified":"2024-01-31T02:04:39","modified_gmt":"2024-01-30T23:04:39","slug":"ihlamur","status":"publish","type":"product","link":"https:\/\/bionley.com\/tr\/urun\/ihlamur\/","title":{"rendered":"IHLAMUR"},"content":{"rendered":"<p>Ihlamur a\u011fac\u0131n\u0131n \u00e7i\u00e7eklerinden ve yapraklar\u0131ndan elde edilen \u0131hlamur ekstrakt\u0131, tatl\u0131 ve \u00e7i\u00e7eksi lezzet profili nedeniyle g\u0131da end\u00fcstrisinde yayg\u0131n olarak kullan\u0131lmaktad\u0131r. G\u0131da end\u00fcstrisinde \u0131hlamur ekstrakt\u0131n\u0131n baz\u0131 yayg\u0131n kullan\u0131m alanlar\u0131 \u015funlard\u0131r:<\/p>\n<p>\u015eekerleme: Ihlamur \u00f6z\u00fc \u015feker, \u00e7ikolata ve di\u011fer tatl\u0131lar\u0131 tatland\u0131rmak i\u00e7in kullan\u0131labilir.<\/p>\n<p>\u0130\u00e7ecekler: Ihlamur \u00f6z\u00fc genellikle \u00e7aylar\u0131, gazl\u0131 i\u00e7ecekleri ve lik\u00f6r ve bira gibi alkoll\u00fc i\u00e7ecekleri tatland\u0131rmak i\u00e7in kullan\u0131l\u0131r.<\/p>\n<p>Unlu mamuller: Ihlamur \u00f6z\u00fc tatl\u0131, \u00e7i\u00e7eksi bir lezzet vermek i\u00e7in keklere, kurabiyelere ve di\u011fer unlu mamullere eklenebilir.<\/p>\n<p>S\u00fct \u00fcr\u00fcnleri: Ihlamur \u00f6z\u00fc yo\u011furt, dondurma ve di\u011fer s\u00fct \u00fcr\u00fcnlerini tatland\u0131rmak i\u00e7in kullan\u0131l\u0131r.<\/p>\n<p>Soslar : Ihlamur \u00f6z\u00fc salatalar, et yemekleri ve di\u011fer tuzlu g\u0131dalar i\u00e7in sos ve soslar\u0131 tatland\u0131rmak i\u00e7in kullan\u0131labilir.<\/p>\n<p>Genel olarak \u0131hlamur \u00f6z\u00fc, \u00e7e\u015fitli yiyecek ve i\u00e7ecek uygulamalar\u0131nda kullan\u0131labilen \u00e7ok y\u00f6nl\u00fc bir aroma maddesidir.<\/p>\n<p>Ihlamur bitki \u00f6z\u00fc, yat\u0131\u015ft\u0131r\u0131c\u0131 ve sakinle\u015ftirici \u00f6zellikleriyle bilinir ve cildi gen\u00e7le\u015ftirici faydalar\u0131 nedeniyle kozmetik \u00fcr\u00fcnlerde s\u0131kl\u0131kla kullan\u0131l\u0131r. Ihlamur bitki \u00f6z\u00fcn\u00fcn kozmetik end\u00fcstrisindeki yayg\u0131n kullan\u0131mlar\u0131ndan baz\u0131lar\u0131 \u015funlard\u0131r:<\/p>\n<p>Nemlendirici: Ihlamur \u00f6z\u00fc antioksidanlar a\u00e7\u0131s\u0131ndan zengindir ve cildi nemlendirmeye ve beslemeye yard\u0131mc\u0131 olabilir. Derin nemlendirme sa\u011flamak ve kurulu\u011fu \u00f6nlemek i\u00e7in genellikle nemlendiricilere, y\u00fcz kremlerine ve losyonlara eklenir.<\/p>\n<p>Anti-inflamatuar: Ihlamur \u00f6z\u00fc, ciltteki k\u0131zar\u0131kl\u0131\u011f\u0131, tahri\u015fi ve \u015fi\u015fli\u011fi azaltmaya yard\u0131mc\u0131 olabilecek anti-enflamatuar \u00f6zelliklere sahiptir. Genellikle hassas ciltler veya rosacea veya aknesi olanlar i\u00e7in tasarlanm\u0131\u015f \u00fcr\u00fcnlerde kullan\u0131l\u0131r.<\/p>\n<p>Ya\u015flanma kar\u015f\u0131t\u0131: Ihlamur \u00f6z\u00fcn\u00fcn ya\u015flanma kar\u015f\u0131t\u0131 faydalar\u0131 oldu\u011fu da bilinmektedir. Cildin elastikiyetini ve s\u0131k\u0131l\u0131\u011f\u0131n\u0131 art\u0131rmaya, ince \u00e7izgilerin ve k\u0131r\u0131\u015f\u0131kl\u0131klar\u0131n g\u00f6r\u00fcn\u00fcm\u00fcn\u00fc azaltmaya ve daha gen\u00e7 g\u00f6r\u00fcn\u00fcml\u00fc bir cildi desteklemeye yard\u0131mc\u0131 olabilir.<\/p>\n<p>Sakinle\u015ftirici: Ihlamur \u00f6z\u00fc cilt \u00fczerinde sakinle\u015ftirici bir etkiye sahiptir ve cilt hassasiyetini yat\u0131\u015ft\u0131rmaya ve azaltmaya yard\u0131mc\u0131 olabilir. Genellikle hassas veya reaktif cilde sahip ki\u015filer i\u00e7in tasarlanm\u0131\u015f \u00fcr\u00fcnlerde kullan\u0131l\u0131r.<\/p>\n<p>Genel olarak, \u0131hlamur bitki \u00f6z\u00fc, cilt i\u00e7in say\u0131s\u0131z faydas\u0131 nedeniyle kozmetik end\u00fcstrisinde pop\u00fcler bir bile\u015fendir.<\/p>\n<h4>Kimyasal Bilgi<\/h4>\n<p>Ihlamur Ekstrakt\u0131, Gliserin, Aqua, Potasyum Sorbat, Sodyum Benzoat<\/p>\n<h4>Geleneksel Kullan\u0131m<\/h4>\n<p>Haziran ve Temmuz aylar\u0131nda \u00e7i\u00e7ek a\u00e7ar ve \u00e7i\u00e7ekleri ar\u0131lar gibi tozlay\u0131c\u0131 b\u00f6cekleri \u00e7eken g\u00fc\u00e7l\u00fc, tatl\u0131 bir kokuya sahiptir. Bu sonuncular lezzetli bir \u0131hlamur bal\u0131 \u00fcretir. Meyveleri k\u00fc\u00e7\u00fck oval akenlerden olu\u015fur ve bracts r\u00fczgarla da\u011f\u0131lmalar\u0131 i\u00e7in i\u015flevseldir. Ah\u015fab\u0131 heykel ve m\u00fczik aletleri yap\u0131m\u0131nda kullan\u0131l\u0131r. Orta \u00c7a\u011f&#8217;da Meryem Ana&#8217;n\u0131n heykelini yapmak i\u00e7in d\u00fczenli olarak kullan\u0131l\u0131rd\u0131 ve bu nedenle lignum sacrum olarak adland\u0131r\u0131ld\u0131.<\/p>\n","protected":false},"excerpt":{"rendered":"<p><em>Tilia Cordota<\/em><br \/>\nUV Ile Toplam Polifenol<\/p>\n","protected":false},"featured_media":131204,"comment_status":"open","ping_status":"closed","template":"","meta":[],"product_brand":[],"product_cat":[151,152],"product_tag":[],"class_list":{"0":"post-131053","1":"product","2":"type-product","3":"status-publish","4":"has-post-thumbnail","6":"product_cat-extracts","7":"product_cat-liquid-extracts","9":"first","10":"instock","11":"shipping-taxable","12":"product-type-simple"},"yoast_head":"<!-- This site is optimized with the Yoast SEO Premium plugin v27.4 (Yoast SEO v27.4) - https:\/\/yoast.com\/product\/yoast-seo-premium-wordpress\/ -->\n<title>IHLAMUR - Bionley<\/title>\n<meta name=\"robots\" content=\"index, follow, max-snippet:-1, max-image-preview:large, max-video-preview:-1\" \/>\n<link rel=\"canonical\" href=\"https:\/\/bionley.com\/tr\/urun\/ihlamur\/\" \/>\n<meta property=\"og:locale\" content=\"tr_TR\" \/>\n<meta property=\"og:type\" content=\"article\" \/>\n<meta property=\"og:title\" content=\"IHLAMUR\" \/>\n<meta property=\"og:description\" content=\"Tilia Cordota UV Ile Toplam Polifenol\" \/>\n<meta property=\"og:url\" content=\"https:\/\/bionley.com\/tr\/urun\/ihlamur\/\" \/>\n<meta property=\"og:site_name\" content=\"Bionley\" \/>\n<meta property=\"article:publisher\" content=\"https:\/\/www.facebook.com\/profile.php?id=61554875321542&amp;locale=tr_TR\" \/>\n<meta property=\"article:modified_time\" content=\"2024-01-30T23:04:39+00:00\" \/>\n<meta property=\"og:image\" content=\"https:\/\/bionley.com\/tr\/wp-content\/uploads\/2024\/01\/lindentree.jpg\" \/>\n\t<meta property=\"og:image:width\" content=\"1500\" \/>\n\t<meta property=\"og:image:height\" content=\"1500\" \/>\n\t<meta property=\"og:image:type\" content=\"image\/jpeg\" \/>\n<meta name=\"twitter:card\" content=\"summary_large_image\" \/>\n<meta name=\"twitter:site\" content=\"@bionleyBion\" \/>\n<meta name=\"twitter:label1\" content=\"Tahmini okuma s\u00fcresi\" \/>\n\t<meta name=\"twitter:data1\" content=\"3 dakika\" \/>\n<script type=\"application\/ld+json\" class=\"yoast-schema-graph\">{\"@context\":\"https:\\\/\\\/schema.org\",\"@graph\":[{\"@type\":\"WebPage\",\"@id\":\"https:\\\/\\\/bionley.com\\\/tr\\\/urun\\\/ihlamur\\\/\",\"url\":\"https:\\\/\\\/bionley.com\\\/tr\\\/urun\\\/ihlamur\\\/\",\"name\":\"IHLAMUR - Bionley\",\"isPartOf\":{\"@id\":\"https:\\\/\\\/bionley.com\\\/tr\\\/#website\"},\"primaryImageOfPage\":{\"@id\":\"https:\\\/\\\/bionley.com\\\/tr\\\/urun\\\/ihlamur\\\/#primaryimage\"},\"image\":{\"@id\":\"https:\\\/\\\/bionley.com\\\/tr\\\/urun\\\/ihlamur\\\/#primaryimage\"},\"thumbnailUrl\":\"https:\\\/\\\/bionley.com\\\/tr\\\/wp-content\\\/uploads\\\/2024\\\/01\\\/lindentree.jpg\",\"datePublished\":\"2024-01-07T13:48:47+00:00\",\"dateModified\":\"2024-01-30T23:04:39+00:00\",\"breadcrumb\":{\"@id\":\"https:\\\/\\\/bionley.com\\\/tr\\\/urun\\\/ihlamur\\\/#breadcrumb\"},\"inLanguage\":\"tr\",\"potentialAction\":[{\"@type\":\"ReadAction\",\"target\":[\"https:\\\/\\\/bionley.com\\\/tr\\\/urun\\\/ihlamur\\\/\"]}]},{\"@type\":\"ImageObject\",\"inLanguage\":\"tr\",\"@id\":\"https:\\\/\\\/bionley.com\\\/tr\\\/urun\\\/ihlamur\\\/#primaryimage\",\"url\":\"https:\\\/\\\/bionley.com\\\/tr\\\/wp-content\\\/uploads\\\/2024\\\/01\\\/lindentree.jpg\",\"contentUrl\":\"https:\\\/\\\/bionley.com\\\/tr\\\/wp-content\\\/uploads\\\/2024\\\/01\\\/lindentree.jpg\",\"width\":1500,\"height\":1500},{\"@type\":\"BreadcrumbList\",\"@id\":\"https:\\\/\\\/bionley.com\\\/tr\\\/urun\\\/ihlamur\\\/#breadcrumb\",\"itemListElement\":[{\"@type\":\"ListItem\",\"position\":1,\"name\":\"Anasayfa\",\"item\":\"https:\\\/\\\/bionley.com\\\/tr\\\/\"},{\"@type\":\"ListItem\",\"position\":2,\"name\":\"\u00dcr\u00fcnler\",\"item\":\"https:\\\/\\\/bionley.com\\\/tr\\\/shop\\\/\"},{\"@type\":\"ListItem\",\"position\":3,\"name\":\"IHLAMUR\"}]},{\"@type\":\"WebSite\",\"@id\":\"https:\\\/\\\/bionley.com\\\/tr\\\/#website\",\"url\":\"https:\\\/\\\/bionley.com\\\/tr\\\/\",\"name\":\"Bionley\",\"description\":\"\",\"publisher\":{\"@id\":\"https:\\\/\\\/bionley.com\\\/tr\\\/#organization\"},\"potentialAction\":[{\"@type\":\"SearchAction\",\"target\":{\"@type\":\"EntryPoint\",\"urlTemplate\":\"https:\\\/\\\/bionley.com\\\/tr\\\/?s={search_term_string}\"},\"query-input\":{\"@type\":\"PropertyValueSpecification\",\"valueRequired\":true,\"valueName\":\"search_term_string\"}}],\"inLanguage\":\"tr\"},{\"@type\":[\"Organization\",\"Place\",\"Corporation\"],\"@id\":\"https:\\\/\\\/bionley.com\\\/tr\\\/#organization\",\"name\":\"Bionley Biyoteknoloji A.\u015e\",\"url\":\"https:\\\/\\\/bionley.com\\\/tr\\\/\",\"logo\":{\"@id\":\"https:\\\/\\\/bionley.com\\\/tr\\\/urun\\\/ihlamur\\\/#local-main-organization-logo\"},\"image\":{\"@id\":\"https:\\\/\\\/bionley.com\\\/tr\\\/urun\\\/ihlamur\\\/#local-main-organization-logo\"},\"sameAs\":[\"https:\\\/\\\/www.facebook.com\\\/profile.php?id=61554875321542&locale=tr_TR\",\"https:\\\/\\\/x.com\\\/bionleyBion\",\"https:\\\/\\\/www.instagram.com\\\/bionleycom\\\/\"],\"description\":\"Bitkilerden standardize ekstre elde edilmesi ve elde edilen ekstrelerden de\u011ferli molek\u00fcllerin safla\u015ft\u0131r\u0131lmas\u0131 ve end\u00fcstriyel \u00f6l\u00e7ekte \u00fcretiminin yap\u0131lmas\u0131, \u00f6zellikle tar\u0131msal at\u0131klar ve t\u0131bbi aromatik bitkilerden y\u00fcksek katma de\u011ferli \u00fcr\u00fcnler elde etme \u00fczerine 20 y\u0131l\u0131 a\u015fk\u0131n s\u00fcredir \u00e7al\u0131\u015fmalar yapmaktay\u0131z. Gaziemir Sarn\u0131\u00e7 sanayi b\u00f6lgesinde faaliyet g\u00f6steren Bionley Biyoteknoloji A.\u015e \u015firketimiz i\u015f ortaklar\u0131m\u0131za \u00f6zel Ar-Ge \u00e7al\u0131\u015fmalar\u0131 ile inovatif \u00fcr\u00fcnler geli\u015ftirmekte ve \u00dclkemizin bu konularda d\u0131\u015far\u0131ya olan ba\u011f\u0131ml\u0131l\u0131\u011f\u0131n\u0131 azaltmaktay\u0131z. \u00d6zellikle Astragalus (Geven) ve Ruscus (Tav\u015fan memesi) bitkilerinin de\u011ferli molek\u00fcllerinin y\u00fcksek safl\u0131kta elde edilmesi ve end\u00fcstriyel \u00f6l\u00e7ekte \u00fcretimini ger\u00e7ekle\u015ftirmekteyiz . T\u00fcrkiye'de yeti\u015fen bitkilerin standardize olarak ekstrelerinin \u00fcretimini ger\u00e7ekle\u015ftirmektedir. Ayr\u0131ca Spray Dryer (p\u00fcsk\u00fcrtmeli kurutucu), Freeze Dryer, Tray Dryer, Rotocone Dryer v.b. cihazlar\u0131n tasar\u0131m ve optizasyonunu yapan bir firmad\u0131r.\",\"legalName\":\"B\u0130ONLEY B\u0130YOTEKNOLOJ\u0130 A.\u015e\",\"foundingDate\":\"2023-05-23\",\"numberOfEmployees\":{\"@type\":\"QuantitativeValue\",\"minValue\":\"1\",\"maxValue\":\"10\"},\"address\":{\"@id\":\"https:\\\/\\\/bionley.com\\\/tr\\\/urun\\\/ihlamur\\\/#local-main-place-address\"},\"telephone\":[\"05332783176\"],\"openingHoursSpecification\":[{\"@type\":\"OpeningHoursSpecification\",\"dayOfWeek\":[\"Monday\"],\"opens\":\"09:00\",\"closes\":\"18:00\"},{\"@type\":\"OpeningHoursSpecification\",\"dayOfWeek\":[\"Tuesday\",\"Wednesday\",\"Thursday\",\"Friday\",\"Saturday\"],\"opens\":\"09:00\",\"closes\":\"17:00\"},{\"@type\":\"OpeningHoursSpecification\",\"dayOfWeek\":[\"Sunday\"],\"opens\":\"00:00\",\"closes\":\"00:00\"}],\"email\":\"info@bionley.com\"},{\"@type\":\"PostalAddress\",\"@id\":\"https:\\\/\\\/bionley.com\\\/tr\\\/urun\\\/ihlamur\\\/#local-main-place-address\",\"streetAddress\":\"Fatih Mahallesi 1178 sokak no 5B Gaziemir \u0130ZM\u0130R\",\"addressLocality\":\"GAZ\u0130EM\u0130R\",\"postalCode\":\"35410\",\"addressRegion\":\"\u0130ZM\u0130R\",\"addressCountry\":\"TR\"},{\"@type\":\"ImageObject\",\"inLanguage\":\"tr\",\"@id\":\"https:\\\/\\\/bionley.com\\\/tr\\\/urun\\\/ihlamur\\\/#local-main-organization-logo\",\"url\":\"https:\\\/\\\/bionley.com\\\/tr\\\/wp-content\\\/uploads\\\/2026\\\/01\\\/Adsiz-tasarim-1.png\",\"contentUrl\":\"https:\\\/\\\/bionley.com\\\/tr\\\/wp-content\\\/uploads\\\/2026\\\/01\\\/Adsiz-tasarim-1.png\",\"width\":1280,\"height\":439,\"caption\":\"Bionley Biyoteknoloji A.\u015e\"}]}<\/script>\n<meta name=\"geo.placename\" content=\"GAZ\u0130EM\u0130R\" \/>\n<meta name=\"geo.region\" content=\"T\u00fcrkiye\" \/>\n<!-- \/ Yoast SEO Premium plugin. -->","yoast_head_json":{"title":"IHLAMUR - Bionley","robots":{"index":"index","follow":"follow","max-snippet":"max-snippet:-1","max-image-preview":"max-image-preview:large","max-video-preview":"max-video-preview:-1"},"canonical":"https:\/\/bionley.com\/tr\/urun\/ihlamur\/","og_locale":"tr_TR","og_type":"article","og_title":"IHLAMUR","og_description":"Tilia Cordota UV Ile Toplam Polifenol","og_url":"https:\/\/bionley.com\/tr\/urun\/ihlamur\/","og_site_name":"Bionley","article_publisher":"https:\/\/www.facebook.com\/profile.php?id=61554875321542&locale=tr_TR","article_modified_time":"2024-01-30T23:04:39+00:00","og_image":[{"width":1500,"height":1500,"url":"https:\/\/bionley.com\/tr\/wp-content\/uploads\/2024\/01\/lindentree.jpg","type":"image\/jpeg"}],"twitter_card":"summary_large_image","twitter_site":"@bionleyBion","twitter_misc":{"Tahmini okuma s\u00fcresi":"3 dakika"},"schema":{"@context":"https:\/\/schema.org","@graph":[{"@type":"WebPage","@id":"https:\/\/bionley.com\/tr\/urun\/ihlamur\/","url":"https:\/\/bionley.com\/tr\/urun\/ihlamur\/","name":"IHLAMUR - Bionley","isPartOf":{"@id":"https:\/\/bionley.com\/tr\/#website"},"primaryImageOfPage":{"@id":"https:\/\/bionley.com\/tr\/urun\/ihlamur\/#primaryimage"},"image":{"@id":"https:\/\/bionley.com\/tr\/urun\/ihlamur\/#primaryimage"},"thumbnailUrl":"https:\/\/bionley.com\/tr\/wp-content\/uploads\/2024\/01\/lindentree.jpg","datePublished":"2024-01-07T13:48:47+00:00","dateModified":"2024-01-30T23:04:39+00:00","breadcrumb":{"@id":"https:\/\/bionley.com\/tr\/urun\/ihlamur\/#breadcrumb"},"inLanguage":"tr","potentialAction":[{"@type":"ReadAction","target":["https:\/\/bionley.com\/tr\/urun\/ihlamur\/"]}]},{"@type":"ImageObject","inLanguage":"tr","@id":"https:\/\/bionley.com\/tr\/urun\/ihlamur\/#primaryimage","url":"https:\/\/bionley.com\/tr\/wp-content\/uploads\/2024\/01\/lindentree.jpg","contentUrl":"https:\/\/bionley.com\/tr\/wp-content\/uploads\/2024\/01\/lindentree.jpg","width":1500,"height":1500},{"@type":"BreadcrumbList","@id":"https:\/\/bionley.com\/tr\/urun\/ihlamur\/#breadcrumb","itemListElement":[{"@type":"ListItem","position":1,"name":"Anasayfa","item":"https:\/\/bionley.com\/tr\/"},{"@type":"ListItem","position":2,"name":"\u00dcr\u00fcnler","item":"https:\/\/bionley.com\/tr\/shop\/"},{"@type":"ListItem","position":3,"name":"IHLAMUR"}]},{"@type":"WebSite","@id":"https:\/\/bionley.com\/tr\/#website","url":"https:\/\/bionley.com\/tr\/","name":"Bionley","description":"","publisher":{"@id":"https:\/\/bionley.com\/tr\/#organization"},"potentialAction":[{"@type":"SearchAction","target":{"@type":"EntryPoint","urlTemplate":"https:\/\/bionley.com\/tr\/?s={search_term_string}"},"query-input":{"@type":"PropertyValueSpecification","valueRequired":true,"valueName":"search_term_string"}}],"inLanguage":"tr"},{"@type":["Organization","Place","Corporation"],"@id":"https:\/\/bionley.com\/tr\/#organization","name":"Bionley Biyoteknoloji A.\u015e","url":"https:\/\/bionley.com\/tr\/","logo":{"@id":"https:\/\/bionley.com\/tr\/urun\/ihlamur\/#local-main-organization-logo"},"image":{"@id":"https:\/\/bionley.com\/tr\/urun\/ihlamur\/#local-main-organization-logo"},"sameAs":["https:\/\/www.facebook.com\/profile.php?id=61554875321542&locale=tr_TR","https:\/\/x.com\/bionleyBion","https:\/\/www.instagram.com\/bionleycom\/"],"description":"Bitkilerden standardize ekstre elde edilmesi ve elde edilen ekstrelerden de\u011ferli molek\u00fcllerin safla\u015ft\u0131r\u0131lmas\u0131 ve end\u00fcstriyel \u00f6l\u00e7ekte \u00fcretiminin yap\u0131lmas\u0131, \u00f6zellikle tar\u0131msal at\u0131klar ve t\u0131bbi aromatik bitkilerden y\u00fcksek katma de\u011ferli \u00fcr\u00fcnler elde etme \u00fczerine 20 y\u0131l\u0131 a\u015fk\u0131n s\u00fcredir \u00e7al\u0131\u015fmalar yapmaktay\u0131z. Gaziemir Sarn\u0131\u00e7 sanayi b\u00f6lgesinde faaliyet g\u00f6steren Bionley Biyoteknoloji A.\u015e \u015firketimiz i\u015f ortaklar\u0131m\u0131za \u00f6zel Ar-Ge \u00e7al\u0131\u015fmalar\u0131 ile inovatif \u00fcr\u00fcnler geli\u015ftirmekte ve \u00dclkemizin bu konularda d\u0131\u015far\u0131ya olan ba\u011f\u0131ml\u0131l\u0131\u011f\u0131n\u0131 azaltmaktay\u0131z. \u00d6zellikle Astragalus (Geven) ve Ruscus (Tav\u015fan memesi) bitkilerinin de\u011ferli molek\u00fcllerinin y\u00fcksek safl\u0131kta elde edilmesi ve end\u00fcstriyel \u00f6l\u00e7ekte \u00fcretimini ger\u00e7ekle\u015ftirmekteyiz . T\u00fcrkiye'de yeti\u015fen bitkilerin standardize olarak ekstrelerinin \u00fcretimini ger\u00e7ekle\u015ftirmektedir. Ayr\u0131ca Spray Dryer (p\u00fcsk\u00fcrtmeli kurutucu), Freeze Dryer, Tray Dryer, Rotocone Dryer v.b. cihazlar\u0131n tasar\u0131m ve optizasyonunu yapan bir firmad\u0131r.","legalName":"B\u0130ONLEY B\u0130YOTEKNOLOJ\u0130 A.\u015e","foundingDate":"2023-05-23","numberOfEmployees":{"@type":"QuantitativeValue","minValue":"1","maxValue":"10"},"address":{"@id":"https:\/\/bionley.com\/tr\/urun\/ihlamur\/#local-main-place-address"},"telephone":["05332783176"],"openingHoursSpecification":[{"@type":"OpeningHoursSpecification","dayOfWeek":["Monday"],"opens":"09:00","closes":"18:00"},{"@type":"OpeningHoursSpecification","dayOfWeek":["Tuesday","Wednesday","Thursday","Friday","Saturday"],"opens":"09:00","closes":"17:00"},{"@type":"OpeningHoursSpecification","dayOfWeek":["Sunday"],"opens":"00:00","closes":"00:00"}],"email":"info@bionley.com"},{"@type":"PostalAddress","@id":"https:\/\/bionley.com\/tr\/urun\/ihlamur\/#local-main-place-address","streetAddress":"Fatih Mahallesi 1178 sokak no 5B Gaziemir \u0130ZM\u0130R","addressLocality":"GAZ\u0130EM\u0130R","postalCode":"35410","addressRegion":"\u0130ZM\u0130R","addressCountry":"TR"},{"@type":"ImageObject","inLanguage":"tr","@id":"https:\/\/bionley.com\/tr\/urun\/ihlamur\/#local-main-organization-logo","url":"https:\/\/bionley.com\/tr\/wp-content\/uploads\/2026\/01\/Adsiz-tasarim-1.png","contentUrl":"https:\/\/bionley.com\/tr\/wp-content\/uploads\/2026\/01\/Adsiz-tasarim-1.png","width":1280,"height":439,"caption":"Bionley Biyoteknoloji A.\u015e"}]},"geo.placename":"GAZ\u0130EM\u0130R","geo.region":"T\u00fcrkiye"},"_links":{"self":[{"href":"https:\/\/bionley.com\/tr\/wp-json\/wp\/v2\/product\/131053","targetHints":{"allow":["GET"]}}],"collection":[{"href":"https:\/\/bionley.com\/tr\/wp-json\/wp\/v2\/product"}],"about":[{"href":"https:\/\/bionley.com\/tr\/wp-json\/wp\/v2\/types\/product"}],"replies":[{"embeddable":true,"href":"https:\/\/bionley.com\/tr\/wp-json\/wp\/v2\/comments?post=131053"}],"wp:featuredmedia":[{"embeddable":true,"href":"https:\/\/bionley.com\/tr\/wp-json\/wp\/v2\/media\/131204"}],"wp:attachment":[{"href":"https:\/\/bionley.com\/tr\/wp-json\/wp\/v2\/media?parent=131053"}],"wp:term":[{"taxonomy":"product_brand","embeddable":true,"href":"https:\/\/bionley.com\/tr\/wp-json\/wp\/v2\/product_brand?post=131053"},{"taxonomy":"product_cat","embeddable":true,"href":"https:\/\/bionley.com\/tr\/wp-json\/wp\/v2\/product_cat?post=131053"},{"taxonomy":"product_tag","embeddable":true,"href":"https:\/\/bionley.com\/tr\/wp-json\/wp\/v2\/product_tag?post=131053"}],"curies":[{"name":"wp","href":"https:\/\/api.w.org\/{rel}","templated":true}]}}