{"id":131055,"date":"2024-01-07T16:52:29","date_gmt":"2024-01-07T13:52:29","guid":{"rendered":"http:\/\/demo.bionley.com\/?post_type=product&#038;p=131055"},"modified":"2024-01-31T02:09:59","modified_gmt":"2024-01-30T23:09:59","slug":"ebegumeci","status":"publish","type":"product","link":"https:\/\/bionley.com\/tr\/urun\/ebegumeci\/","title":{"rendered":"EBEG\u00dcMEC\u0130"},"content":{"rendered":"<p>Malva sylvestris bitkisinden elde edilen ebeg\u00fcmeci \u00f6z\u00fct\u00fcn\u00fcn hem kozmetik hem de g\u0131da end\u00fcstrisinde \u00e7e\u015fitli kullan\u0131m alanlar\u0131 vard\u0131r.<\/p>\n<p>Kozmetik end\u00fcstrisi kullan\u0131mlar\u0131:<br \/>\nYat\u0131\u015ft\u0131r\u0131c\u0131 \u00f6zellikler: Ebeg\u00fcmeci \u00f6z\u00fc yat\u0131\u015ft\u0131r\u0131c\u0131 \u00f6zellikleriyle bilinir, bu da onu hassas veya tahri\u015f olmu\u015f cildi sakinle\u015ftirmek ve yat\u0131\u015ft\u0131rmak i\u00e7in tasarlanm\u0131\u015f cilt bak\u0131m \u00fcr\u00fcnleri i\u00e7in ideal bir bile\u015fen haline getirir.<\/p>\n<p>Nemlendirici \u00f6zellikler: Ekstrakt ayr\u0131ca cildi nemlendirmeye ve nemi hapsetmeye yard\u0131mc\u0131 olan polisakkaritler a\u00e7\u0131s\u0131ndan da zengindir. Bu da onu nemlendiriciler, losyonlar ve di\u011fer cilt bak\u0131m \u00fcr\u00fcnlerinde pop\u00fcler bir bile\u015fen haline getirir.<\/p>\n<p>Anti-inflamatuar \u00f6zellikler: Ebeg\u00fcmeci \u00f6z\u00fc, ciltteki k\u0131zar\u0131kl\u0131\u011f\u0131 ve iltihab\u0131 azaltmaya yard\u0131mc\u0131 olabilecek anti-enflamatuar bile\u015fikler i\u00e7erir. Bu da onu egzama veya sedef hastal\u0131\u011f\u0131 gibi durumlar\u0131 tedavi etmek i\u00e7in tasarlanm\u0131\u015f \u00fcr\u00fcnler i\u00e7in harika bir bile\u015fen haline getirir.<\/p>\n<p>Ya\u015flanma kar\u015f\u0131t\u0131 \u00f6zellikler: Ebeg\u00fcmeci \u00f6z\u00fcn\u00fcn, y\u00fcksek antioksidan i\u00e7eri\u011fi sayesinde ya\u015flanma kar\u015f\u0131t\u0131 \u00f6zelliklere de sahip oldu\u011funa inan\u0131lmaktad\u0131r. Bu antioksidanlar, cildi serbest radikallerin ve \u00e7evresel kirleticilerin neden oldu\u011fu hasarlardan korumaya yard\u0131mc\u0131 olabilir.<\/p>\n<p>G\u0131da end\u00fcstrisinde kullan\u0131l\u0131r: Tatland\u0131r\u0131c\u0131: Ebeg\u00fcmeci \u00f6z\u00fc, unlu mamuller, \u015fekerlemeler ve i\u00e7ecekler de dahil olmak \u00fczere \u00e7e\u015fitli g\u0131da \u00fcr\u00fcnlerinde do\u011fal bir aroma verici olarak kullan\u0131labilir.<\/p>\n<p>Renklendirici: Ekstrakt ayr\u0131ca baz\u0131 g\u0131da \u00fcr\u00fcnlerinde, \u00f6zellikle pembe veya mor renkli olanlarda do\u011fal bir renklendirici olarak kullan\u0131l\u0131r.<\/p>\n<p>Em\u00fclgat\u00f6r: Ebeg\u00fcmeci \u00f6z\u00fc em\u00fclsifiye edici \u00f6zelliklere sahiptir, yani soslar ve soslar gibi belirli g\u0131da \u00fcr\u00fcnlerini stabilize etmeye ve koyula\u015ft\u0131rmaya yard\u0131mc\u0131 olabilir.<\/p>\n<p>T\u0131bbi ama\u00e7lar: Ebeg\u00fcmeci \u00f6z\u00fc y\u00fczy\u0131llard\u0131r geleneksel t\u0131pta solunum yolu enfeksiyonlar\u0131, sindirim sorunlar\u0131 ve cilt rahats\u0131zl\u0131klar\u0131 da dahil olmak \u00fczere \u00e7e\u015fitli rahats\u0131zl\u0131klar\u0131n tedavisinde kullan\u0131lmaktad\u0131r. Ekstrakt her derde deva olmasa da, \u00f6l\u00e7\u00fcl\u00fc t\u00fcketildi\u011finde sa\u011fl\u0131k a\u00e7\u0131s\u0131ndan baz\u0131 faydalar\u0131 olabilir.<\/p>\n<h4>Kimyasal Bilgi<\/h4>\n<p>Ebeg\u00fcmeci Ekstrakt\u0131, Gliserin, Aqua, Potasyum Sorbat, Sodyum Benzoat<\/p>\n<h4>Geleneksel Kullan\u0131m<\/h4>\n<p>Geleneksel kullan\u0131mda ebeg\u00fcmeci \u00e7i\u00e7ekleri genellikle bron\u015fiyal nezle, \u00f6ks\u00fcr\u00fck ve idrar s\u00f6kt\u00fcr\u00fcc\u00fc olarak tek ba\u015f\u0131na veya okalipt\u00fcs, hodan veya melisa nane ile birlikte inf\u00fczyon \u015feklinde haz\u0131rlan\u0131r. Baz\u0131 b\u00f6lgelerde, \u00f6ks\u00fcr\u00fc\u011f\u00fc hafifletmek i\u00e7in emzirilen bebeklerin biberonlar\u0131na genellikle \u00e7ay ka\u015f\u0131\u011f\u0131 dolusu ebeg\u00fcmeci suyu ekstresi eklenir.<\/p>\n","protected":false},"excerpt":{"rendered":"<p><em>Malva Sylvestris<\/em><br \/>\nUV Ile Toplam Flavonoid<\/p>\n","protected":false},"featured_media":131205,"comment_status":"open","ping_status":"closed","template":"","meta":[],"product_brand":[],"product_cat":[151,152],"product_tag":[],"class_list":{"0":"post-131055","1":"product","2":"type-product","3":"status-publish","4":"has-post-thumbnail","6":"product_cat-extracts","7":"product_cat-liquid-extracts","9":"first","10":"instock","11":"shipping-taxable","12":"product-type-simple"},"yoast_head":"<!-- This site is optimized with the Yoast SEO Premium plugin v27.4 (Yoast SEO v27.4) - https:\/\/yoast.com\/product\/yoast-seo-premium-wordpress\/ -->\n<title>EBEG\u00dcMEC\u0130 - Bionley<\/title>\n<meta name=\"robots\" content=\"index, follow, max-snippet:-1, max-image-preview:large, max-video-preview:-1\" \/>\n<link rel=\"canonical\" href=\"https:\/\/bionley.com\/tr\/urun\/ebegumeci\/\" \/>\n<meta property=\"og:locale\" content=\"tr_TR\" \/>\n<meta property=\"og:type\" content=\"article\" \/>\n<meta property=\"og:title\" content=\"EBEG\u00dcMEC\u0130\" \/>\n<meta property=\"og:description\" content=\"Malva Sylvestris UV Ile Toplam Flavonoid\" \/>\n<meta property=\"og:url\" content=\"https:\/\/bionley.com\/tr\/urun\/ebegumeci\/\" \/>\n<meta property=\"og:site_name\" content=\"Bionley\" \/>\n<meta property=\"article:publisher\" content=\"https:\/\/www.facebook.com\/profile.php?id=61554875321542&amp;locale=tr_TR\" \/>\n<meta property=\"article:modified_time\" content=\"2024-01-30T23:09:59+00:00\" \/>\n<meta property=\"og:image\" content=\"https:\/\/bionley.com\/tr\/wp-content\/uploads\/2024\/01\/mallow.jpg\" \/>\n\t<meta property=\"og:image:width\" content=\"1500\" \/>\n\t<meta property=\"og:image:height\" content=\"1500\" \/>\n\t<meta property=\"og:image:type\" content=\"image\/jpeg\" \/>\n<meta name=\"twitter:card\" content=\"summary_large_image\" \/>\n<meta name=\"twitter:site\" content=\"@bionleyBion\" \/>\n<meta name=\"twitter:label1\" content=\"Tahmini okuma s\u00fcresi\" \/>\n\t<meta name=\"twitter:data1\" content=\"2 dakika\" \/>\n<script type=\"application\/ld+json\" class=\"yoast-schema-graph\">{\"@context\":\"https:\\\/\\\/schema.org\",\"@graph\":[{\"@type\":\"WebPage\",\"@id\":\"https:\\\/\\\/bionley.com\\\/tr\\\/urun\\\/ebegumeci\\\/\",\"url\":\"https:\\\/\\\/bionley.com\\\/tr\\\/urun\\\/ebegumeci\\\/\",\"name\":\"EBEG\u00dcMEC\u0130 - Bionley\",\"isPartOf\":{\"@id\":\"https:\\\/\\\/bionley.com\\\/tr\\\/#website\"},\"primaryImageOfPage\":{\"@id\":\"https:\\\/\\\/bionley.com\\\/tr\\\/urun\\\/ebegumeci\\\/#primaryimage\"},\"image\":{\"@id\":\"https:\\\/\\\/bionley.com\\\/tr\\\/urun\\\/ebegumeci\\\/#primaryimage\"},\"thumbnailUrl\":\"https:\\\/\\\/bionley.com\\\/tr\\\/wp-content\\\/uploads\\\/2024\\\/01\\\/mallow.jpg\",\"datePublished\":\"2024-01-07T13:52:29+00:00\",\"dateModified\":\"2024-01-30T23:09:59+00:00\",\"breadcrumb\":{\"@id\":\"https:\\\/\\\/bionley.com\\\/tr\\\/urun\\\/ebegumeci\\\/#breadcrumb\"},\"inLanguage\":\"tr\",\"potentialAction\":[{\"@type\":\"ReadAction\",\"target\":[\"https:\\\/\\\/bionley.com\\\/tr\\\/urun\\\/ebegumeci\\\/\"]}]},{\"@type\":\"ImageObject\",\"inLanguage\":\"tr\",\"@id\":\"https:\\\/\\\/bionley.com\\\/tr\\\/urun\\\/ebegumeci\\\/#primaryimage\",\"url\":\"https:\\\/\\\/bionley.com\\\/tr\\\/wp-content\\\/uploads\\\/2024\\\/01\\\/mallow.jpg\",\"contentUrl\":\"https:\\\/\\\/bionley.com\\\/tr\\\/wp-content\\\/uploads\\\/2024\\\/01\\\/mallow.jpg\",\"width\":1500,\"height\":1500},{\"@type\":\"BreadcrumbList\",\"@id\":\"https:\\\/\\\/bionley.com\\\/tr\\\/urun\\\/ebegumeci\\\/#breadcrumb\",\"itemListElement\":[{\"@type\":\"ListItem\",\"position\":1,\"name\":\"Anasayfa\",\"item\":\"https:\\\/\\\/bionley.com\\\/tr\\\/\"},{\"@type\":\"ListItem\",\"position\":2,\"name\":\"\u00dcr\u00fcnler\",\"item\":\"https:\\\/\\\/bionley.com\\\/tr\\\/shop\\\/\"},{\"@type\":\"ListItem\",\"position\":3,\"name\":\"EBEG\u00dcMEC\u0130\"}]},{\"@type\":\"WebSite\",\"@id\":\"https:\\\/\\\/bionley.com\\\/tr\\\/#website\",\"url\":\"https:\\\/\\\/bionley.com\\\/tr\\\/\",\"name\":\"Bionley\",\"description\":\"\",\"publisher\":{\"@id\":\"https:\\\/\\\/bionley.com\\\/tr\\\/#organization\"},\"potentialAction\":[{\"@type\":\"SearchAction\",\"target\":{\"@type\":\"EntryPoint\",\"urlTemplate\":\"https:\\\/\\\/bionley.com\\\/tr\\\/?s={search_term_string}\"},\"query-input\":{\"@type\":\"PropertyValueSpecification\",\"valueRequired\":true,\"valueName\":\"search_term_string\"}}],\"inLanguage\":\"tr\"},{\"@type\":[\"Organization\",\"Place\",\"Corporation\"],\"@id\":\"https:\\\/\\\/bionley.com\\\/tr\\\/#organization\",\"name\":\"Bionley Biyoteknoloji A.\u015e\",\"url\":\"https:\\\/\\\/bionley.com\\\/tr\\\/\",\"logo\":{\"@id\":\"https:\\\/\\\/bionley.com\\\/tr\\\/urun\\\/ebegumeci\\\/#local-main-organization-logo\"},\"image\":{\"@id\":\"https:\\\/\\\/bionley.com\\\/tr\\\/urun\\\/ebegumeci\\\/#local-main-organization-logo\"},\"sameAs\":[\"https:\\\/\\\/www.facebook.com\\\/profile.php?id=61554875321542&locale=tr_TR\",\"https:\\\/\\\/x.com\\\/bionleyBion\",\"https:\\\/\\\/www.instagram.com\\\/bionleycom\\\/\"],\"description\":\"Bitkilerden standardize ekstre elde edilmesi ve elde edilen ekstrelerden de\u011ferli molek\u00fcllerin safla\u015ft\u0131r\u0131lmas\u0131 ve end\u00fcstriyel \u00f6l\u00e7ekte \u00fcretiminin yap\u0131lmas\u0131, \u00f6zellikle tar\u0131msal at\u0131klar ve t\u0131bbi aromatik bitkilerden y\u00fcksek katma de\u011ferli \u00fcr\u00fcnler elde etme \u00fczerine 20 y\u0131l\u0131 a\u015fk\u0131n s\u00fcredir \u00e7al\u0131\u015fmalar yapmaktay\u0131z. Gaziemir Sarn\u0131\u00e7 sanayi b\u00f6lgesinde faaliyet g\u00f6steren Bionley Biyoteknoloji A.\u015e \u015firketimiz i\u015f ortaklar\u0131m\u0131za \u00f6zel Ar-Ge \u00e7al\u0131\u015fmalar\u0131 ile inovatif \u00fcr\u00fcnler geli\u015ftirmekte ve \u00dclkemizin bu konularda d\u0131\u015far\u0131ya olan ba\u011f\u0131ml\u0131l\u0131\u011f\u0131n\u0131 azaltmaktay\u0131z. \u00d6zellikle Astragalus (Geven) ve Ruscus (Tav\u015fan memesi) bitkilerinin de\u011ferli molek\u00fcllerinin y\u00fcksek safl\u0131kta elde edilmesi ve end\u00fcstriyel \u00f6l\u00e7ekte \u00fcretimini ger\u00e7ekle\u015ftirmekteyiz . T\u00fcrkiye'de yeti\u015fen bitkilerin standardize olarak ekstrelerinin \u00fcretimini ger\u00e7ekle\u015ftirmektedir. Ayr\u0131ca Spray Dryer (p\u00fcsk\u00fcrtmeli kurutucu), Freeze Dryer, Tray Dryer, Rotocone Dryer v.b. cihazlar\u0131n tasar\u0131m ve optizasyonunu yapan bir firmad\u0131r.\",\"legalName\":\"B\u0130ONLEY B\u0130YOTEKNOLOJ\u0130 A.\u015e\",\"foundingDate\":\"2023-05-23\",\"numberOfEmployees\":{\"@type\":\"QuantitativeValue\",\"minValue\":\"1\",\"maxValue\":\"10\"},\"address\":{\"@id\":\"https:\\\/\\\/bionley.com\\\/tr\\\/urun\\\/ebegumeci\\\/#local-main-place-address\"},\"telephone\":[\"05332783176\"],\"openingHoursSpecification\":[{\"@type\":\"OpeningHoursSpecification\",\"dayOfWeek\":[\"Monday\"],\"opens\":\"09:00\",\"closes\":\"18:00\"},{\"@type\":\"OpeningHoursSpecification\",\"dayOfWeek\":[\"Tuesday\",\"Wednesday\",\"Thursday\",\"Friday\",\"Saturday\"],\"opens\":\"09:00\",\"closes\":\"17:00\"},{\"@type\":\"OpeningHoursSpecification\",\"dayOfWeek\":[\"Sunday\"],\"opens\":\"00:00\",\"closes\":\"00:00\"}],\"email\":\"info@bionley.com\"},{\"@type\":\"PostalAddress\",\"@id\":\"https:\\\/\\\/bionley.com\\\/tr\\\/urun\\\/ebegumeci\\\/#local-main-place-address\",\"streetAddress\":\"Fatih Mahallesi 1178 sokak no 5B Gaziemir \u0130ZM\u0130R\",\"addressLocality\":\"GAZ\u0130EM\u0130R\",\"postalCode\":\"35410\",\"addressRegion\":\"\u0130ZM\u0130R\",\"addressCountry\":\"TR\"},{\"@type\":\"ImageObject\",\"inLanguage\":\"tr\",\"@id\":\"https:\\\/\\\/bionley.com\\\/tr\\\/urun\\\/ebegumeci\\\/#local-main-organization-logo\",\"url\":\"https:\\\/\\\/bionley.com\\\/tr\\\/wp-content\\\/uploads\\\/2026\\\/01\\\/Adsiz-tasarim-1.png\",\"contentUrl\":\"https:\\\/\\\/bionley.com\\\/tr\\\/wp-content\\\/uploads\\\/2026\\\/01\\\/Adsiz-tasarim-1.png\",\"width\":1280,\"height\":439,\"caption\":\"Bionley Biyoteknoloji A.\u015e\"}]}<\/script>\n<meta name=\"geo.placename\" content=\"GAZ\u0130EM\u0130R\" \/>\n<meta name=\"geo.region\" content=\"T\u00fcrkiye\" \/>\n<!-- \/ Yoast SEO Premium plugin. -->","yoast_head_json":{"title":"EBEG\u00dcMEC\u0130 - Bionley","robots":{"index":"index","follow":"follow","max-snippet":"max-snippet:-1","max-image-preview":"max-image-preview:large","max-video-preview":"max-video-preview:-1"},"canonical":"https:\/\/bionley.com\/tr\/urun\/ebegumeci\/","og_locale":"tr_TR","og_type":"article","og_title":"EBEG\u00dcMEC\u0130","og_description":"Malva Sylvestris UV Ile Toplam Flavonoid","og_url":"https:\/\/bionley.com\/tr\/urun\/ebegumeci\/","og_site_name":"Bionley","article_publisher":"https:\/\/www.facebook.com\/profile.php?id=61554875321542&locale=tr_TR","article_modified_time":"2024-01-30T23:09:59+00:00","og_image":[{"width":1500,"height":1500,"url":"https:\/\/bionley.com\/tr\/wp-content\/uploads\/2024\/01\/mallow.jpg","type":"image\/jpeg"}],"twitter_card":"summary_large_image","twitter_site":"@bionleyBion","twitter_misc":{"Tahmini okuma s\u00fcresi":"2 dakika"},"schema":{"@context":"https:\/\/schema.org","@graph":[{"@type":"WebPage","@id":"https:\/\/bionley.com\/tr\/urun\/ebegumeci\/","url":"https:\/\/bionley.com\/tr\/urun\/ebegumeci\/","name":"EBEG\u00dcMEC\u0130 - Bionley","isPartOf":{"@id":"https:\/\/bionley.com\/tr\/#website"},"primaryImageOfPage":{"@id":"https:\/\/bionley.com\/tr\/urun\/ebegumeci\/#primaryimage"},"image":{"@id":"https:\/\/bionley.com\/tr\/urun\/ebegumeci\/#primaryimage"},"thumbnailUrl":"https:\/\/bionley.com\/tr\/wp-content\/uploads\/2024\/01\/mallow.jpg","datePublished":"2024-01-07T13:52:29+00:00","dateModified":"2024-01-30T23:09:59+00:00","breadcrumb":{"@id":"https:\/\/bionley.com\/tr\/urun\/ebegumeci\/#breadcrumb"},"inLanguage":"tr","potentialAction":[{"@type":"ReadAction","target":["https:\/\/bionley.com\/tr\/urun\/ebegumeci\/"]}]},{"@type":"ImageObject","inLanguage":"tr","@id":"https:\/\/bionley.com\/tr\/urun\/ebegumeci\/#primaryimage","url":"https:\/\/bionley.com\/tr\/wp-content\/uploads\/2024\/01\/mallow.jpg","contentUrl":"https:\/\/bionley.com\/tr\/wp-content\/uploads\/2024\/01\/mallow.jpg","width":1500,"height":1500},{"@type":"BreadcrumbList","@id":"https:\/\/bionley.com\/tr\/urun\/ebegumeci\/#breadcrumb","itemListElement":[{"@type":"ListItem","position":1,"name":"Anasayfa","item":"https:\/\/bionley.com\/tr\/"},{"@type":"ListItem","position":2,"name":"\u00dcr\u00fcnler","item":"https:\/\/bionley.com\/tr\/shop\/"},{"@type":"ListItem","position":3,"name":"EBEG\u00dcMEC\u0130"}]},{"@type":"WebSite","@id":"https:\/\/bionley.com\/tr\/#website","url":"https:\/\/bionley.com\/tr\/","name":"Bionley","description":"","publisher":{"@id":"https:\/\/bionley.com\/tr\/#organization"},"potentialAction":[{"@type":"SearchAction","target":{"@type":"EntryPoint","urlTemplate":"https:\/\/bionley.com\/tr\/?s={search_term_string}"},"query-input":{"@type":"PropertyValueSpecification","valueRequired":true,"valueName":"search_term_string"}}],"inLanguage":"tr"},{"@type":["Organization","Place","Corporation"],"@id":"https:\/\/bionley.com\/tr\/#organization","name":"Bionley Biyoteknoloji A.\u015e","url":"https:\/\/bionley.com\/tr\/","logo":{"@id":"https:\/\/bionley.com\/tr\/urun\/ebegumeci\/#local-main-organization-logo"},"image":{"@id":"https:\/\/bionley.com\/tr\/urun\/ebegumeci\/#local-main-organization-logo"},"sameAs":["https:\/\/www.facebook.com\/profile.php?id=61554875321542&locale=tr_TR","https:\/\/x.com\/bionleyBion","https:\/\/www.instagram.com\/bionleycom\/"],"description":"Bitkilerden standardize ekstre elde edilmesi ve elde edilen ekstrelerden de\u011ferli molek\u00fcllerin safla\u015ft\u0131r\u0131lmas\u0131 ve end\u00fcstriyel \u00f6l\u00e7ekte \u00fcretiminin yap\u0131lmas\u0131, \u00f6zellikle tar\u0131msal at\u0131klar ve t\u0131bbi aromatik bitkilerden y\u00fcksek katma de\u011ferli \u00fcr\u00fcnler elde etme \u00fczerine 20 y\u0131l\u0131 a\u015fk\u0131n s\u00fcredir \u00e7al\u0131\u015fmalar yapmaktay\u0131z. Gaziemir Sarn\u0131\u00e7 sanayi b\u00f6lgesinde faaliyet g\u00f6steren Bionley Biyoteknoloji A.\u015e \u015firketimiz i\u015f ortaklar\u0131m\u0131za \u00f6zel Ar-Ge \u00e7al\u0131\u015fmalar\u0131 ile inovatif \u00fcr\u00fcnler geli\u015ftirmekte ve \u00dclkemizin bu konularda d\u0131\u015far\u0131ya olan ba\u011f\u0131ml\u0131l\u0131\u011f\u0131n\u0131 azaltmaktay\u0131z. \u00d6zellikle Astragalus (Geven) ve Ruscus (Tav\u015fan memesi) bitkilerinin de\u011ferli molek\u00fcllerinin y\u00fcksek safl\u0131kta elde edilmesi ve end\u00fcstriyel \u00f6l\u00e7ekte \u00fcretimini ger\u00e7ekle\u015ftirmekteyiz . T\u00fcrkiye'de yeti\u015fen bitkilerin standardize olarak ekstrelerinin \u00fcretimini ger\u00e7ekle\u015ftirmektedir. Ayr\u0131ca Spray Dryer (p\u00fcsk\u00fcrtmeli kurutucu), Freeze Dryer, Tray Dryer, Rotocone Dryer v.b. cihazlar\u0131n tasar\u0131m ve optizasyonunu yapan bir firmad\u0131r.","legalName":"B\u0130ONLEY B\u0130YOTEKNOLOJ\u0130 A.\u015e","foundingDate":"2023-05-23","numberOfEmployees":{"@type":"QuantitativeValue","minValue":"1","maxValue":"10"},"address":{"@id":"https:\/\/bionley.com\/tr\/urun\/ebegumeci\/#local-main-place-address"},"telephone":["05332783176"],"openingHoursSpecification":[{"@type":"OpeningHoursSpecification","dayOfWeek":["Monday"],"opens":"09:00","closes":"18:00"},{"@type":"OpeningHoursSpecification","dayOfWeek":["Tuesday","Wednesday","Thursday","Friday","Saturday"],"opens":"09:00","closes":"17:00"},{"@type":"OpeningHoursSpecification","dayOfWeek":["Sunday"],"opens":"00:00","closes":"00:00"}],"email":"info@bionley.com"},{"@type":"PostalAddress","@id":"https:\/\/bionley.com\/tr\/urun\/ebegumeci\/#local-main-place-address","streetAddress":"Fatih Mahallesi 1178 sokak no 5B Gaziemir \u0130ZM\u0130R","addressLocality":"GAZ\u0130EM\u0130R","postalCode":"35410","addressRegion":"\u0130ZM\u0130R","addressCountry":"TR"},{"@type":"ImageObject","inLanguage":"tr","@id":"https:\/\/bionley.com\/tr\/urun\/ebegumeci\/#local-main-organization-logo","url":"https:\/\/bionley.com\/tr\/wp-content\/uploads\/2026\/01\/Adsiz-tasarim-1.png","contentUrl":"https:\/\/bionley.com\/tr\/wp-content\/uploads\/2026\/01\/Adsiz-tasarim-1.png","width":1280,"height":439,"caption":"Bionley Biyoteknoloji A.\u015e"}]},"geo.placename":"GAZ\u0130EM\u0130R","geo.region":"T\u00fcrkiye"},"_links":{"self":[{"href":"https:\/\/bionley.com\/tr\/wp-json\/wp\/v2\/product\/131055","targetHints":{"allow":["GET"]}}],"collection":[{"href":"https:\/\/bionley.com\/tr\/wp-json\/wp\/v2\/product"}],"about":[{"href":"https:\/\/bionley.com\/tr\/wp-json\/wp\/v2\/types\/product"}],"replies":[{"embeddable":true,"href":"https:\/\/bionley.com\/tr\/wp-json\/wp\/v2\/comments?post=131055"}],"wp:featuredmedia":[{"embeddable":true,"href":"https:\/\/bionley.com\/tr\/wp-json\/wp\/v2\/media\/131205"}],"wp:attachment":[{"href":"https:\/\/bionley.com\/tr\/wp-json\/wp\/v2\/media?parent=131055"}],"wp:term":[{"taxonomy":"product_brand","embeddable":true,"href":"https:\/\/bionley.com\/tr\/wp-json\/wp\/v2\/product_brand?post=131055"},{"taxonomy":"product_cat","embeddable":true,"href":"https:\/\/bionley.com\/tr\/wp-json\/wp\/v2\/product_cat?post=131055"},{"taxonomy":"product_tag","embeddable":true,"href":"https:\/\/bionley.com\/tr\/wp-json\/wp\/v2\/product_tag?post=131055"}],"curies":[{"name":"wp","href":"https:\/\/api.w.org\/{rel}","templated":true}]}}