{"id":131065,"date":"2024-01-07T17:03:24","date_gmt":"2024-01-07T14:03:24","guid":{"rendered":"http:\/\/demo.bionley.com\/?post_type=product&#038;p=131065"},"modified":"2024-01-31T02:36:34","modified_gmt":"2024-01-30T23:36:34","slug":"carkifelek","status":"publish","type":"product","link":"https:\/\/bionley.com\/tr\/urun\/carkifelek\/","title":{"rendered":"\u00c7ARKIFELEK"},"content":{"rendered":"<p>\u00c7ark\u0131felek \u00f6z\u00fc, potansiyel sa\u011fl\u0131k ve g\u00fczellik faydalar\u0131 nedeniyle hem g\u0131da hem de kozmetik end\u00fcstrisinde pop\u00fcler bir bile\u015fendir.<\/p>\n<p>G\u0131da end\u00fcstrisinde, \u00e7ark\u0131felek \u00f6z\u00fc genellikle i\u00e7eceklerde, tatl\u0131larda ve \u015fekerlemelerde tatland\u0131r\u0131c\u0131 ve renklendirici olarak kullan\u0131l\u0131r. Antioksidan \u00f6zellikleri nedeniyle do\u011fal bir koruyucu olarak da kullan\u0131l\u0131r. Ek olarak, \u00e7ark\u0131felek \u00f6z\u00fc, anksiyeteyi azaltmak ve uyku kalitesini art\u0131rmak da dahil olmak \u00fczere \u00e7e\u015fitli potansiyel sa\u011fl\u0131k yararlar\u0131yla ili\u015fkilendirilmi\u015ftir ve bazen sa\u011fl\u0131kl\u0131 g\u0131dalarda ve takviyelerde i\u015flevsel bir bile\u015fen olarak kullan\u0131l\u0131r.<\/p>\n<p>Kozmetik end\u00fcstrisinde, \u00e7ark\u0131felek \u00f6z\u00fc, anti-enflamatuar ve antioksidan \u00f6zellikleri nedeniyle genellikle cilt bak\u0131m\u0131 ve sa\u00e7 bak\u0131m\u0131 \u00fcr\u00fcnlerine eklenir. Cildi yat\u0131\u015ft\u0131rmaya ve korumaya, iltihaplanmay\u0131 azaltmaya ve cilt elastikiyetini art\u0131rmaya yard\u0131mc\u0131 oldu\u011funa inan\u0131lmaktad\u0131r. \u00c7ark\u0131felek \u00f6z\u00fc, ho\u015f aromas\u0131 nedeniyle baz\u0131 parf\u00fcm ve kokularda da kullan\u0131l\u0131r.<\/p>\n<p>Genel olarak, \u00e7ark\u0131felek \u00f6z\u00fc, g\u0131da end\u00fcstrisinde hem lezzet hem de sa\u011fl\u0131k faydalar\u0131 ve kozmetik end\u00fcstrisinde potansiyel g\u00fczellik faydalar\u0131 sunan \u00e7ok y\u00f6nl\u00fc bir bile\u015fendir.<\/p>\n<p>\u00c7ark\u0131felek \u00f6z\u00fc hem tar\u0131m hem de hayvan t\u0131bb\u0131nda \u00e7e\u015fitli t\u0131bbi ama\u00e7lar i\u00e7in kullan\u0131lm\u0131\u015ft\u0131r. \u0130\u015fte birka\u00e7 \u00f6rnek:<\/p>\n<p>Tar\u0131msal kullan\u0131mlar: Do\u011fal b\u00f6cek ilac\u0131: \u00c7ark\u0131felek \u00f6z\u00fc, b\u00f6cek \u00f6ld\u00fcr\u00fcc\u00fc \u00f6zelliklere sahip \u00e7e\u015fitli bile\u015fikler i\u00e7erir. Bitkilerdeki zararl\u0131lar\u0131 kontrol etmek i\u00e7in sentetik b\u00f6cek \u00f6ld\u00fcr\u00fcc\u00fclere do\u011fal bir alternatif olarak kullan\u0131labilir.<\/p>\n<p>Anti-fungal ajan: \u00c7ark\u0131felek \u00f6z\u00fct\u00fcn\u00fcn antifungal \u00f6zelliklere sahip oldu\u011fu g\u00f6sterilmi\u015ftir, bu da onu bitkilerdeki mantar enfeksiyonlar\u0131n\u0131n \u00f6nlenmesinde ve tedavisinde yararl\u0131 hale getirmektedir.<\/p>\n<p>Stres azaltma: \u00c7ark\u0131felek \u00f6z\u00fc, bitkilerde stresi azaltmaya yard\u0131mc\u0131 olabilecek sakinle\u015ftirici \u00f6zelliklere sahiptir. Zorlu \u00e7evre ko\u015fullar\u0131na maruz kalan mahsuller i\u00e7in do\u011fal bir stres azalt\u0131c\u0131 olarak kullan\u0131lm\u0131\u015ft\u0131r.<\/p>\n<p>Hayvan t\u0131bb\u0131 kullan\u0131mlar\u0131: Sakinle\u015ftirici: Tutku \u00e7i\u00e7e\u011fi \u00f6z\u00fc hayvanlar i\u00e7in do\u011fal bir yat\u0131\u015ft\u0131r\u0131c\u0131 olarak kullan\u0131lm\u0131\u015ft\u0131r. Endi\u015feli hayvanlar\u0131 sakinle\u015ftirmeye ve stresi azaltmaya yard\u0131mc\u0131 olabilir.<\/p>\n<p>Anti-enflamatuar: Tutku \u00e7i\u00e7e\u011fi \u00f6z\u00fc, hayvanlarda iltihaplanmay\u0131 azaltmaya yard\u0131mc\u0131 olabilecek anti-enflamatuar \u00f6zelliklere sahiptir. Artrit gibi iltihapl\u0131 durumlar\u0131 tedavi etmek i\u00e7in kullan\u0131lm\u0131\u015ft\u0131r.<\/p>\n<p>Antioksidan: \u00c7ark\u0131felek \u00f6z\u00fc, hayvanlar\u0131 oksidatif stresten korumaya yard\u0131mc\u0131 olabilecek \u00e7e\u015fitli antioksidanlar i\u00e7erir. Hayvanlarda genel sa\u011fl\u0131\u011f\u0131 iyile\u015ftirmek ve hastal\u0131klar\u0131 \u00f6nlemek i\u00e7in kullan\u0131lm\u0131\u015ft\u0131r.<\/p>\n<p>Yanl\u0131\u015f kullan\u0131m\u0131n olumsuz etkileri olabilece\u011finden, \u00e7ark\u0131felek \u00f6z\u00fct\u00fcn\u00fcn kalifiye bir veteriner veya tar\u0131m uzman\u0131n\u0131n rehberli\u011finde kullan\u0131lmas\u0131 gerekti\u011fini unutmamak \u00f6nemlidir.<\/p>\n<h4>Kimyasal Bilgi<\/h4>\n<p>\u00c7ark\u0131felek Ekstrakt\u0131, Gliserin, Aqua, Potasyum Sorbat, Sodyum Benzoat<\/p>\n<h4>Geleneksel Kullan\u0131m<\/h4>\n<p>Tarihsel olarak, \u00e7e\u015fitli P. incarnata bitki par\u00e7alar\u0131, Amerika Birle\u015fik Devletleri&#8217;nin g\u00fcneydo\u011fusundaki K\u0131z\u0131lderili kabileleri taraf\u0131ndan g\u0131da veya ila\u00e7 olarak kullan\u0131lm\u0131\u015ft\u0131r. Bitkinin Avrupa&#8217;daki geleneksel kullan\u0131m alanlar\u0131 aras\u0131nda anksiyete, kab\u0131zl\u0131k, haz\u0131ms\u0131zl\u0131k, uykusuzluk, sinirlilik ve hafif enfeksiyonlar yer almaktad\u0131r. Polonya&#8217;da histeri ve nevrasteni i\u00e7in kullan\u0131l\u0131rken, T\u00fcrkiye&#8217;de uykusuzlu\u011fun yan\u0131 s\u0131ra epilepsi, a\u011fr\u0131l\u0131 adet kanamas\u0131 (dismenore), nevralji ve nevroz i\u00e7in kullan\u0131lm\u0131\u015ft\u0131r.<\/p>\n","protected":false},"excerpt":{"rendered":"<p>Passiflora Incarnata L.<br \/>\nUV Ile Toplam Flavonoid<\/p>\n","protected":false},"featured_media":131210,"comment_status":"open","ping_status":"closed","template":"","meta":[],"product_brand":[],"product_cat":[151,152],"product_tag":[],"class_list":{"0":"post-131065","1":"product","2":"type-product","3":"status-publish","4":"has-post-thumbnail","6":"product_cat-extracts","7":"product_cat-liquid-extracts","9":"first","10":"instock","11":"shipping-taxable","12":"product-type-simple"},"yoast_head":"<!-- This site is optimized with the Yoast SEO Premium plugin v27.4 (Yoast SEO v27.4) - https:\/\/yoast.com\/product\/yoast-seo-premium-wordpress\/ -->\n<title>\u00c7ARKIFELEK - Bionley<\/title>\n<meta name=\"robots\" content=\"index, follow, max-snippet:-1, max-image-preview:large, max-video-preview:-1\" \/>\n<link rel=\"canonical\" href=\"https:\/\/bionley.com\/tr\/urun\/carkifelek\/\" \/>\n<meta property=\"og:locale\" content=\"tr_TR\" \/>\n<meta property=\"og:type\" content=\"article\" \/>\n<meta property=\"og:title\" content=\"\u00c7ARKIFELEK\" \/>\n<meta property=\"og:description\" content=\"Passiflora Incarnata L. UV Ile Toplam Flavonoid\" \/>\n<meta property=\"og:url\" content=\"https:\/\/bionley.com\/tr\/urun\/carkifelek\/\" \/>\n<meta property=\"og:site_name\" content=\"Bionley\" \/>\n<meta property=\"article:publisher\" content=\"https:\/\/www.facebook.com\/profile.php?id=61554875321542&amp;locale=tr_TR\" \/>\n<meta property=\"article:modified_time\" content=\"2024-01-30T23:36:34+00:00\" \/>\n<meta property=\"og:image\" content=\"https:\/\/bionley.com\/tr\/wp-content\/uploads\/2024\/01\/passionflower.jpg\" \/>\n\t<meta property=\"og:image:width\" content=\"1500\" \/>\n\t<meta property=\"og:image:height\" content=\"1500\" \/>\n\t<meta property=\"og:image:type\" content=\"image\/jpeg\" \/>\n<meta name=\"twitter:card\" content=\"summary_large_image\" \/>\n<meta name=\"twitter:site\" content=\"@bionleyBion\" \/>\n<meta name=\"twitter:label1\" content=\"Tahmini okuma s\u00fcresi\" \/>\n\t<meta name=\"twitter:data1\" content=\"3 dakika\" \/>\n<script type=\"application\/ld+json\" class=\"yoast-schema-graph\">{\"@context\":\"https:\\\/\\\/schema.org\",\"@graph\":[{\"@type\":\"WebPage\",\"@id\":\"https:\\\/\\\/bionley.com\\\/tr\\\/urun\\\/carkifelek\\\/\",\"url\":\"https:\\\/\\\/bionley.com\\\/tr\\\/urun\\\/carkifelek\\\/\",\"name\":\"\u00c7ARKIFELEK - Bionley\",\"isPartOf\":{\"@id\":\"https:\\\/\\\/bionley.com\\\/tr\\\/#website\"},\"primaryImageOfPage\":{\"@id\":\"https:\\\/\\\/bionley.com\\\/tr\\\/urun\\\/carkifelek\\\/#primaryimage\"},\"image\":{\"@id\":\"https:\\\/\\\/bionley.com\\\/tr\\\/urun\\\/carkifelek\\\/#primaryimage\"},\"thumbnailUrl\":\"https:\\\/\\\/bionley.com\\\/tr\\\/wp-content\\\/uploads\\\/2024\\\/01\\\/passionflower.jpg\",\"datePublished\":\"2024-01-07T14:03:24+00:00\",\"dateModified\":\"2024-01-30T23:36:34+00:00\",\"breadcrumb\":{\"@id\":\"https:\\\/\\\/bionley.com\\\/tr\\\/urun\\\/carkifelek\\\/#breadcrumb\"},\"inLanguage\":\"tr\",\"potentialAction\":[{\"@type\":\"ReadAction\",\"target\":[\"https:\\\/\\\/bionley.com\\\/tr\\\/urun\\\/carkifelek\\\/\"]}]},{\"@type\":\"ImageObject\",\"inLanguage\":\"tr\",\"@id\":\"https:\\\/\\\/bionley.com\\\/tr\\\/urun\\\/carkifelek\\\/#primaryimage\",\"url\":\"https:\\\/\\\/bionley.com\\\/tr\\\/wp-content\\\/uploads\\\/2024\\\/01\\\/passionflower.jpg\",\"contentUrl\":\"https:\\\/\\\/bionley.com\\\/tr\\\/wp-content\\\/uploads\\\/2024\\\/01\\\/passionflower.jpg\",\"width\":1500,\"height\":1500},{\"@type\":\"BreadcrumbList\",\"@id\":\"https:\\\/\\\/bionley.com\\\/tr\\\/urun\\\/carkifelek\\\/#breadcrumb\",\"itemListElement\":[{\"@type\":\"ListItem\",\"position\":1,\"name\":\"Anasayfa\",\"item\":\"https:\\\/\\\/bionley.com\\\/tr\\\/\"},{\"@type\":\"ListItem\",\"position\":2,\"name\":\"\u00dcr\u00fcnler\",\"item\":\"https:\\\/\\\/bionley.com\\\/tr\\\/shop\\\/\"},{\"@type\":\"ListItem\",\"position\":3,\"name\":\"\u00c7ARKIFELEK\"}]},{\"@type\":\"WebSite\",\"@id\":\"https:\\\/\\\/bionley.com\\\/tr\\\/#website\",\"url\":\"https:\\\/\\\/bionley.com\\\/tr\\\/\",\"name\":\"Bionley\",\"description\":\"\",\"publisher\":{\"@id\":\"https:\\\/\\\/bionley.com\\\/tr\\\/#organization\"},\"potentialAction\":[{\"@type\":\"SearchAction\",\"target\":{\"@type\":\"EntryPoint\",\"urlTemplate\":\"https:\\\/\\\/bionley.com\\\/tr\\\/?s={search_term_string}\"},\"query-input\":{\"@type\":\"PropertyValueSpecification\",\"valueRequired\":true,\"valueName\":\"search_term_string\"}}],\"inLanguage\":\"tr\"},{\"@type\":[\"Organization\",\"Place\",\"Corporation\"],\"@id\":\"https:\\\/\\\/bionley.com\\\/tr\\\/#organization\",\"name\":\"Bionley Biyoteknoloji A.\u015e\",\"url\":\"https:\\\/\\\/bionley.com\\\/tr\\\/\",\"logo\":{\"@id\":\"https:\\\/\\\/bionley.com\\\/tr\\\/urun\\\/carkifelek\\\/#local-main-organization-logo\"},\"image\":{\"@id\":\"https:\\\/\\\/bionley.com\\\/tr\\\/urun\\\/carkifelek\\\/#local-main-organization-logo\"},\"sameAs\":[\"https:\\\/\\\/www.facebook.com\\\/profile.php?id=61554875321542&locale=tr_TR\",\"https:\\\/\\\/x.com\\\/bionleyBion\",\"https:\\\/\\\/www.instagram.com\\\/bionleycom\\\/\"],\"description\":\"Bitkilerden standardize ekstre elde edilmesi ve elde edilen ekstrelerden de\u011ferli molek\u00fcllerin safla\u015ft\u0131r\u0131lmas\u0131 ve end\u00fcstriyel \u00f6l\u00e7ekte \u00fcretiminin yap\u0131lmas\u0131, \u00f6zellikle tar\u0131msal at\u0131klar ve t\u0131bbi aromatik bitkilerden y\u00fcksek katma de\u011ferli \u00fcr\u00fcnler elde etme \u00fczerine 20 y\u0131l\u0131 a\u015fk\u0131n s\u00fcredir \u00e7al\u0131\u015fmalar yapmaktay\u0131z. Gaziemir Sarn\u0131\u00e7 sanayi b\u00f6lgesinde faaliyet g\u00f6steren Bionley Biyoteknoloji A.\u015e \u015firketimiz i\u015f ortaklar\u0131m\u0131za \u00f6zel Ar-Ge \u00e7al\u0131\u015fmalar\u0131 ile inovatif \u00fcr\u00fcnler geli\u015ftirmekte ve \u00dclkemizin bu konularda d\u0131\u015far\u0131ya olan ba\u011f\u0131ml\u0131l\u0131\u011f\u0131n\u0131 azaltmaktay\u0131z. \u00d6zellikle Astragalus (Geven) ve Ruscus (Tav\u015fan memesi) bitkilerinin de\u011ferli molek\u00fcllerinin y\u00fcksek safl\u0131kta elde edilmesi ve end\u00fcstriyel \u00f6l\u00e7ekte \u00fcretimini ger\u00e7ekle\u015ftirmekteyiz . T\u00fcrkiye'de yeti\u015fen bitkilerin standardize olarak ekstrelerinin \u00fcretimini ger\u00e7ekle\u015ftirmektedir. Ayr\u0131ca Spray Dryer (p\u00fcsk\u00fcrtmeli kurutucu), Freeze Dryer, Tray Dryer, Rotocone Dryer v.b. cihazlar\u0131n tasar\u0131m ve optizasyonunu yapan bir firmad\u0131r.\",\"legalName\":\"B\u0130ONLEY B\u0130YOTEKNOLOJ\u0130 A.\u015e\",\"foundingDate\":\"2023-05-23\",\"numberOfEmployees\":{\"@type\":\"QuantitativeValue\",\"minValue\":\"1\",\"maxValue\":\"10\"},\"address\":{\"@id\":\"https:\\\/\\\/bionley.com\\\/tr\\\/urun\\\/carkifelek\\\/#local-main-place-address\"},\"telephone\":[\"05332783176\"],\"openingHoursSpecification\":[{\"@type\":\"OpeningHoursSpecification\",\"dayOfWeek\":[\"Monday\"],\"opens\":\"09:00\",\"closes\":\"18:00\"},{\"@type\":\"OpeningHoursSpecification\",\"dayOfWeek\":[\"Tuesday\",\"Wednesday\",\"Thursday\",\"Friday\",\"Saturday\"],\"opens\":\"09:00\",\"closes\":\"17:00\"},{\"@type\":\"OpeningHoursSpecification\",\"dayOfWeek\":[\"Sunday\"],\"opens\":\"00:00\",\"closes\":\"00:00\"}],\"email\":\"info@bionley.com\"},{\"@type\":\"PostalAddress\",\"@id\":\"https:\\\/\\\/bionley.com\\\/tr\\\/urun\\\/carkifelek\\\/#local-main-place-address\",\"streetAddress\":\"Fatih Mahallesi 1178 sokak no 5B Gaziemir \u0130ZM\u0130R\",\"addressLocality\":\"GAZ\u0130EM\u0130R\",\"postalCode\":\"35410\",\"addressRegion\":\"\u0130ZM\u0130R\",\"addressCountry\":\"TR\"},{\"@type\":\"ImageObject\",\"inLanguage\":\"tr\",\"@id\":\"https:\\\/\\\/bionley.com\\\/tr\\\/urun\\\/carkifelek\\\/#local-main-organization-logo\",\"url\":\"https:\\\/\\\/bionley.com\\\/tr\\\/wp-content\\\/uploads\\\/2026\\\/01\\\/Adsiz-tasarim-1.png\",\"contentUrl\":\"https:\\\/\\\/bionley.com\\\/tr\\\/wp-content\\\/uploads\\\/2026\\\/01\\\/Adsiz-tasarim-1.png\",\"width\":1280,\"height\":439,\"caption\":\"Bionley Biyoteknoloji A.\u015e\"}]}<\/script>\n<meta name=\"geo.placename\" content=\"GAZ\u0130EM\u0130R\" \/>\n<meta name=\"geo.region\" content=\"T\u00fcrkiye\" \/>\n<!-- \/ Yoast SEO Premium plugin. -->","yoast_head_json":{"title":"\u00c7ARKIFELEK - Bionley","robots":{"index":"index","follow":"follow","max-snippet":"max-snippet:-1","max-image-preview":"max-image-preview:large","max-video-preview":"max-video-preview:-1"},"canonical":"https:\/\/bionley.com\/tr\/urun\/carkifelek\/","og_locale":"tr_TR","og_type":"article","og_title":"\u00c7ARKIFELEK","og_description":"Passiflora Incarnata L. UV Ile Toplam Flavonoid","og_url":"https:\/\/bionley.com\/tr\/urun\/carkifelek\/","og_site_name":"Bionley","article_publisher":"https:\/\/www.facebook.com\/profile.php?id=61554875321542&locale=tr_TR","article_modified_time":"2024-01-30T23:36:34+00:00","og_image":[{"width":1500,"height":1500,"url":"https:\/\/bionley.com\/tr\/wp-content\/uploads\/2024\/01\/passionflower.jpg","type":"image\/jpeg"}],"twitter_card":"summary_large_image","twitter_site":"@bionleyBion","twitter_misc":{"Tahmini okuma s\u00fcresi":"3 dakika"},"schema":{"@context":"https:\/\/schema.org","@graph":[{"@type":"WebPage","@id":"https:\/\/bionley.com\/tr\/urun\/carkifelek\/","url":"https:\/\/bionley.com\/tr\/urun\/carkifelek\/","name":"\u00c7ARKIFELEK - Bionley","isPartOf":{"@id":"https:\/\/bionley.com\/tr\/#website"},"primaryImageOfPage":{"@id":"https:\/\/bionley.com\/tr\/urun\/carkifelek\/#primaryimage"},"image":{"@id":"https:\/\/bionley.com\/tr\/urun\/carkifelek\/#primaryimage"},"thumbnailUrl":"https:\/\/bionley.com\/tr\/wp-content\/uploads\/2024\/01\/passionflower.jpg","datePublished":"2024-01-07T14:03:24+00:00","dateModified":"2024-01-30T23:36:34+00:00","breadcrumb":{"@id":"https:\/\/bionley.com\/tr\/urun\/carkifelek\/#breadcrumb"},"inLanguage":"tr","potentialAction":[{"@type":"ReadAction","target":["https:\/\/bionley.com\/tr\/urun\/carkifelek\/"]}]},{"@type":"ImageObject","inLanguage":"tr","@id":"https:\/\/bionley.com\/tr\/urun\/carkifelek\/#primaryimage","url":"https:\/\/bionley.com\/tr\/wp-content\/uploads\/2024\/01\/passionflower.jpg","contentUrl":"https:\/\/bionley.com\/tr\/wp-content\/uploads\/2024\/01\/passionflower.jpg","width":1500,"height":1500},{"@type":"BreadcrumbList","@id":"https:\/\/bionley.com\/tr\/urun\/carkifelek\/#breadcrumb","itemListElement":[{"@type":"ListItem","position":1,"name":"Anasayfa","item":"https:\/\/bionley.com\/tr\/"},{"@type":"ListItem","position":2,"name":"\u00dcr\u00fcnler","item":"https:\/\/bionley.com\/tr\/shop\/"},{"@type":"ListItem","position":3,"name":"\u00c7ARKIFELEK"}]},{"@type":"WebSite","@id":"https:\/\/bionley.com\/tr\/#website","url":"https:\/\/bionley.com\/tr\/","name":"Bionley","description":"","publisher":{"@id":"https:\/\/bionley.com\/tr\/#organization"},"potentialAction":[{"@type":"SearchAction","target":{"@type":"EntryPoint","urlTemplate":"https:\/\/bionley.com\/tr\/?s={search_term_string}"},"query-input":{"@type":"PropertyValueSpecification","valueRequired":true,"valueName":"search_term_string"}}],"inLanguage":"tr"},{"@type":["Organization","Place","Corporation"],"@id":"https:\/\/bionley.com\/tr\/#organization","name":"Bionley Biyoteknoloji A.\u015e","url":"https:\/\/bionley.com\/tr\/","logo":{"@id":"https:\/\/bionley.com\/tr\/urun\/carkifelek\/#local-main-organization-logo"},"image":{"@id":"https:\/\/bionley.com\/tr\/urun\/carkifelek\/#local-main-organization-logo"},"sameAs":["https:\/\/www.facebook.com\/profile.php?id=61554875321542&locale=tr_TR","https:\/\/x.com\/bionleyBion","https:\/\/www.instagram.com\/bionleycom\/"],"description":"Bitkilerden standardize ekstre elde edilmesi ve elde edilen ekstrelerden de\u011ferli molek\u00fcllerin safla\u015ft\u0131r\u0131lmas\u0131 ve end\u00fcstriyel \u00f6l\u00e7ekte \u00fcretiminin yap\u0131lmas\u0131, \u00f6zellikle tar\u0131msal at\u0131klar ve t\u0131bbi aromatik bitkilerden y\u00fcksek katma de\u011ferli \u00fcr\u00fcnler elde etme \u00fczerine 20 y\u0131l\u0131 a\u015fk\u0131n s\u00fcredir \u00e7al\u0131\u015fmalar yapmaktay\u0131z. Gaziemir Sarn\u0131\u00e7 sanayi b\u00f6lgesinde faaliyet g\u00f6steren Bionley Biyoteknoloji A.\u015e \u015firketimiz i\u015f ortaklar\u0131m\u0131za \u00f6zel Ar-Ge \u00e7al\u0131\u015fmalar\u0131 ile inovatif \u00fcr\u00fcnler geli\u015ftirmekte ve \u00dclkemizin bu konularda d\u0131\u015far\u0131ya olan ba\u011f\u0131ml\u0131l\u0131\u011f\u0131n\u0131 azaltmaktay\u0131z. \u00d6zellikle Astragalus (Geven) ve Ruscus (Tav\u015fan memesi) bitkilerinin de\u011ferli molek\u00fcllerinin y\u00fcksek safl\u0131kta elde edilmesi ve end\u00fcstriyel \u00f6l\u00e7ekte \u00fcretimini ger\u00e7ekle\u015ftirmekteyiz . T\u00fcrkiye'de yeti\u015fen bitkilerin standardize olarak ekstrelerinin \u00fcretimini ger\u00e7ekle\u015ftirmektedir. Ayr\u0131ca Spray Dryer (p\u00fcsk\u00fcrtmeli kurutucu), Freeze Dryer, Tray Dryer, Rotocone Dryer v.b. cihazlar\u0131n tasar\u0131m ve optizasyonunu yapan bir firmad\u0131r.","legalName":"B\u0130ONLEY B\u0130YOTEKNOLOJ\u0130 A.\u015e","foundingDate":"2023-05-23","numberOfEmployees":{"@type":"QuantitativeValue","minValue":"1","maxValue":"10"},"address":{"@id":"https:\/\/bionley.com\/tr\/urun\/carkifelek\/#local-main-place-address"},"telephone":["05332783176"],"openingHoursSpecification":[{"@type":"OpeningHoursSpecification","dayOfWeek":["Monday"],"opens":"09:00","closes":"18:00"},{"@type":"OpeningHoursSpecification","dayOfWeek":["Tuesday","Wednesday","Thursday","Friday","Saturday"],"opens":"09:00","closes":"17:00"},{"@type":"OpeningHoursSpecification","dayOfWeek":["Sunday"],"opens":"00:00","closes":"00:00"}],"email":"info@bionley.com"},{"@type":"PostalAddress","@id":"https:\/\/bionley.com\/tr\/urun\/carkifelek\/#local-main-place-address","streetAddress":"Fatih Mahallesi 1178 sokak no 5B Gaziemir \u0130ZM\u0130R","addressLocality":"GAZ\u0130EM\u0130R","postalCode":"35410","addressRegion":"\u0130ZM\u0130R","addressCountry":"TR"},{"@type":"ImageObject","inLanguage":"tr","@id":"https:\/\/bionley.com\/tr\/urun\/carkifelek\/#local-main-organization-logo","url":"https:\/\/bionley.com\/tr\/wp-content\/uploads\/2026\/01\/Adsiz-tasarim-1.png","contentUrl":"https:\/\/bionley.com\/tr\/wp-content\/uploads\/2026\/01\/Adsiz-tasarim-1.png","width":1280,"height":439,"caption":"Bionley Biyoteknoloji A.\u015e"}]},"geo.placename":"GAZ\u0130EM\u0130R","geo.region":"T\u00fcrkiye"},"_links":{"self":[{"href":"https:\/\/bionley.com\/tr\/wp-json\/wp\/v2\/product\/131065","targetHints":{"allow":["GET"]}}],"collection":[{"href":"https:\/\/bionley.com\/tr\/wp-json\/wp\/v2\/product"}],"about":[{"href":"https:\/\/bionley.com\/tr\/wp-json\/wp\/v2\/types\/product"}],"replies":[{"embeddable":true,"href":"https:\/\/bionley.com\/tr\/wp-json\/wp\/v2\/comments?post=131065"}],"wp:featuredmedia":[{"embeddable":true,"href":"https:\/\/bionley.com\/tr\/wp-json\/wp\/v2\/media\/131210"}],"wp:attachment":[{"href":"https:\/\/bionley.com\/tr\/wp-json\/wp\/v2\/media?parent=131065"}],"wp:term":[{"taxonomy":"product_brand","embeddable":true,"href":"https:\/\/bionley.com\/tr\/wp-json\/wp\/v2\/product_brand?post=131065"},{"taxonomy":"product_cat","embeddable":true,"href":"https:\/\/bionley.com\/tr\/wp-json\/wp\/v2\/product_cat?post=131065"},{"taxonomy":"product_tag","embeddable":true,"href":"https:\/\/bionley.com\/tr\/wp-json\/wp\/v2\/product_tag?post=131065"}],"curies":[{"name":"wp","href":"https:\/\/api.w.org\/{rel}","templated":true}]}}