{"id":131069,"date":"2024-01-07T17:09:54","date_gmt":"2024-01-07T14:09:54","guid":{"rendered":"http:\/\/demo.bionley.com\/?post_type=product&#038;p=131069"},"modified":"2024-01-31T03:29:46","modified_gmt":"2024-01-31T00:29:46","slug":"biberiye","status":"publish","type":"product","link":"https:\/\/bionley.com\/tr\/urun\/biberiye\/","title":{"rendered":"B\u0130BER\u0130YE"},"content":{"rendered":"<p>Biberiye \u00f6z\u00fc, biberiye bitkisinin yapraklar\u0131ndan elde edilen do\u011fal bir antioksidand\u0131r. G\u0131da end\u00fcstrisinde, antioksidan \u00f6zellikleri nedeniyle yayg\u0131n olarak do\u011fal bir koruyucu olarak kullan\u0131l\u0131r. \u0130\u015fte biberiye \u00f6z\u00fct\u00fcn\u00fcn g\u0131da end\u00fcstrisindeki kullan\u0131m alanlar\u0131ndan baz\u0131lar\u0131:<\/p>\n<p>Do\u011fal bir koruyucu olarak: Biberiye \u00f6z\u00fc, oksidasyon ve bozulmay\u0131 \u00f6nleyerek raf \u00f6mr\u00fcn\u00fc uzatmak i\u00e7in g\u0131da \u00fcr\u00fcnlerine eklenir.<\/p>\n<p>Lezzet artt\u0131r\u0131c\u0131 olarak: Biberiye \u00f6z\u00fc, et, k\u00fcmes hayvanlar\u0131, bal\u0131k ve unlu mamuller gibi g\u0131dalar\u0131n tad\u0131n\u0131 ve kokusunu art\u0131rabilen e\u015fsiz bir lezzet ve aromaya sahiptir.<\/p>\n<p>Do\u011fal bir renk stabilizat\u00f6r\u00fc olarak: Biberiye \u00f6z\u00fc, renk bozulmas\u0131na neden olabilecek oksidasyonu \u00f6nleyerek g\u0131dalar\u0131n rengini stabilize etmek i\u00e7in kullan\u0131l\u0131r.<\/p>\n<p>Et \u00fcr\u00fcnlerinde: Biberiye \u00f6z\u00fc genellikle sosis, jambon ve past\u0131rma gibi et \u00fcr\u00fcnlerinde, k\u00f6t\u00fc tatlara ve bozulmaya neden olabilen lipit oksidasyonunu ve ac\u0131la\u015fmay\u0131 \u00f6nlemek i\u00e7in kullan\u0131l\u0131r.<\/p>\n<p>Unlu mamullerde: Biberiye \u00f6z\u00fc, ekmek ve pasta gibi unlu mamullerde oksidasyonu \u00f6nlemek ve raf \u00f6mr\u00fcn\u00fc uzatmak i\u00e7in kullan\u0131l\u0131r.<\/p>\n<p>\u0130\u00e7eceklerde: Biberiye \u00f6z\u00fct\u00fc \u00e7ay ve meyve suyu gibi i\u00e7eceklerde oksidasyonu \u00f6nlemek ve tazeliklerini korumak i\u00e7in kullan\u0131l\u0131r.<\/p>\n<p>Genel olarak, biberiye \u00f6z\u00fct\u00fc g\u0131da end\u00fcstrisinde koruma, lezzet art\u0131rma ve renk stabilizasyonu dahil olmak \u00fczere \u00e7e\u015fitli faydalar sunan \u00e7ok y\u00f6nl\u00fc ve do\u011fal bir bile\u015fendir.<\/p>\n<p>Biberiye \u00f6z\u00fc kozmetik end\u00fcstrisinde kullan\u0131ld\u0131\u011f\u0131nda \u00e7e\u015fitli potansiyel faydalara sahiptir. \u0130\u015fte biberiye \u00f6z\u00fct\u00fcn\u00fcn kozmetikte en yayg\u0131n kullan\u0131m alanlar\u0131ndan baz\u0131lar\u0131:<br \/>\nAntioksidan \u00f6zellikler: Biberiye \u00f6z\u00fc, cildi kirlilik ve UV \u0131\u015f\u0131nlar\u0131 gibi \u00e7evresel stres fakt\u00f6rlerinin neden oldu\u011fu serbest radikal hasar\u0131ndan korumaya yard\u0131mc\u0131 olan antioksidanlar i\u00e7erir. Bu, ya\u015flanma belirtilerini azaltmaya ve cildin genel sa\u011fl\u0131\u011f\u0131n\u0131 ve g\u00f6r\u00fcn\u00fcm\u00fcn\u00fc iyile\u015ftirmeye yard\u0131mc\u0131 olabilir.<\/p>\n<p>Anti-inflamatuar \u00f6zellikler: Biberiye \u00f6z\u00fc, tahri\u015f olmu\u015f veya iltihapl\u0131 cildi yat\u0131\u015ft\u0131rmaya yard\u0131mc\u0131 olabilecek anti-enflamatuar \u00f6zelliklere sahiptir. Bu da onu hassas ciltler i\u00e7in tasarlanm\u0131\u015f \u00fcr\u00fcnlerde pop\u00fcler bir bile\u015fen haline getirir.<\/p>\n<p>S\u0131k\u0131la\u015ft\u0131r\u0131c\u0131 \u00f6zellikler: Biberiye \u00f6z\u00fc, cildi s\u0131k\u0131la\u015ft\u0131rmaya ve s\u0131k\u0131la\u015ft\u0131rmaya yard\u0131mc\u0131 olabilecek b\u00fcz\u00fcc\u00fc \u00f6zelliklere sahiptir. Bu da onu ince \u00e7izgilerin ve k\u0131r\u0131\u015f\u0131kl\u0131klar\u0131n g\u00f6r\u00fcn\u00fcm\u00fcn\u00fc azaltmak i\u00e7in tasarlanm\u0131\u015f \u00fcr\u00fcnlerde pop\u00fcler bir bile\u015fen haline getirir.<\/p>\n<p>Antimikrobiyal \u00f6zellikler: Biberiye \u00f6z\u00fc, ciltte bakteri \u00fcremesini \u00f6nlemeye yard\u0131mc\u0131 olabilecek antimikrobiyal \u00f6zelliklere sahiptir. Bu da onu akneye e\u011filimli ciltler i\u00e7in tasarlanm\u0131\u015f \u00fcr\u00fcnlerde pop\u00fcler bir bile\u015fen haline getirir.<\/p>\n<p>Koku: Biberiye \u00f6z\u00fc parf\u00fcmlerde, sabunlarda ve di\u011fer kozmetik \u00fcr\u00fcnlerde s\u0131kl\u0131kla kullan\u0131lan ho\u015f bir kokuya sahiptir.<\/p>\n<p>Genel olarak, biberiye \u00f6z\u00fc cilt ve sa\u00e7 i\u00e7in \u00e7ok say\u0131da fayda sa\u011flayabilen \u00e7ok y\u00f6nl\u00fc bir bile\u015fendir. Genellikle nemlendiriciler, tonikler, temizleyiciler ve \u015fampuanlar gibi \u00fcr\u00fcnlerde kullan\u0131l\u0131r.<\/p>\n<h4>Kimyasal Bilgi<\/h4>\n<p>Biberiye Ekstrakt\u0131, Gliserin, Aqua, Potasyum Sorbat, Sodyum Benzoat<\/p>\n<h4>Geleneksel Kullan\u0131m<\/h4>\n<p>Bitkinin t\u0131bbi \u00f6zellikleri, bitkinin sembollerle de y\u00fckl\u00fc oldu\u011fu antik \u00e7a\u011flarda zaten biliniyordu. M\u0131s\u0131rl\u0131lar, Yahudiler, Yunanl\u0131lar ve Romal\u0131lar i\u00e7in kutsald\u0131 ve Orta \u00c7a\u011f&#8217;da k\u00f6t\u00fc hayaletleri ve vebalar\u0131 uzak tutmak i\u00e7in ev bah\u00e7elerinde yeti\u015ftirilirdi. Ge\u00e7mi\u015fte d\u00fc\u011f\u00fcnlerde, cenazelerde, bayramlarda ve b\u00fcy\u00fc rit\u00fcellerinde s\u00fcs olarak kullan\u0131lm\u0131\u015f ve dini t\u00f6renlerde daha pahal\u0131 olan buhurun yerine yak\u0131lm\u0131\u015ft\u0131r. Ayr\u0131ca veba salg\u0131nlar\u0131 s\u0131ras\u0131nda hastanelerde yak\u0131l\u0131r, bira ve \u015farab\u0131 kokuland\u0131rmak i\u00e7in kullan\u0131l\u0131rd\u0131.<\/p>\n","protected":false},"excerpt":{"rendered":"<p>Rosmarinus Officinalis<br \/>\nUv Ile Rosmarinic Asit<\/p>\n","protected":false},"featured_media":131218,"comment_status":"open","ping_status":"closed","template":"","meta":[],"product_brand":[],"product_cat":[151,152],"product_tag":[],"class_list":{"0":"post-131069","1":"product","2":"type-product","3":"status-publish","4":"has-post-thumbnail","6":"product_cat-extracts","7":"product_cat-liquid-extracts","9":"first","10":"instock","11":"shipping-taxable","12":"product-type-simple"},"yoast_head":"<!-- This site is optimized with the Yoast SEO Premium plugin v27.4 (Yoast SEO v27.4) - https:\/\/yoast.com\/product\/yoast-seo-premium-wordpress\/ -->\n<title>B\u0130BER\u0130YE - Bionley<\/title>\n<meta name=\"robots\" content=\"index, follow, max-snippet:-1, max-image-preview:large, max-video-preview:-1\" \/>\n<link rel=\"canonical\" href=\"https:\/\/bionley.com\/tr\/urun\/biberiye\/\" \/>\n<meta property=\"og:locale\" content=\"tr_TR\" \/>\n<meta property=\"og:type\" content=\"article\" \/>\n<meta property=\"og:title\" content=\"B\u0130BER\u0130YE\" \/>\n<meta property=\"og:description\" content=\"Rosmarinus Officinalis Uv Ile Rosmarinic Asit\" \/>\n<meta property=\"og:url\" content=\"https:\/\/bionley.com\/tr\/urun\/biberiye\/\" \/>\n<meta property=\"og:site_name\" content=\"Bionley\" \/>\n<meta property=\"article:publisher\" content=\"https:\/\/www.facebook.com\/profile.php?id=61554875321542&amp;locale=tr_TR\" \/>\n<meta property=\"article:modified_time\" content=\"2024-01-31T00:29:46+00:00\" \/>\n<meta property=\"og:image\" content=\"https:\/\/bionley.com\/tr\/wp-content\/uploads\/2024\/01\/rosemary.jpg\" \/>\n\t<meta property=\"og:image:width\" content=\"1500\" \/>\n\t<meta property=\"og:image:height\" content=\"1500\" \/>\n\t<meta property=\"og:image:type\" content=\"image\/jpeg\" \/>\n<meta name=\"twitter:card\" content=\"summary_large_image\" \/>\n<meta name=\"twitter:site\" content=\"@bionleyBion\" \/>\n<meta name=\"twitter:label1\" content=\"Tahmini okuma s\u00fcresi\" \/>\n\t<meta name=\"twitter:data1\" content=\"3 dakika\" \/>\n<script type=\"application\/ld+json\" class=\"yoast-schema-graph\">{\"@context\":\"https:\\\/\\\/schema.org\",\"@graph\":[{\"@type\":\"WebPage\",\"@id\":\"https:\\\/\\\/bionley.com\\\/tr\\\/urun\\\/biberiye\\\/\",\"url\":\"https:\\\/\\\/bionley.com\\\/tr\\\/urun\\\/biberiye\\\/\",\"name\":\"B\u0130BER\u0130YE - Bionley\",\"isPartOf\":{\"@id\":\"https:\\\/\\\/bionley.com\\\/tr\\\/#website\"},\"primaryImageOfPage\":{\"@id\":\"https:\\\/\\\/bionley.com\\\/tr\\\/urun\\\/biberiye\\\/#primaryimage\"},\"image\":{\"@id\":\"https:\\\/\\\/bionley.com\\\/tr\\\/urun\\\/biberiye\\\/#primaryimage\"},\"thumbnailUrl\":\"https:\\\/\\\/bionley.com\\\/tr\\\/wp-content\\\/uploads\\\/2024\\\/01\\\/rosemary.jpg\",\"datePublished\":\"2024-01-07T14:09:54+00:00\",\"dateModified\":\"2024-01-31T00:29:46+00:00\",\"breadcrumb\":{\"@id\":\"https:\\\/\\\/bionley.com\\\/tr\\\/urun\\\/biberiye\\\/#breadcrumb\"},\"inLanguage\":\"tr\",\"potentialAction\":[{\"@type\":\"ReadAction\",\"target\":[\"https:\\\/\\\/bionley.com\\\/tr\\\/urun\\\/biberiye\\\/\"]}]},{\"@type\":\"ImageObject\",\"inLanguage\":\"tr\",\"@id\":\"https:\\\/\\\/bionley.com\\\/tr\\\/urun\\\/biberiye\\\/#primaryimage\",\"url\":\"https:\\\/\\\/bionley.com\\\/tr\\\/wp-content\\\/uploads\\\/2024\\\/01\\\/rosemary.jpg\",\"contentUrl\":\"https:\\\/\\\/bionley.com\\\/tr\\\/wp-content\\\/uploads\\\/2024\\\/01\\\/rosemary.jpg\",\"width\":1500,\"height\":1500},{\"@type\":\"BreadcrumbList\",\"@id\":\"https:\\\/\\\/bionley.com\\\/tr\\\/urun\\\/biberiye\\\/#breadcrumb\",\"itemListElement\":[{\"@type\":\"ListItem\",\"position\":1,\"name\":\"Anasayfa\",\"item\":\"https:\\\/\\\/bionley.com\\\/tr\\\/\"},{\"@type\":\"ListItem\",\"position\":2,\"name\":\"\u00dcr\u00fcnler\",\"item\":\"https:\\\/\\\/bionley.com\\\/tr\\\/shop\\\/\"},{\"@type\":\"ListItem\",\"position\":3,\"name\":\"B\u0130BER\u0130YE\"}]},{\"@type\":\"WebSite\",\"@id\":\"https:\\\/\\\/bionley.com\\\/tr\\\/#website\",\"url\":\"https:\\\/\\\/bionley.com\\\/tr\\\/\",\"name\":\"Bionley\",\"description\":\"\",\"publisher\":{\"@id\":\"https:\\\/\\\/bionley.com\\\/tr\\\/#organization\"},\"potentialAction\":[{\"@type\":\"SearchAction\",\"target\":{\"@type\":\"EntryPoint\",\"urlTemplate\":\"https:\\\/\\\/bionley.com\\\/tr\\\/?s={search_term_string}\"},\"query-input\":{\"@type\":\"PropertyValueSpecification\",\"valueRequired\":true,\"valueName\":\"search_term_string\"}}],\"inLanguage\":\"tr\"},{\"@type\":[\"Organization\",\"Place\",\"Corporation\"],\"@id\":\"https:\\\/\\\/bionley.com\\\/tr\\\/#organization\",\"name\":\"Bionley Biyoteknoloji A.\u015e\",\"url\":\"https:\\\/\\\/bionley.com\\\/tr\\\/\",\"logo\":{\"@id\":\"https:\\\/\\\/bionley.com\\\/tr\\\/urun\\\/biberiye\\\/#local-main-organization-logo\"},\"image\":{\"@id\":\"https:\\\/\\\/bionley.com\\\/tr\\\/urun\\\/biberiye\\\/#local-main-organization-logo\"},\"sameAs\":[\"https:\\\/\\\/www.facebook.com\\\/profile.php?id=61554875321542&locale=tr_TR\",\"https:\\\/\\\/x.com\\\/bionleyBion\",\"https:\\\/\\\/www.instagram.com\\\/bionleycom\\\/\"],\"description\":\"Bitkilerden standardize ekstre elde edilmesi ve elde edilen ekstrelerden de\u011ferli molek\u00fcllerin safla\u015ft\u0131r\u0131lmas\u0131 ve end\u00fcstriyel \u00f6l\u00e7ekte \u00fcretiminin yap\u0131lmas\u0131, \u00f6zellikle tar\u0131msal at\u0131klar ve t\u0131bbi aromatik bitkilerden y\u00fcksek katma de\u011ferli \u00fcr\u00fcnler elde etme \u00fczerine 20 y\u0131l\u0131 a\u015fk\u0131n s\u00fcredir \u00e7al\u0131\u015fmalar yapmaktay\u0131z. Gaziemir Sarn\u0131\u00e7 sanayi b\u00f6lgesinde faaliyet g\u00f6steren Bionley Biyoteknoloji A.\u015e \u015firketimiz i\u015f ortaklar\u0131m\u0131za \u00f6zel Ar-Ge \u00e7al\u0131\u015fmalar\u0131 ile inovatif \u00fcr\u00fcnler geli\u015ftirmekte ve \u00dclkemizin bu konularda d\u0131\u015far\u0131ya olan ba\u011f\u0131ml\u0131l\u0131\u011f\u0131n\u0131 azaltmaktay\u0131z. \u00d6zellikle Astragalus (Geven) ve Ruscus (Tav\u015fan memesi) bitkilerinin de\u011ferli molek\u00fcllerinin y\u00fcksek safl\u0131kta elde edilmesi ve end\u00fcstriyel \u00f6l\u00e7ekte \u00fcretimini ger\u00e7ekle\u015ftirmekteyiz . T\u00fcrkiye'de yeti\u015fen bitkilerin standardize olarak ekstrelerinin \u00fcretimini ger\u00e7ekle\u015ftirmektedir. Ayr\u0131ca Spray Dryer (p\u00fcsk\u00fcrtmeli kurutucu), Freeze Dryer, Tray Dryer, Rotocone Dryer v.b. cihazlar\u0131n tasar\u0131m ve optizasyonunu yapan bir firmad\u0131r.\",\"legalName\":\"B\u0130ONLEY B\u0130YOTEKNOLOJ\u0130 A.\u015e\",\"foundingDate\":\"2023-05-23\",\"numberOfEmployees\":{\"@type\":\"QuantitativeValue\",\"minValue\":\"1\",\"maxValue\":\"10\"},\"address\":{\"@id\":\"https:\\\/\\\/bionley.com\\\/tr\\\/urun\\\/biberiye\\\/#local-main-place-address\"},\"telephone\":[\"05332783176\"],\"openingHoursSpecification\":[{\"@type\":\"OpeningHoursSpecification\",\"dayOfWeek\":[\"Monday\"],\"opens\":\"09:00\",\"closes\":\"18:00\"},{\"@type\":\"OpeningHoursSpecification\",\"dayOfWeek\":[\"Tuesday\",\"Wednesday\",\"Thursday\",\"Friday\",\"Saturday\"],\"opens\":\"09:00\",\"closes\":\"17:00\"},{\"@type\":\"OpeningHoursSpecification\",\"dayOfWeek\":[\"Sunday\"],\"opens\":\"00:00\",\"closes\":\"00:00\"}],\"email\":\"info@bionley.com\"},{\"@type\":\"PostalAddress\",\"@id\":\"https:\\\/\\\/bionley.com\\\/tr\\\/urun\\\/biberiye\\\/#local-main-place-address\",\"streetAddress\":\"Fatih Mahallesi 1178 sokak no 5B Gaziemir \u0130ZM\u0130R\",\"addressLocality\":\"GAZ\u0130EM\u0130R\",\"postalCode\":\"35410\",\"addressRegion\":\"\u0130ZM\u0130R\",\"addressCountry\":\"TR\"},{\"@type\":\"ImageObject\",\"inLanguage\":\"tr\",\"@id\":\"https:\\\/\\\/bionley.com\\\/tr\\\/urun\\\/biberiye\\\/#local-main-organization-logo\",\"url\":\"https:\\\/\\\/bionley.com\\\/tr\\\/wp-content\\\/uploads\\\/2026\\\/01\\\/Adsiz-tasarim-1.png\",\"contentUrl\":\"https:\\\/\\\/bionley.com\\\/tr\\\/wp-content\\\/uploads\\\/2026\\\/01\\\/Adsiz-tasarim-1.png\",\"width\":1280,\"height\":439,\"caption\":\"Bionley Biyoteknoloji A.\u015e\"}]}<\/script>\n<meta name=\"geo.placename\" content=\"GAZ\u0130EM\u0130R\" \/>\n<meta name=\"geo.region\" content=\"T\u00fcrkiye\" \/>\n<!-- \/ Yoast SEO Premium plugin. -->","yoast_head_json":{"title":"B\u0130BER\u0130YE - Bionley","robots":{"index":"index","follow":"follow","max-snippet":"max-snippet:-1","max-image-preview":"max-image-preview:large","max-video-preview":"max-video-preview:-1"},"canonical":"https:\/\/bionley.com\/tr\/urun\/biberiye\/","og_locale":"tr_TR","og_type":"article","og_title":"B\u0130BER\u0130YE","og_description":"Rosmarinus Officinalis Uv Ile Rosmarinic Asit","og_url":"https:\/\/bionley.com\/tr\/urun\/biberiye\/","og_site_name":"Bionley","article_publisher":"https:\/\/www.facebook.com\/profile.php?id=61554875321542&locale=tr_TR","article_modified_time":"2024-01-31T00:29:46+00:00","og_image":[{"width":1500,"height":1500,"url":"https:\/\/bionley.com\/tr\/wp-content\/uploads\/2024\/01\/rosemary.jpg","type":"image\/jpeg"}],"twitter_card":"summary_large_image","twitter_site":"@bionleyBion","twitter_misc":{"Tahmini okuma s\u00fcresi":"3 dakika"},"schema":{"@context":"https:\/\/schema.org","@graph":[{"@type":"WebPage","@id":"https:\/\/bionley.com\/tr\/urun\/biberiye\/","url":"https:\/\/bionley.com\/tr\/urun\/biberiye\/","name":"B\u0130BER\u0130YE - Bionley","isPartOf":{"@id":"https:\/\/bionley.com\/tr\/#website"},"primaryImageOfPage":{"@id":"https:\/\/bionley.com\/tr\/urun\/biberiye\/#primaryimage"},"image":{"@id":"https:\/\/bionley.com\/tr\/urun\/biberiye\/#primaryimage"},"thumbnailUrl":"https:\/\/bionley.com\/tr\/wp-content\/uploads\/2024\/01\/rosemary.jpg","datePublished":"2024-01-07T14:09:54+00:00","dateModified":"2024-01-31T00:29:46+00:00","breadcrumb":{"@id":"https:\/\/bionley.com\/tr\/urun\/biberiye\/#breadcrumb"},"inLanguage":"tr","potentialAction":[{"@type":"ReadAction","target":["https:\/\/bionley.com\/tr\/urun\/biberiye\/"]}]},{"@type":"ImageObject","inLanguage":"tr","@id":"https:\/\/bionley.com\/tr\/urun\/biberiye\/#primaryimage","url":"https:\/\/bionley.com\/tr\/wp-content\/uploads\/2024\/01\/rosemary.jpg","contentUrl":"https:\/\/bionley.com\/tr\/wp-content\/uploads\/2024\/01\/rosemary.jpg","width":1500,"height":1500},{"@type":"BreadcrumbList","@id":"https:\/\/bionley.com\/tr\/urun\/biberiye\/#breadcrumb","itemListElement":[{"@type":"ListItem","position":1,"name":"Anasayfa","item":"https:\/\/bionley.com\/tr\/"},{"@type":"ListItem","position":2,"name":"\u00dcr\u00fcnler","item":"https:\/\/bionley.com\/tr\/shop\/"},{"@type":"ListItem","position":3,"name":"B\u0130BER\u0130YE"}]},{"@type":"WebSite","@id":"https:\/\/bionley.com\/tr\/#website","url":"https:\/\/bionley.com\/tr\/","name":"Bionley","description":"","publisher":{"@id":"https:\/\/bionley.com\/tr\/#organization"},"potentialAction":[{"@type":"SearchAction","target":{"@type":"EntryPoint","urlTemplate":"https:\/\/bionley.com\/tr\/?s={search_term_string}"},"query-input":{"@type":"PropertyValueSpecification","valueRequired":true,"valueName":"search_term_string"}}],"inLanguage":"tr"},{"@type":["Organization","Place","Corporation"],"@id":"https:\/\/bionley.com\/tr\/#organization","name":"Bionley Biyoteknoloji A.\u015e","url":"https:\/\/bionley.com\/tr\/","logo":{"@id":"https:\/\/bionley.com\/tr\/urun\/biberiye\/#local-main-organization-logo"},"image":{"@id":"https:\/\/bionley.com\/tr\/urun\/biberiye\/#local-main-organization-logo"},"sameAs":["https:\/\/www.facebook.com\/profile.php?id=61554875321542&locale=tr_TR","https:\/\/x.com\/bionleyBion","https:\/\/www.instagram.com\/bionleycom\/"],"description":"Bitkilerden standardize ekstre elde edilmesi ve elde edilen ekstrelerden de\u011ferli molek\u00fcllerin safla\u015ft\u0131r\u0131lmas\u0131 ve end\u00fcstriyel \u00f6l\u00e7ekte \u00fcretiminin yap\u0131lmas\u0131, \u00f6zellikle tar\u0131msal at\u0131klar ve t\u0131bbi aromatik bitkilerden y\u00fcksek katma de\u011ferli \u00fcr\u00fcnler elde etme \u00fczerine 20 y\u0131l\u0131 a\u015fk\u0131n s\u00fcredir \u00e7al\u0131\u015fmalar yapmaktay\u0131z. Gaziemir Sarn\u0131\u00e7 sanayi b\u00f6lgesinde faaliyet g\u00f6steren Bionley Biyoteknoloji A.\u015e \u015firketimiz i\u015f ortaklar\u0131m\u0131za \u00f6zel Ar-Ge \u00e7al\u0131\u015fmalar\u0131 ile inovatif \u00fcr\u00fcnler geli\u015ftirmekte ve \u00dclkemizin bu konularda d\u0131\u015far\u0131ya olan ba\u011f\u0131ml\u0131l\u0131\u011f\u0131n\u0131 azaltmaktay\u0131z. \u00d6zellikle Astragalus (Geven) ve Ruscus (Tav\u015fan memesi) bitkilerinin de\u011ferli molek\u00fcllerinin y\u00fcksek safl\u0131kta elde edilmesi ve end\u00fcstriyel \u00f6l\u00e7ekte \u00fcretimini ger\u00e7ekle\u015ftirmekteyiz . T\u00fcrkiye'de yeti\u015fen bitkilerin standardize olarak ekstrelerinin \u00fcretimini ger\u00e7ekle\u015ftirmektedir. Ayr\u0131ca Spray Dryer (p\u00fcsk\u00fcrtmeli kurutucu), Freeze Dryer, Tray Dryer, Rotocone Dryer v.b. cihazlar\u0131n tasar\u0131m ve optizasyonunu yapan bir firmad\u0131r.","legalName":"B\u0130ONLEY B\u0130YOTEKNOLOJ\u0130 A.\u015e","foundingDate":"2023-05-23","numberOfEmployees":{"@type":"QuantitativeValue","minValue":"1","maxValue":"10"},"address":{"@id":"https:\/\/bionley.com\/tr\/urun\/biberiye\/#local-main-place-address"},"telephone":["05332783176"],"openingHoursSpecification":[{"@type":"OpeningHoursSpecification","dayOfWeek":["Monday"],"opens":"09:00","closes":"18:00"},{"@type":"OpeningHoursSpecification","dayOfWeek":["Tuesday","Wednesday","Thursday","Friday","Saturday"],"opens":"09:00","closes":"17:00"},{"@type":"OpeningHoursSpecification","dayOfWeek":["Sunday"],"opens":"00:00","closes":"00:00"}],"email":"info@bionley.com"},{"@type":"PostalAddress","@id":"https:\/\/bionley.com\/tr\/urun\/biberiye\/#local-main-place-address","streetAddress":"Fatih Mahallesi 1178 sokak no 5B Gaziemir \u0130ZM\u0130R","addressLocality":"GAZ\u0130EM\u0130R","postalCode":"35410","addressRegion":"\u0130ZM\u0130R","addressCountry":"TR"},{"@type":"ImageObject","inLanguage":"tr","@id":"https:\/\/bionley.com\/tr\/urun\/biberiye\/#local-main-organization-logo","url":"https:\/\/bionley.com\/tr\/wp-content\/uploads\/2026\/01\/Adsiz-tasarim-1.png","contentUrl":"https:\/\/bionley.com\/tr\/wp-content\/uploads\/2026\/01\/Adsiz-tasarim-1.png","width":1280,"height":439,"caption":"Bionley Biyoteknoloji A.\u015e"}]},"geo.placename":"GAZ\u0130EM\u0130R","geo.region":"T\u00fcrkiye"},"_links":{"self":[{"href":"https:\/\/bionley.com\/tr\/wp-json\/wp\/v2\/product\/131069","targetHints":{"allow":["GET"]}}],"collection":[{"href":"https:\/\/bionley.com\/tr\/wp-json\/wp\/v2\/product"}],"about":[{"href":"https:\/\/bionley.com\/tr\/wp-json\/wp\/v2\/types\/product"}],"replies":[{"embeddable":true,"href":"https:\/\/bionley.com\/tr\/wp-json\/wp\/v2\/comments?post=131069"}],"wp:featuredmedia":[{"embeddable":true,"href":"https:\/\/bionley.com\/tr\/wp-json\/wp\/v2\/media\/131218"}],"wp:attachment":[{"href":"https:\/\/bionley.com\/tr\/wp-json\/wp\/v2\/media?parent=131069"}],"wp:term":[{"taxonomy":"product_brand","embeddable":true,"href":"https:\/\/bionley.com\/tr\/wp-json\/wp\/v2\/product_brand?post=131069"},{"taxonomy":"product_cat","embeddable":true,"href":"https:\/\/bionley.com\/tr\/wp-json\/wp\/v2\/product_cat?post=131069"},{"taxonomy":"product_tag","embeddable":true,"href":"https:\/\/bionley.com\/tr\/wp-json\/wp\/v2\/product_tag?post=131069"}],"curies":[{"name":"wp","href":"https:\/\/api.w.org\/{rel}","templated":true}]}}