{"id":131075,"date":"2024-01-07T17:17:27","date_gmt":"2024-01-07T14:17:27","guid":{"rendered":"http:\/\/demo.bionley.com\/?post_type=product&#038;p=131075"},"modified":"2024-01-31T03:04:52","modified_gmt":"2024-01-31T00:04:52","slug":"kekik","status":"publish","type":"product","link":"https:\/\/bionley.com\/tr\/urun\/kekik\/","title":{"rendered":"KEK\u0130K"},"content":{"rendered":"<p>Kekik ekstresi, lezzet, aroma ve terap\u00f6tik \u00f6zellikleri nedeniyle g\u0131da ve kozmetik end\u00fcstrilerinde yayg\u0131n olarak kullan\u0131lan do\u011fal bir bile\u015fendir. \u0130\u015fte kekik ekstresinin bu end\u00fcstrilerde kullan\u0131m \u015fekillerinden baz\u0131lar\u0131:<\/p>\n<p>G\u0131da End\u00fcstrisinde Kullan\u0131m Alanlar\u0131:<br \/>\nKekik ekstresi, \u00e7orbalar, g\u00fcve\u00e7ler, soslar ve marinatlar dahil olmak \u00fczere \u00e7e\u015fitli yemeklere lezzet ve aroma katmak i\u00e7in s\u0131kl\u0131kla kullan\u0131lan pop\u00fcler bir mutfak bitkisidir. Kekik \u00f6z\u00fc, antimikrobiyal \u00f6zellikleri nedeniyle baz\u0131 g\u0131da \u00fcr\u00fcnlerinde do\u011fal koruyucu olarak da kullan\u0131l\u0131r. Kekik \u00f6z\u00fc, antioksidanlar ve anti-enflamatuar bile\u015fikler i\u00e7erdi\u011finden, potansiyel sa\u011fl\u0131k yararlar\u0131 i\u00e7in g\u0131da takviyelerine eklenebilir. Kozmetik End\u00fcstrisinde\u00a0Kullan\u0131m Alanlar\u0131:<br \/>\nKekik ekstresi, antibakteriyel ve anti-enflamatuar \u00f6zellikleri nedeniyle cilt bak\u0131m \u00fcr\u00fcnlerinde pop\u00fcler bir bile\u015fendir ve akneye e\u011filimli cildi yat\u0131\u015ft\u0131rmaya ve iyile\u015ftirmeye yard\u0131mc\u0131 olabilir. Kekik \u00f6z\u00fc ayr\u0131ca sa\u00e7 bak\u0131m \u00fcr\u00fcnlerinde sa\u00e7 b\u00fcy\u00fcmesini te\u015fvik etmek ve kepek ve di\u011fer kafa derisi tahri\u015flerini azaltmak i\u00e7in kullan\u0131l\u0131r. Kekik \u00f6z\u00fc, a\u011f\u0131z kokusuyla m\u00fccadeleye yard\u0131mc\u0131 olan ve a\u011f\u0131z sa\u011fl\u0131\u011f\u0131n\u0131 destekleyen bile\u015fikler i\u00e7erdi\u011finden do\u011fal di\u015f macunu ve gargara \u00fcr\u00fcnlerinde bulunabilir. Kekik \u00f6z\u00fct\u00fcn\u00fcn bu sekt\u00f6rlerde kullan\u0131m\u0131n\u0131n, \u00f6z\u00fct\u00fcn form\u00fclasyonuna ve konsantrasyonuna ba\u011fl\u0131 olarak de\u011fi\u015fti\u011fini belirtmek gerekir. Her i\u00e7erikte oldu\u011fu gibi, \u00fcr\u00fcn form\u00fclasyonlar\u0131n\u0131za kekik \u00f6z\u00fct\u00fc eklemeden \u00f6nce kalifiye bir profesyonele dan\u0131\u015fman\u0131z \u00f6nemlidir.<\/p>\n<p>Kekik ekstresi, kekik bitkisinden elde edilen do\u011fal bir \u00fcr\u00fcnd\u00fcr. \u00c7e\u015fitli faydal\u0131 \u00f6zellikleri nedeniyle\u00a0hem tar\u0131m hem de yem end\u00fcstrilerinde\u00a0yayg\u0131n olarak kullan\u0131lmaktad\u0131r. \u0130\u015fte kekik ekstrakt\u0131n\u0131n tar\u0131m ve yem end\u00fcstrilerindeki kullan\u0131m alanlar\u0131ndan baz\u0131lar\u0131:<\/p>\n<p>Do\u011fal b\u00f6cek ilac\u0131: Kekik\u00a0ekstresi, do\u011fal b\u00f6cek \u00f6ld\u00fcr\u00fcc\u00fc olarak i\u015flev g\u00f6ren bile\u015fikler i\u00e7erir ve bu da onu tar\u0131mda ha\u015fere kontrol\u00fc i\u00e7in yararl\u0131 hale getirir. Sentetik kimyasallara ihtiya\u00e7 duymadan mahsulleri zararl\u0131lardan korumak i\u00e7in kullan\u0131labilir.<br \/>\nMantar kontrol\u00fc: Kekik ekstresi antifungal \u00f6zelliklere sahiptir, bu da mahsullerde mantar b\u00fcy\u00fcmesini \u00f6nlemeye yard\u0131mc\u0131 olabilir. Bu \u00f6zellikle mantar enfeksiyonlar\u0131n\u0131n yayg\u0131n olabilece\u011fi nemli ortamlarda faydal\u0131d\u0131r.<br \/>\nAntibakteriyel \u00f6zellikler: Kekik ekstresi ayr\u0131ca zararl\u0131 bakterilerin b\u00fcy\u00fcmesini \u00f6nlemek i\u00e7in tar\u0131mda yararl\u0131 olabilecek antibakteriyel \u00f6zelliklere sahiptir.<br \/>\nYem katk\u0131 maddesi: Kekik \u00f6z\u00fc, \u00e7iftlik hayvanlar\u0131 i\u00e7in yem katk\u0131 maddesi olarak kullan\u0131labilir. Hayvanlarda hastal\u0131\u011f\u0131 \u00f6nlemeye ve ba\u011f\u0131rsak sa\u011fl\u0131\u011f\u0131n\u0131 iyile\u015ftirmeye yard\u0131mc\u0131 olabilecek antimikrobiyal \u00f6zelliklere sahip oldu\u011funa inan\u0131lmaktad\u0131r.<br \/>\nTatland\u0131r\u0131c\u0131 madde: Kekik \u00f6z\u00fc, g\u0131da end\u00fcstrisinde yayg\u0131n olarak do\u011fal bir aroma maddesi olarak kullan\u0131l\u0131r. Et, k\u00fcmes hayvanlar\u0131 ve deniz \u00fcr\u00fcnleri de dahil olmak \u00fczere \u00e7e\u015fitli \u00fcr\u00fcnlerin tad\u0131n\u0131 artt\u0131rmak i\u00e7in kullan\u0131labilir.<br \/>\nGenel olarak, kekik ekstresi hem tar\u0131m hem de yem end\u00fcstrilerinde geni\u015f bir uygulama yelpazesine sahip \u00e7ok y\u00f6nl\u00fc ve faydal\u0131 bir do\u011fal \u00fcr\u00fcnd\u00fcr.<\/p>\n<h4>Kimyasal Bilgi<\/h4>\n<p>Kekik Ekstrakt\u0131, Gliserin, Aqua, Potasyum Sorbat, Sodyum Benzoat<\/p>\n<h4>Geleneksel Kullan\u0131m<\/h4>\n<p>Kekik, etnofarmakolojik \u00f6nemi ve y\u00fcksek biyoaktif bile\u015fik i\u00e7eri\u011fi nedeniyle en \u00f6nemli t\u0131bbi bitkilerden biridir Thymus, 400 kadar aromatik ve t\u0131bbi otsu, \u00e7ok y\u0131ll\u0131k ve \u00e7al\u0131 t\u00fcr\u00fcn\u00fc i\u00e7eren b\u00fcy\u00fck bir bitki cinsidir. Akdeniz b\u00f6lgesinde ve Asya&#8217;da yayg\u0131n olarak da\u011f\u0131l\u0131m g\u00f6sterirler. Thymus t\u00fcrleri geleneksel olarak bitkisel \u00e7aylar, mutfak baharatlar\u0131 ve \u00e7e\u015fniler olarak kullan\u0131l\u0131r [6]. Ayr\u0131ca, u\u00e7ucu ya\u011flar\u0131 d\u00fcnyan\u0131n en iyi on u\u00e7ucu ya\u011f\u0131ndan biri olarak listelenir ve antioksidan, antibakteriyel ve ya\u015flanmay\u0131 geciktirici \u00f6zellikleri de dahil olmak \u00fczere geni\u015f biyolojik aktivite spektrumuyla bilinir. Keki\u011fin kimyasal bir elementi olan Thymol, gargara ve di\u015f macununda kullan\u0131l\u0131r.<\/p>\n","protected":false},"excerpt":{"rendered":"<p>Thymus Vulgaris L.<br \/>\nUV Ile Toplam Polifenol<\/p>\n","protected":false},"featured_media":131215,"comment_status":"open","ping_status":"closed","template":"","meta":[],"product_brand":[],"product_cat":[151,152],"product_tag":[],"class_list":{"0":"post-131075","1":"product","2":"type-product","3":"status-publish","4":"has-post-thumbnail","6":"product_cat-extracts","7":"product_cat-liquid-extracts","9":"first","10":"instock","11":"shipping-taxable","12":"product-type-simple"},"yoast_head":"<!-- This site is optimized with the Yoast SEO Premium plugin v27.4 (Yoast SEO v27.4) - https:\/\/yoast.com\/product\/yoast-seo-premium-wordpress\/ -->\n<title>KEK\u0130K - Bionley<\/title>\n<meta name=\"robots\" content=\"index, follow, max-snippet:-1, max-image-preview:large, max-video-preview:-1\" \/>\n<link rel=\"canonical\" href=\"https:\/\/bionley.com\/tr\/urun\/kekik\/\" \/>\n<meta property=\"og:locale\" content=\"tr_TR\" \/>\n<meta property=\"og:type\" content=\"article\" \/>\n<meta property=\"og:title\" content=\"KEK\u0130K\" \/>\n<meta property=\"og:description\" content=\"Thymus Vulgaris L. UV Ile Toplam Polifenol\" \/>\n<meta property=\"og:url\" content=\"https:\/\/bionley.com\/tr\/urun\/kekik\/\" \/>\n<meta property=\"og:site_name\" content=\"Bionley\" \/>\n<meta property=\"article:publisher\" content=\"https:\/\/www.facebook.com\/profile.php?id=61554875321542&amp;locale=tr_TR\" \/>\n<meta property=\"article:modified_time\" content=\"2024-01-31T00:04:52+00:00\" \/>\n<meta property=\"og:image\" content=\"https:\/\/bionley.com\/tr\/wp-content\/uploads\/2024\/01\/thyme1.jpg\" \/>\n\t<meta property=\"og:image:width\" content=\"1500\" \/>\n\t<meta property=\"og:image:height\" content=\"1500\" \/>\n\t<meta property=\"og:image:type\" content=\"image\/jpeg\" \/>\n<meta name=\"twitter:card\" content=\"summary_large_image\" \/>\n<meta name=\"twitter:site\" content=\"@bionleyBion\" \/>\n<meta name=\"twitter:label1\" content=\"Tahmini okuma s\u00fcresi\" \/>\n\t<meta name=\"twitter:data1\" content=\"3 dakika\" \/>\n<script type=\"application\/ld+json\" class=\"yoast-schema-graph\">{\"@context\":\"https:\\\/\\\/schema.org\",\"@graph\":[{\"@type\":\"WebPage\",\"@id\":\"https:\\\/\\\/bionley.com\\\/tr\\\/urun\\\/kekik\\\/\",\"url\":\"https:\\\/\\\/bionley.com\\\/tr\\\/urun\\\/kekik\\\/\",\"name\":\"KEK\u0130K - Bionley\",\"isPartOf\":{\"@id\":\"https:\\\/\\\/bionley.com\\\/tr\\\/#website\"},\"primaryImageOfPage\":{\"@id\":\"https:\\\/\\\/bionley.com\\\/tr\\\/urun\\\/kekik\\\/#primaryimage\"},\"image\":{\"@id\":\"https:\\\/\\\/bionley.com\\\/tr\\\/urun\\\/kekik\\\/#primaryimage\"},\"thumbnailUrl\":\"https:\\\/\\\/bionley.com\\\/tr\\\/wp-content\\\/uploads\\\/2024\\\/01\\\/thyme1.jpg\",\"datePublished\":\"2024-01-07T14:17:27+00:00\",\"dateModified\":\"2024-01-31T00:04:52+00:00\",\"breadcrumb\":{\"@id\":\"https:\\\/\\\/bionley.com\\\/tr\\\/urun\\\/kekik\\\/#breadcrumb\"},\"inLanguage\":\"tr\",\"potentialAction\":[{\"@type\":\"ReadAction\",\"target\":[\"https:\\\/\\\/bionley.com\\\/tr\\\/urun\\\/kekik\\\/\"]}]},{\"@type\":\"ImageObject\",\"inLanguage\":\"tr\",\"@id\":\"https:\\\/\\\/bionley.com\\\/tr\\\/urun\\\/kekik\\\/#primaryimage\",\"url\":\"https:\\\/\\\/bionley.com\\\/tr\\\/wp-content\\\/uploads\\\/2024\\\/01\\\/thyme1.jpg\",\"contentUrl\":\"https:\\\/\\\/bionley.com\\\/tr\\\/wp-content\\\/uploads\\\/2024\\\/01\\\/thyme1.jpg\",\"width\":1500,\"height\":1500},{\"@type\":\"BreadcrumbList\",\"@id\":\"https:\\\/\\\/bionley.com\\\/tr\\\/urun\\\/kekik\\\/#breadcrumb\",\"itemListElement\":[{\"@type\":\"ListItem\",\"position\":1,\"name\":\"Anasayfa\",\"item\":\"https:\\\/\\\/bionley.com\\\/tr\\\/\"},{\"@type\":\"ListItem\",\"position\":2,\"name\":\"\u00dcr\u00fcnler\",\"item\":\"https:\\\/\\\/bionley.com\\\/tr\\\/shop\\\/\"},{\"@type\":\"ListItem\",\"position\":3,\"name\":\"KEK\u0130K\"}]},{\"@type\":\"WebSite\",\"@id\":\"https:\\\/\\\/bionley.com\\\/tr\\\/#website\",\"url\":\"https:\\\/\\\/bionley.com\\\/tr\\\/\",\"name\":\"Bionley\",\"description\":\"\",\"publisher\":{\"@id\":\"https:\\\/\\\/bionley.com\\\/tr\\\/#organization\"},\"potentialAction\":[{\"@type\":\"SearchAction\",\"target\":{\"@type\":\"EntryPoint\",\"urlTemplate\":\"https:\\\/\\\/bionley.com\\\/tr\\\/?s={search_term_string}\"},\"query-input\":{\"@type\":\"PropertyValueSpecification\",\"valueRequired\":true,\"valueName\":\"search_term_string\"}}],\"inLanguage\":\"tr\"},{\"@type\":[\"Organization\",\"Place\",\"Corporation\"],\"@id\":\"https:\\\/\\\/bionley.com\\\/tr\\\/#organization\",\"name\":\"Bionley Biyoteknoloji A.\u015e\",\"url\":\"https:\\\/\\\/bionley.com\\\/tr\\\/\",\"logo\":{\"@id\":\"https:\\\/\\\/bionley.com\\\/tr\\\/urun\\\/kekik\\\/#local-main-organization-logo\"},\"image\":{\"@id\":\"https:\\\/\\\/bionley.com\\\/tr\\\/urun\\\/kekik\\\/#local-main-organization-logo\"},\"sameAs\":[\"https:\\\/\\\/www.facebook.com\\\/profile.php?id=61554875321542&locale=tr_TR\",\"https:\\\/\\\/x.com\\\/bionleyBion\",\"https:\\\/\\\/www.instagram.com\\\/bionleycom\\\/\"],\"description\":\"Bitkilerden standardize ekstre elde edilmesi ve elde edilen ekstrelerden de\u011ferli molek\u00fcllerin safla\u015ft\u0131r\u0131lmas\u0131 ve end\u00fcstriyel \u00f6l\u00e7ekte \u00fcretiminin yap\u0131lmas\u0131, \u00f6zellikle tar\u0131msal at\u0131klar ve t\u0131bbi aromatik bitkilerden y\u00fcksek katma de\u011ferli \u00fcr\u00fcnler elde etme \u00fczerine 20 y\u0131l\u0131 a\u015fk\u0131n s\u00fcredir \u00e7al\u0131\u015fmalar yapmaktay\u0131z. Gaziemir Sarn\u0131\u00e7 sanayi b\u00f6lgesinde faaliyet g\u00f6steren Bionley Biyoteknoloji A.\u015e \u015firketimiz i\u015f ortaklar\u0131m\u0131za \u00f6zel Ar-Ge \u00e7al\u0131\u015fmalar\u0131 ile inovatif \u00fcr\u00fcnler geli\u015ftirmekte ve \u00dclkemizin bu konularda d\u0131\u015far\u0131ya olan ba\u011f\u0131ml\u0131l\u0131\u011f\u0131n\u0131 azaltmaktay\u0131z. \u00d6zellikle Astragalus (Geven) ve Ruscus (Tav\u015fan memesi) bitkilerinin de\u011ferli molek\u00fcllerinin y\u00fcksek safl\u0131kta elde edilmesi ve end\u00fcstriyel \u00f6l\u00e7ekte \u00fcretimini ger\u00e7ekle\u015ftirmekteyiz . T\u00fcrkiye'de yeti\u015fen bitkilerin standardize olarak ekstrelerinin \u00fcretimini ger\u00e7ekle\u015ftirmektedir. Ayr\u0131ca Spray Dryer (p\u00fcsk\u00fcrtmeli kurutucu), Freeze Dryer, Tray Dryer, Rotocone Dryer v.b. cihazlar\u0131n tasar\u0131m ve optizasyonunu yapan bir firmad\u0131r.\",\"legalName\":\"B\u0130ONLEY B\u0130YOTEKNOLOJ\u0130 A.\u015e\",\"foundingDate\":\"2023-05-23\",\"numberOfEmployees\":{\"@type\":\"QuantitativeValue\",\"minValue\":\"1\",\"maxValue\":\"10\"},\"address\":{\"@id\":\"https:\\\/\\\/bionley.com\\\/tr\\\/urun\\\/kekik\\\/#local-main-place-address\"},\"telephone\":[\"05332783176\"],\"openingHoursSpecification\":[{\"@type\":\"OpeningHoursSpecification\",\"dayOfWeek\":[\"Monday\"],\"opens\":\"09:00\",\"closes\":\"18:00\"},{\"@type\":\"OpeningHoursSpecification\",\"dayOfWeek\":[\"Tuesday\",\"Wednesday\",\"Thursday\",\"Friday\",\"Saturday\"],\"opens\":\"09:00\",\"closes\":\"17:00\"},{\"@type\":\"OpeningHoursSpecification\",\"dayOfWeek\":[\"Sunday\"],\"opens\":\"00:00\",\"closes\":\"00:00\"}],\"email\":\"info@bionley.com\"},{\"@type\":\"PostalAddress\",\"@id\":\"https:\\\/\\\/bionley.com\\\/tr\\\/urun\\\/kekik\\\/#local-main-place-address\",\"streetAddress\":\"Fatih Mahallesi 1178 sokak no 5B Gaziemir \u0130ZM\u0130R\",\"addressLocality\":\"GAZ\u0130EM\u0130R\",\"postalCode\":\"35410\",\"addressRegion\":\"\u0130ZM\u0130R\",\"addressCountry\":\"TR\"},{\"@type\":\"ImageObject\",\"inLanguage\":\"tr\",\"@id\":\"https:\\\/\\\/bionley.com\\\/tr\\\/urun\\\/kekik\\\/#local-main-organization-logo\",\"url\":\"https:\\\/\\\/bionley.com\\\/tr\\\/wp-content\\\/uploads\\\/2026\\\/01\\\/Adsiz-tasarim-1.png\",\"contentUrl\":\"https:\\\/\\\/bionley.com\\\/tr\\\/wp-content\\\/uploads\\\/2026\\\/01\\\/Adsiz-tasarim-1.png\",\"width\":1280,\"height\":439,\"caption\":\"Bionley Biyoteknoloji A.\u015e\"}]}<\/script>\n<meta name=\"geo.placename\" content=\"GAZ\u0130EM\u0130R\" \/>\n<meta name=\"geo.region\" content=\"T\u00fcrkiye\" \/>\n<!-- \/ Yoast SEO Premium plugin. -->","yoast_head_json":{"title":"KEK\u0130K - Bionley","robots":{"index":"index","follow":"follow","max-snippet":"max-snippet:-1","max-image-preview":"max-image-preview:large","max-video-preview":"max-video-preview:-1"},"canonical":"https:\/\/bionley.com\/tr\/urun\/kekik\/","og_locale":"tr_TR","og_type":"article","og_title":"KEK\u0130K","og_description":"Thymus Vulgaris L. UV Ile Toplam Polifenol","og_url":"https:\/\/bionley.com\/tr\/urun\/kekik\/","og_site_name":"Bionley","article_publisher":"https:\/\/www.facebook.com\/profile.php?id=61554875321542&locale=tr_TR","article_modified_time":"2024-01-31T00:04:52+00:00","og_image":[{"width":1500,"height":1500,"url":"https:\/\/bionley.com\/tr\/wp-content\/uploads\/2024\/01\/thyme1.jpg","type":"image\/jpeg"}],"twitter_card":"summary_large_image","twitter_site":"@bionleyBion","twitter_misc":{"Tahmini okuma s\u00fcresi":"3 dakika"},"schema":{"@context":"https:\/\/schema.org","@graph":[{"@type":"WebPage","@id":"https:\/\/bionley.com\/tr\/urun\/kekik\/","url":"https:\/\/bionley.com\/tr\/urun\/kekik\/","name":"KEK\u0130K - Bionley","isPartOf":{"@id":"https:\/\/bionley.com\/tr\/#website"},"primaryImageOfPage":{"@id":"https:\/\/bionley.com\/tr\/urun\/kekik\/#primaryimage"},"image":{"@id":"https:\/\/bionley.com\/tr\/urun\/kekik\/#primaryimage"},"thumbnailUrl":"https:\/\/bionley.com\/tr\/wp-content\/uploads\/2024\/01\/thyme1.jpg","datePublished":"2024-01-07T14:17:27+00:00","dateModified":"2024-01-31T00:04:52+00:00","breadcrumb":{"@id":"https:\/\/bionley.com\/tr\/urun\/kekik\/#breadcrumb"},"inLanguage":"tr","potentialAction":[{"@type":"ReadAction","target":["https:\/\/bionley.com\/tr\/urun\/kekik\/"]}]},{"@type":"ImageObject","inLanguage":"tr","@id":"https:\/\/bionley.com\/tr\/urun\/kekik\/#primaryimage","url":"https:\/\/bionley.com\/tr\/wp-content\/uploads\/2024\/01\/thyme1.jpg","contentUrl":"https:\/\/bionley.com\/tr\/wp-content\/uploads\/2024\/01\/thyme1.jpg","width":1500,"height":1500},{"@type":"BreadcrumbList","@id":"https:\/\/bionley.com\/tr\/urun\/kekik\/#breadcrumb","itemListElement":[{"@type":"ListItem","position":1,"name":"Anasayfa","item":"https:\/\/bionley.com\/tr\/"},{"@type":"ListItem","position":2,"name":"\u00dcr\u00fcnler","item":"https:\/\/bionley.com\/tr\/shop\/"},{"@type":"ListItem","position":3,"name":"KEK\u0130K"}]},{"@type":"WebSite","@id":"https:\/\/bionley.com\/tr\/#website","url":"https:\/\/bionley.com\/tr\/","name":"Bionley","description":"","publisher":{"@id":"https:\/\/bionley.com\/tr\/#organization"},"potentialAction":[{"@type":"SearchAction","target":{"@type":"EntryPoint","urlTemplate":"https:\/\/bionley.com\/tr\/?s={search_term_string}"},"query-input":{"@type":"PropertyValueSpecification","valueRequired":true,"valueName":"search_term_string"}}],"inLanguage":"tr"},{"@type":["Organization","Place","Corporation"],"@id":"https:\/\/bionley.com\/tr\/#organization","name":"Bionley Biyoteknoloji A.\u015e","url":"https:\/\/bionley.com\/tr\/","logo":{"@id":"https:\/\/bionley.com\/tr\/urun\/kekik\/#local-main-organization-logo"},"image":{"@id":"https:\/\/bionley.com\/tr\/urun\/kekik\/#local-main-organization-logo"},"sameAs":["https:\/\/www.facebook.com\/profile.php?id=61554875321542&locale=tr_TR","https:\/\/x.com\/bionleyBion","https:\/\/www.instagram.com\/bionleycom\/"],"description":"Bitkilerden standardize ekstre elde edilmesi ve elde edilen ekstrelerden de\u011ferli molek\u00fcllerin safla\u015ft\u0131r\u0131lmas\u0131 ve end\u00fcstriyel \u00f6l\u00e7ekte \u00fcretiminin yap\u0131lmas\u0131, \u00f6zellikle tar\u0131msal at\u0131klar ve t\u0131bbi aromatik bitkilerden y\u00fcksek katma de\u011ferli \u00fcr\u00fcnler elde etme \u00fczerine 20 y\u0131l\u0131 a\u015fk\u0131n s\u00fcredir \u00e7al\u0131\u015fmalar yapmaktay\u0131z. Gaziemir Sarn\u0131\u00e7 sanayi b\u00f6lgesinde faaliyet g\u00f6steren Bionley Biyoteknoloji A.\u015e \u015firketimiz i\u015f ortaklar\u0131m\u0131za \u00f6zel Ar-Ge \u00e7al\u0131\u015fmalar\u0131 ile inovatif \u00fcr\u00fcnler geli\u015ftirmekte ve \u00dclkemizin bu konularda d\u0131\u015far\u0131ya olan ba\u011f\u0131ml\u0131l\u0131\u011f\u0131n\u0131 azaltmaktay\u0131z. \u00d6zellikle Astragalus (Geven) ve Ruscus (Tav\u015fan memesi) bitkilerinin de\u011ferli molek\u00fcllerinin y\u00fcksek safl\u0131kta elde edilmesi ve end\u00fcstriyel \u00f6l\u00e7ekte \u00fcretimini ger\u00e7ekle\u015ftirmekteyiz . T\u00fcrkiye'de yeti\u015fen bitkilerin standardize olarak ekstrelerinin \u00fcretimini ger\u00e7ekle\u015ftirmektedir. Ayr\u0131ca Spray Dryer (p\u00fcsk\u00fcrtmeli kurutucu), Freeze Dryer, Tray Dryer, Rotocone Dryer v.b. cihazlar\u0131n tasar\u0131m ve optizasyonunu yapan bir firmad\u0131r.","legalName":"B\u0130ONLEY B\u0130YOTEKNOLOJ\u0130 A.\u015e","foundingDate":"2023-05-23","numberOfEmployees":{"@type":"QuantitativeValue","minValue":"1","maxValue":"10"},"address":{"@id":"https:\/\/bionley.com\/tr\/urun\/kekik\/#local-main-place-address"},"telephone":["05332783176"],"openingHoursSpecification":[{"@type":"OpeningHoursSpecification","dayOfWeek":["Monday"],"opens":"09:00","closes":"18:00"},{"@type":"OpeningHoursSpecification","dayOfWeek":["Tuesday","Wednesday","Thursday","Friday","Saturday"],"opens":"09:00","closes":"17:00"},{"@type":"OpeningHoursSpecification","dayOfWeek":["Sunday"],"opens":"00:00","closes":"00:00"}],"email":"info@bionley.com"},{"@type":"PostalAddress","@id":"https:\/\/bionley.com\/tr\/urun\/kekik\/#local-main-place-address","streetAddress":"Fatih Mahallesi 1178 sokak no 5B Gaziemir \u0130ZM\u0130R","addressLocality":"GAZ\u0130EM\u0130R","postalCode":"35410","addressRegion":"\u0130ZM\u0130R","addressCountry":"TR"},{"@type":"ImageObject","inLanguage":"tr","@id":"https:\/\/bionley.com\/tr\/urun\/kekik\/#local-main-organization-logo","url":"https:\/\/bionley.com\/tr\/wp-content\/uploads\/2026\/01\/Adsiz-tasarim-1.png","contentUrl":"https:\/\/bionley.com\/tr\/wp-content\/uploads\/2026\/01\/Adsiz-tasarim-1.png","width":1280,"height":439,"caption":"Bionley Biyoteknoloji A.\u015e"}]},"geo.placename":"GAZ\u0130EM\u0130R","geo.region":"T\u00fcrkiye"},"_links":{"self":[{"href":"https:\/\/bionley.com\/tr\/wp-json\/wp\/v2\/product\/131075","targetHints":{"allow":["GET"]}}],"collection":[{"href":"https:\/\/bionley.com\/tr\/wp-json\/wp\/v2\/product"}],"about":[{"href":"https:\/\/bionley.com\/tr\/wp-json\/wp\/v2\/types\/product"}],"replies":[{"embeddable":true,"href":"https:\/\/bionley.com\/tr\/wp-json\/wp\/v2\/comments?post=131075"}],"wp:featuredmedia":[{"embeddable":true,"href":"https:\/\/bionley.com\/tr\/wp-json\/wp\/v2\/media\/131215"}],"wp:attachment":[{"href":"https:\/\/bionley.com\/tr\/wp-json\/wp\/v2\/media?parent=131075"}],"wp:term":[{"taxonomy":"product_brand","embeddable":true,"href":"https:\/\/bionley.com\/tr\/wp-json\/wp\/v2\/product_brand?post=131075"},{"taxonomy":"product_cat","embeddable":true,"href":"https:\/\/bionley.com\/tr\/wp-json\/wp\/v2\/product_cat?post=131075"},{"taxonomy":"product_tag","embeddable":true,"href":"https:\/\/bionley.com\/tr\/wp-json\/wp\/v2\/product_tag?post=131075"}],"curies":[{"name":"wp","href":"https:\/\/api.w.org\/{rel}","templated":true}]}}