{"id":131083,"date":"2024-01-07T17:52:10","date_gmt":"2024-01-07T14:52:10","guid":{"rendered":"http:\/\/demo.bionley.com\/?post_type=product&#038;p=131083"},"modified":"2024-01-30T23:37:57","modified_gmt":"2024-01-30T20:37:57","slug":"enginar-2","status":"publish","type":"product","link":"https:\/\/bionley.com\/tr\/urun\/enginar-2\/","title":{"rendered":"ENG\u0130NAR"},"content":{"rendered":"<p>Enginar ayr\u0131ca g\u0131da takviyelerinde aktif bir bile\u015fen olarak da kullan\u0131labilir. Enginar \u00f6zleri flavonoidler, antioksidanlar, polifenoller, kolin ve C vitamini gibi \u00e7e\u015fitli besinler i\u00e7erir. Bu besinler enginar\u0131n \u00e7e\u015fitli sa\u011fl\u0131k yararlar\u0131 sa\u011flamas\u0131na yard\u0131mc\u0131 olabilir.<\/p>\n<p>\u00d6zellikle enginar \u00f6z\u00fc, sindirim sa\u011fl\u0131\u011f\u0131, karaci\u011fer sa\u011fl\u0131\u011f\u0131, kolesterol seviyeleri ve kan \u015fekeri kontrol\u00fcne yard\u0131mc\u0131 olabilecek bile\u015fikler i\u00e7erir. Enginar\u0131n etken maddesi olarak kullan\u0131lan bu bile\u015fikler, baz\u0131 g\u0131da takviyelerinde de kullan\u0131lmaktad\u0131r.<\/p>\n<p>Enginar, Akdeniz b\u00f6lgesinde yeti\u015fen bir sebzedir ve olduk\u00e7a faydal\u0131 bir bitkidir. Enginar\u0131n yapraklar\u0131, g\u00f6vdesi ve k\u00f6k\u00fc farkl\u0131 \u015fekillerde kullan\u0131labilir. Enginar\u0131n yapraklar\u0131 genellikle \u00e7ay olarak t\u00fcketilirken, g\u00f6vdesi yemeklerde kullan\u0131l\u0131r. Enginar\u0131n k\u00f6k\u00fc ise enginar toz ekstrakt\u0131 olarak bilinir ve bir\u00e7ok end\u00fcstride kullan\u0131l\u0131r.<\/p>\n<p>Enginar toz ekstrakt\u0131, enginar k\u00f6k\u00fcnden elde edilir ve \u00e7e\u015fitli sa\u011fl\u0131k faydalar\u0131 sunar. Enginar toz ekstrakt\u0131, y\u00fcksek antioksidan i\u00e7eri\u011fi nedeniyle v\u00fccudu serbest radikallerden korur. Ayn\u0131 zamanda kolestrol seviyesini d\u00fczenleyerek kalp sa\u011fl\u0131\u011f\u0131n\u0131 korur. Enginar toz ekstrakt\u0131, ba\u011f\u0131\u015f\u0131kl\u0131k sistemini g\u00fc\u00e7lendiren, sindirimi destekleyen ve karaci\u011fer fonksiyonlar\u0131n\u0131 iyile\u015ftiren bir\u00e7ok faydal\u0131 madde i\u00e7erir.<\/p>\n<p>Enginar toz ekstrakt\u0131, bir\u00e7ok end\u00fcstride kullan\u0131l\u0131r. G\u0131da end\u00fcstrisinde, enginar toz ekstrakt\u0131 baharat olarak kullan\u0131l\u0131r ve yemeklere lezzet katar. Kozmetik end\u00fcstrisinde, enginar toz ekstrakt\u0131, cilt bak\u0131m \u00fcr\u00fcnleri ve \u015fampuanlar gibi bir\u00e7ok \u00fcr\u00fcnde kullan\u0131l\u0131r. Enginar toz ekstrakt\u0131 ayn\u0131 zamanda ila\u00e7 end\u00fcstrisinde de kullan\u0131l\u0131r ve \u00e7e\u015fitli ila\u00e7larda etken madde olarak yer al\u0131r.<\/p>\n<p>Enginar toz ekstrakt\u0131, kilo kayb\u0131 takviyeleri ve sporcu besinleri gibi \u00fcr\u00fcnlerde de kullan\u0131l\u0131r. Enginar toz ekstrakt\u0131n\u0131n i\u00e7erdi\u011fi klorojenik asit, v\u00fccudun ya\u011f yakmas\u0131na yard\u0131mc\u0131 olur. Bu nedenle, kilo kayb\u0131 takviyelerinde ve sporcu besinlerinde kullan\u0131lan bir\u00e7ok madde aras\u0131nda yer al\u0131r.<\/p>\n<p>Sonu\u00e7 olarak, enginar toz ekstrakt\u0131, farkl\u0131 end\u00fcstrilerde kullan\u0131lan ve bir\u00e7ok sa\u011fl\u0131k faydas\u0131 sunan bir maddedir. Antioksidan i\u00e7eri\u011fi, kolestrol seviyesini d\u00fczenlemesi, ba\u011f\u0131\u015f\u0131kl\u0131k sistemini g\u00fc\u00e7lendirmesi, sindirimi desteklemesi ve karaci\u011fer fonksiyonlar\u0131n\u0131 iyile\u015ftirmesi gibi bir\u00e7ok faydal\u0131 \u00f6zelli\u011fi bulunmaktad\u0131r.<\/p>\n<h4><i class=\"fa fa-flask\"><\/i>Kimyasal Bilgi<\/h4>\n<p>Enginar Ekstrakt\u0131<\/p>\n<h4>Geleneksel Kullan\u0131m<\/h4>\n<p>Tap\u0131nak duvarlar\u0131ndaki ve firavun mezarlar\u0131ndaki enginar resimleri, enginar\u0131n eski M\u0131s\u0131r&#8217;daki kullan\u0131m\u0131n\u0131 ve \u00f6nemini g\u00f6stermektedir. Yunan t\u0131bbi botanik\u00e7i Pedanius Dioscorides (MS 40 civar\u0131-90), De Materia Medica adl\u0131 eserinde k\u00f6k\u00fcn deodorant olarak ve ayr\u0131ca mide, karaci\u011fer, mesane ve b\u00f6brek sa\u011fl\u0131\u011f\u0131na fayda sa\u011flamak i\u00e7in kullan\u0131m\u0131n\u0131 tarif etmi\u015ftir.<\/p>\n<p>Cynara cins ad\u0131 Yunanca \u039a\u03c5\u03bd\u03ac\u03c1\u03b1&#8217;dan gelir ve &#8220;enginar&#8221; anlam\u0131na gelir. G\u00fcney \u0130talya&#8217;daki merkezi Lucania&#8217;da kullan\u0131lan ila\u00e7lar \u00fczerine 2004 y\u0131l\u0131nda yap\u0131lan bir etnofarmakognostik ara\u015ft\u0131rma, yabani C. cardunculus&#8217;un hava k\u0131s\u0131mlar\u0131n\u0131n k\u00f6pek incir otu (Scrophularia canina, Scrophulariaceae) ve s\u00fcr\u00fcnen be\u015fparmakotunun (Potentilla reptans, Rosaceae) hava k\u0131s\u0131mlar\u0131yla birlikte romatizma kar\u015f\u0131t\u0131 bir preparat olarak kaynat\u0131ld\u0131\u011f\u0131n\u0131 ve kompres olarak uyguland\u0131\u011f\u0131n\u0131 bildirmi\u015ftir. 2000 y\u0131l\u0131nda \u0130spanya&#8217;n\u0131n Katalonya b\u00f6lgesindeki ev bah\u00e7elerinde yeti\u015ftirilen t\u0131bbi bitkiler \u00fczerine yap\u0131lan bir etnobotanik ara\u015ft\u0131rmada, kat\u0131l\u0131mc\u0131lar\u0131n %14&#8217;\u00fc C. cardunculus&#8217;u (bitki k\u0131sm\u0131 ve uygulama \u015fekli bildirilmemi\u015ftir) abortif olarak ve %5&#8217;i C. scolymus&#8217;u hepatoprotektif olarak kulland\u0131klar\u0131n\u0131 bildirmi\u015ftir.<\/p>\n<p>2012 y\u0131l\u0131nda yay\u0131nlanan, \u0130spanya&#8217;n\u0131n Salamanca eyaletinde cad\u0131lara ve &#8220;nazara&#8221; kar\u015f\u0131 kullan\u0131lan ila\u00e7lar\u0131 inceleyen bir ba\u015fka etnobotanik ara\u015ft\u0131rma, enginar \u00e7i\u00e7ekleri ve kuzu mayas\u0131 ile s\u00fct\u00fc keserek geleneksel peynir yap\u0131m\u0131n\u0131 tarif etmi\u015ftir. Ancak s\u00fct d\u00fczg\u00fcn bir \u015fekilde kesilmezse, bu durum k\u00f6ydeki bir cad\u0131n\u0131n nazar\u0131 ile temas etmi\u015f olmas\u0131na ba\u011flan\u0131yordu. 1985 y\u0131l\u0131nda &#8220;Flos Cynarae scolymus&#8221; i\u00e7in Pharmacop\u00e9e Africaine&#8217;in ilk bask\u0131s\u0131n\u0131n birinci cildine kimlik, bile\u015fim, safl\u0131k ve g\u00fc\u00e7 testlerini i\u00e7eren bir monografi girdi ve hepatik ve renal disfonksiyonlar\u0131n tedavisinde, di\u00fcretik olarak ve arterioskleroz i\u00e7in kullan\u0131m\u0131n\u0131 belirtti. Alman E Komisyonu 1988 y\u0131l\u0131nda &#8220;Cynarae folium&#8221; (Artischockenbl\u00e4tter) i\u00e7in pozitif bir terap\u00f6tik monograf yay\u0131nlam\u0131\u015f (1990 y\u0131l\u0131nda revize edilmi\u015ftir), kesilmi\u015f, kurutulmu\u015f yaprak, taze s\u0131k\u0131lm\u0131\u015f bitki suyu veya di\u011fer galenik preparatlar \u015feklinde, dispeptik problemler i\u00e7in bir koleretik (safra salg\u0131s\u0131n\u0131 te\u015fvik eden) ila\u00e7 olarak kullan\u0131m\u0131n\u0131 belirtmi\u015ftir<\/p>\n","protected":false},"excerpt":{"rendered":"<p><em>Cynara Scolymus<\/em><br \/>\nChlorogenic Asit &#8211; UV Ile Cynarin<\/p>\n","protected":false},"featured_media":131183,"comment_status":"open","ping_status":"closed","template":"","meta":[],"product_brand":[],"product_cat":[151,153],"product_tag":[],"class_list":{"0":"post-131083","1":"product","2":"type-product","3":"status-publish","4":"has-post-thumbnail","6":"product_cat-extracts","7":"product_cat-powder-extracts","9":"first","10":"instock","11":"shipping-taxable","12":"product-type-simple"},"yoast_head":"<!-- This site is optimized with the Yoast SEO Premium plugin v27.4 (Yoast SEO v27.4) - https:\/\/yoast.com\/product\/yoast-seo-premium-wordpress\/ -->\n<title>ENG\u0130NAR - Bionley<\/title>\n<meta name=\"robots\" content=\"index, follow, max-snippet:-1, max-image-preview:large, max-video-preview:-1\" \/>\n<link rel=\"canonical\" href=\"https:\/\/bionley.com\/tr\/urun\/enginar-2\/\" \/>\n<meta property=\"og:locale\" content=\"tr_TR\" \/>\n<meta property=\"og:type\" content=\"article\" \/>\n<meta property=\"og:title\" content=\"ENG\u0130NAR\" \/>\n<meta property=\"og:description\" content=\"Cynara Scolymus Chlorogenic Asit - UV Ile Cynarin\" \/>\n<meta property=\"og:url\" content=\"https:\/\/bionley.com\/tr\/urun\/enginar-2\/\" \/>\n<meta property=\"og:site_name\" content=\"Bionley\" \/>\n<meta property=\"article:publisher\" content=\"https:\/\/www.facebook.com\/profile.php?id=61554875321542&amp;locale=tr_TR\" \/>\n<meta property=\"article:modified_time\" content=\"2024-01-30T20:37:57+00:00\" \/>\n<meta property=\"og:image\" content=\"https:\/\/bionley.com\/tr\/wp-content\/uploads\/2024\/01\/artichoke.jpg\" \/>\n\t<meta property=\"og:image:width\" content=\"1500\" \/>\n\t<meta property=\"og:image:height\" content=\"1500\" \/>\n\t<meta property=\"og:image:type\" content=\"image\/jpeg\" \/>\n<meta name=\"twitter:card\" content=\"summary_large_image\" \/>\n<meta name=\"twitter:site\" content=\"@bionleyBion\" \/>\n<meta name=\"twitter:label1\" content=\"Tahmini okuma s\u00fcresi\" \/>\n\t<meta name=\"twitter:data1\" content=\"4 dakika\" \/>\n<script type=\"application\/ld+json\" class=\"yoast-schema-graph\">{\"@context\":\"https:\\\/\\\/schema.org\",\"@graph\":[{\"@type\":\"WebPage\",\"@id\":\"https:\\\/\\\/bionley.com\\\/tr\\\/urun\\\/enginar-2\\\/\",\"url\":\"https:\\\/\\\/bionley.com\\\/tr\\\/urun\\\/enginar-2\\\/\",\"name\":\"ENG\u0130NAR - Bionley\",\"isPartOf\":{\"@id\":\"https:\\\/\\\/bionley.com\\\/tr\\\/#website\"},\"primaryImageOfPage\":{\"@id\":\"https:\\\/\\\/bionley.com\\\/tr\\\/urun\\\/enginar-2\\\/#primaryimage\"},\"image\":{\"@id\":\"https:\\\/\\\/bionley.com\\\/tr\\\/urun\\\/enginar-2\\\/#primaryimage\"},\"thumbnailUrl\":\"https:\\\/\\\/bionley.com\\\/tr\\\/wp-content\\\/uploads\\\/2024\\\/01\\\/artichoke.jpg\",\"datePublished\":\"2024-01-07T14:52:10+00:00\",\"dateModified\":\"2024-01-30T20:37:57+00:00\",\"breadcrumb\":{\"@id\":\"https:\\\/\\\/bionley.com\\\/tr\\\/urun\\\/enginar-2\\\/#breadcrumb\"},\"inLanguage\":\"tr\",\"potentialAction\":[{\"@type\":\"ReadAction\",\"target\":[\"https:\\\/\\\/bionley.com\\\/tr\\\/urun\\\/enginar-2\\\/\"]}]},{\"@type\":\"ImageObject\",\"inLanguage\":\"tr\",\"@id\":\"https:\\\/\\\/bionley.com\\\/tr\\\/urun\\\/enginar-2\\\/#primaryimage\",\"url\":\"https:\\\/\\\/bionley.com\\\/tr\\\/wp-content\\\/uploads\\\/2024\\\/01\\\/artichoke.jpg\",\"contentUrl\":\"https:\\\/\\\/bionley.com\\\/tr\\\/wp-content\\\/uploads\\\/2024\\\/01\\\/artichoke.jpg\",\"width\":1500,\"height\":1500},{\"@type\":\"BreadcrumbList\",\"@id\":\"https:\\\/\\\/bionley.com\\\/tr\\\/urun\\\/enginar-2\\\/#breadcrumb\",\"itemListElement\":[{\"@type\":\"ListItem\",\"position\":1,\"name\":\"Anasayfa\",\"item\":\"https:\\\/\\\/bionley.com\\\/tr\\\/\"},{\"@type\":\"ListItem\",\"position\":2,\"name\":\"\u00dcr\u00fcnler\",\"item\":\"https:\\\/\\\/bionley.com\\\/tr\\\/shop\\\/\"},{\"@type\":\"ListItem\",\"position\":3,\"name\":\"ENG\u0130NAR\"}]},{\"@type\":\"WebSite\",\"@id\":\"https:\\\/\\\/bionley.com\\\/tr\\\/#website\",\"url\":\"https:\\\/\\\/bionley.com\\\/tr\\\/\",\"name\":\"Bionley\",\"description\":\"\",\"publisher\":{\"@id\":\"https:\\\/\\\/bionley.com\\\/tr\\\/#organization\"},\"potentialAction\":[{\"@type\":\"SearchAction\",\"target\":{\"@type\":\"EntryPoint\",\"urlTemplate\":\"https:\\\/\\\/bionley.com\\\/tr\\\/?s={search_term_string}\"},\"query-input\":{\"@type\":\"PropertyValueSpecification\",\"valueRequired\":true,\"valueName\":\"search_term_string\"}}],\"inLanguage\":\"tr\"},{\"@type\":[\"Organization\",\"Place\",\"Corporation\"],\"@id\":\"https:\\\/\\\/bionley.com\\\/tr\\\/#organization\",\"name\":\"Bionley Biyoteknoloji A.\u015e\",\"url\":\"https:\\\/\\\/bionley.com\\\/tr\\\/\",\"logo\":{\"@id\":\"https:\\\/\\\/bionley.com\\\/tr\\\/urun\\\/enginar-2\\\/#local-main-organization-logo\"},\"image\":{\"@id\":\"https:\\\/\\\/bionley.com\\\/tr\\\/urun\\\/enginar-2\\\/#local-main-organization-logo\"},\"sameAs\":[\"https:\\\/\\\/www.facebook.com\\\/profile.php?id=61554875321542&locale=tr_TR\",\"https:\\\/\\\/x.com\\\/bionleyBion\",\"https:\\\/\\\/www.instagram.com\\\/bionleycom\\\/\"],\"description\":\"Bitkilerden standardize ekstre elde edilmesi ve elde edilen ekstrelerden de\u011ferli molek\u00fcllerin safla\u015ft\u0131r\u0131lmas\u0131 ve end\u00fcstriyel \u00f6l\u00e7ekte \u00fcretiminin yap\u0131lmas\u0131, \u00f6zellikle tar\u0131msal at\u0131klar ve t\u0131bbi aromatik bitkilerden y\u00fcksek katma de\u011ferli \u00fcr\u00fcnler elde etme \u00fczerine 20 y\u0131l\u0131 a\u015fk\u0131n s\u00fcredir \u00e7al\u0131\u015fmalar yapmaktay\u0131z. Gaziemir Sarn\u0131\u00e7 sanayi b\u00f6lgesinde faaliyet g\u00f6steren Bionley Biyoteknoloji A.\u015e \u015firketimiz i\u015f ortaklar\u0131m\u0131za \u00f6zel Ar-Ge \u00e7al\u0131\u015fmalar\u0131 ile inovatif \u00fcr\u00fcnler geli\u015ftirmekte ve \u00dclkemizin bu konularda d\u0131\u015far\u0131ya olan ba\u011f\u0131ml\u0131l\u0131\u011f\u0131n\u0131 azaltmaktay\u0131z. \u00d6zellikle Astragalus (Geven) ve Ruscus (Tav\u015fan memesi) bitkilerinin de\u011ferli molek\u00fcllerinin y\u00fcksek safl\u0131kta elde edilmesi ve end\u00fcstriyel \u00f6l\u00e7ekte \u00fcretimini ger\u00e7ekle\u015ftirmekteyiz . T\u00fcrkiye'de yeti\u015fen bitkilerin standardize olarak ekstrelerinin \u00fcretimini ger\u00e7ekle\u015ftirmektedir. Ayr\u0131ca Spray Dryer (p\u00fcsk\u00fcrtmeli kurutucu), Freeze Dryer, Tray Dryer, Rotocone Dryer v.b. cihazlar\u0131n tasar\u0131m ve optizasyonunu yapan bir firmad\u0131r.\",\"legalName\":\"B\u0130ONLEY B\u0130YOTEKNOLOJ\u0130 A.\u015e\",\"foundingDate\":\"2023-05-23\",\"numberOfEmployees\":{\"@type\":\"QuantitativeValue\",\"minValue\":\"1\",\"maxValue\":\"10\"},\"address\":{\"@id\":\"https:\\\/\\\/bionley.com\\\/tr\\\/urun\\\/enginar-2\\\/#local-main-place-address\"},\"telephone\":[\"05332783176\"],\"openingHoursSpecification\":[{\"@type\":\"OpeningHoursSpecification\",\"dayOfWeek\":[\"Monday\"],\"opens\":\"09:00\",\"closes\":\"18:00\"},{\"@type\":\"OpeningHoursSpecification\",\"dayOfWeek\":[\"Tuesday\",\"Wednesday\",\"Thursday\",\"Friday\",\"Saturday\"],\"opens\":\"09:00\",\"closes\":\"17:00\"},{\"@type\":\"OpeningHoursSpecification\",\"dayOfWeek\":[\"Sunday\"],\"opens\":\"00:00\",\"closes\":\"00:00\"}],\"email\":\"info@bionley.com\"},{\"@type\":\"PostalAddress\",\"@id\":\"https:\\\/\\\/bionley.com\\\/tr\\\/urun\\\/enginar-2\\\/#local-main-place-address\",\"streetAddress\":\"Fatih Mahallesi 1178 sokak no 5B Gaziemir \u0130ZM\u0130R\",\"addressLocality\":\"GAZ\u0130EM\u0130R\",\"postalCode\":\"35410\",\"addressRegion\":\"\u0130ZM\u0130R\",\"addressCountry\":\"TR\"},{\"@type\":\"ImageObject\",\"inLanguage\":\"tr\",\"@id\":\"https:\\\/\\\/bionley.com\\\/tr\\\/urun\\\/enginar-2\\\/#local-main-organization-logo\",\"url\":\"https:\\\/\\\/bionley.com\\\/tr\\\/wp-content\\\/uploads\\\/2026\\\/01\\\/Adsiz-tasarim-1.png\",\"contentUrl\":\"https:\\\/\\\/bionley.com\\\/tr\\\/wp-content\\\/uploads\\\/2026\\\/01\\\/Adsiz-tasarim-1.png\",\"width\":1280,\"height\":439,\"caption\":\"Bionley Biyoteknoloji A.\u015e\"}]}<\/script>\n<meta name=\"geo.placename\" content=\"GAZ\u0130EM\u0130R\" \/>\n<meta name=\"geo.region\" content=\"T\u00fcrkiye\" \/>\n<!-- \/ Yoast SEO Premium plugin. -->","yoast_head_json":{"title":"ENG\u0130NAR - Bionley","robots":{"index":"index","follow":"follow","max-snippet":"max-snippet:-1","max-image-preview":"max-image-preview:large","max-video-preview":"max-video-preview:-1"},"canonical":"https:\/\/bionley.com\/tr\/urun\/enginar-2\/","og_locale":"tr_TR","og_type":"article","og_title":"ENG\u0130NAR","og_description":"Cynara Scolymus Chlorogenic Asit - UV Ile Cynarin","og_url":"https:\/\/bionley.com\/tr\/urun\/enginar-2\/","og_site_name":"Bionley","article_publisher":"https:\/\/www.facebook.com\/profile.php?id=61554875321542&locale=tr_TR","article_modified_time":"2024-01-30T20:37:57+00:00","og_image":[{"width":1500,"height":1500,"url":"https:\/\/bionley.com\/tr\/wp-content\/uploads\/2024\/01\/artichoke.jpg","type":"image\/jpeg"}],"twitter_card":"summary_large_image","twitter_site":"@bionleyBion","twitter_misc":{"Tahmini okuma s\u00fcresi":"4 dakika"},"schema":{"@context":"https:\/\/schema.org","@graph":[{"@type":"WebPage","@id":"https:\/\/bionley.com\/tr\/urun\/enginar-2\/","url":"https:\/\/bionley.com\/tr\/urun\/enginar-2\/","name":"ENG\u0130NAR - Bionley","isPartOf":{"@id":"https:\/\/bionley.com\/tr\/#website"},"primaryImageOfPage":{"@id":"https:\/\/bionley.com\/tr\/urun\/enginar-2\/#primaryimage"},"image":{"@id":"https:\/\/bionley.com\/tr\/urun\/enginar-2\/#primaryimage"},"thumbnailUrl":"https:\/\/bionley.com\/tr\/wp-content\/uploads\/2024\/01\/artichoke.jpg","datePublished":"2024-01-07T14:52:10+00:00","dateModified":"2024-01-30T20:37:57+00:00","breadcrumb":{"@id":"https:\/\/bionley.com\/tr\/urun\/enginar-2\/#breadcrumb"},"inLanguage":"tr","potentialAction":[{"@type":"ReadAction","target":["https:\/\/bionley.com\/tr\/urun\/enginar-2\/"]}]},{"@type":"ImageObject","inLanguage":"tr","@id":"https:\/\/bionley.com\/tr\/urun\/enginar-2\/#primaryimage","url":"https:\/\/bionley.com\/tr\/wp-content\/uploads\/2024\/01\/artichoke.jpg","contentUrl":"https:\/\/bionley.com\/tr\/wp-content\/uploads\/2024\/01\/artichoke.jpg","width":1500,"height":1500},{"@type":"BreadcrumbList","@id":"https:\/\/bionley.com\/tr\/urun\/enginar-2\/#breadcrumb","itemListElement":[{"@type":"ListItem","position":1,"name":"Anasayfa","item":"https:\/\/bionley.com\/tr\/"},{"@type":"ListItem","position":2,"name":"\u00dcr\u00fcnler","item":"https:\/\/bionley.com\/tr\/shop\/"},{"@type":"ListItem","position":3,"name":"ENG\u0130NAR"}]},{"@type":"WebSite","@id":"https:\/\/bionley.com\/tr\/#website","url":"https:\/\/bionley.com\/tr\/","name":"Bionley","description":"","publisher":{"@id":"https:\/\/bionley.com\/tr\/#organization"},"potentialAction":[{"@type":"SearchAction","target":{"@type":"EntryPoint","urlTemplate":"https:\/\/bionley.com\/tr\/?s={search_term_string}"},"query-input":{"@type":"PropertyValueSpecification","valueRequired":true,"valueName":"search_term_string"}}],"inLanguage":"tr"},{"@type":["Organization","Place","Corporation"],"@id":"https:\/\/bionley.com\/tr\/#organization","name":"Bionley Biyoteknoloji A.\u015e","url":"https:\/\/bionley.com\/tr\/","logo":{"@id":"https:\/\/bionley.com\/tr\/urun\/enginar-2\/#local-main-organization-logo"},"image":{"@id":"https:\/\/bionley.com\/tr\/urun\/enginar-2\/#local-main-organization-logo"},"sameAs":["https:\/\/www.facebook.com\/profile.php?id=61554875321542&locale=tr_TR","https:\/\/x.com\/bionleyBion","https:\/\/www.instagram.com\/bionleycom\/"],"description":"Bitkilerden standardize ekstre elde edilmesi ve elde edilen ekstrelerden de\u011ferli molek\u00fcllerin safla\u015ft\u0131r\u0131lmas\u0131 ve end\u00fcstriyel \u00f6l\u00e7ekte \u00fcretiminin yap\u0131lmas\u0131, \u00f6zellikle tar\u0131msal at\u0131klar ve t\u0131bbi aromatik bitkilerden y\u00fcksek katma de\u011ferli \u00fcr\u00fcnler elde etme \u00fczerine 20 y\u0131l\u0131 a\u015fk\u0131n s\u00fcredir \u00e7al\u0131\u015fmalar yapmaktay\u0131z. Gaziemir Sarn\u0131\u00e7 sanayi b\u00f6lgesinde faaliyet g\u00f6steren Bionley Biyoteknoloji A.\u015e \u015firketimiz i\u015f ortaklar\u0131m\u0131za \u00f6zel Ar-Ge \u00e7al\u0131\u015fmalar\u0131 ile inovatif \u00fcr\u00fcnler geli\u015ftirmekte ve \u00dclkemizin bu konularda d\u0131\u015far\u0131ya olan ba\u011f\u0131ml\u0131l\u0131\u011f\u0131n\u0131 azaltmaktay\u0131z. \u00d6zellikle Astragalus (Geven) ve Ruscus (Tav\u015fan memesi) bitkilerinin de\u011ferli molek\u00fcllerinin y\u00fcksek safl\u0131kta elde edilmesi ve end\u00fcstriyel \u00f6l\u00e7ekte \u00fcretimini ger\u00e7ekle\u015ftirmekteyiz . T\u00fcrkiye'de yeti\u015fen bitkilerin standardize olarak ekstrelerinin \u00fcretimini ger\u00e7ekle\u015ftirmektedir. Ayr\u0131ca Spray Dryer (p\u00fcsk\u00fcrtmeli kurutucu), Freeze Dryer, Tray Dryer, Rotocone Dryer v.b. cihazlar\u0131n tasar\u0131m ve optizasyonunu yapan bir firmad\u0131r.","legalName":"B\u0130ONLEY B\u0130YOTEKNOLOJ\u0130 A.\u015e","foundingDate":"2023-05-23","numberOfEmployees":{"@type":"QuantitativeValue","minValue":"1","maxValue":"10"},"address":{"@id":"https:\/\/bionley.com\/tr\/urun\/enginar-2\/#local-main-place-address"},"telephone":["05332783176"],"openingHoursSpecification":[{"@type":"OpeningHoursSpecification","dayOfWeek":["Monday"],"opens":"09:00","closes":"18:00"},{"@type":"OpeningHoursSpecification","dayOfWeek":["Tuesday","Wednesday","Thursday","Friday","Saturday"],"opens":"09:00","closes":"17:00"},{"@type":"OpeningHoursSpecification","dayOfWeek":["Sunday"],"opens":"00:00","closes":"00:00"}],"email":"info@bionley.com"},{"@type":"PostalAddress","@id":"https:\/\/bionley.com\/tr\/urun\/enginar-2\/#local-main-place-address","streetAddress":"Fatih Mahallesi 1178 sokak no 5B Gaziemir \u0130ZM\u0130R","addressLocality":"GAZ\u0130EM\u0130R","postalCode":"35410","addressRegion":"\u0130ZM\u0130R","addressCountry":"TR"},{"@type":"ImageObject","inLanguage":"tr","@id":"https:\/\/bionley.com\/tr\/urun\/enginar-2\/#local-main-organization-logo","url":"https:\/\/bionley.com\/tr\/wp-content\/uploads\/2026\/01\/Adsiz-tasarim-1.png","contentUrl":"https:\/\/bionley.com\/tr\/wp-content\/uploads\/2026\/01\/Adsiz-tasarim-1.png","width":1280,"height":439,"caption":"Bionley Biyoteknoloji A.\u015e"}]},"geo.placename":"GAZ\u0130EM\u0130R","geo.region":"T\u00fcrkiye"},"_links":{"self":[{"href":"https:\/\/bionley.com\/tr\/wp-json\/wp\/v2\/product\/131083","targetHints":{"allow":["GET"]}}],"collection":[{"href":"https:\/\/bionley.com\/tr\/wp-json\/wp\/v2\/product"}],"about":[{"href":"https:\/\/bionley.com\/tr\/wp-json\/wp\/v2\/types\/product"}],"replies":[{"embeddable":true,"href":"https:\/\/bionley.com\/tr\/wp-json\/wp\/v2\/comments?post=131083"}],"wp:featuredmedia":[{"embeddable":true,"href":"https:\/\/bionley.com\/tr\/wp-json\/wp\/v2\/media\/131183"}],"wp:attachment":[{"href":"https:\/\/bionley.com\/tr\/wp-json\/wp\/v2\/media?parent=131083"}],"wp:term":[{"taxonomy":"product_brand","embeddable":true,"href":"https:\/\/bionley.com\/tr\/wp-json\/wp\/v2\/product_brand?post=131083"},{"taxonomy":"product_cat","embeddable":true,"href":"https:\/\/bionley.com\/tr\/wp-json\/wp\/v2\/product_cat?post=131083"},{"taxonomy":"product_tag","embeddable":true,"href":"https:\/\/bionley.com\/tr\/wp-json\/wp\/v2\/product_tag?post=131083"}],"curies":[{"name":"wp","href":"https:\/\/api.w.org\/{rel}","templated":true}]}}