{"id":131085,"date":"2024-01-07T18:02:21","date_gmt":"2024-01-07T15:02:21","guid":{"rendered":"http:\/\/demo.bionley.com\/?post_type=product&#038;p=131085"},"modified":"2026-02-21T17:30:50","modified_gmt":"2026-02-21T14:30:50","slug":"tavsan-memesi-ruscus-aculeatus","status":"publish","type":"product","link":"https:\/\/bionley.com\/tr\/urun\/tavsan-memesi-ruscus-aculeatus\/","title":{"rendered":"TAV\u015eAN MEMES\u0130 RUSCUS ACULEATUS"},"content":{"rendered":"<div class=\"wpb-content-wrapper\"><p>[vc_row][vc_column][vc_column_text uncode_shortcode_id=&#8221;258964&#8243;]Tav\u015fan memesi bitkisi, Asya ve Avrupa&#8217;da yeti\u015fen bir bitki t\u00fcr\u00fcd\u00fcr. \u0130\u00e7eri\u011finde bulunan flavonoidler, antioksidanlar ve antienflamatuar bile\u015fikler nedeniyle, bir\u00e7ok farkl\u0131 end\u00fcstride kullan\u0131lmaktad\u0131r.<\/p>\n<p>Tav\u015fan memesi toz ekstrakt\u0131n\u0131n faydalar\u0131 aras\u0131nda \u00f6zellikle kad\u0131nlar\u0131n \u00f6strojenik etkisi say\u0131labilir. Kad\u0131nlar i\u00e7in menopoz semptomlar\u0131n\u0131 hafifletmeye, kemik yo\u011funlu\u011funu art\u0131rmaya ve kardiyovask\u00fcler sa\u011fl\u0131\u011f\u0131 iyile\u015ftirmeye yard\u0131mc\u0131 faydalar\u0131 bulunmaktad\u0131r. Ayr\u0131ca, antienflamatuar \u00f6zellikleri sayesinde, romatoid artrit gibi kronik iltihapl\u0131 hastal\u0131klar\u0131n tedavisine yard\u0131mc\u0131 olmaktad\u0131r.<\/p>\n<p>Tav\u015fan memesi toz ekstrakt\u0131, i\u00e7erdi\u011fi bile\u015fikler sayesinde cilt sa\u011fl\u0131\u011f\u0131 i\u00e7in de yararl\u0131d\u0131r. Flavonoidler, antioksidan etkileri nedeniyle ciltteki serbest radikalleri azaltmaya yard\u0131mc\u0131 olur. Antienflamatuar etkileri sayesinde akne ve sivilce gibi cilt problemlerinin tedavisinde yard\u0131mc\u0131 olur.<\/p>\n<p>Tav\u015fan memesi toz ekstrakt\u0131n\u0131n i\u00e7erdi\u011fi etken maddeler aras\u0131nda flavonoidler, sterol bile\u015fikleri ve triterpenoidler bulunur. Flavonoidler, bitkilerin pigmentlerinden sorumlu olan bile\u015fiklerdir ve antioksidan etkileri nedeniyle sa\u011fl\u0131k i\u00e7in faydal\u0131d\u0131r. Sterol bile\u015fikleri, bitkilerde bulunan do\u011fal steroidlerdir ve kolesterol seviyelerini d\u00fc\u015f\u00fcrmeye yard\u0131mc\u0131 olur. Triterpenoidler ise bitkilerin savunma mekanizmalar\u0131nda rol oynayan bile\u015fiklerdir ve antienflamatuar \u00f6zellikleri nedeniyle sa\u011fl\u0131k i\u00e7in faydal\u0131d\u0131rlar.<\/p>\n<p>Tav\u015fan memesi toz ekstrakt\u0131, bir\u00e7ok end\u00fcstride kullan\u0131lmaktad\u0131r. Kozmetik end\u00fcstrisi, tav\u015fan memesi toz ekstrakt\u0131n\u0131 anti-aging \u00fcr\u00fcnleri, cilt bak\u0131m \u00fcr\u00fcnleri ve sa\u00e7 bak\u0131m \u00fcr\u00fcnleri gibi \u00fcr\u00fcnlerin \u00fcretiminde kullan\u0131r. Ayr\u0131ca, tav\u015fan memesi toz ekstrakt\u0131, g\u0131da takviyeleri, bitkisel ila\u00e7lar ve do\u011fal sa\u011fl\u0131k \u00fcr\u00fcnleri gibi \u00fcr\u00fcnlerin \u00fcretiminde de kullan\u0131l\u0131r.<\/p>\n<p>Kozmetik \u00fcr\u00fcnlerde, Ruscus aculeatus \u00f6z\u00fc genellikle ya\u015flanma kar\u015f\u0131t\u0131 etkileri ve cildi nemlendirmesi i\u00e7in kullan\u0131l\u0131r. Ayr\u0131ca antioksidan \u00f6zelliklerinden dolay\u0131 ciltteki serbest radikallerin etkilerini azaltabilir. Baz\u0131 kozmetik \u00fcr\u00fcnlerde, Ruscus aculeatus ciltteki lekelerin ve k\u0131r\u0131\u015f\u0131kl\u0131klar\u0131n g\u00f6r\u00fcn\u00fcm\u00fcn\u00fc azaltmaya da yard\u0131mc\u0131 olabilir.<\/p>\n<p>G\u0131da \u00fcr\u00fcnlerinde, Ruscus aculeatus ekstresi genellikle fonksiyonel g\u0131dalar olarak adland\u0131r\u0131lan besin de\u011feri art\u0131r\u0131lm\u0131\u015f \u00fcr\u00fcnlerde kullan\u0131l\u0131r. Bu \u00fcr\u00fcnler, ba\u011f\u0131\u015f\u0131kl\u0131k sistemi i\u015flevini art\u0131rma, antioksidan etkiler sa\u011flama ve sindirim sa\u011fl\u0131\u011f\u0131n\u0131 koruma gibi \u00f6zellikler i\u00e7erir.<\/p>\n<p>Hayvan yemi \u00fcretiminde, Ruscus aculeatus ekstresi \u00f6zellikle k\u00fcmes hayvanlar\u0131n\u0131n ba\u011f\u0131\u015f\u0131kl\u0131k sistemini desteklemek i\u00e7in kullan\u0131l\u0131r. Ayn\u0131 zamanda Ruscus aculeatus ekstresi, hayvanlar\u0131n gastrointestinal sistem sa\u011fl\u0131\u011f\u0131n\u0131n korunmas\u0131na yard\u0131mc\u0131 olan prebiyotik etkiler de sergiler.<\/p>\n<p>Bununla birlikte, Ruscus aculeatus \u00f6z\u00fct\u00fcn\u00fcn t\u00fcm bu kullan\u0131mlar\u0131, \u00fcr\u00fcnlerin etkilerinin daha fazla ara\u015ft\u0131r\u0131lmas\u0131n\u0131 ve do\u011frulanmas\u0131n\u0131 gerektirmektedir.<\/p>\n<h4>Kimyasal Bilgi<\/h4>\n<p>Tav\u015fan Memesi Ekstrakt\u0131<\/p>\n<h4>Geleneksel Kullan\u0131m<\/h4>\n<p>Ruscus ad\u0131, bu bitkiyle olan benzerli\u011fi nedeniyle Yunanca &#8220;mersin&#8221; kelimesinden gelmektedir. \u0130ngilizce ad\u0131 olan kasap s\u00fcp\u00fcrgesi, eskiden masalar\u0131nda kalan etleri bu bitkinin sap ve &#8220;yapraklar\u0131ndan&#8221; olu\u015fan bir demetle s\u00fcp\u00fcren Akdenizli kasaplardan gelmektedir. 1950 y\u0131l\u0131nda Frans\u0131z ara\u015ft\u0131rmac\u0131lar H. Lapin ve C. Sanni\u00e9, bu bitkinin k\u00f6k ve rizomlar\u0131ndaki ana saponin olan ruscogenin&#8217;i izole etmi\u015flerdir.[\/vc_column_text][\/vc_column][\/vc_row]<\/p>\n<\/div>","protected":false},"excerpt":{"rendered":"<p><em>Ruscus Aculeatus<\/em><br \/>\nUV Ile Toplam Saponin<\/p>\n","protected":false},"featured_media":131199,"comment_status":"open","ping_status":"closed","template":"","meta":[],"product_brand":[],"product_cat":[151,153],"product_tag":[],"class_list":{"0":"post-131085","1":"product","2":"type-product","3":"status-publish","4":"has-post-thumbnail","6":"product_cat-extracts","7":"product_cat-powder-extracts","9":"first","10":"instock","11":"shipping-taxable","12":"product-type-simple"},"yoast_head":"<!-- This site is optimized with the Yoast SEO Premium plugin v27.4 (Yoast SEO v27.4) - https:\/\/yoast.com\/product\/yoast-seo-premium-wordpress\/ -->\n<title>TAV\u015eAN MEMES\u0130 RUSCUS ACULEATUS - Bionley<\/title>\n<meta name=\"robots\" content=\"index, follow, max-snippet:-1, max-image-preview:large, max-video-preview:-1\" \/>\n<link rel=\"canonical\" href=\"https:\/\/bionley.com\/tr\/urun\/tavsan-memesi-ruscus-aculeatus\/\" \/>\n<meta property=\"og:locale\" content=\"tr_TR\" \/>\n<meta property=\"og:type\" content=\"article\" \/>\n<meta property=\"og:title\" content=\"TAV\u015eAN MEMES\u0130 RUSCUS ACULEATUS\" \/>\n<meta property=\"og:description\" content=\"Ruscus Aculeatus UV Ile Toplam Saponin\" \/>\n<meta property=\"og:url\" content=\"https:\/\/bionley.com\/tr\/urun\/tavsan-memesi-ruscus-aculeatus\/\" \/>\n<meta property=\"og:site_name\" content=\"Bionley\" \/>\n<meta property=\"article:publisher\" content=\"https:\/\/www.facebook.com\/profile.php?id=61554875321542&amp;locale=tr_TR\" \/>\n<meta property=\"article:modified_time\" content=\"2026-02-21T14:30:50+00:00\" \/>\n<meta property=\"og:image\" content=\"https:\/\/bionley.com\/tr\/wp-content\/uploads\/2024\/01\/ruscusaculeatus.jpg\" \/>\n\t<meta property=\"og:image:width\" content=\"1500\" \/>\n\t<meta property=\"og:image:height\" content=\"1500\" \/>\n\t<meta property=\"og:image:type\" content=\"image\/jpeg\" \/>\n<meta name=\"twitter:card\" content=\"summary_large_image\" \/>\n<meta name=\"twitter:site\" content=\"@bionleyBion\" \/>\n<meta name=\"twitter:label1\" content=\"Tahmini okuma s\u00fcresi\" \/>\n\t<meta name=\"twitter:data1\" content=\"3 dakika\" \/>\n<script type=\"application\/ld+json\" class=\"yoast-schema-graph\">{\"@context\":\"https:\\\/\\\/schema.org\",\"@graph\":[{\"@type\":\"WebPage\",\"@id\":\"https:\\\/\\\/bionley.com\\\/tr\\\/urun\\\/tavsan-memesi-ruscus-aculeatus\\\/\",\"url\":\"https:\\\/\\\/bionley.com\\\/tr\\\/urun\\\/tavsan-memesi-ruscus-aculeatus\\\/\",\"name\":\"TAV\u015eAN MEMES\u0130 RUSCUS ACULEATUS - Bionley\",\"isPartOf\":{\"@id\":\"https:\\\/\\\/bionley.com\\\/tr\\\/#website\"},\"primaryImageOfPage\":{\"@id\":\"https:\\\/\\\/bionley.com\\\/tr\\\/urun\\\/tavsan-memesi-ruscus-aculeatus\\\/#primaryimage\"},\"image\":{\"@id\":\"https:\\\/\\\/bionley.com\\\/tr\\\/urun\\\/tavsan-memesi-ruscus-aculeatus\\\/#primaryimage\"},\"thumbnailUrl\":\"https:\\\/\\\/bionley.com\\\/tr\\\/wp-content\\\/uploads\\\/2024\\\/01\\\/ruscusaculeatus.jpg\",\"datePublished\":\"2024-01-07T15:02:21+00:00\",\"dateModified\":\"2026-02-21T14:30:50+00:00\",\"breadcrumb\":{\"@id\":\"https:\\\/\\\/bionley.com\\\/tr\\\/urun\\\/tavsan-memesi-ruscus-aculeatus\\\/#breadcrumb\"},\"inLanguage\":\"tr\",\"potentialAction\":[{\"@type\":\"ReadAction\",\"target\":[\"https:\\\/\\\/bionley.com\\\/tr\\\/urun\\\/tavsan-memesi-ruscus-aculeatus\\\/\"]}]},{\"@type\":\"ImageObject\",\"inLanguage\":\"tr\",\"@id\":\"https:\\\/\\\/bionley.com\\\/tr\\\/urun\\\/tavsan-memesi-ruscus-aculeatus\\\/#primaryimage\",\"url\":\"https:\\\/\\\/bionley.com\\\/tr\\\/wp-content\\\/uploads\\\/2024\\\/01\\\/ruscusaculeatus.jpg\",\"contentUrl\":\"https:\\\/\\\/bionley.com\\\/tr\\\/wp-content\\\/uploads\\\/2024\\\/01\\\/ruscusaculeatus.jpg\",\"width\":1500,\"height\":1500},{\"@type\":\"BreadcrumbList\",\"@id\":\"https:\\\/\\\/bionley.com\\\/tr\\\/urun\\\/tavsan-memesi-ruscus-aculeatus\\\/#breadcrumb\",\"itemListElement\":[{\"@type\":\"ListItem\",\"position\":1,\"name\":\"Anasayfa\",\"item\":\"https:\\\/\\\/bionley.com\\\/tr\\\/\"},{\"@type\":\"ListItem\",\"position\":2,\"name\":\"\u00dcr\u00fcnler\",\"item\":\"https:\\\/\\\/bionley.com\\\/tr\\\/shop\\\/\"},{\"@type\":\"ListItem\",\"position\":3,\"name\":\"TAV\u015eAN MEMES\u0130 RUSCUS ACULEATUS\"}]},{\"@type\":\"WebSite\",\"@id\":\"https:\\\/\\\/bionley.com\\\/tr\\\/#website\",\"url\":\"https:\\\/\\\/bionley.com\\\/tr\\\/\",\"name\":\"Bionley\",\"description\":\"\",\"publisher\":{\"@id\":\"https:\\\/\\\/bionley.com\\\/tr\\\/#organization\"},\"potentialAction\":[{\"@type\":\"SearchAction\",\"target\":{\"@type\":\"EntryPoint\",\"urlTemplate\":\"https:\\\/\\\/bionley.com\\\/tr\\\/?s={search_term_string}\"},\"query-input\":{\"@type\":\"PropertyValueSpecification\",\"valueRequired\":true,\"valueName\":\"search_term_string\"}}],\"inLanguage\":\"tr\"},{\"@type\":[\"Organization\",\"Place\",\"Corporation\"],\"@id\":\"https:\\\/\\\/bionley.com\\\/tr\\\/#organization\",\"name\":\"Bionley Biyoteknoloji A.\u015e\",\"url\":\"https:\\\/\\\/bionley.com\\\/tr\\\/\",\"logo\":{\"@id\":\"https:\\\/\\\/bionley.com\\\/tr\\\/urun\\\/tavsan-memesi-ruscus-aculeatus\\\/#local-main-organization-logo\"},\"image\":{\"@id\":\"https:\\\/\\\/bionley.com\\\/tr\\\/urun\\\/tavsan-memesi-ruscus-aculeatus\\\/#local-main-organization-logo\"},\"sameAs\":[\"https:\\\/\\\/www.facebook.com\\\/profile.php?id=61554875321542&locale=tr_TR\",\"https:\\\/\\\/x.com\\\/bionleyBion\",\"https:\\\/\\\/www.instagram.com\\\/bionleycom\\\/\"],\"description\":\"Bitkilerden standardize ekstre elde edilmesi ve elde edilen ekstrelerden de\u011ferli molek\u00fcllerin safla\u015ft\u0131r\u0131lmas\u0131 ve end\u00fcstriyel \u00f6l\u00e7ekte \u00fcretiminin yap\u0131lmas\u0131, \u00f6zellikle tar\u0131msal at\u0131klar ve t\u0131bbi aromatik bitkilerden y\u00fcksek katma de\u011ferli \u00fcr\u00fcnler elde etme \u00fczerine 20 y\u0131l\u0131 a\u015fk\u0131n s\u00fcredir \u00e7al\u0131\u015fmalar yapmaktay\u0131z. Gaziemir Sarn\u0131\u00e7 sanayi b\u00f6lgesinde faaliyet g\u00f6steren Bionley Biyoteknoloji A.\u015e \u015firketimiz i\u015f ortaklar\u0131m\u0131za \u00f6zel Ar-Ge \u00e7al\u0131\u015fmalar\u0131 ile inovatif \u00fcr\u00fcnler geli\u015ftirmekte ve \u00dclkemizin bu konularda d\u0131\u015far\u0131ya olan ba\u011f\u0131ml\u0131l\u0131\u011f\u0131n\u0131 azaltmaktay\u0131z. \u00d6zellikle Astragalus (Geven) ve Ruscus (Tav\u015fan memesi) bitkilerinin de\u011ferli molek\u00fcllerinin y\u00fcksek safl\u0131kta elde edilmesi ve end\u00fcstriyel \u00f6l\u00e7ekte \u00fcretimini ger\u00e7ekle\u015ftirmekteyiz . T\u00fcrkiye'de yeti\u015fen bitkilerin standardize olarak ekstrelerinin \u00fcretimini ger\u00e7ekle\u015ftirmektedir. Ayr\u0131ca Spray Dryer (p\u00fcsk\u00fcrtmeli kurutucu), Freeze Dryer, Tray Dryer, Rotocone Dryer v.b. cihazlar\u0131n tasar\u0131m ve optizasyonunu yapan bir firmad\u0131r.\",\"legalName\":\"B\u0130ONLEY B\u0130YOTEKNOLOJ\u0130 A.\u015e\",\"foundingDate\":\"2023-05-23\",\"numberOfEmployees\":{\"@type\":\"QuantitativeValue\",\"minValue\":\"1\",\"maxValue\":\"10\"},\"address\":{\"@id\":\"https:\\\/\\\/bionley.com\\\/tr\\\/urun\\\/tavsan-memesi-ruscus-aculeatus\\\/#local-main-place-address\"},\"telephone\":[\"05332783176\"],\"openingHoursSpecification\":[{\"@type\":\"OpeningHoursSpecification\",\"dayOfWeek\":[\"Monday\"],\"opens\":\"09:00\",\"closes\":\"18:00\"},{\"@type\":\"OpeningHoursSpecification\",\"dayOfWeek\":[\"Tuesday\",\"Wednesday\",\"Thursday\",\"Friday\",\"Saturday\"],\"opens\":\"09:00\",\"closes\":\"17:00\"},{\"@type\":\"OpeningHoursSpecification\",\"dayOfWeek\":[\"Sunday\"],\"opens\":\"00:00\",\"closes\":\"00:00\"}],\"email\":\"info@bionley.com\"},{\"@type\":\"PostalAddress\",\"@id\":\"https:\\\/\\\/bionley.com\\\/tr\\\/urun\\\/tavsan-memesi-ruscus-aculeatus\\\/#local-main-place-address\",\"streetAddress\":\"Fatih Mahallesi 1178 sokak no 5B Gaziemir \u0130ZM\u0130R\",\"addressLocality\":\"GAZ\u0130EM\u0130R\",\"postalCode\":\"35410\",\"addressRegion\":\"\u0130ZM\u0130R\",\"addressCountry\":\"TR\"},{\"@type\":\"ImageObject\",\"inLanguage\":\"tr\",\"@id\":\"https:\\\/\\\/bionley.com\\\/tr\\\/urun\\\/tavsan-memesi-ruscus-aculeatus\\\/#local-main-organization-logo\",\"url\":\"https:\\\/\\\/bionley.com\\\/tr\\\/wp-content\\\/uploads\\\/2026\\\/01\\\/Adsiz-tasarim-1.png\",\"contentUrl\":\"https:\\\/\\\/bionley.com\\\/tr\\\/wp-content\\\/uploads\\\/2026\\\/01\\\/Adsiz-tasarim-1.png\",\"width\":1280,\"height\":439,\"caption\":\"Bionley Biyoteknoloji A.\u015e\"}]}<\/script>\n<meta name=\"geo.placename\" content=\"GAZ\u0130EM\u0130R\" \/>\n<meta name=\"geo.region\" content=\"T\u00fcrkiye\" \/>\n<!-- \/ Yoast SEO Premium plugin. -->","yoast_head_json":{"title":"TAV\u015eAN MEMES\u0130 RUSCUS ACULEATUS - Bionley","robots":{"index":"index","follow":"follow","max-snippet":"max-snippet:-1","max-image-preview":"max-image-preview:large","max-video-preview":"max-video-preview:-1"},"canonical":"https:\/\/bionley.com\/tr\/urun\/tavsan-memesi-ruscus-aculeatus\/","og_locale":"tr_TR","og_type":"article","og_title":"TAV\u015eAN MEMES\u0130 RUSCUS ACULEATUS","og_description":"Ruscus Aculeatus UV Ile Toplam Saponin","og_url":"https:\/\/bionley.com\/tr\/urun\/tavsan-memesi-ruscus-aculeatus\/","og_site_name":"Bionley","article_publisher":"https:\/\/www.facebook.com\/profile.php?id=61554875321542&locale=tr_TR","article_modified_time":"2026-02-21T14:30:50+00:00","og_image":[{"width":1500,"height":1500,"url":"https:\/\/bionley.com\/tr\/wp-content\/uploads\/2024\/01\/ruscusaculeatus.jpg","type":"image\/jpeg"}],"twitter_card":"summary_large_image","twitter_site":"@bionleyBion","twitter_misc":{"Tahmini okuma s\u00fcresi":"3 dakika"},"schema":{"@context":"https:\/\/schema.org","@graph":[{"@type":"WebPage","@id":"https:\/\/bionley.com\/tr\/urun\/tavsan-memesi-ruscus-aculeatus\/","url":"https:\/\/bionley.com\/tr\/urun\/tavsan-memesi-ruscus-aculeatus\/","name":"TAV\u015eAN MEMES\u0130 RUSCUS ACULEATUS - Bionley","isPartOf":{"@id":"https:\/\/bionley.com\/tr\/#website"},"primaryImageOfPage":{"@id":"https:\/\/bionley.com\/tr\/urun\/tavsan-memesi-ruscus-aculeatus\/#primaryimage"},"image":{"@id":"https:\/\/bionley.com\/tr\/urun\/tavsan-memesi-ruscus-aculeatus\/#primaryimage"},"thumbnailUrl":"https:\/\/bionley.com\/tr\/wp-content\/uploads\/2024\/01\/ruscusaculeatus.jpg","datePublished":"2024-01-07T15:02:21+00:00","dateModified":"2026-02-21T14:30:50+00:00","breadcrumb":{"@id":"https:\/\/bionley.com\/tr\/urun\/tavsan-memesi-ruscus-aculeatus\/#breadcrumb"},"inLanguage":"tr","potentialAction":[{"@type":"ReadAction","target":["https:\/\/bionley.com\/tr\/urun\/tavsan-memesi-ruscus-aculeatus\/"]}]},{"@type":"ImageObject","inLanguage":"tr","@id":"https:\/\/bionley.com\/tr\/urun\/tavsan-memesi-ruscus-aculeatus\/#primaryimage","url":"https:\/\/bionley.com\/tr\/wp-content\/uploads\/2024\/01\/ruscusaculeatus.jpg","contentUrl":"https:\/\/bionley.com\/tr\/wp-content\/uploads\/2024\/01\/ruscusaculeatus.jpg","width":1500,"height":1500},{"@type":"BreadcrumbList","@id":"https:\/\/bionley.com\/tr\/urun\/tavsan-memesi-ruscus-aculeatus\/#breadcrumb","itemListElement":[{"@type":"ListItem","position":1,"name":"Anasayfa","item":"https:\/\/bionley.com\/tr\/"},{"@type":"ListItem","position":2,"name":"\u00dcr\u00fcnler","item":"https:\/\/bionley.com\/tr\/shop\/"},{"@type":"ListItem","position":3,"name":"TAV\u015eAN MEMES\u0130 RUSCUS ACULEATUS"}]},{"@type":"WebSite","@id":"https:\/\/bionley.com\/tr\/#website","url":"https:\/\/bionley.com\/tr\/","name":"Bionley","description":"","publisher":{"@id":"https:\/\/bionley.com\/tr\/#organization"},"potentialAction":[{"@type":"SearchAction","target":{"@type":"EntryPoint","urlTemplate":"https:\/\/bionley.com\/tr\/?s={search_term_string}"},"query-input":{"@type":"PropertyValueSpecification","valueRequired":true,"valueName":"search_term_string"}}],"inLanguage":"tr"},{"@type":["Organization","Place","Corporation"],"@id":"https:\/\/bionley.com\/tr\/#organization","name":"Bionley Biyoteknoloji A.\u015e","url":"https:\/\/bionley.com\/tr\/","logo":{"@id":"https:\/\/bionley.com\/tr\/urun\/tavsan-memesi-ruscus-aculeatus\/#local-main-organization-logo"},"image":{"@id":"https:\/\/bionley.com\/tr\/urun\/tavsan-memesi-ruscus-aculeatus\/#local-main-organization-logo"},"sameAs":["https:\/\/www.facebook.com\/profile.php?id=61554875321542&locale=tr_TR","https:\/\/x.com\/bionleyBion","https:\/\/www.instagram.com\/bionleycom\/"],"description":"Bitkilerden standardize ekstre elde edilmesi ve elde edilen ekstrelerden de\u011ferli molek\u00fcllerin safla\u015ft\u0131r\u0131lmas\u0131 ve end\u00fcstriyel \u00f6l\u00e7ekte \u00fcretiminin yap\u0131lmas\u0131, \u00f6zellikle tar\u0131msal at\u0131klar ve t\u0131bbi aromatik bitkilerden y\u00fcksek katma de\u011ferli \u00fcr\u00fcnler elde etme \u00fczerine 20 y\u0131l\u0131 a\u015fk\u0131n s\u00fcredir \u00e7al\u0131\u015fmalar yapmaktay\u0131z. Gaziemir Sarn\u0131\u00e7 sanayi b\u00f6lgesinde faaliyet g\u00f6steren Bionley Biyoteknoloji A.\u015e \u015firketimiz i\u015f ortaklar\u0131m\u0131za \u00f6zel Ar-Ge \u00e7al\u0131\u015fmalar\u0131 ile inovatif \u00fcr\u00fcnler geli\u015ftirmekte ve \u00dclkemizin bu konularda d\u0131\u015far\u0131ya olan ba\u011f\u0131ml\u0131l\u0131\u011f\u0131n\u0131 azaltmaktay\u0131z. \u00d6zellikle Astragalus (Geven) ve Ruscus (Tav\u015fan memesi) bitkilerinin de\u011ferli molek\u00fcllerinin y\u00fcksek safl\u0131kta elde edilmesi ve end\u00fcstriyel \u00f6l\u00e7ekte \u00fcretimini ger\u00e7ekle\u015ftirmekteyiz . T\u00fcrkiye'de yeti\u015fen bitkilerin standardize olarak ekstrelerinin \u00fcretimini ger\u00e7ekle\u015ftirmektedir. Ayr\u0131ca Spray Dryer (p\u00fcsk\u00fcrtmeli kurutucu), Freeze Dryer, Tray Dryer, Rotocone Dryer v.b. cihazlar\u0131n tasar\u0131m ve optizasyonunu yapan bir firmad\u0131r.","legalName":"B\u0130ONLEY B\u0130YOTEKNOLOJ\u0130 A.\u015e","foundingDate":"2023-05-23","numberOfEmployees":{"@type":"QuantitativeValue","minValue":"1","maxValue":"10"},"address":{"@id":"https:\/\/bionley.com\/tr\/urun\/tavsan-memesi-ruscus-aculeatus\/#local-main-place-address"},"telephone":["05332783176"],"openingHoursSpecification":[{"@type":"OpeningHoursSpecification","dayOfWeek":["Monday"],"opens":"09:00","closes":"18:00"},{"@type":"OpeningHoursSpecification","dayOfWeek":["Tuesday","Wednesday","Thursday","Friday","Saturday"],"opens":"09:00","closes":"17:00"},{"@type":"OpeningHoursSpecification","dayOfWeek":["Sunday"],"opens":"00:00","closes":"00:00"}],"email":"info@bionley.com"},{"@type":"PostalAddress","@id":"https:\/\/bionley.com\/tr\/urun\/tavsan-memesi-ruscus-aculeatus\/#local-main-place-address","streetAddress":"Fatih Mahallesi 1178 sokak no 5B Gaziemir \u0130ZM\u0130R","addressLocality":"GAZ\u0130EM\u0130R","postalCode":"35410","addressRegion":"\u0130ZM\u0130R","addressCountry":"TR"},{"@type":"ImageObject","inLanguage":"tr","@id":"https:\/\/bionley.com\/tr\/urun\/tavsan-memesi-ruscus-aculeatus\/#local-main-organization-logo","url":"https:\/\/bionley.com\/tr\/wp-content\/uploads\/2026\/01\/Adsiz-tasarim-1.png","contentUrl":"https:\/\/bionley.com\/tr\/wp-content\/uploads\/2026\/01\/Adsiz-tasarim-1.png","width":1280,"height":439,"caption":"Bionley Biyoteknoloji A.\u015e"}]},"geo.placename":"GAZ\u0130EM\u0130R","geo.region":"T\u00fcrkiye"},"_links":{"self":[{"href":"https:\/\/bionley.com\/tr\/wp-json\/wp\/v2\/product\/131085","targetHints":{"allow":["GET"]}}],"collection":[{"href":"https:\/\/bionley.com\/tr\/wp-json\/wp\/v2\/product"}],"about":[{"href":"https:\/\/bionley.com\/tr\/wp-json\/wp\/v2\/types\/product"}],"replies":[{"embeddable":true,"href":"https:\/\/bionley.com\/tr\/wp-json\/wp\/v2\/comments?post=131085"}],"wp:featuredmedia":[{"embeddable":true,"href":"https:\/\/bionley.com\/tr\/wp-json\/wp\/v2\/media\/131199"}],"wp:attachment":[{"href":"https:\/\/bionley.com\/tr\/wp-json\/wp\/v2\/media?parent=131085"}],"wp:term":[{"taxonomy":"product_brand","embeddable":true,"href":"https:\/\/bionley.com\/tr\/wp-json\/wp\/v2\/product_brand?post=131085"},{"taxonomy":"product_cat","embeddable":true,"href":"https:\/\/bionley.com\/tr\/wp-json\/wp\/v2\/product_cat?post=131085"},{"taxonomy":"product_tag","embeddable":true,"href":"https:\/\/bionley.com\/tr\/wp-json\/wp\/v2\/product_tag?post=131085"}],"curies":[{"name":"wp","href":"https:\/\/api.w.org\/{rel}","templated":true}]}}