{"id":131095,"date":"2024-01-07T18:14:23","date_gmt":"2024-01-07T15:14:23","guid":{"rendered":"http:\/\/demo.bionley.com\/?post_type=product&#038;p=131095"},"modified":"2024-01-31T01:22:57","modified_gmt":"2024-01-30T22:22:57","slug":"yesil-cay-2","status":"publish","type":"product","link":"https:\/\/bionley.com\/tr\/urun\/yesil-cay-2\/","title":{"rendered":"YE\u015e\u0130L \u00c7AY"},"content":{"rendered":"<p>Ye\u015fil \u00e7ay, do\u011fal bir bitki kayna\u011f\u0131 olup, tarihsel olarak sa\u011fl\u0131k yararlar\u0131ndan dolay\u0131 Asya&#8217;da pop\u00fcler bir i\u00e7ecek olmu\u015ftur. Son y\u0131llarda ye\u015fil \u00e7ay\u0131n sa\u011fl\u0131k yararlar\u0131na y\u00f6nelik ara\u015ft\u0131rmalar, ye\u015fil \u00e7ay\u0131n toz ekstrakt\u0131n\u0131n t\u00fcketilmesinin bir\u00e7ok faydas\u0131 oldu\u011funu ortaya koymu\u015ftur. Ye\u015fil \u00e7ay toz ekstrakt\u0131, ye\u015fil \u00e7ay yapraklar\u0131ndan yap\u0131lan ve suyu \u00e7\u0131kar\u0131lm\u0131\u015f bir \u00f6z\u00fctten olu\u015fur. Bu \u00f6z\u00fct, ye\u015fil \u00e7ay\u0131n antioksidan ve antiinflamatuar \u00f6zelliklerinden yararlanmak isteyen end\u00fcstrilerde kullan\u0131l\u0131r.<\/p>\n<p>Ye\u015fil \u00e7ay\u00a0toz ekstrakt\u0131n\u0131n\u00a0ana etken maddesi, epigallocatechin gallate\u00a0(EGCG)\u00a0ad\u0131 verilen bir flavonoiddir. Flavonoidler, do\u011fal bir bitki kayna\u011f\u0131 olan fitokimyasallar olup, bitkilerin renklerinden sorumludur ve bir\u00e7ok sa\u011fl\u0131k yarar\u0131na sahip olabilirler. EGCG, ye\u015fil \u00e7ayda bulunan en yayg\u0131n flavonoiddir ve antioksidan etkileriyle bilinir. Antioksidanlar, v\u00fccudun serbest radikallerle m\u00fccadele etmesine yard\u0131mc\u0131 olur ve h\u00fccre hasar\u0131n\u0131n \u00f6nlenmesine yard\u0131mc\u0131 olur. Bu nedenle, EGCG i\u00e7eren ye\u015fil \u00e7ay toz ekstrakt\u0131, antioksidan \u00f6zellikleri nedeniyle bir\u00e7ok end\u00fcstride kullan\u0131l\u0131r.<\/p>\n<p><strong>Kozmetik end\u00fcstrisi<\/strong>, ye\u015fil \u00e7ay toz ekstrakt\u0131n\u0131 cilt bak\u0131m\u0131 \u00fcr\u00fcnlerinde kullan\u0131r. Antioksidanlar, cildin ya\u015flanmas\u0131n\u0131 \u00f6nlemeye yard\u0131mc\u0131 olur ve cilt hasar\u0131n\u0131 azalt\u0131r. Ye\u015fil \u00e7ay toz ekstrakt\u0131, cildi nemlendirir, cildin tonunu dengelemeye yard\u0131mc\u0131 olur ve cildin esnekli\u011fini art\u0131r\u0131r.<\/p>\n<p><strong>G\u0131da end\u00fcstrisi<\/strong>, ye\u015fil \u00e7ay toz ekstrakt\u0131n\u0131 antioksidan \u00f6zellikleri nedeniyle g\u0131dalarda koruyucu olarak kullan\u0131r. G\u0131dalar\u0131n bozulmas\u0131n\u0131 \u00f6nler ve raf \u00f6mr\u00fcn\u00fc art\u0131r\u0131r.<\/p>\n<p><strong>Farmas\u00f6tik end\u00fcstrisi<\/strong>, ye\u015fil \u00e7ay toz ekstrakt\u0131n\u0131 sa\u011fl\u0131k yararlar\u0131 nedeniyle kullan\u0131r. Ye\u015fil \u00e7ay toz ekstrakt\u0131, kalp hastal\u0131\u011f\u0131, kanser, diyabet ve kilo kayb\u0131 gibi bir\u00e7ok hastal\u0131kla m\u00fccadelede etkilidir. Bu nedenle, farmas\u00f6tik end\u00fcstrisi, ye\u015fil \u00e7ay toz ekstrakt\u0131n\u0131 bir\u00e7ok hastal\u0131k i\u00e7in do\u011fal bir tedavi olarak kullan\u0131r.<\/p>\n<p>Ye\u015fil \u00e7ay\u00a0toz ekstrakt\u0131, i\u00e7erdi\u011fi polifenoller sayesinde antioksidan \u00f6zelliklere sahiptir. Antioksidanlar, v\u00fccuttaki serbest radikallerle sava\u015farak h\u00fccreleri korur. Bu nedenle, ye\u015fil \u00e7ay toz ekstrakt\u0131, g\u0131da ve i\u00e7ecek end\u00fcstrisinde yayg\u0131n bir bile\u015fendir. Ye\u015fil \u00e7ay toz ekstrakt\u0131, baz\u0131 g\u0131da \u00fcr\u00fcnlerine, \u00f6zellikle enerji i\u00e7eceklerine eklenir. Ayr\u0131ca, \u00e7e\u015fitli g\u0131da katk\u0131 maddeleri ve takviyelerinde de kullan\u0131l\u0131r.<\/p>\n<p>Ye\u015fil \u00e7ay toz ekstrakt\u0131, ayn\u0131 zamanda kozmetik end\u00fcstrisinde de kullan\u0131l\u0131r. Ye\u015fil \u00e7ay toz ekstrakt\u0131, cilt bak\u0131m \u00fcr\u00fcnleri ve g\u00fcne\u015f koruyucu kremlerinde s\u0131kl\u0131kla kullan\u0131l\u0131r. Ye\u015fil \u00e7ay toz ekstrakt\u0131, cildi yat\u0131\u015ft\u0131rarak ve antioksidan \u00f6zellikleri sayesinde ciltteki serbest radikalleri azaltarak cildi korur. Ayn\u0131 zamanda, sa\u00e7 bak\u0131m \u00fcr\u00fcnlerinde de kullan\u0131l\u0131r. Ye\u015fil \u00e7ay toz ekstrakt\u0131, sa\u00e7\u0131 g\u00fc\u00e7lendirerek sa\u00e7 d\u00f6k\u00fclmesini \u00f6nleyebilir ve sa\u00e7\u0131n daha sa\u011fl\u0131kl\u0131 ve parlak g\u00f6r\u00fcnmesini sa\u011flar.<\/p>\n<p>Ye\u015fil \u00e7ay toz ekstrakt\u0131, ayn\u0131 zamanda farmas\u00f6tik end\u00fcstrisinde de kullan\u0131l\u0131r. Ye\u015fil \u00e7ay\u0131n polifenollerinin, kanser, kalp hastal\u0131klar\u0131 ve di\u011fer sa\u011fl\u0131k sorunlar\u0131yla m\u00fccadelede faydal\u0131 oldu\u011fu g\u00f6sterilmi\u015ftir. Bu nedenle, ye\u015fil \u00e7ay toz ekstrakt\u0131, \u00e7e\u015fitli ila\u00e7lar\u0131n yap\u0131m\u0131nda kullan\u0131l\u0131r. Ye\u015fil \u00e7ay toz ekstrakt\u0131 ayr\u0131ca, kilo kayb\u0131 takviyelerinde de yayg\u0131n olarak kullan\u0131l\u0131r. Ye\u015fil \u00e7ay toz ekstrakt\u0131, metabolizmay\u0131 h\u0131zland\u0131rarak kilo kayb\u0131na yard\u0131mc\u0131 olabilir.<\/p>\n<h4>Kimyasal Bilgi<\/h4>\n<p>Ye\u015fil \u00c7ay Ekstrakt\u0131<\/p>\n<h4>Geleneksel Kullan\u0131m<\/h4>\n<p>Arkeolojik kan\u0131tlar, insanlar\u0131n 500.000 y\u0131l kadar \u00f6nce kaynar suda demlenmi\u015f \u00e7ay yapraklar\u0131n\u0131 t\u00fcketti\u011fini g\u00f6stermektedir. Botanik kan\u0131tlar Hindistan ve \u00c7in&#8217;in \u00e7ay yeti\u015ftiren ilk \u00fclkeler aras\u0131nda oldu\u011funu g\u00f6stermektedir. Bug\u00fcn d\u00fcnya \u00e7ap\u0131nda y\u00fcz milyonlarca insan \u00e7ay i\u00e7mektedir ve ara\u015ft\u0131rmalar \u00f6zellikle ye\u015fil \u00e7ay\u0131n (Camellia sinesis) sa\u011fl\u0131k a\u00e7\u0131s\u0131ndan pek \u00e7ok faydas\u0131 oldu\u011funu g\u00f6stermektedir. Geleneksel \u00c7in ve Hint t\u0131bb\u0131nda uygulay\u0131c\u0131lar ye\u015fil \u00e7ay\u0131 uyar\u0131c\u0131, idrar s\u00f6kt\u00fcr\u00fcc\u00fc (idrar at\u0131m\u0131n\u0131 te\u015fvik etmek i\u00e7in), b\u00fcz\u00fcc\u00fc (kanamay\u0131 kontrol etmek ve yaralar\u0131n iyile\u015fmesine yard\u0131mc\u0131 olmak i\u00e7in) ve kalp sa\u011fl\u0131\u011f\u0131n\u0131 iyile\u015ftirmek i\u00e7in kullanm\u0131\u015flard\u0131r. Ye\u015fil \u00e7ay\u0131n di\u011fer geleneksel kullan\u0131mlar\u0131 aras\u0131nda \u015fi\u015fkinli\u011fi (gaz) tedavi etmek, v\u00fccut \u0131s\u0131s\u0131n\u0131 ve kan \u015fekerini d\u00fczenlemek, sindirimi te\u015fvik etmek ve zihinsel s\u00fcre\u00e7leri iyile\u015ftirmek yer al\u0131r.<\/p>\n","protected":false},"excerpt":{"rendered":"<p><em>Camellia Sinensis<\/em><br \/>\nUV Ile Toplam Polifenol<\/p>\n","protected":false},"featured_media":131198,"comment_status":"open","ping_status":"closed","template":"","meta":[],"product_brand":[],"product_cat":[151,153],"product_tag":[],"class_list":{"0":"post-131095","1":"product","2":"type-product","3":"status-publish","4":"has-post-thumbnail","6":"product_cat-extracts","7":"product_cat-powder-extracts","9":"first","10":"instock","11":"shipping-taxable","12":"product-type-simple"},"yoast_head":"<!-- This site is optimized with the Yoast SEO Premium plugin v27.4 (Yoast SEO v27.4) - https:\/\/yoast.com\/product\/yoast-seo-premium-wordpress\/ -->\n<title>YE\u015e\u0130L \u00c7AY - Bionley<\/title>\n<meta name=\"robots\" content=\"index, follow, max-snippet:-1, max-image-preview:large, max-video-preview:-1\" \/>\n<link rel=\"canonical\" href=\"https:\/\/bionley.com\/tr\/urun\/yesil-cay-2\/\" \/>\n<meta property=\"og:locale\" content=\"tr_TR\" \/>\n<meta property=\"og:type\" content=\"article\" \/>\n<meta property=\"og:title\" content=\"YE\u015e\u0130L \u00c7AY\" \/>\n<meta property=\"og:description\" content=\"Camellia Sinensis UV Ile Toplam Polifenol\" \/>\n<meta property=\"og:url\" content=\"https:\/\/bionley.com\/tr\/urun\/yesil-cay-2\/\" \/>\n<meta property=\"og:site_name\" content=\"Bionley\" \/>\n<meta property=\"article:publisher\" content=\"https:\/\/www.facebook.com\/profile.php?id=61554875321542&amp;locale=tr_TR\" \/>\n<meta property=\"article:modified_time\" content=\"2024-01-30T22:22:57+00:00\" \/>\n<meta property=\"og:image\" content=\"https:\/\/bionley.com\/tr\/wp-content\/uploads\/2024\/01\/greentea.jpg\" \/>\n\t<meta property=\"og:image:width\" content=\"1500\" \/>\n\t<meta property=\"og:image:height\" content=\"1500\" \/>\n\t<meta property=\"og:image:type\" content=\"image\/jpeg\" \/>\n<meta name=\"twitter:card\" content=\"summary_large_image\" \/>\n<meta name=\"twitter:site\" content=\"@bionleyBion\" \/>\n<meta name=\"twitter:label1\" content=\"Tahmini okuma s\u00fcresi\" \/>\n\t<meta name=\"twitter:data1\" content=\"4 dakika\" \/>\n<script type=\"application\/ld+json\" class=\"yoast-schema-graph\">{\"@context\":\"https:\\\/\\\/schema.org\",\"@graph\":[{\"@type\":\"WebPage\",\"@id\":\"https:\\\/\\\/bionley.com\\\/tr\\\/urun\\\/yesil-cay-2\\\/\",\"url\":\"https:\\\/\\\/bionley.com\\\/tr\\\/urun\\\/yesil-cay-2\\\/\",\"name\":\"YE\u015e\u0130L \u00c7AY - Bionley\",\"isPartOf\":{\"@id\":\"https:\\\/\\\/bionley.com\\\/tr\\\/#website\"},\"primaryImageOfPage\":{\"@id\":\"https:\\\/\\\/bionley.com\\\/tr\\\/urun\\\/yesil-cay-2\\\/#primaryimage\"},\"image\":{\"@id\":\"https:\\\/\\\/bionley.com\\\/tr\\\/urun\\\/yesil-cay-2\\\/#primaryimage\"},\"thumbnailUrl\":\"https:\\\/\\\/bionley.com\\\/tr\\\/wp-content\\\/uploads\\\/2024\\\/01\\\/greentea.jpg\",\"datePublished\":\"2024-01-07T15:14:23+00:00\",\"dateModified\":\"2024-01-30T22:22:57+00:00\",\"breadcrumb\":{\"@id\":\"https:\\\/\\\/bionley.com\\\/tr\\\/urun\\\/yesil-cay-2\\\/#breadcrumb\"},\"inLanguage\":\"tr\",\"potentialAction\":[{\"@type\":\"ReadAction\",\"target\":[\"https:\\\/\\\/bionley.com\\\/tr\\\/urun\\\/yesil-cay-2\\\/\"]}]},{\"@type\":\"ImageObject\",\"inLanguage\":\"tr\",\"@id\":\"https:\\\/\\\/bionley.com\\\/tr\\\/urun\\\/yesil-cay-2\\\/#primaryimage\",\"url\":\"https:\\\/\\\/bionley.com\\\/tr\\\/wp-content\\\/uploads\\\/2024\\\/01\\\/greentea.jpg\",\"contentUrl\":\"https:\\\/\\\/bionley.com\\\/tr\\\/wp-content\\\/uploads\\\/2024\\\/01\\\/greentea.jpg\",\"width\":1500,\"height\":1500},{\"@type\":\"BreadcrumbList\",\"@id\":\"https:\\\/\\\/bionley.com\\\/tr\\\/urun\\\/yesil-cay-2\\\/#breadcrumb\",\"itemListElement\":[{\"@type\":\"ListItem\",\"position\":1,\"name\":\"Anasayfa\",\"item\":\"https:\\\/\\\/bionley.com\\\/tr\\\/\"},{\"@type\":\"ListItem\",\"position\":2,\"name\":\"\u00dcr\u00fcnler\",\"item\":\"https:\\\/\\\/bionley.com\\\/tr\\\/shop\\\/\"},{\"@type\":\"ListItem\",\"position\":3,\"name\":\"YE\u015e\u0130L \u00c7AY\"}]},{\"@type\":\"WebSite\",\"@id\":\"https:\\\/\\\/bionley.com\\\/tr\\\/#website\",\"url\":\"https:\\\/\\\/bionley.com\\\/tr\\\/\",\"name\":\"Bionley\",\"description\":\"\",\"publisher\":{\"@id\":\"https:\\\/\\\/bionley.com\\\/tr\\\/#organization\"},\"potentialAction\":[{\"@type\":\"SearchAction\",\"target\":{\"@type\":\"EntryPoint\",\"urlTemplate\":\"https:\\\/\\\/bionley.com\\\/tr\\\/?s={search_term_string}\"},\"query-input\":{\"@type\":\"PropertyValueSpecification\",\"valueRequired\":true,\"valueName\":\"search_term_string\"}}],\"inLanguage\":\"tr\"},{\"@type\":[\"Organization\",\"Place\",\"Corporation\"],\"@id\":\"https:\\\/\\\/bionley.com\\\/tr\\\/#organization\",\"name\":\"Bionley Biyoteknoloji A.\u015e\",\"url\":\"https:\\\/\\\/bionley.com\\\/tr\\\/\",\"logo\":{\"@id\":\"https:\\\/\\\/bionley.com\\\/tr\\\/urun\\\/yesil-cay-2\\\/#local-main-organization-logo\"},\"image\":{\"@id\":\"https:\\\/\\\/bionley.com\\\/tr\\\/urun\\\/yesil-cay-2\\\/#local-main-organization-logo\"},\"sameAs\":[\"https:\\\/\\\/www.facebook.com\\\/profile.php?id=61554875321542&locale=tr_TR\",\"https:\\\/\\\/x.com\\\/bionleyBion\",\"https:\\\/\\\/www.instagram.com\\\/bionleycom\\\/\"],\"description\":\"Bitkilerden standardize ekstre elde edilmesi ve elde edilen ekstrelerden de\u011ferli molek\u00fcllerin safla\u015ft\u0131r\u0131lmas\u0131 ve end\u00fcstriyel \u00f6l\u00e7ekte \u00fcretiminin yap\u0131lmas\u0131, \u00f6zellikle tar\u0131msal at\u0131klar ve t\u0131bbi aromatik bitkilerden y\u00fcksek katma de\u011ferli \u00fcr\u00fcnler elde etme \u00fczerine 20 y\u0131l\u0131 a\u015fk\u0131n s\u00fcredir \u00e7al\u0131\u015fmalar yapmaktay\u0131z. Gaziemir Sarn\u0131\u00e7 sanayi b\u00f6lgesinde faaliyet g\u00f6steren Bionley Biyoteknoloji A.\u015e \u015firketimiz i\u015f ortaklar\u0131m\u0131za \u00f6zel Ar-Ge \u00e7al\u0131\u015fmalar\u0131 ile inovatif \u00fcr\u00fcnler geli\u015ftirmekte ve \u00dclkemizin bu konularda d\u0131\u015far\u0131ya olan ba\u011f\u0131ml\u0131l\u0131\u011f\u0131n\u0131 azaltmaktay\u0131z. \u00d6zellikle Astragalus (Geven) ve Ruscus (Tav\u015fan memesi) bitkilerinin de\u011ferli molek\u00fcllerinin y\u00fcksek safl\u0131kta elde edilmesi ve end\u00fcstriyel \u00f6l\u00e7ekte \u00fcretimini ger\u00e7ekle\u015ftirmekteyiz . T\u00fcrkiye'de yeti\u015fen bitkilerin standardize olarak ekstrelerinin \u00fcretimini ger\u00e7ekle\u015ftirmektedir. Ayr\u0131ca Spray Dryer (p\u00fcsk\u00fcrtmeli kurutucu), Freeze Dryer, Tray Dryer, Rotocone Dryer v.b. cihazlar\u0131n tasar\u0131m ve optizasyonunu yapan bir firmad\u0131r.\",\"legalName\":\"B\u0130ONLEY B\u0130YOTEKNOLOJ\u0130 A.\u015e\",\"foundingDate\":\"2023-05-23\",\"numberOfEmployees\":{\"@type\":\"QuantitativeValue\",\"minValue\":\"1\",\"maxValue\":\"10\"},\"address\":{\"@id\":\"https:\\\/\\\/bionley.com\\\/tr\\\/urun\\\/yesil-cay-2\\\/#local-main-place-address\"},\"telephone\":[\"05332783176\"],\"openingHoursSpecification\":[{\"@type\":\"OpeningHoursSpecification\",\"dayOfWeek\":[\"Monday\"],\"opens\":\"09:00\",\"closes\":\"18:00\"},{\"@type\":\"OpeningHoursSpecification\",\"dayOfWeek\":[\"Tuesday\",\"Wednesday\",\"Thursday\",\"Friday\",\"Saturday\"],\"opens\":\"09:00\",\"closes\":\"17:00\"},{\"@type\":\"OpeningHoursSpecification\",\"dayOfWeek\":[\"Sunday\"],\"opens\":\"00:00\",\"closes\":\"00:00\"}],\"email\":\"info@bionley.com\"},{\"@type\":\"PostalAddress\",\"@id\":\"https:\\\/\\\/bionley.com\\\/tr\\\/urun\\\/yesil-cay-2\\\/#local-main-place-address\",\"streetAddress\":\"Fatih Mahallesi 1178 sokak no 5B Gaziemir \u0130ZM\u0130R\",\"addressLocality\":\"GAZ\u0130EM\u0130R\",\"postalCode\":\"35410\",\"addressRegion\":\"\u0130ZM\u0130R\",\"addressCountry\":\"TR\"},{\"@type\":\"ImageObject\",\"inLanguage\":\"tr\",\"@id\":\"https:\\\/\\\/bionley.com\\\/tr\\\/urun\\\/yesil-cay-2\\\/#local-main-organization-logo\",\"url\":\"https:\\\/\\\/bionley.com\\\/tr\\\/wp-content\\\/uploads\\\/2026\\\/01\\\/Adsiz-tasarim-1.png\",\"contentUrl\":\"https:\\\/\\\/bionley.com\\\/tr\\\/wp-content\\\/uploads\\\/2026\\\/01\\\/Adsiz-tasarim-1.png\",\"width\":1280,\"height\":439,\"caption\":\"Bionley Biyoteknoloji A.\u015e\"}]}<\/script>\n<meta name=\"geo.placename\" content=\"GAZ\u0130EM\u0130R\" \/>\n<meta name=\"geo.region\" content=\"T\u00fcrkiye\" \/>\n<!-- \/ Yoast SEO Premium plugin. -->","yoast_head_json":{"title":"YE\u015e\u0130L \u00c7AY - Bionley","robots":{"index":"index","follow":"follow","max-snippet":"max-snippet:-1","max-image-preview":"max-image-preview:large","max-video-preview":"max-video-preview:-1"},"canonical":"https:\/\/bionley.com\/tr\/urun\/yesil-cay-2\/","og_locale":"tr_TR","og_type":"article","og_title":"YE\u015e\u0130L \u00c7AY","og_description":"Camellia Sinensis UV Ile Toplam Polifenol","og_url":"https:\/\/bionley.com\/tr\/urun\/yesil-cay-2\/","og_site_name":"Bionley","article_publisher":"https:\/\/www.facebook.com\/profile.php?id=61554875321542&locale=tr_TR","article_modified_time":"2024-01-30T22:22:57+00:00","og_image":[{"width":1500,"height":1500,"url":"https:\/\/bionley.com\/tr\/wp-content\/uploads\/2024\/01\/greentea.jpg","type":"image\/jpeg"}],"twitter_card":"summary_large_image","twitter_site":"@bionleyBion","twitter_misc":{"Tahmini okuma s\u00fcresi":"4 dakika"},"schema":{"@context":"https:\/\/schema.org","@graph":[{"@type":"WebPage","@id":"https:\/\/bionley.com\/tr\/urun\/yesil-cay-2\/","url":"https:\/\/bionley.com\/tr\/urun\/yesil-cay-2\/","name":"YE\u015e\u0130L \u00c7AY - Bionley","isPartOf":{"@id":"https:\/\/bionley.com\/tr\/#website"},"primaryImageOfPage":{"@id":"https:\/\/bionley.com\/tr\/urun\/yesil-cay-2\/#primaryimage"},"image":{"@id":"https:\/\/bionley.com\/tr\/urun\/yesil-cay-2\/#primaryimage"},"thumbnailUrl":"https:\/\/bionley.com\/tr\/wp-content\/uploads\/2024\/01\/greentea.jpg","datePublished":"2024-01-07T15:14:23+00:00","dateModified":"2024-01-30T22:22:57+00:00","breadcrumb":{"@id":"https:\/\/bionley.com\/tr\/urun\/yesil-cay-2\/#breadcrumb"},"inLanguage":"tr","potentialAction":[{"@type":"ReadAction","target":["https:\/\/bionley.com\/tr\/urun\/yesil-cay-2\/"]}]},{"@type":"ImageObject","inLanguage":"tr","@id":"https:\/\/bionley.com\/tr\/urun\/yesil-cay-2\/#primaryimage","url":"https:\/\/bionley.com\/tr\/wp-content\/uploads\/2024\/01\/greentea.jpg","contentUrl":"https:\/\/bionley.com\/tr\/wp-content\/uploads\/2024\/01\/greentea.jpg","width":1500,"height":1500},{"@type":"BreadcrumbList","@id":"https:\/\/bionley.com\/tr\/urun\/yesil-cay-2\/#breadcrumb","itemListElement":[{"@type":"ListItem","position":1,"name":"Anasayfa","item":"https:\/\/bionley.com\/tr\/"},{"@type":"ListItem","position":2,"name":"\u00dcr\u00fcnler","item":"https:\/\/bionley.com\/tr\/shop\/"},{"@type":"ListItem","position":3,"name":"YE\u015e\u0130L \u00c7AY"}]},{"@type":"WebSite","@id":"https:\/\/bionley.com\/tr\/#website","url":"https:\/\/bionley.com\/tr\/","name":"Bionley","description":"","publisher":{"@id":"https:\/\/bionley.com\/tr\/#organization"},"potentialAction":[{"@type":"SearchAction","target":{"@type":"EntryPoint","urlTemplate":"https:\/\/bionley.com\/tr\/?s={search_term_string}"},"query-input":{"@type":"PropertyValueSpecification","valueRequired":true,"valueName":"search_term_string"}}],"inLanguage":"tr"},{"@type":["Organization","Place","Corporation"],"@id":"https:\/\/bionley.com\/tr\/#organization","name":"Bionley Biyoteknoloji A.\u015e","url":"https:\/\/bionley.com\/tr\/","logo":{"@id":"https:\/\/bionley.com\/tr\/urun\/yesil-cay-2\/#local-main-organization-logo"},"image":{"@id":"https:\/\/bionley.com\/tr\/urun\/yesil-cay-2\/#local-main-organization-logo"},"sameAs":["https:\/\/www.facebook.com\/profile.php?id=61554875321542&locale=tr_TR","https:\/\/x.com\/bionleyBion","https:\/\/www.instagram.com\/bionleycom\/"],"description":"Bitkilerden standardize ekstre elde edilmesi ve elde edilen ekstrelerden de\u011ferli molek\u00fcllerin safla\u015ft\u0131r\u0131lmas\u0131 ve end\u00fcstriyel \u00f6l\u00e7ekte \u00fcretiminin yap\u0131lmas\u0131, \u00f6zellikle tar\u0131msal at\u0131klar ve t\u0131bbi aromatik bitkilerden y\u00fcksek katma de\u011ferli \u00fcr\u00fcnler elde etme \u00fczerine 20 y\u0131l\u0131 a\u015fk\u0131n s\u00fcredir \u00e7al\u0131\u015fmalar yapmaktay\u0131z. Gaziemir Sarn\u0131\u00e7 sanayi b\u00f6lgesinde faaliyet g\u00f6steren Bionley Biyoteknoloji A.\u015e \u015firketimiz i\u015f ortaklar\u0131m\u0131za \u00f6zel Ar-Ge \u00e7al\u0131\u015fmalar\u0131 ile inovatif \u00fcr\u00fcnler geli\u015ftirmekte ve \u00dclkemizin bu konularda d\u0131\u015far\u0131ya olan ba\u011f\u0131ml\u0131l\u0131\u011f\u0131n\u0131 azaltmaktay\u0131z. \u00d6zellikle Astragalus (Geven) ve Ruscus (Tav\u015fan memesi) bitkilerinin de\u011ferli molek\u00fcllerinin y\u00fcksek safl\u0131kta elde edilmesi ve end\u00fcstriyel \u00f6l\u00e7ekte \u00fcretimini ger\u00e7ekle\u015ftirmekteyiz . T\u00fcrkiye'de yeti\u015fen bitkilerin standardize olarak ekstrelerinin \u00fcretimini ger\u00e7ekle\u015ftirmektedir. Ayr\u0131ca Spray Dryer (p\u00fcsk\u00fcrtmeli kurutucu), Freeze Dryer, Tray Dryer, Rotocone Dryer v.b. cihazlar\u0131n tasar\u0131m ve optizasyonunu yapan bir firmad\u0131r.","legalName":"B\u0130ONLEY B\u0130YOTEKNOLOJ\u0130 A.\u015e","foundingDate":"2023-05-23","numberOfEmployees":{"@type":"QuantitativeValue","minValue":"1","maxValue":"10"},"address":{"@id":"https:\/\/bionley.com\/tr\/urun\/yesil-cay-2\/#local-main-place-address"},"telephone":["05332783176"],"openingHoursSpecification":[{"@type":"OpeningHoursSpecification","dayOfWeek":["Monday"],"opens":"09:00","closes":"18:00"},{"@type":"OpeningHoursSpecification","dayOfWeek":["Tuesday","Wednesday","Thursday","Friday","Saturday"],"opens":"09:00","closes":"17:00"},{"@type":"OpeningHoursSpecification","dayOfWeek":["Sunday"],"opens":"00:00","closes":"00:00"}],"email":"info@bionley.com"},{"@type":"PostalAddress","@id":"https:\/\/bionley.com\/tr\/urun\/yesil-cay-2\/#local-main-place-address","streetAddress":"Fatih Mahallesi 1178 sokak no 5B Gaziemir \u0130ZM\u0130R","addressLocality":"GAZ\u0130EM\u0130R","postalCode":"35410","addressRegion":"\u0130ZM\u0130R","addressCountry":"TR"},{"@type":"ImageObject","inLanguage":"tr","@id":"https:\/\/bionley.com\/tr\/urun\/yesil-cay-2\/#local-main-organization-logo","url":"https:\/\/bionley.com\/tr\/wp-content\/uploads\/2026\/01\/Adsiz-tasarim-1.png","contentUrl":"https:\/\/bionley.com\/tr\/wp-content\/uploads\/2026\/01\/Adsiz-tasarim-1.png","width":1280,"height":439,"caption":"Bionley Biyoteknoloji A.\u015e"}]},"geo.placename":"GAZ\u0130EM\u0130R","geo.region":"T\u00fcrkiye"},"_links":{"self":[{"href":"https:\/\/bionley.com\/tr\/wp-json\/wp\/v2\/product\/131095","targetHints":{"allow":["GET"]}}],"collection":[{"href":"https:\/\/bionley.com\/tr\/wp-json\/wp\/v2\/product"}],"about":[{"href":"https:\/\/bionley.com\/tr\/wp-json\/wp\/v2\/types\/product"}],"replies":[{"embeddable":true,"href":"https:\/\/bionley.com\/tr\/wp-json\/wp\/v2\/comments?post=131095"}],"wp:featuredmedia":[{"embeddable":true,"href":"https:\/\/bionley.com\/tr\/wp-json\/wp\/v2\/media\/131198"}],"wp:attachment":[{"href":"https:\/\/bionley.com\/tr\/wp-json\/wp\/v2\/media?parent=131095"}],"wp:term":[{"taxonomy":"product_brand","embeddable":true,"href":"https:\/\/bionley.com\/tr\/wp-json\/wp\/v2\/product_brand?post=131095"},{"taxonomy":"product_cat","embeddable":true,"href":"https:\/\/bionley.com\/tr\/wp-json\/wp\/v2\/product_cat?post=131095"},{"taxonomy":"product_tag","embeddable":true,"href":"https:\/\/bionley.com\/tr\/wp-json\/wp\/v2\/product_tag?post=131095"}],"curies":[{"name":"wp","href":"https:\/\/api.w.org\/{rel}","templated":true}]}}