{"id":131097,"date":"2024-01-07T18:15:39","date_gmt":"2024-01-07T15:15:39","guid":{"rendered":"http:\/\/demo.bionley.com\/?post_type=product&#038;p=131097"},"modified":"2025-02-03T03:25:26","modified_gmt":"2025-02-03T00:25:26","slug":"serbetci-otu-2","status":"publish","type":"product","link":"https:\/\/bionley.com\/tr\/urun\/serbetci-otu-2\/","title":{"rendered":"\u015eERBET\u00c7\u0130 OTU"},"content":{"rendered":"<p>\u015eerbet\u00e7i otu, Asya ve Avrupa&#8217;da yayg\u0131n olarak kullan\u0131lan bir bitkidir. Ancak son zamanlarda \u015ferbet\u00e7i otu toz ekstrakt\u0131n\u0131n sa\u011fl\u0131k faydalar\u0131 ke\u015ffedildi. Bu ekstrakt, \u015ferbet\u00e7i otu bitkisinin \u00e7i\u00e7eklerinden elde edilir ve baz\u0131 end\u00fcstrilerde de kullan\u0131lmaktad\u0131r.<\/p>\n<p>\u015eerbet\u00e7i otu toz ekstrakt\u0131, y\u00fcksek miktarda polifenol ve flavonoidler i\u00e7erir. Bu bile\u015fikler, bitki bazl\u0131 g\u0131dalar\u0131n sa\u011fl\u0131k faydalar\u0131n\u0131n \u00e7o\u011fundan sorumludur. \u015eerbet\u00e7i otu toz ekstrakt\u0131ndaki en \u00f6nemli polifenollerden biri, humulon olarak adland\u0131r\u0131l\u0131r. Humulon, antioksidan \u00f6zellikleri sayesinde h\u00fccre hasar\u0131n\u0131 \u00f6nler ve ba\u011f\u0131\u015f\u0131kl\u0131k sistemini g\u00fc\u00e7lendirir.<\/p>\n<p>\u015eerbet\u00e7i otu toz ekstrakt\u0131n\u0131n di\u011fer bir faydas\u0131, v\u00fccudun \u00f6strojen seviyelerini dengelemesidir. \u00d6strojen dengesi, kad\u0131nlar i\u00e7in \u00f6zellikle \u00f6nemlidir ve menopoz semptomlar\u0131 gibi rahats\u0131zl\u0131klar\u0131n \u00f6nlenmesine yard\u0131mc\u0131 olabilir.<\/p>\n<p>Ayr\u0131ca, \u015ferbet\u00e7i otu toz ekstrakt\u0131n\u0131n sinir sistemi \u00fczerinde de olumlu etkileri vard\u0131r. Stres ve kayg\u0131y\u0131 azaltarak, uykusuzlu\u011fu \u00f6nleyebilir. \u015eerbet\u00e7i otu toz ekstrakt\u0131 ayr\u0131ca, ba\u011f\u0131rsak sa\u011fl\u0131\u011f\u0131n\u0131 da destekler ve sindirim sorunlar\u0131na iyi gelir.<\/p>\n<p>\u015eerbet\u00e7i otu toz ekstrakt\u0131, bir\u00e7ok end\u00fcstride de kullan\u0131lmaktad\u0131r. En yayg\u0131n kullan\u0131m alan\u0131, bira yap\u0131m\u0131d\u0131r. \u015eerbet\u00e7i otu toz ekstrakt\u0131, bira aromas\u0131n\u0131 ve tad\u0131n\u0131 belirleyen \u00f6nemli bir bile\u015fendir. Ayr\u0131ca, bu ekstrakt\u0131n kozmetik end\u00fcstrisinde de kullan\u0131m\u0131 vard\u0131r. Antioksidan \u00f6zellikleri sayesinde, cilt bak\u0131m \u00fcr\u00fcnlerinde kullan\u0131larak cildi gen\u00e7le\u015ftirir ve canland\u0131r\u0131r.<\/p>\n<p>Sonu\u00e7 olarak, \u015ferbet\u00e7i otu toz ekstrakt\u0131 bir\u00e7ok faydaya sahip olan bir bitki \u00f6z\u00fct\u00fcd\u00fcr. Antioksidan \u00f6zellikleri, \u00f6strojen dengesi, sinir sistemi ve sindirim sa\u011fl\u0131\u011f\u0131 \u00fczerindeki olumlu etkileri ile bir\u00e7ok sa\u011fl\u0131k sorununu \u00f6nleyebilir. Ayr\u0131ca, bira ve kozmetik end\u00fcstrilerinde de yayg\u0131n bir \u015fekilde kullan\u0131lmaktad\u0131r. Ancak, herhangi bir takviye gibi, \u015ferbet\u00e7i otu toz ekstrakt\u0131n\u0131 kullanmadan \u00f6nce bir sa\u011fl\u0131k uzman\u0131na dan\u0131\u015fmak \u00f6nemlidir.<\/p>\n<p>\u015eerbet\u00e7iotu kozmetik \u00fcr\u00fcnlerde kullan\u0131lan pop\u00fcler bir bile\u015fendir. Antioksidanlar, anti-enflamatuar \u00f6zellikleri ve cildi nemlendirici etkileri nedeniyle ba\u015fta sa\u00e7 bak\u0131m \u00fcr\u00fcnleri ve cilt bak\u0131m \u00fcr\u00fcnleri olmak \u00fczere bir\u00e7ok farkl\u0131 kozmetik \u00fcr\u00fcnde kullan\u0131lmaktad\u0131r.<br \/>\nSa\u00e7 bak\u0131m\u0131 i\u00e7in\u00a0\u015ferbet\u00e7iotu\u00a0genellikle \u015fampuan, sa\u00e7 kremi veya sa\u00e7 maskesi gibi \u00fcr\u00fcnlere eklenir. \u015eerbet\u00e7i otunun sa\u00e7 k\u00f6klerini beslemeye yard\u0131mc\u0131 olabilece\u011fi ve kafa derisine kan ak\u0131\u015f\u0131n\u0131 art\u0131rarak sa\u00e7 b\u00fcy\u00fcmesini te\u015fvik edebilece\u011fi d\u00fc\u015f\u00fcn\u00fclmektedir.<br \/>\nCilt bak\u0131m\u0131 i\u00e7in, \u015ferbet\u00e7iotu \u00f6z\u00fc nemlendirici \u00f6zellikleri nedeniyle kuru cilt tipleri i\u00e7in \u00f6zellikle yararl\u0131 olabilir. Ayr\u0131ca \u015ferbet\u00e7i otunun cildi sakinle\u015ftirebilece\u011fi ve iltihaplanmay\u0131 azaltabilece\u011fi d\u00fc\u015f\u00fcn\u00fclmektedir.<br \/>\nBununla birlikte, herhangi bir kozmetik \u00fcr\u00fcn\u00fc kullanmadan \u00f6nce, \u00f6zellikle hassas cilde sahip ki\u015filer i\u00e7in, i\u00e7eri\u011fi dikkatlice okumak ve herhangi bir yan etkiye neden olabilecek herhangi bir bile\u015feni belirlemek \u00f6nemlidir.<\/p>\n<p>\u015eerbet\u00e7iotu en \u00e7ok bira yap\u0131m\u0131nda kullan\u0131lmas\u0131yla bilinir, \u00e7\u00fcnk\u00fc bitmi\u015f \u00fcr\u00fcne lezzet ve aroma sa\u011flar. Bununla birlikte, \u015ferbet\u00e7iotu y\u00fczy\u0131llard\u0131r \u015fifal\u0131 bir bitki olarak da kullan\u0131lmaktad\u0131r ve son zamanlarda potansiyel sa\u011fl\u0131k yararlar\u0131 nedeniyle dikkat \u00e7ekmektedir.<br \/>\n\u0130\u015fte \u015ferbet\u00e7iotunda bulunan baz\u0131 aktif bile\u015fenler ve bunlar\u0131n potansiyel kullan\u0131mlar\u0131:<br \/>\nAlfa asitler: Bunlar biradaki ac\u0131l\u0131ktan sorumludur, ancak ayn\u0131 zamanda antibakteriyel ve anti-inflamatuar \u00f6zelliklere de sahiptir. Kanser \u00f6nleme ve tedavisinde de potansiyelleri olabilir.<br \/>\nFlavonoidler: \u015eerbet\u00e7iotu, anti-enflamatuar, anti-kanser ve antioksidan \u00f6zelliklere sahip oldu\u011fu g\u00f6sterilen ksantohumol dahil olmak \u00fczere \u00e7e\u015fitli flavonoidler i\u00e7erir.<br \/>\nU\u00e7ucu ya\u011flar: \u015eerbet\u00e7iotundaki u\u00e7ucu ya\u011flar biran\u0131n karakteristik aromas\u0131ndan sorumludur, ayn\u0131 zamanda yat\u0131\u015ft\u0131r\u0131c\u0131 ve sakinle\u015ftirici etkileri vard\u0131r. Ayr\u0131ca antibakteriyel \u00f6zelliklere de sahip olabilirler.<br \/>\nPrebiyotik lifler: \u015eerbet\u00e7iotu, yararl\u0131 ba\u011f\u0131rsak bakterilerinin b\u00fcy\u00fcmesini te\u015fvik edebilen ve sindirimi iyile\u015ftirebilen prebiyotik lifler i\u00e7erir. \u015eerbet\u00e7iotu, biradaki kullan\u0131m\u0131n\u0131n yan\u0131 s\u0131ra unlu mamuller, dondurma ve \u015fekerleme gibi di\u011fer g\u0131da \u00fcr\u00fcnlerinde de tatland\u0131r\u0131c\u0131 ve koruyucu olarak kullan\u0131l\u0131r. Ek olarak, \u015ferbet\u00e7iotu \u00f6zleri potansiyel sa\u011fl\u0131k yararlar\u0131 i\u00e7in diyet takviyelerinde kullan\u0131l\u0131r.<\/p>\n<h4>Kimyasal Bilgi<\/h4>\n<p>\u015eerbet\u00e7iotu Ekstrakt\u0131<\/p>\n<h4>Geleneksel Kullan\u0131m<\/h4>\n<p>Kuzey Amerika geleneksel ila\u00e7lar\u0131nda Cherokee&#8217;ler \u015ferbet\u00e7iotunu yat\u0131\u015ft\u0131r\u0131c\u0131, romatizma \u00f6nleyici, a\u011fr\u0131 kesici, g\u00f6\u011f\u00fcs ve rahim sorunlar\u0131 i\u00e7in jinekolojik yard\u0131mc\u0131 ve &#8220;\u00e7ak\u0131l&#8221; ve iltihapl\u0131 b\u00f6brekler i\u00e7in b\u00f6brek ve \u00fcriner yard\u0131mc\u0131 olarak kullanm\u0131\u015flard\u0131r. Delaware&#8217;liler \u015ferbet\u00e7iotunu kulak ve di\u015f a\u011fr\u0131s\u0131na kar\u015f\u0131 kullanm\u0131\u015flard\u0131r. Navajo \u00f6ks\u00fcr\u00fck ve so\u011fuk alg\u0131nl\u0131\u011f\u0131 i\u00e7in, Dakota ise yaralar\u0131n iyile\u015fmesi ve mide-ba\u011f\u0131rsak rahats\u0131zl\u0131klar\u0131na kar\u015f\u0131 kullanm\u0131\u015ft\u0131r. Rahatlamak ve uykuya yard\u0131mc\u0131 olmak i\u00e7in Delaware ve Fox taraf\u0131ndan kullan\u0131lm\u0131\u015ft\u0131r.<\/p>\n<p>Hint-Ayurveda t\u0131bb\u0131nda \u015ferbet\u00e7iotu sinirsel gerginlik, ba\u015f a\u011fr\u0131s\u0131 ve haz\u0131ms\u0131zl\u0131kla ili\u015fkili huzursuzluk i\u00e7in tavsiye edilmi\u015ftir; etkileri yat\u0131\u015ft\u0131r\u0131c\u0131, hipnotik ve antibakteriyel olarak bildirilmi\u015ftir.<\/p>\n","protected":false},"excerpt":{"rendered":"<p>Humulus Lupulus<br \/>\nUV Ile Toplam Polifenol<\/p>\n","protected":false},"featured_media":131200,"comment_status":"open","ping_status":"closed","template":"","meta":[],"product_brand":[],"product_cat":[151,153],"product_tag":[],"class_list":{"0":"post-131097","1":"product","2":"type-product","3":"status-publish","4":"has-post-thumbnail","6":"product_cat-extracts","7":"product_cat-powder-extracts","9":"first","10":"instock","11":"shipping-taxable","12":"product-type-simple"},"yoast_head":"<!-- This site is optimized with the Yoast SEO Premium plugin v27.4 (Yoast SEO v27.4) - https:\/\/yoast.com\/product\/yoast-seo-premium-wordpress\/ -->\n<title>\u015eERBET\u00c7\u0130 OTU - Bionley<\/title>\n<meta name=\"robots\" content=\"index, follow, max-snippet:-1, max-image-preview:large, max-video-preview:-1\" \/>\n<link rel=\"canonical\" href=\"https:\/\/bionley.com\/tr\/urun\/serbetci-otu-2\/\" \/>\n<meta property=\"og:locale\" content=\"tr_TR\" \/>\n<meta property=\"og:type\" content=\"article\" \/>\n<meta property=\"og:title\" content=\"\u015eERBET\u00c7\u0130 OTU\" \/>\n<meta property=\"og:description\" content=\"Humulus Lupulus UV Ile Toplam Polifenol\" \/>\n<meta property=\"og:url\" content=\"https:\/\/bionley.com\/tr\/urun\/serbetci-otu-2\/\" \/>\n<meta property=\"og:site_name\" content=\"Bionley\" \/>\n<meta property=\"article:publisher\" content=\"https:\/\/www.facebook.com\/profile.php?id=61554875321542&amp;locale=tr_TR\" \/>\n<meta property=\"article:modified_time\" content=\"2025-02-03T00:25:26+00:00\" \/>\n<meta property=\"og:image\" content=\"https:\/\/bionley.com\/tr\/wp-content\/uploads\/2024\/01\/hops.jpg\" \/>\n\t<meta property=\"og:image:width\" content=\"1500\" \/>\n\t<meta property=\"og:image:height\" content=\"1500\" \/>\n\t<meta property=\"og:image:type\" content=\"image\/jpeg\" \/>\n<meta name=\"twitter:card\" content=\"summary_large_image\" \/>\n<meta name=\"twitter:site\" content=\"@bionleyBion\" \/>\n<meta name=\"twitter:label1\" content=\"Tahmini okuma s\u00fcresi\" \/>\n\t<meta name=\"twitter:data1\" content=\"4 dakika\" \/>\n<script type=\"application\/ld+json\" class=\"yoast-schema-graph\">{\"@context\":\"https:\\\/\\\/schema.org\",\"@graph\":[{\"@type\":\"WebPage\",\"@id\":\"https:\\\/\\\/bionley.com\\\/tr\\\/urun\\\/serbetci-otu-2\\\/\",\"url\":\"https:\\\/\\\/bionley.com\\\/tr\\\/urun\\\/serbetci-otu-2\\\/\",\"name\":\"\u015eERBET\u00c7\u0130 OTU - Bionley\",\"isPartOf\":{\"@id\":\"https:\\\/\\\/bionley.com\\\/tr\\\/#website\"},\"primaryImageOfPage\":{\"@id\":\"https:\\\/\\\/bionley.com\\\/tr\\\/urun\\\/serbetci-otu-2\\\/#primaryimage\"},\"image\":{\"@id\":\"https:\\\/\\\/bionley.com\\\/tr\\\/urun\\\/serbetci-otu-2\\\/#primaryimage\"},\"thumbnailUrl\":\"https:\\\/\\\/bionley.com\\\/tr\\\/wp-content\\\/uploads\\\/2024\\\/01\\\/hops.jpg\",\"datePublished\":\"2024-01-07T15:15:39+00:00\",\"dateModified\":\"2025-02-03T00:25:26+00:00\",\"breadcrumb\":{\"@id\":\"https:\\\/\\\/bionley.com\\\/tr\\\/urun\\\/serbetci-otu-2\\\/#breadcrumb\"},\"inLanguage\":\"tr\",\"potentialAction\":[{\"@type\":\"ReadAction\",\"target\":[\"https:\\\/\\\/bionley.com\\\/tr\\\/urun\\\/serbetci-otu-2\\\/\"]}]},{\"@type\":\"ImageObject\",\"inLanguage\":\"tr\",\"@id\":\"https:\\\/\\\/bionley.com\\\/tr\\\/urun\\\/serbetci-otu-2\\\/#primaryimage\",\"url\":\"https:\\\/\\\/bionley.com\\\/tr\\\/wp-content\\\/uploads\\\/2024\\\/01\\\/hops.jpg\",\"contentUrl\":\"https:\\\/\\\/bionley.com\\\/tr\\\/wp-content\\\/uploads\\\/2024\\\/01\\\/hops.jpg\",\"width\":1500,\"height\":1500},{\"@type\":\"BreadcrumbList\",\"@id\":\"https:\\\/\\\/bionley.com\\\/tr\\\/urun\\\/serbetci-otu-2\\\/#breadcrumb\",\"itemListElement\":[{\"@type\":\"ListItem\",\"position\":1,\"name\":\"Anasayfa\",\"item\":\"https:\\\/\\\/bionley.com\\\/tr\\\/\"},{\"@type\":\"ListItem\",\"position\":2,\"name\":\"\u00dcr\u00fcnler\",\"item\":\"https:\\\/\\\/bionley.com\\\/tr\\\/shop\\\/\"},{\"@type\":\"ListItem\",\"position\":3,\"name\":\"\u015eERBET\u00c7\u0130 OTU\"}]},{\"@type\":\"WebSite\",\"@id\":\"https:\\\/\\\/bionley.com\\\/tr\\\/#website\",\"url\":\"https:\\\/\\\/bionley.com\\\/tr\\\/\",\"name\":\"Bionley\",\"description\":\"\",\"publisher\":{\"@id\":\"https:\\\/\\\/bionley.com\\\/tr\\\/#organization\"},\"potentialAction\":[{\"@type\":\"SearchAction\",\"target\":{\"@type\":\"EntryPoint\",\"urlTemplate\":\"https:\\\/\\\/bionley.com\\\/tr\\\/?s={search_term_string}\"},\"query-input\":{\"@type\":\"PropertyValueSpecification\",\"valueRequired\":true,\"valueName\":\"search_term_string\"}}],\"inLanguage\":\"tr\"},{\"@type\":[\"Organization\",\"Place\",\"Corporation\"],\"@id\":\"https:\\\/\\\/bionley.com\\\/tr\\\/#organization\",\"name\":\"Bionley Biyoteknoloji A.\u015e\",\"url\":\"https:\\\/\\\/bionley.com\\\/tr\\\/\",\"logo\":{\"@id\":\"https:\\\/\\\/bionley.com\\\/tr\\\/urun\\\/serbetci-otu-2\\\/#local-main-organization-logo\"},\"image\":{\"@id\":\"https:\\\/\\\/bionley.com\\\/tr\\\/urun\\\/serbetci-otu-2\\\/#local-main-organization-logo\"},\"sameAs\":[\"https:\\\/\\\/www.facebook.com\\\/profile.php?id=61554875321542&locale=tr_TR\",\"https:\\\/\\\/x.com\\\/bionleyBion\",\"https:\\\/\\\/www.instagram.com\\\/bionleycom\\\/\"],\"description\":\"Bitkilerden standardize ekstre elde edilmesi ve elde edilen ekstrelerden de\u011ferli molek\u00fcllerin safla\u015ft\u0131r\u0131lmas\u0131 ve end\u00fcstriyel \u00f6l\u00e7ekte \u00fcretiminin yap\u0131lmas\u0131, \u00f6zellikle tar\u0131msal at\u0131klar ve t\u0131bbi aromatik bitkilerden y\u00fcksek katma de\u011ferli \u00fcr\u00fcnler elde etme \u00fczerine 20 y\u0131l\u0131 a\u015fk\u0131n s\u00fcredir \u00e7al\u0131\u015fmalar yapmaktay\u0131z. Gaziemir Sarn\u0131\u00e7 sanayi b\u00f6lgesinde faaliyet g\u00f6steren Bionley Biyoteknoloji A.\u015e \u015firketimiz i\u015f ortaklar\u0131m\u0131za \u00f6zel Ar-Ge \u00e7al\u0131\u015fmalar\u0131 ile inovatif \u00fcr\u00fcnler geli\u015ftirmekte ve \u00dclkemizin bu konularda d\u0131\u015far\u0131ya olan ba\u011f\u0131ml\u0131l\u0131\u011f\u0131n\u0131 azaltmaktay\u0131z. \u00d6zellikle Astragalus (Geven) ve Ruscus (Tav\u015fan memesi) bitkilerinin de\u011ferli molek\u00fcllerinin y\u00fcksek safl\u0131kta elde edilmesi ve end\u00fcstriyel \u00f6l\u00e7ekte \u00fcretimini ger\u00e7ekle\u015ftirmekteyiz . T\u00fcrkiye'de yeti\u015fen bitkilerin standardize olarak ekstrelerinin \u00fcretimini ger\u00e7ekle\u015ftirmektedir. Ayr\u0131ca Spray Dryer (p\u00fcsk\u00fcrtmeli kurutucu), Freeze Dryer, Tray Dryer, Rotocone Dryer v.b. cihazlar\u0131n tasar\u0131m ve optizasyonunu yapan bir firmad\u0131r.\",\"legalName\":\"B\u0130ONLEY B\u0130YOTEKNOLOJ\u0130 A.\u015e\",\"foundingDate\":\"2023-05-23\",\"numberOfEmployees\":{\"@type\":\"QuantitativeValue\",\"minValue\":\"1\",\"maxValue\":\"10\"},\"address\":{\"@id\":\"https:\\\/\\\/bionley.com\\\/tr\\\/urun\\\/serbetci-otu-2\\\/#local-main-place-address\"},\"telephone\":[\"05332783176\"],\"openingHoursSpecification\":[{\"@type\":\"OpeningHoursSpecification\",\"dayOfWeek\":[\"Monday\"],\"opens\":\"09:00\",\"closes\":\"18:00\"},{\"@type\":\"OpeningHoursSpecification\",\"dayOfWeek\":[\"Tuesday\",\"Wednesday\",\"Thursday\",\"Friday\",\"Saturday\"],\"opens\":\"09:00\",\"closes\":\"17:00\"},{\"@type\":\"OpeningHoursSpecification\",\"dayOfWeek\":[\"Sunday\"],\"opens\":\"00:00\",\"closes\":\"00:00\"}],\"email\":\"info@bionley.com\"},{\"@type\":\"PostalAddress\",\"@id\":\"https:\\\/\\\/bionley.com\\\/tr\\\/urun\\\/serbetci-otu-2\\\/#local-main-place-address\",\"streetAddress\":\"Fatih Mahallesi 1178 sokak no 5B Gaziemir \u0130ZM\u0130R\",\"addressLocality\":\"GAZ\u0130EM\u0130R\",\"postalCode\":\"35410\",\"addressRegion\":\"\u0130ZM\u0130R\",\"addressCountry\":\"TR\"},{\"@type\":\"ImageObject\",\"inLanguage\":\"tr\",\"@id\":\"https:\\\/\\\/bionley.com\\\/tr\\\/urun\\\/serbetci-otu-2\\\/#local-main-organization-logo\",\"url\":\"https:\\\/\\\/bionley.com\\\/tr\\\/wp-content\\\/uploads\\\/2026\\\/01\\\/Adsiz-tasarim-1.png\",\"contentUrl\":\"https:\\\/\\\/bionley.com\\\/tr\\\/wp-content\\\/uploads\\\/2026\\\/01\\\/Adsiz-tasarim-1.png\",\"width\":1280,\"height\":439,\"caption\":\"Bionley Biyoteknoloji A.\u015e\"}]}<\/script>\n<meta name=\"geo.placename\" content=\"GAZ\u0130EM\u0130R\" \/>\n<meta name=\"geo.region\" content=\"T\u00fcrkiye\" \/>\n<!-- \/ Yoast SEO Premium plugin. -->","yoast_head_json":{"title":"\u015eERBET\u00c7\u0130 OTU - Bionley","robots":{"index":"index","follow":"follow","max-snippet":"max-snippet:-1","max-image-preview":"max-image-preview:large","max-video-preview":"max-video-preview:-1"},"canonical":"https:\/\/bionley.com\/tr\/urun\/serbetci-otu-2\/","og_locale":"tr_TR","og_type":"article","og_title":"\u015eERBET\u00c7\u0130 OTU","og_description":"Humulus Lupulus UV Ile Toplam Polifenol","og_url":"https:\/\/bionley.com\/tr\/urun\/serbetci-otu-2\/","og_site_name":"Bionley","article_publisher":"https:\/\/www.facebook.com\/profile.php?id=61554875321542&locale=tr_TR","article_modified_time":"2025-02-03T00:25:26+00:00","og_image":[{"width":1500,"height":1500,"url":"https:\/\/bionley.com\/tr\/wp-content\/uploads\/2024\/01\/hops.jpg","type":"image\/jpeg"}],"twitter_card":"summary_large_image","twitter_site":"@bionleyBion","twitter_misc":{"Tahmini okuma s\u00fcresi":"4 dakika"},"schema":{"@context":"https:\/\/schema.org","@graph":[{"@type":"WebPage","@id":"https:\/\/bionley.com\/tr\/urun\/serbetci-otu-2\/","url":"https:\/\/bionley.com\/tr\/urun\/serbetci-otu-2\/","name":"\u015eERBET\u00c7\u0130 OTU - Bionley","isPartOf":{"@id":"https:\/\/bionley.com\/tr\/#website"},"primaryImageOfPage":{"@id":"https:\/\/bionley.com\/tr\/urun\/serbetci-otu-2\/#primaryimage"},"image":{"@id":"https:\/\/bionley.com\/tr\/urun\/serbetci-otu-2\/#primaryimage"},"thumbnailUrl":"https:\/\/bionley.com\/tr\/wp-content\/uploads\/2024\/01\/hops.jpg","datePublished":"2024-01-07T15:15:39+00:00","dateModified":"2025-02-03T00:25:26+00:00","breadcrumb":{"@id":"https:\/\/bionley.com\/tr\/urun\/serbetci-otu-2\/#breadcrumb"},"inLanguage":"tr","potentialAction":[{"@type":"ReadAction","target":["https:\/\/bionley.com\/tr\/urun\/serbetci-otu-2\/"]}]},{"@type":"ImageObject","inLanguage":"tr","@id":"https:\/\/bionley.com\/tr\/urun\/serbetci-otu-2\/#primaryimage","url":"https:\/\/bionley.com\/tr\/wp-content\/uploads\/2024\/01\/hops.jpg","contentUrl":"https:\/\/bionley.com\/tr\/wp-content\/uploads\/2024\/01\/hops.jpg","width":1500,"height":1500},{"@type":"BreadcrumbList","@id":"https:\/\/bionley.com\/tr\/urun\/serbetci-otu-2\/#breadcrumb","itemListElement":[{"@type":"ListItem","position":1,"name":"Anasayfa","item":"https:\/\/bionley.com\/tr\/"},{"@type":"ListItem","position":2,"name":"\u00dcr\u00fcnler","item":"https:\/\/bionley.com\/tr\/shop\/"},{"@type":"ListItem","position":3,"name":"\u015eERBET\u00c7\u0130 OTU"}]},{"@type":"WebSite","@id":"https:\/\/bionley.com\/tr\/#website","url":"https:\/\/bionley.com\/tr\/","name":"Bionley","description":"","publisher":{"@id":"https:\/\/bionley.com\/tr\/#organization"},"potentialAction":[{"@type":"SearchAction","target":{"@type":"EntryPoint","urlTemplate":"https:\/\/bionley.com\/tr\/?s={search_term_string}"},"query-input":{"@type":"PropertyValueSpecification","valueRequired":true,"valueName":"search_term_string"}}],"inLanguage":"tr"},{"@type":["Organization","Place","Corporation"],"@id":"https:\/\/bionley.com\/tr\/#organization","name":"Bionley Biyoteknoloji A.\u015e","url":"https:\/\/bionley.com\/tr\/","logo":{"@id":"https:\/\/bionley.com\/tr\/urun\/serbetci-otu-2\/#local-main-organization-logo"},"image":{"@id":"https:\/\/bionley.com\/tr\/urun\/serbetci-otu-2\/#local-main-organization-logo"},"sameAs":["https:\/\/www.facebook.com\/profile.php?id=61554875321542&locale=tr_TR","https:\/\/x.com\/bionleyBion","https:\/\/www.instagram.com\/bionleycom\/"],"description":"Bitkilerden standardize ekstre elde edilmesi ve elde edilen ekstrelerden de\u011ferli molek\u00fcllerin safla\u015ft\u0131r\u0131lmas\u0131 ve end\u00fcstriyel \u00f6l\u00e7ekte \u00fcretiminin yap\u0131lmas\u0131, \u00f6zellikle tar\u0131msal at\u0131klar ve t\u0131bbi aromatik bitkilerden y\u00fcksek katma de\u011ferli \u00fcr\u00fcnler elde etme \u00fczerine 20 y\u0131l\u0131 a\u015fk\u0131n s\u00fcredir \u00e7al\u0131\u015fmalar yapmaktay\u0131z. Gaziemir Sarn\u0131\u00e7 sanayi b\u00f6lgesinde faaliyet g\u00f6steren Bionley Biyoteknoloji A.\u015e \u015firketimiz i\u015f ortaklar\u0131m\u0131za \u00f6zel Ar-Ge \u00e7al\u0131\u015fmalar\u0131 ile inovatif \u00fcr\u00fcnler geli\u015ftirmekte ve \u00dclkemizin bu konularda d\u0131\u015far\u0131ya olan ba\u011f\u0131ml\u0131l\u0131\u011f\u0131n\u0131 azaltmaktay\u0131z. \u00d6zellikle Astragalus (Geven) ve Ruscus (Tav\u015fan memesi) bitkilerinin de\u011ferli molek\u00fcllerinin y\u00fcksek safl\u0131kta elde edilmesi ve end\u00fcstriyel \u00f6l\u00e7ekte \u00fcretimini ger\u00e7ekle\u015ftirmekteyiz . T\u00fcrkiye'de yeti\u015fen bitkilerin standardize olarak ekstrelerinin \u00fcretimini ger\u00e7ekle\u015ftirmektedir. Ayr\u0131ca Spray Dryer (p\u00fcsk\u00fcrtmeli kurutucu), Freeze Dryer, Tray Dryer, Rotocone Dryer v.b. cihazlar\u0131n tasar\u0131m ve optizasyonunu yapan bir firmad\u0131r.","legalName":"B\u0130ONLEY B\u0130YOTEKNOLOJ\u0130 A.\u015e","foundingDate":"2023-05-23","numberOfEmployees":{"@type":"QuantitativeValue","minValue":"1","maxValue":"10"},"address":{"@id":"https:\/\/bionley.com\/tr\/urun\/serbetci-otu-2\/#local-main-place-address"},"telephone":["05332783176"],"openingHoursSpecification":[{"@type":"OpeningHoursSpecification","dayOfWeek":["Monday"],"opens":"09:00","closes":"18:00"},{"@type":"OpeningHoursSpecification","dayOfWeek":["Tuesday","Wednesday","Thursday","Friday","Saturday"],"opens":"09:00","closes":"17:00"},{"@type":"OpeningHoursSpecification","dayOfWeek":["Sunday"],"opens":"00:00","closes":"00:00"}],"email":"info@bionley.com"},{"@type":"PostalAddress","@id":"https:\/\/bionley.com\/tr\/urun\/serbetci-otu-2\/#local-main-place-address","streetAddress":"Fatih Mahallesi 1178 sokak no 5B Gaziemir \u0130ZM\u0130R","addressLocality":"GAZ\u0130EM\u0130R","postalCode":"35410","addressRegion":"\u0130ZM\u0130R","addressCountry":"TR"},{"@type":"ImageObject","inLanguage":"tr","@id":"https:\/\/bionley.com\/tr\/urun\/serbetci-otu-2\/#local-main-organization-logo","url":"https:\/\/bionley.com\/tr\/wp-content\/uploads\/2026\/01\/Adsiz-tasarim-1.png","contentUrl":"https:\/\/bionley.com\/tr\/wp-content\/uploads\/2026\/01\/Adsiz-tasarim-1.png","width":1280,"height":439,"caption":"Bionley Biyoteknoloji A.\u015e"}]},"geo.placename":"GAZ\u0130EM\u0130R","geo.region":"T\u00fcrkiye"},"_links":{"self":[{"href":"https:\/\/bionley.com\/tr\/wp-json\/wp\/v2\/product\/131097","targetHints":{"allow":["GET"]}}],"collection":[{"href":"https:\/\/bionley.com\/tr\/wp-json\/wp\/v2\/product"}],"about":[{"href":"https:\/\/bionley.com\/tr\/wp-json\/wp\/v2\/types\/product"}],"replies":[{"embeddable":true,"href":"https:\/\/bionley.com\/tr\/wp-json\/wp\/v2\/comments?post=131097"}],"wp:featuredmedia":[{"embeddable":true,"href":"https:\/\/bionley.com\/tr\/wp-json\/wp\/v2\/media\/131200"}],"wp:attachment":[{"href":"https:\/\/bionley.com\/tr\/wp-json\/wp\/v2\/media?parent=131097"}],"wp:term":[{"taxonomy":"product_brand","embeddable":true,"href":"https:\/\/bionley.com\/tr\/wp-json\/wp\/v2\/product_brand?post=131097"},{"taxonomy":"product_cat","embeddable":true,"href":"https:\/\/bionley.com\/tr\/wp-json\/wp\/v2\/product_cat?post=131097"},{"taxonomy":"product_tag","embeddable":true,"href":"https:\/\/bionley.com\/tr\/wp-json\/wp\/v2\/product_tag?post=131097"}],"curies":[{"name":"wp","href":"https:\/\/api.w.org\/{rel}","templated":true}]}}