{"id":131099,"date":"2024-01-07T18:18:50","date_gmt":"2024-01-07T15:18:50","guid":{"rendered":"http:\/\/demo.bionley.com\/?post_type=product&#038;p=131099"},"modified":"2024-07-20T18:51:50","modified_gmt":"2024-07-20T15:51:50","slug":"at-kuyrugu-2","status":"publish","type":"product","link":"https:\/\/bionley.com\/tr\/urun\/at-kuyrugu-2\/","title":{"rendered":"AT KUYRU\u011eU"},"content":{"rendered":"<p>At kuyru\u011fu bitkisi, Avrupa, Asya ve Kuzey Amerika&#8217;da do\u011fal olarak bulunur ve bir\u00e7ok farkl\u0131 k\u00fclt\u00fcrde yayg\u0131n olarak kullan\u0131l\u0131r. Bitkinin k\u00f6k\u00fc ve yapraklar\u0131, \u00f6zellikle de at kuyru\u011fu tozu ekstrakt\u0131, bir\u00e7ok faydal\u0131 bile\u015fen i\u00e7erir. Bu bile\u015fenler, at kuyru\u011fu tozunun bir\u00e7ok farkl\u0131 end\u00fcstride kullan\u0131lmas\u0131n\u0131 m\u00fcmk\u00fcn k\u0131lar.<\/p>\n<p>At kuyru\u011fu tozunun ana bile\u015feni, silika dioksittir. Silika dioksit, kemiklerin, di\u015flerin, cildin ve t\u0131rnaklar\u0131n sa\u011fl\u0131kl\u0131 bir \u015fekilde geli\u015fmesi i\u00e7in gereklidir. Ayr\u0131ca, at kuyru\u011fu bitkisi, flavonoidler, saponinler ve fitosteroller gibi di\u011fer faydal\u0131 bile\u015fenleri de i\u00e7erir. Flavonoidler, antioksidan \u00f6zellikleri nedeniyle ba\u011f\u0131\u015f\u0131kl\u0131k sistemini desteklemeye yard\u0131mc\u0131 olur. Saponinler, sindirim sistemi sa\u011fl\u0131\u011f\u0131n\u0131 iyile\u015ftirmeye yard\u0131mc\u0131 olurken, fitosteroller, kolesterol\u00fc d\u00fc\u015f\u00fcrmeye yard\u0131mc\u0131 olur.<\/p>\n<p>At kuyru\u011fu toz ekstrakt\u0131n\u0131n bir\u00e7ok end\u00fcstride kullan\u0131lmas\u0131 m\u00fcmk\u00fcnd\u00fcr. \u0130lk olarak, bitki, veterinerlik end\u00fcstrisinde yayg\u0131n olarak kullan\u0131l\u0131r. At kuyru\u011fu bitkisi, atlar\u0131n sindirim sistemi sa\u011fl\u0131\u011f\u0131n\u0131 iyile\u015ftirmeye yard\u0131mc\u0131 olabilir.<\/p>\n<p>\u0130kinci olarak, at kuyru\u011fu toz ekstrakt\u0131, kozmetik end\u00fcstrisinde kullan\u0131l\u0131r. Silika dioksit i\u00e7eri\u011fi, cildin nemlendirilmesine ve sa\u011fl\u0131kl\u0131 bir \u015fekilde kalmas\u0131na yard\u0131mc\u0131 olabilir. Ayr\u0131ca, flavonoidler de antioksidan \u00f6zellikleri nedeniyle cildin ya\u015flanmas\u0131n\u0131 geciktirmeye yard\u0131mc\u0131 olabilir.<\/p>\n<p>\u00dc\u00e7\u00fcnc\u00fc olarak, bitki, g\u0131da end\u00fcstrisinde kullan\u0131l\u0131r. At kuyru\u011fu bitkisi, sindirim sistemi sa\u011fl\u0131\u011f\u0131n\u0131 iyile\u015ftirmeye yard\u0131mc\u0131 oldu\u011fu i\u00e7in, bir\u00e7ok farkl\u0131 g\u0131da takviyesinde kullan\u0131labilir. Ayr\u0131ca, bitki, \u00e7ay yap\u0131m\u0131nda da kullan\u0131labilir.<\/p>\n<p>Son olarak, at kuyru\u011fu toz ekstrakt\u0131, tar\u0131m end\u00fcstrisinde kullan\u0131l\u0131r. Bitki, toprak verimlili\u011fini art\u0131rmak i\u00e7in kullan\u0131labilir. Ayr\u0131ca, bitkinin yapraklar\u0131, hayvan yemi olarak da kullan\u0131labilir.<\/p>\n<p>Atkuyru\u011fu y\u00fczy\u0131llard\u0131r t\u0131bbi ama\u00e7larla kullan\u0131lan bir bitkidir. Sa\u011fl\u0131kl\u0131 cilt, sa\u00e7 ve t\u0131rnaklar i\u00e7in \u00f6nemli olan y\u00fcksek d\u00fczeyde silika i\u00e7erir. Atkuyru\u011fu \u00f6z\u00fc, kozmetik bir bile\u015fen, bir g\u0131da takviyesi ve bir hayvan yemi katk\u0131 maddesi de dahil olmak \u00fczere \u00e7e\u015fitli \u015fekillerde kullan\u0131labilir.<\/p>\n<p>Kozmetik kullan\u0131mlar: Atkuyru\u011fu \u00f6z\u00fc, sa\u00e7, t\u0131rnak ve cildi g\u00fc\u00e7lendirmeye yard\u0131mc\u0131 olan y\u00fcksek silika i\u00e7eri\u011fi nedeniyle kozmetikte s\u0131kl\u0131kla kullan\u0131l\u0131r. Sa\u00e7 sa\u011fl\u0131\u011f\u0131n\u0131 iyile\u015ftirmek ve k\u0131r\u0131lmay\u0131 \u00f6nlemek i\u00e7in \u015fampuanlarda, sa\u00e7 kremlerinde ve di\u011fer sa\u00e7 \u00fcr\u00fcnlerinde bulunabilir. Ayr\u0131ca nemlendiriciler ve tonerler gibi cilt bak\u0131m \u00fcr\u00fcnlerinde cildin elastikiyetini ve s\u0131k\u0131l\u0131\u011f\u0131n\u0131 art\u0131rmak i\u00e7in kullan\u0131l\u0131r.<\/p>\n<p>G\u0131da kullan\u0131mlar\u0131: Atkuyru\u011fu \u00f6z\u00fc, y\u00fcksek silika i\u00e7eri\u011fi nedeniyle g\u0131da takviyesi olarak da kullan\u0131l\u0131r. Silika kemik sa\u011fl\u0131\u011f\u0131 i\u00e7in \u00f6nemlidir ve ayr\u0131ca di\u015fleri ve di\u015f etlerini g\u00fc\u00e7lendirmeye yard\u0131mc\u0131 olabilir. Atkuyru\u011fu \u00f6z\u00fc kaps\u00fcllerde, tabletlerde ve tozlarda bulunabilir ve genellikle multivitamin takviyelerine dahil edilir.<\/p>\n<p>Hayvan \u00e7iftliklerinde kullan\u0131l\u0131r: Atkuyru\u011fu \u00f6z\u00fc bazen hayvanlar\u0131n sa\u011fl\u0131\u011f\u0131n\u0131 iyile\u015ftirmek i\u00e7in hayvan yemlerine eklenir. Kemikleri g\u00fc\u00e7lendirmeye, t\u00fcy ve cilt sa\u011fl\u0131\u011f\u0131n\u0131 iyile\u015ftirmeye ve genel sa\u011fl\u0131k ve zindeli\u011fi te\u015fvik etmeye yard\u0131mc\u0131 olabilir. Genellikle at yemlerinde kullan\u0131l\u0131r, ancak inek, ke\u00e7i ve koyun gibi di\u011fer hayvan t\u00fcrleri i\u00e7in de kullan\u0131labilir.<\/p>\n<p>Genel olarak, at kuyru\u011fu \u00f6z\u00fcn\u00fcn bir\u00e7ok faydas\u0131 vard\u0131r ve hem insanlarda hem de hayvanlarda sa\u011fl\u0131k ve zindeli\u011fi te\u015fvik etmek i\u00e7in \u00e7e\u015fitli \u015fekillerde kullan\u0131labilir.<\/p>\n<h4>Kimyasal Bilgi<\/h4>\n<p>At kuyru\u011fu Ekstrakt\u0131<\/p>\n<h4>Geleneksel Kullan\u0131m<\/h4>\n<p>Atkuyru\u011fu geleneksel olarak idrar s\u00f6kt\u00fcr\u00fcc\u00fc, hemostatik ve yeniden mineralle\u015ftirici olarak kullan\u0131lmaktad\u0131r. \u0130lk ba\u015flarda idrar s\u00f6kt\u00fcr\u00fcc\u00fc etkisinin bitkinin inorganik elementlerinden (silisyum) kaynakland\u0131\u011f\u0131 d\u00fc\u015f\u00fcn\u00fclmekteydi, ancak g\u00fcn\u00fcm\u00fczde bu etkinin flavonoidler ve saponinlerden kaynakland\u0131\u011f\u0131 kan\u0131tlanm\u0131\u015f g\u00f6r\u00fcnmektedir. Kayda de\u011fer bir hemostatik ve sikatrisyel etkiye sahiptir ve bu nedenle geleneksel olarak baz\u0131 kanamalar\u0131n tedavisinde kullan\u0131lm\u0131\u015ft\u0131r. Silisyum i\u00e7eri\u011finden kaynaklanan remineralize edici etkisi de vurgulanmal\u0131d\u0131r.<\/p>\n","protected":false},"excerpt":{"rendered":"<p>Equisetum Arvanse L.<br \/>\nTLC Ile Silica<\/p>\n","protected":false},"featured_media":131202,"comment_status":"open","ping_status":"closed","template":"","meta":[],"product_brand":[],"product_cat":[151,153],"product_tag":[],"class_list":{"0":"post-131099","1":"product","2":"type-product","3":"status-publish","4":"has-post-thumbnail","6":"product_cat-extracts","7":"product_cat-powder-extracts","9":"first","10":"instock","11":"shipping-taxable","12":"product-type-simple"},"yoast_head":"<!-- This site is optimized with the Yoast SEO Premium plugin v27.4 (Yoast SEO v27.4) - https:\/\/yoast.com\/product\/yoast-seo-premium-wordpress\/ -->\n<title>AT KUYRU\u011eU - Bionley<\/title>\n<meta name=\"robots\" content=\"index, follow, max-snippet:-1, max-image-preview:large, max-video-preview:-1\" \/>\n<link rel=\"canonical\" href=\"https:\/\/bionley.com\/tr\/urun\/at-kuyrugu-2\/\" \/>\n<meta property=\"og:locale\" content=\"tr_TR\" \/>\n<meta property=\"og:type\" content=\"article\" \/>\n<meta property=\"og:title\" content=\"AT KUYRU\u011eU\" \/>\n<meta property=\"og:description\" content=\"Equisetum Arvanse L. TLC Ile Silica\" \/>\n<meta property=\"og:url\" content=\"https:\/\/bionley.com\/tr\/urun\/at-kuyrugu-2\/\" \/>\n<meta property=\"og:site_name\" content=\"Bionley\" \/>\n<meta property=\"article:publisher\" content=\"https:\/\/www.facebook.com\/profile.php?id=61554875321542&amp;locale=tr_TR\" \/>\n<meta property=\"article:modified_time\" content=\"2024-07-20T15:51:50+00:00\" \/>\n<meta property=\"og:image\" content=\"https:\/\/bionley.com\/tr\/wp-content\/uploads\/2024\/01\/horsetail.jpg\" \/>\n\t<meta property=\"og:image:width\" content=\"1500\" \/>\n\t<meta property=\"og:image:height\" content=\"1500\" \/>\n\t<meta property=\"og:image:type\" content=\"image\/jpeg\" \/>\n<meta name=\"twitter:card\" content=\"summary_large_image\" \/>\n<meta name=\"twitter:site\" content=\"@bionleyBion\" \/>\n<meta name=\"twitter:label1\" content=\"Tahmini okuma s\u00fcresi\" \/>\n\t<meta name=\"twitter:data1\" content=\"4 dakika\" \/>\n<script type=\"application\/ld+json\" class=\"yoast-schema-graph\">{\"@context\":\"https:\\\/\\\/schema.org\",\"@graph\":[{\"@type\":\"WebPage\",\"@id\":\"https:\\\/\\\/bionley.com\\\/tr\\\/urun\\\/at-kuyrugu-2\\\/\",\"url\":\"https:\\\/\\\/bionley.com\\\/tr\\\/urun\\\/at-kuyrugu-2\\\/\",\"name\":\"AT KUYRU\u011eU - Bionley\",\"isPartOf\":{\"@id\":\"https:\\\/\\\/bionley.com\\\/tr\\\/#website\"},\"primaryImageOfPage\":{\"@id\":\"https:\\\/\\\/bionley.com\\\/tr\\\/urun\\\/at-kuyrugu-2\\\/#primaryimage\"},\"image\":{\"@id\":\"https:\\\/\\\/bionley.com\\\/tr\\\/urun\\\/at-kuyrugu-2\\\/#primaryimage\"},\"thumbnailUrl\":\"https:\\\/\\\/bionley.com\\\/tr\\\/wp-content\\\/uploads\\\/2024\\\/01\\\/horsetail.jpg\",\"datePublished\":\"2024-01-07T15:18:50+00:00\",\"dateModified\":\"2024-07-20T15:51:50+00:00\",\"breadcrumb\":{\"@id\":\"https:\\\/\\\/bionley.com\\\/tr\\\/urun\\\/at-kuyrugu-2\\\/#breadcrumb\"},\"inLanguage\":\"tr\",\"potentialAction\":[{\"@type\":\"ReadAction\",\"target\":[\"https:\\\/\\\/bionley.com\\\/tr\\\/urun\\\/at-kuyrugu-2\\\/\"]}]},{\"@type\":\"ImageObject\",\"inLanguage\":\"tr\",\"@id\":\"https:\\\/\\\/bionley.com\\\/tr\\\/urun\\\/at-kuyrugu-2\\\/#primaryimage\",\"url\":\"https:\\\/\\\/bionley.com\\\/tr\\\/wp-content\\\/uploads\\\/2024\\\/01\\\/horsetail.jpg\",\"contentUrl\":\"https:\\\/\\\/bionley.com\\\/tr\\\/wp-content\\\/uploads\\\/2024\\\/01\\\/horsetail.jpg\",\"width\":1500,\"height\":1500},{\"@type\":\"BreadcrumbList\",\"@id\":\"https:\\\/\\\/bionley.com\\\/tr\\\/urun\\\/at-kuyrugu-2\\\/#breadcrumb\",\"itemListElement\":[{\"@type\":\"ListItem\",\"position\":1,\"name\":\"Anasayfa\",\"item\":\"https:\\\/\\\/bionley.com\\\/tr\\\/\"},{\"@type\":\"ListItem\",\"position\":2,\"name\":\"\u00dcr\u00fcnler\",\"item\":\"https:\\\/\\\/bionley.com\\\/tr\\\/shop\\\/\"},{\"@type\":\"ListItem\",\"position\":3,\"name\":\"AT KUYRU\u011eU\"}]},{\"@type\":\"WebSite\",\"@id\":\"https:\\\/\\\/bionley.com\\\/tr\\\/#website\",\"url\":\"https:\\\/\\\/bionley.com\\\/tr\\\/\",\"name\":\"Bionley\",\"description\":\"\",\"publisher\":{\"@id\":\"https:\\\/\\\/bionley.com\\\/tr\\\/#organization\"},\"potentialAction\":[{\"@type\":\"SearchAction\",\"target\":{\"@type\":\"EntryPoint\",\"urlTemplate\":\"https:\\\/\\\/bionley.com\\\/tr\\\/?s={search_term_string}\"},\"query-input\":{\"@type\":\"PropertyValueSpecification\",\"valueRequired\":true,\"valueName\":\"search_term_string\"}}],\"inLanguage\":\"tr\"},{\"@type\":[\"Organization\",\"Place\",\"Corporation\"],\"@id\":\"https:\\\/\\\/bionley.com\\\/tr\\\/#organization\",\"name\":\"Bionley Biyoteknoloji A.\u015e\",\"url\":\"https:\\\/\\\/bionley.com\\\/tr\\\/\",\"logo\":{\"@id\":\"https:\\\/\\\/bionley.com\\\/tr\\\/urun\\\/at-kuyrugu-2\\\/#local-main-organization-logo\"},\"image\":{\"@id\":\"https:\\\/\\\/bionley.com\\\/tr\\\/urun\\\/at-kuyrugu-2\\\/#local-main-organization-logo\"},\"sameAs\":[\"https:\\\/\\\/www.facebook.com\\\/profile.php?id=61554875321542&locale=tr_TR\",\"https:\\\/\\\/x.com\\\/bionleyBion\",\"https:\\\/\\\/www.instagram.com\\\/bionleycom\\\/\"],\"description\":\"Bitkilerden standardize ekstre elde edilmesi ve elde edilen ekstrelerden de\u011ferli molek\u00fcllerin safla\u015ft\u0131r\u0131lmas\u0131 ve end\u00fcstriyel \u00f6l\u00e7ekte \u00fcretiminin yap\u0131lmas\u0131, \u00f6zellikle tar\u0131msal at\u0131klar ve t\u0131bbi aromatik bitkilerden y\u00fcksek katma de\u011ferli \u00fcr\u00fcnler elde etme \u00fczerine 20 y\u0131l\u0131 a\u015fk\u0131n s\u00fcredir \u00e7al\u0131\u015fmalar yapmaktay\u0131z. Gaziemir Sarn\u0131\u00e7 sanayi b\u00f6lgesinde faaliyet g\u00f6steren Bionley Biyoteknoloji A.\u015e \u015firketimiz i\u015f ortaklar\u0131m\u0131za \u00f6zel Ar-Ge \u00e7al\u0131\u015fmalar\u0131 ile inovatif \u00fcr\u00fcnler geli\u015ftirmekte ve \u00dclkemizin bu konularda d\u0131\u015far\u0131ya olan ba\u011f\u0131ml\u0131l\u0131\u011f\u0131n\u0131 azaltmaktay\u0131z. \u00d6zellikle Astragalus (Geven) ve Ruscus (Tav\u015fan memesi) bitkilerinin de\u011ferli molek\u00fcllerinin y\u00fcksek safl\u0131kta elde edilmesi ve end\u00fcstriyel \u00f6l\u00e7ekte \u00fcretimini ger\u00e7ekle\u015ftirmekteyiz . T\u00fcrkiye'de yeti\u015fen bitkilerin standardize olarak ekstrelerinin \u00fcretimini ger\u00e7ekle\u015ftirmektedir. Ayr\u0131ca Spray Dryer (p\u00fcsk\u00fcrtmeli kurutucu), Freeze Dryer, Tray Dryer, Rotocone Dryer v.b. cihazlar\u0131n tasar\u0131m ve optizasyonunu yapan bir firmad\u0131r.\",\"legalName\":\"B\u0130ONLEY B\u0130YOTEKNOLOJ\u0130 A.\u015e\",\"foundingDate\":\"2023-05-23\",\"numberOfEmployees\":{\"@type\":\"QuantitativeValue\",\"minValue\":\"1\",\"maxValue\":\"10\"},\"address\":{\"@id\":\"https:\\\/\\\/bionley.com\\\/tr\\\/urun\\\/at-kuyrugu-2\\\/#local-main-place-address\"},\"telephone\":[\"05332783176\"],\"openingHoursSpecification\":[{\"@type\":\"OpeningHoursSpecification\",\"dayOfWeek\":[\"Monday\"],\"opens\":\"09:00\",\"closes\":\"18:00\"},{\"@type\":\"OpeningHoursSpecification\",\"dayOfWeek\":[\"Tuesday\",\"Wednesday\",\"Thursday\",\"Friday\",\"Saturday\"],\"opens\":\"09:00\",\"closes\":\"17:00\"},{\"@type\":\"OpeningHoursSpecification\",\"dayOfWeek\":[\"Sunday\"],\"opens\":\"00:00\",\"closes\":\"00:00\"}],\"email\":\"info@bionley.com\"},{\"@type\":\"PostalAddress\",\"@id\":\"https:\\\/\\\/bionley.com\\\/tr\\\/urun\\\/at-kuyrugu-2\\\/#local-main-place-address\",\"streetAddress\":\"Fatih Mahallesi 1178 sokak no 5B Gaziemir \u0130ZM\u0130R\",\"addressLocality\":\"GAZ\u0130EM\u0130R\",\"postalCode\":\"35410\",\"addressRegion\":\"\u0130ZM\u0130R\",\"addressCountry\":\"TR\"},{\"@type\":\"ImageObject\",\"inLanguage\":\"tr\",\"@id\":\"https:\\\/\\\/bionley.com\\\/tr\\\/urun\\\/at-kuyrugu-2\\\/#local-main-organization-logo\",\"url\":\"https:\\\/\\\/bionley.com\\\/tr\\\/wp-content\\\/uploads\\\/2026\\\/01\\\/Adsiz-tasarim-1.png\",\"contentUrl\":\"https:\\\/\\\/bionley.com\\\/tr\\\/wp-content\\\/uploads\\\/2026\\\/01\\\/Adsiz-tasarim-1.png\",\"width\":1280,\"height\":439,\"caption\":\"Bionley Biyoteknoloji A.\u015e\"}]}<\/script>\n<meta name=\"geo.placename\" content=\"GAZ\u0130EM\u0130R\" \/>\n<meta name=\"geo.region\" content=\"T\u00fcrkiye\" \/>\n<!-- \/ Yoast SEO Premium plugin. -->","yoast_head_json":{"title":"AT KUYRU\u011eU - Bionley","robots":{"index":"index","follow":"follow","max-snippet":"max-snippet:-1","max-image-preview":"max-image-preview:large","max-video-preview":"max-video-preview:-1"},"canonical":"https:\/\/bionley.com\/tr\/urun\/at-kuyrugu-2\/","og_locale":"tr_TR","og_type":"article","og_title":"AT KUYRU\u011eU","og_description":"Equisetum Arvanse L. TLC Ile Silica","og_url":"https:\/\/bionley.com\/tr\/urun\/at-kuyrugu-2\/","og_site_name":"Bionley","article_publisher":"https:\/\/www.facebook.com\/profile.php?id=61554875321542&locale=tr_TR","article_modified_time":"2024-07-20T15:51:50+00:00","og_image":[{"width":1500,"height":1500,"url":"https:\/\/bionley.com\/tr\/wp-content\/uploads\/2024\/01\/horsetail.jpg","type":"image\/jpeg"}],"twitter_card":"summary_large_image","twitter_site":"@bionleyBion","twitter_misc":{"Tahmini okuma s\u00fcresi":"4 dakika"},"schema":{"@context":"https:\/\/schema.org","@graph":[{"@type":"WebPage","@id":"https:\/\/bionley.com\/tr\/urun\/at-kuyrugu-2\/","url":"https:\/\/bionley.com\/tr\/urun\/at-kuyrugu-2\/","name":"AT KUYRU\u011eU - Bionley","isPartOf":{"@id":"https:\/\/bionley.com\/tr\/#website"},"primaryImageOfPage":{"@id":"https:\/\/bionley.com\/tr\/urun\/at-kuyrugu-2\/#primaryimage"},"image":{"@id":"https:\/\/bionley.com\/tr\/urun\/at-kuyrugu-2\/#primaryimage"},"thumbnailUrl":"https:\/\/bionley.com\/tr\/wp-content\/uploads\/2024\/01\/horsetail.jpg","datePublished":"2024-01-07T15:18:50+00:00","dateModified":"2024-07-20T15:51:50+00:00","breadcrumb":{"@id":"https:\/\/bionley.com\/tr\/urun\/at-kuyrugu-2\/#breadcrumb"},"inLanguage":"tr","potentialAction":[{"@type":"ReadAction","target":["https:\/\/bionley.com\/tr\/urun\/at-kuyrugu-2\/"]}]},{"@type":"ImageObject","inLanguage":"tr","@id":"https:\/\/bionley.com\/tr\/urun\/at-kuyrugu-2\/#primaryimage","url":"https:\/\/bionley.com\/tr\/wp-content\/uploads\/2024\/01\/horsetail.jpg","contentUrl":"https:\/\/bionley.com\/tr\/wp-content\/uploads\/2024\/01\/horsetail.jpg","width":1500,"height":1500},{"@type":"BreadcrumbList","@id":"https:\/\/bionley.com\/tr\/urun\/at-kuyrugu-2\/#breadcrumb","itemListElement":[{"@type":"ListItem","position":1,"name":"Anasayfa","item":"https:\/\/bionley.com\/tr\/"},{"@type":"ListItem","position":2,"name":"\u00dcr\u00fcnler","item":"https:\/\/bionley.com\/tr\/shop\/"},{"@type":"ListItem","position":3,"name":"AT KUYRU\u011eU"}]},{"@type":"WebSite","@id":"https:\/\/bionley.com\/tr\/#website","url":"https:\/\/bionley.com\/tr\/","name":"Bionley","description":"","publisher":{"@id":"https:\/\/bionley.com\/tr\/#organization"},"potentialAction":[{"@type":"SearchAction","target":{"@type":"EntryPoint","urlTemplate":"https:\/\/bionley.com\/tr\/?s={search_term_string}"},"query-input":{"@type":"PropertyValueSpecification","valueRequired":true,"valueName":"search_term_string"}}],"inLanguage":"tr"},{"@type":["Organization","Place","Corporation"],"@id":"https:\/\/bionley.com\/tr\/#organization","name":"Bionley Biyoteknoloji A.\u015e","url":"https:\/\/bionley.com\/tr\/","logo":{"@id":"https:\/\/bionley.com\/tr\/urun\/at-kuyrugu-2\/#local-main-organization-logo"},"image":{"@id":"https:\/\/bionley.com\/tr\/urun\/at-kuyrugu-2\/#local-main-organization-logo"},"sameAs":["https:\/\/www.facebook.com\/profile.php?id=61554875321542&locale=tr_TR","https:\/\/x.com\/bionleyBion","https:\/\/www.instagram.com\/bionleycom\/"],"description":"Bitkilerden standardize ekstre elde edilmesi ve elde edilen ekstrelerden de\u011ferli molek\u00fcllerin safla\u015ft\u0131r\u0131lmas\u0131 ve end\u00fcstriyel \u00f6l\u00e7ekte \u00fcretiminin yap\u0131lmas\u0131, \u00f6zellikle tar\u0131msal at\u0131klar ve t\u0131bbi aromatik bitkilerden y\u00fcksek katma de\u011ferli \u00fcr\u00fcnler elde etme \u00fczerine 20 y\u0131l\u0131 a\u015fk\u0131n s\u00fcredir \u00e7al\u0131\u015fmalar yapmaktay\u0131z. Gaziemir Sarn\u0131\u00e7 sanayi b\u00f6lgesinde faaliyet g\u00f6steren Bionley Biyoteknoloji A.\u015e \u015firketimiz i\u015f ortaklar\u0131m\u0131za \u00f6zel Ar-Ge \u00e7al\u0131\u015fmalar\u0131 ile inovatif \u00fcr\u00fcnler geli\u015ftirmekte ve \u00dclkemizin bu konularda d\u0131\u015far\u0131ya olan ba\u011f\u0131ml\u0131l\u0131\u011f\u0131n\u0131 azaltmaktay\u0131z. \u00d6zellikle Astragalus (Geven) ve Ruscus (Tav\u015fan memesi) bitkilerinin de\u011ferli molek\u00fcllerinin y\u00fcksek safl\u0131kta elde edilmesi ve end\u00fcstriyel \u00f6l\u00e7ekte \u00fcretimini ger\u00e7ekle\u015ftirmekteyiz . T\u00fcrkiye'de yeti\u015fen bitkilerin standardize olarak ekstrelerinin \u00fcretimini ger\u00e7ekle\u015ftirmektedir. Ayr\u0131ca Spray Dryer (p\u00fcsk\u00fcrtmeli kurutucu), Freeze Dryer, Tray Dryer, Rotocone Dryer v.b. cihazlar\u0131n tasar\u0131m ve optizasyonunu yapan bir firmad\u0131r.","legalName":"B\u0130ONLEY B\u0130YOTEKNOLOJ\u0130 A.\u015e","foundingDate":"2023-05-23","numberOfEmployees":{"@type":"QuantitativeValue","minValue":"1","maxValue":"10"},"address":{"@id":"https:\/\/bionley.com\/tr\/urun\/at-kuyrugu-2\/#local-main-place-address"},"telephone":["05332783176"],"openingHoursSpecification":[{"@type":"OpeningHoursSpecification","dayOfWeek":["Monday"],"opens":"09:00","closes":"18:00"},{"@type":"OpeningHoursSpecification","dayOfWeek":["Tuesday","Wednesday","Thursday","Friday","Saturday"],"opens":"09:00","closes":"17:00"},{"@type":"OpeningHoursSpecification","dayOfWeek":["Sunday"],"opens":"00:00","closes":"00:00"}],"email":"info@bionley.com"},{"@type":"PostalAddress","@id":"https:\/\/bionley.com\/tr\/urun\/at-kuyrugu-2\/#local-main-place-address","streetAddress":"Fatih Mahallesi 1178 sokak no 5B Gaziemir \u0130ZM\u0130R","addressLocality":"GAZ\u0130EM\u0130R","postalCode":"35410","addressRegion":"\u0130ZM\u0130R","addressCountry":"TR"},{"@type":"ImageObject","inLanguage":"tr","@id":"https:\/\/bionley.com\/tr\/urun\/at-kuyrugu-2\/#local-main-organization-logo","url":"https:\/\/bionley.com\/tr\/wp-content\/uploads\/2026\/01\/Adsiz-tasarim-1.png","contentUrl":"https:\/\/bionley.com\/tr\/wp-content\/uploads\/2026\/01\/Adsiz-tasarim-1.png","width":1280,"height":439,"caption":"Bionley Biyoteknoloji A.\u015e"}]},"geo.placename":"GAZ\u0130EM\u0130R","geo.region":"T\u00fcrkiye"},"_links":{"self":[{"href":"https:\/\/bionley.com\/tr\/wp-json\/wp\/v2\/product\/131099","targetHints":{"allow":["GET"]}}],"collection":[{"href":"https:\/\/bionley.com\/tr\/wp-json\/wp\/v2\/product"}],"about":[{"href":"https:\/\/bionley.com\/tr\/wp-json\/wp\/v2\/types\/product"}],"replies":[{"embeddable":true,"href":"https:\/\/bionley.com\/tr\/wp-json\/wp\/v2\/comments?post=131099"}],"wp:featuredmedia":[{"embeddable":true,"href":"https:\/\/bionley.com\/tr\/wp-json\/wp\/v2\/media\/131202"}],"wp:attachment":[{"href":"https:\/\/bionley.com\/tr\/wp-json\/wp\/v2\/media?parent=131099"}],"wp:term":[{"taxonomy":"product_brand","embeddable":true,"href":"https:\/\/bionley.com\/tr\/wp-json\/wp\/v2\/product_brand?post=131099"},{"taxonomy":"product_cat","embeddable":true,"href":"https:\/\/bionley.com\/tr\/wp-json\/wp\/v2\/product_cat?post=131099"},{"taxonomy":"product_tag","embeddable":true,"href":"https:\/\/bionley.com\/tr\/wp-json\/wp\/v2\/product_tag?post=131099"}],"curies":[{"name":"wp","href":"https:\/\/api.w.org\/{rel}","templated":true}]}}