{"id":131100,"date":"2024-01-07T18:19:38","date_gmt":"2024-01-07T15:19:38","guid":{"rendered":"http:\/\/demo.bionley.com\/?post_type=product&#038;p=131100"},"modified":"2024-07-20T18:53:33","modified_gmt":"2024-07-20T15:53:33","slug":"olmez-cicek-2","status":"publish","type":"product","link":"https:\/\/bionley.com\/tr\/urun\/olmez-cicek-2\/","title":{"rendered":"\u00d6LMEZ \u00c7\u0130\u00c7EK"},"content":{"rendered":"<p>\u00d6lmez \u00e7i\u00e7ek, bilimsel ad\u0131yla Helichrysum arenarium, Avrupa, Asya ve Afrika&#8217;da yeti\u015fen bir bitkidir. Bu bitkinin kurutulmu\u015f \u00e7i\u00e7ekleri toplanarak \u00f6lmez \u00e7i\u00e7ek toz ekstrakt\u0131 elde edilir. \u00d6lmez \u00e7i\u00e7ek toz ekstrakt\u0131, bir\u00e7ok fayda sa\u011flayan etken maddeler i\u00e7erir.<\/p>\n<p>\u00d6lmez \u00e7i\u00e7ek toz ekstrakt\u0131n\u0131n faydalar\u0131 aras\u0131nda karaci\u011fer ve safra kesesi fonksiyonlar\u0131n\u0131 desteklemek, sindirim sistemini rahatlatmak, ba\u011f\u0131rsak hareketlerini d\u00fczenlemek ve toksinleri v\u00fccuttan atmak say\u0131labilir. Ayr\u0131ca, \u00f6lmez \u00e7i\u00e7ek toz ekstrakt\u0131n\u0131n idrar s\u00f6kt\u00fcr\u00fcc\u00fc ve antioksidan \u00f6zellikleri de vard\u0131r. Antioksidan \u00f6zelli\u011fi sayesinde, \u00f6lmez \u00e7i\u00e7ek toz ekstrakt\u0131 serbest radikallerle sava\u015farak h\u00fccre hasar\u0131n\u0131 \u00f6nler.<\/p>\n<p>\u00d6lmez \u00e7i\u00e7ek toz ekstrakt\u0131 ayr\u0131ca kozmetik end\u00fcstrisinde de kullan\u0131lmaktad\u0131r. Cilt bak\u0131m \u00fcr\u00fcnleri ve sa\u00e7 bak\u0131m \u00fcr\u00fcnlerinde antioksidan \u00f6zelli\u011fi sayesinde kullan\u0131lmaktad\u0131r. Ayn\u0131 zamanda, \u00f6lmez \u00e7i\u00e7ek toz ekstrakt\u0131, eczac\u0131l\u0131kta da kullan\u0131lmaktad\u0131r. Karaci\u011fer ve safra kesesi fonksiyonlar\u0131n\u0131 destekleyerek karaci\u011fer hastal\u0131klar\u0131n\u0131n tedavisinde etkilidir. Ayr\u0131ca, sindirim sistemi sorunlar\u0131 olan ki\u015filere verilen ila\u00e7larda da kullan\u0131l\u0131r.<\/p>\n<p>\u00d6lmez \u00e7i\u00e7ek toz ekstrakt\u0131, g\u0131da end\u00fcstrisinde de kullan\u0131lmaktad\u0131r. \u00d6zellikle \u00e7ay, tonik, i\u00e7ecek ve pastalar\u0131n yap\u0131m\u0131nda kullan\u0131l\u0131r. Ayr\u0131ca, \u00f6lmez \u00e7i\u00e7ek toz ekstrakt\u0131, tatland\u0131r\u0131c\u0131 olarak da kullan\u0131l\u0131r.<\/p>\n<p>Sonu\u00e7 olarak, \u00f6lmez \u00e7i\u00e7ek toz ekstrakt\u0131 bir\u00e7ok fayda sa\u011flayan etken maddeler i\u00e7erir ve bir\u00e7ok end\u00fcstride kullan\u0131lmaktad\u0131r. \u00d6zellikle sa\u011fl\u0131k ve g\u00fczellik sekt\u00f6rlerinde s\u0131k\u00e7a kullan\u0131lan \u00f6lmez \u00e7i\u00e7ek toz ekstrakt\u0131, karaci\u011fer hastal\u0131klar\u0131ndan cilt bak\u0131m\u0131na kadar bir\u00e7ok alanda kullan\u0131labilir. Ancak, \u00f6lmez \u00e7i\u00e7ek toz ekstrakt\u0131n\u0131n kullan\u0131m\u0131ndan \u00f6nce mutlaka bir sa\u011fl\u0131k uzman\u0131na dan\u0131\u015f\u0131lmas\u0131 \u00f6nerilir.<\/p>\n<p>\u00d6lmezotu, &#8220;immortelle&#8221; veya &#8220;Helichrysum italicum&#8221; olarak da bilinen bir bitkidir. Bu bitkinin kozmetik ve g\u0131da end\u00fcstrilerinde \u00e7e\u015fitli kullan\u0131m alanlar\u0131 vard\u0131r.<\/p>\n<p>Kozmetik End\u00fcstrisi: \u00d6lmez \u00e7i\u00e7ek ya\u011f\u0131, antioksidan ve anti-inflamatuar \u00f6zellikleri nedeniyle cilt bak\u0131m \u00fcr\u00fcnlerinde kullan\u0131l\u0131r. Ya\u015flanma kar\u015f\u0131t\u0131 etkileri nedeniyle \u00f6lmez \u00e7i\u00e7ek ya\u011f\u0131 ya\u015flanma kar\u015f\u0131t\u0131 kozmetiklerde de kullan\u0131lmaktad\u0131r. \u00d6lmez \u00e7i\u00e7ek \u00f6z\u00fc sa\u00e7 bak\u0131m \u00fcr\u00fcnlerinde ve \u015fampuanlarda kullan\u0131l\u0131r. \u00d6lmez \u00e7i\u00e7ek \u00f6z\u00fc ayr\u0131ca sabun, nemlendirici ve losyon gibi di\u011fer cilt bak\u0131m \u00fcr\u00fcnlerinde de kullan\u0131l\u0131r.<\/p>\n<p>G\u0131da End\u00fcstrisi: \u00d6lmezotu baz\u0131 Akdeniz yemeklerinde kullan\u0131l\u0131r ve baharat olarak kullan\u0131labilir. Bitkinin yapraklar\u0131ndan yap\u0131lan bir \u00e7ay sindirim sorunlar\u0131 ve mide rahats\u0131zl\u0131klar\u0131 i\u00e7in kullan\u0131labilir. Bitkinin \u00e7i\u00e7ekleri antioksidan \u00f6zellikleri nedeniyle baz\u0131 sa\u011fl\u0131k takviyelerinde kullan\u0131l\u0131r. \u00d6lmezotu y\u00fcksek oranda flavonoid ve di\u011fer bile\u015fikler i\u00e7erir, bu nedenle kozmetik ve g\u0131da end\u00fcstrilerinde yayg\u0131n olarak kullan\u0131lan sa\u011fl\u0131kl\u0131 bir bitkidir.<\/p>\n<h4>Kimyasal Bilgi<\/h4>\n<p>\u00d6lmez \u00c7i\u00e7ek Ekstrakt\u0131<\/p>\n<h4>Geleneksel Kullan\u0131m<\/h4>\n<p>Cinsin ad\u0131, s\u0131ras\u0131yla &#8220;g\u00fcne\u015f&#8221; ve &#8220;alt\u0131n&#8221; anlam\u0131na gelen Yunanca &#8220;helios&#8221; ve &#8220;chryos&#8221; kelimelerinden t\u00fcretilmi\u015ftir. Bu isimlendirme, bu cinsin bitki t\u00fcrlerinin tipik olarak parlak sar\u0131 renkte \u00e7i\u00e7ek salk\u0131m\u0131na sahip olmas\u0131ndan kaynaklanmaktad\u0131r Helichrysum spp. \u00e7e\u015fitli enfeksiyonlar\u0131n, yaralar\u0131n, sindirim sorunlar\u0131n\u0131n, diyabet ve so\u011fuk alg\u0131nl\u0131\u011f\u0131n\u0131n tedavisi i\u00e7in geleneksel ve halk ila\u00e7lar\u0131n\u0131n farkl\u0131 sistemlerinde kullan\u0131lm\u0131\u015ft\u0131r ve bunlardan baz\u0131lar\u0131 antimikrobiyal aktivite gibi modern t\u0131pta do\u011frulanm\u0131\u015ft\u0131r. Sonsuz, iltihaplanma ve kronik \u00f6ks\u00fcr\u00fck, bron\u015fit, ate\u015f, kas a\u011fr\u0131s\u0131, flebit ve karaci\u011fer rahats\u0131zl\u0131klar\u0131n\u0131n tedavisinde yard\u0131mc\u0131d\u0131r; ayr\u0131ca ast\u0131m gibi alerji reaksiyonlar\u0131yla da sava\u015f\u0131r.<\/p>\n","protected":false},"excerpt":{"rendered":"<p><em>Helichrysum Italicum<\/em><br \/>\nUV Ile Toplam Flavonoid<\/p>\n","protected":false},"featured_media":131193,"comment_status":"open","ping_status":"closed","template":"","meta":[],"product_brand":[],"product_cat":[151,153],"product_tag":[],"class_list":{"0":"post-131100","1":"product","2":"type-product","3":"status-publish","4":"has-post-thumbnail","6":"product_cat-extracts","7":"product_cat-powder-extracts","9":"first","10":"instock","11":"shipping-taxable","12":"product-type-simple"},"yoast_head":"<!-- This site is optimized with the Yoast SEO Premium plugin v27.4 (Yoast SEO v27.4) - https:\/\/yoast.com\/product\/yoast-seo-premium-wordpress\/ -->\n<title>\u00d6LMEZ \u00c7\u0130\u00c7EK - Bionley<\/title>\n<meta name=\"robots\" content=\"index, follow, max-snippet:-1, max-image-preview:large, max-video-preview:-1\" \/>\n<link rel=\"canonical\" href=\"https:\/\/bionley.com\/tr\/urun\/olmez-cicek-2\/\" \/>\n<meta property=\"og:locale\" content=\"tr_TR\" \/>\n<meta property=\"og:type\" content=\"article\" \/>\n<meta property=\"og:title\" content=\"\u00d6LMEZ \u00c7\u0130\u00c7EK\" \/>\n<meta property=\"og:description\" content=\"Helichrysum Italicum UV Ile Toplam Flavonoid\" \/>\n<meta property=\"og:url\" content=\"https:\/\/bionley.com\/tr\/urun\/olmez-cicek-2\/\" \/>\n<meta property=\"og:site_name\" content=\"Bionley\" \/>\n<meta property=\"article:publisher\" content=\"https:\/\/www.facebook.com\/profile.php?id=61554875321542&amp;locale=tr_TR\" \/>\n<meta property=\"article:modified_time\" content=\"2024-07-20T15:53:33+00:00\" \/>\n<meta property=\"og:image\" content=\"https:\/\/bionley.com\/tr\/wp-content\/uploads\/2024\/01\/helichrysumorientale.jpg\" \/>\n\t<meta property=\"og:image:width\" content=\"1500\" \/>\n\t<meta property=\"og:image:height\" content=\"1500\" \/>\n\t<meta property=\"og:image:type\" content=\"image\/jpeg\" \/>\n<meta name=\"twitter:card\" content=\"summary_large_image\" \/>\n<meta name=\"twitter:site\" content=\"@bionleyBion\" \/>\n<meta name=\"twitter:label1\" content=\"Tahmini okuma s\u00fcresi\" \/>\n\t<meta name=\"twitter:data1\" content=\"3 dakika\" \/>\n<script type=\"application\/ld+json\" class=\"yoast-schema-graph\">{\"@context\":\"https:\\\/\\\/schema.org\",\"@graph\":[{\"@type\":\"WebPage\",\"@id\":\"https:\\\/\\\/bionley.com\\\/tr\\\/urun\\\/olmez-cicek-2\\\/\",\"url\":\"https:\\\/\\\/bionley.com\\\/tr\\\/urun\\\/olmez-cicek-2\\\/\",\"name\":\"\u00d6LMEZ \u00c7\u0130\u00c7EK - Bionley\",\"isPartOf\":{\"@id\":\"https:\\\/\\\/bionley.com\\\/tr\\\/#website\"},\"primaryImageOfPage\":{\"@id\":\"https:\\\/\\\/bionley.com\\\/tr\\\/urun\\\/olmez-cicek-2\\\/#primaryimage\"},\"image\":{\"@id\":\"https:\\\/\\\/bionley.com\\\/tr\\\/urun\\\/olmez-cicek-2\\\/#primaryimage\"},\"thumbnailUrl\":\"https:\\\/\\\/bionley.com\\\/tr\\\/wp-content\\\/uploads\\\/2024\\\/01\\\/helichrysumorientale.jpg\",\"datePublished\":\"2024-01-07T15:19:38+00:00\",\"dateModified\":\"2024-07-20T15:53:33+00:00\",\"breadcrumb\":{\"@id\":\"https:\\\/\\\/bionley.com\\\/tr\\\/urun\\\/olmez-cicek-2\\\/#breadcrumb\"},\"inLanguage\":\"tr\",\"potentialAction\":[{\"@type\":\"ReadAction\",\"target\":[\"https:\\\/\\\/bionley.com\\\/tr\\\/urun\\\/olmez-cicek-2\\\/\"]}]},{\"@type\":\"ImageObject\",\"inLanguage\":\"tr\",\"@id\":\"https:\\\/\\\/bionley.com\\\/tr\\\/urun\\\/olmez-cicek-2\\\/#primaryimage\",\"url\":\"https:\\\/\\\/bionley.com\\\/tr\\\/wp-content\\\/uploads\\\/2024\\\/01\\\/helichrysumorientale.jpg\",\"contentUrl\":\"https:\\\/\\\/bionley.com\\\/tr\\\/wp-content\\\/uploads\\\/2024\\\/01\\\/helichrysumorientale.jpg\",\"width\":1500,\"height\":1500},{\"@type\":\"BreadcrumbList\",\"@id\":\"https:\\\/\\\/bionley.com\\\/tr\\\/urun\\\/olmez-cicek-2\\\/#breadcrumb\",\"itemListElement\":[{\"@type\":\"ListItem\",\"position\":1,\"name\":\"Anasayfa\",\"item\":\"https:\\\/\\\/bionley.com\\\/tr\\\/\"},{\"@type\":\"ListItem\",\"position\":2,\"name\":\"\u00dcr\u00fcnler\",\"item\":\"https:\\\/\\\/bionley.com\\\/tr\\\/shop\\\/\"},{\"@type\":\"ListItem\",\"position\":3,\"name\":\"\u00d6LMEZ \u00c7\u0130\u00c7EK\"}]},{\"@type\":\"WebSite\",\"@id\":\"https:\\\/\\\/bionley.com\\\/tr\\\/#website\",\"url\":\"https:\\\/\\\/bionley.com\\\/tr\\\/\",\"name\":\"Bionley\",\"description\":\"\",\"publisher\":{\"@id\":\"https:\\\/\\\/bionley.com\\\/tr\\\/#organization\"},\"potentialAction\":[{\"@type\":\"SearchAction\",\"target\":{\"@type\":\"EntryPoint\",\"urlTemplate\":\"https:\\\/\\\/bionley.com\\\/tr\\\/?s={search_term_string}\"},\"query-input\":{\"@type\":\"PropertyValueSpecification\",\"valueRequired\":true,\"valueName\":\"search_term_string\"}}],\"inLanguage\":\"tr\"},{\"@type\":[\"Organization\",\"Place\",\"Corporation\"],\"@id\":\"https:\\\/\\\/bionley.com\\\/tr\\\/#organization\",\"name\":\"Bionley Biyoteknoloji A.\u015e\",\"url\":\"https:\\\/\\\/bionley.com\\\/tr\\\/\",\"logo\":{\"@id\":\"https:\\\/\\\/bionley.com\\\/tr\\\/urun\\\/olmez-cicek-2\\\/#local-main-organization-logo\"},\"image\":{\"@id\":\"https:\\\/\\\/bionley.com\\\/tr\\\/urun\\\/olmez-cicek-2\\\/#local-main-organization-logo\"},\"sameAs\":[\"https:\\\/\\\/www.facebook.com\\\/profile.php?id=61554875321542&locale=tr_TR\",\"https:\\\/\\\/x.com\\\/bionleyBion\",\"https:\\\/\\\/www.instagram.com\\\/bionleycom\\\/\"],\"description\":\"Bitkilerden standardize ekstre elde edilmesi ve elde edilen ekstrelerden de\u011ferli molek\u00fcllerin safla\u015ft\u0131r\u0131lmas\u0131 ve end\u00fcstriyel \u00f6l\u00e7ekte \u00fcretiminin yap\u0131lmas\u0131, \u00f6zellikle tar\u0131msal at\u0131klar ve t\u0131bbi aromatik bitkilerden y\u00fcksek katma de\u011ferli \u00fcr\u00fcnler elde etme \u00fczerine 20 y\u0131l\u0131 a\u015fk\u0131n s\u00fcredir \u00e7al\u0131\u015fmalar yapmaktay\u0131z. Gaziemir Sarn\u0131\u00e7 sanayi b\u00f6lgesinde faaliyet g\u00f6steren Bionley Biyoteknoloji A.\u015e \u015firketimiz i\u015f ortaklar\u0131m\u0131za \u00f6zel Ar-Ge \u00e7al\u0131\u015fmalar\u0131 ile inovatif \u00fcr\u00fcnler geli\u015ftirmekte ve \u00dclkemizin bu konularda d\u0131\u015far\u0131ya olan ba\u011f\u0131ml\u0131l\u0131\u011f\u0131n\u0131 azaltmaktay\u0131z. \u00d6zellikle Astragalus (Geven) ve Ruscus (Tav\u015fan memesi) bitkilerinin de\u011ferli molek\u00fcllerinin y\u00fcksek safl\u0131kta elde edilmesi ve end\u00fcstriyel \u00f6l\u00e7ekte \u00fcretimini ger\u00e7ekle\u015ftirmekteyiz . T\u00fcrkiye'de yeti\u015fen bitkilerin standardize olarak ekstrelerinin \u00fcretimini ger\u00e7ekle\u015ftirmektedir. Ayr\u0131ca Spray Dryer (p\u00fcsk\u00fcrtmeli kurutucu), Freeze Dryer, Tray Dryer, Rotocone Dryer v.b. cihazlar\u0131n tasar\u0131m ve optizasyonunu yapan bir firmad\u0131r.\",\"legalName\":\"B\u0130ONLEY B\u0130YOTEKNOLOJ\u0130 A.\u015e\",\"foundingDate\":\"2023-05-23\",\"numberOfEmployees\":{\"@type\":\"QuantitativeValue\",\"minValue\":\"1\",\"maxValue\":\"10\"},\"address\":{\"@id\":\"https:\\\/\\\/bionley.com\\\/tr\\\/urun\\\/olmez-cicek-2\\\/#local-main-place-address\"},\"telephone\":[\"05332783176\"],\"openingHoursSpecification\":[{\"@type\":\"OpeningHoursSpecification\",\"dayOfWeek\":[\"Monday\"],\"opens\":\"09:00\",\"closes\":\"18:00\"},{\"@type\":\"OpeningHoursSpecification\",\"dayOfWeek\":[\"Tuesday\",\"Wednesday\",\"Thursday\",\"Friday\",\"Saturday\"],\"opens\":\"09:00\",\"closes\":\"17:00\"},{\"@type\":\"OpeningHoursSpecification\",\"dayOfWeek\":[\"Sunday\"],\"opens\":\"00:00\",\"closes\":\"00:00\"}],\"email\":\"info@bionley.com\"},{\"@type\":\"PostalAddress\",\"@id\":\"https:\\\/\\\/bionley.com\\\/tr\\\/urun\\\/olmez-cicek-2\\\/#local-main-place-address\",\"streetAddress\":\"Fatih Mahallesi 1178 sokak no 5B Gaziemir \u0130ZM\u0130R\",\"addressLocality\":\"GAZ\u0130EM\u0130R\",\"postalCode\":\"35410\",\"addressRegion\":\"\u0130ZM\u0130R\",\"addressCountry\":\"TR\"},{\"@type\":\"ImageObject\",\"inLanguage\":\"tr\",\"@id\":\"https:\\\/\\\/bionley.com\\\/tr\\\/urun\\\/olmez-cicek-2\\\/#local-main-organization-logo\",\"url\":\"https:\\\/\\\/bionley.com\\\/tr\\\/wp-content\\\/uploads\\\/2026\\\/01\\\/Adsiz-tasarim-1.png\",\"contentUrl\":\"https:\\\/\\\/bionley.com\\\/tr\\\/wp-content\\\/uploads\\\/2026\\\/01\\\/Adsiz-tasarim-1.png\",\"width\":1280,\"height\":439,\"caption\":\"Bionley Biyoteknoloji A.\u015e\"}]}<\/script>\n<meta name=\"geo.placename\" content=\"GAZ\u0130EM\u0130R\" \/>\n<meta name=\"geo.region\" content=\"T\u00fcrkiye\" \/>\n<!-- \/ Yoast SEO Premium plugin. -->","yoast_head_json":{"title":"\u00d6LMEZ \u00c7\u0130\u00c7EK - Bionley","robots":{"index":"index","follow":"follow","max-snippet":"max-snippet:-1","max-image-preview":"max-image-preview:large","max-video-preview":"max-video-preview:-1"},"canonical":"https:\/\/bionley.com\/tr\/urun\/olmez-cicek-2\/","og_locale":"tr_TR","og_type":"article","og_title":"\u00d6LMEZ \u00c7\u0130\u00c7EK","og_description":"Helichrysum Italicum UV Ile Toplam Flavonoid","og_url":"https:\/\/bionley.com\/tr\/urun\/olmez-cicek-2\/","og_site_name":"Bionley","article_publisher":"https:\/\/www.facebook.com\/profile.php?id=61554875321542&locale=tr_TR","article_modified_time":"2024-07-20T15:53:33+00:00","og_image":[{"width":1500,"height":1500,"url":"https:\/\/bionley.com\/tr\/wp-content\/uploads\/2024\/01\/helichrysumorientale.jpg","type":"image\/jpeg"}],"twitter_card":"summary_large_image","twitter_site":"@bionleyBion","twitter_misc":{"Tahmini okuma s\u00fcresi":"3 dakika"},"schema":{"@context":"https:\/\/schema.org","@graph":[{"@type":"WebPage","@id":"https:\/\/bionley.com\/tr\/urun\/olmez-cicek-2\/","url":"https:\/\/bionley.com\/tr\/urun\/olmez-cicek-2\/","name":"\u00d6LMEZ \u00c7\u0130\u00c7EK - Bionley","isPartOf":{"@id":"https:\/\/bionley.com\/tr\/#website"},"primaryImageOfPage":{"@id":"https:\/\/bionley.com\/tr\/urun\/olmez-cicek-2\/#primaryimage"},"image":{"@id":"https:\/\/bionley.com\/tr\/urun\/olmez-cicek-2\/#primaryimage"},"thumbnailUrl":"https:\/\/bionley.com\/tr\/wp-content\/uploads\/2024\/01\/helichrysumorientale.jpg","datePublished":"2024-01-07T15:19:38+00:00","dateModified":"2024-07-20T15:53:33+00:00","breadcrumb":{"@id":"https:\/\/bionley.com\/tr\/urun\/olmez-cicek-2\/#breadcrumb"},"inLanguage":"tr","potentialAction":[{"@type":"ReadAction","target":["https:\/\/bionley.com\/tr\/urun\/olmez-cicek-2\/"]}]},{"@type":"ImageObject","inLanguage":"tr","@id":"https:\/\/bionley.com\/tr\/urun\/olmez-cicek-2\/#primaryimage","url":"https:\/\/bionley.com\/tr\/wp-content\/uploads\/2024\/01\/helichrysumorientale.jpg","contentUrl":"https:\/\/bionley.com\/tr\/wp-content\/uploads\/2024\/01\/helichrysumorientale.jpg","width":1500,"height":1500},{"@type":"BreadcrumbList","@id":"https:\/\/bionley.com\/tr\/urun\/olmez-cicek-2\/#breadcrumb","itemListElement":[{"@type":"ListItem","position":1,"name":"Anasayfa","item":"https:\/\/bionley.com\/tr\/"},{"@type":"ListItem","position":2,"name":"\u00dcr\u00fcnler","item":"https:\/\/bionley.com\/tr\/shop\/"},{"@type":"ListItem","position":3,"name":"\u00d6LMEZ \u00c7\u0130\u00c7EK"}]},{"@type":"WebSite","@id":"https:\/\/bionley.com\/tr\/#website","url":"https:\/\/bionley.com\/tr\/","name":"Bionley","description":"","publisher":{"@id":"https:\/\/bionley.com\/tr\/#organization"},"potentialAction":[{"@type":"SearchAction","target":{"@type":"EntryPoint","urlTemplate":"https:\/\/bionley.com\/tr\/?s={search_term_string}"},"query-input":{"@type":"PropertyValueSpecification","valueRequired":true,"valueName":"search_term_string"}}],"inLanguage":"tr"},{"@type":["Organization","Place","Corporation"],"@id":"https:\/\/bionley.com\/tr\/#organization","name":"Bionley Biyoteknoloji A.\u015e","url":"https:\/\/bionley.com\/tr\/","logo":{"@id":"https:\/\/bionley.com\/tr\/urun\/olmez-cicek-2\/#local-main-organization-logo"},"image":{"@id":"https:\/\/bionley.com\/tr\/urun\/olmez-cicek-2\/#local-main-organization-logo"},"sameAs":["https:\/\/www.facebook.com\/profile.php?id=61554875321542&locale=tr_TR","https:\/\/x.com\/bionleyBion","https:\/\/www.instagram.com\/bionleycom\/"],"description":"Bitkilerden standardize ekstre elde edilmesi ve elde edilen ekstrelerden de\u011ferli molek\u00fcllerin safla\u015ft\u0131r\u0131lmas\u0131 ve end\u00fcstriyel \u00f6l\u00e7ekte \u00fcretiminin yap\u0131lmas\u0131, \u00f6zellikle tar\u0131msal at\u0131klar ve t\u0131bbi aromatik bitkilerden y\u00fcksek katma de\u011ferli \u00fcr\u00fcnler elde etme \u00fczerine 20 y\u0131l\u0131 a\u015fk\u0131n s\u00fcredir \u00e7al\u0131\u015fmalar yapmaktay\u0131z. Gaziemir Sarn\u0131\u00e7 sanayi b\u00f6lgesinde faaliyet g\u00f6steren Bionley Biyoteknoloji A.\u015e \u015firketimiz i\u015f ortaklar\u0131m\u0131za \u00f6zel Ar-Ge \u00e7al\u0131\u015fmalar\u0131 ile inovatif \u00fcr\u00fcnler geli\u015ftirmekte ve \u00dclkemizin bu konularda d\u0131\u015far\u0131ya olan ba\u011f\u0131ml\u0131l\u0131\u011f\u0131n\u0131 azaltmaktay\u0131z. \u00d6zellikle Astragalus (Geven) ve Ruscus (Tav\u015fan memesi) bitkilerinin de\u011ferli molek\u00fcllerinin y\u00fcksek safl\u0131kta elde edilmesi ve end\u00fcstriyel \u00f6l\u00e7ekte \u00fcretimini ger\u00e7ekle\u015ftirmekteyiz . T\u00fcrkiye'de yeti\u015fen bitkilerin standardize olarak ekstrelerinin \u00fcretimini ger\u00e7ekle\u015ftirmektedir. Ayr\u0131ca Spray Dryer (p\u00fcsk\u00fcrtmeli kurutucu), Freeze Dryer, Tray Dryer, Rotocone Dryer v.b. cihazlar\u0131n tasar\u0131m ve optizasyonunu yapan bir firmad\u0131r.","legalName":"B\u0130ONLEY B\u0130YOTEKNOLOJ\u0130 A.\u015e","foundingDate":"2023-05-23","numberOfEmployees":{"@type":"QuantitativeValue","minValue":"1","maxValue":"10"},"address":{"@id":"https:\/\/bionley.com\/tr\/urun\/olmez-cicek-2\/#local-main-place-address"},"telephone":["05332783176"],"openingHoursSpecification":[{"@type":"OpeningHoursSpecification","dayOfWeek":["Monday"],"opens":"09:00","closes":"18:00"},{"@type":"OpeningHoursSpecification","dayOfWeek":["Tuesday","Wednesday","Thursday","Friday","Saturday"],"opens":"09:00","closes":"17:00"},{"@type":"OpeningHoursSpecification","dayOfWeek":["Sunday"],"opens":"00:00","closes":"00:00"}],"email":"info@bionley.com"},{"@type":"PostalAddress","@id":"https:\/\/bionley.com\/tr\/urun\/olmez-cicek-2\/#local-main-place-address","streetAddress":"Fatih Mahallesi 1178 sokak no 5B Gaziemir \u0130ZM\u0130R","addressLocality":"GAZ\u0130EM\u0130R","postalCode":"35410","addressRegion":"\u0130ZM\u0130R","addressCountry":"TR"},{"@type":"ImageObject","inLanguage":"tr","@id":"https:\/\/bionley.com\/tr\/urun\/olmez-cicek-2\/#local-main-organization-logo","url":"https:\/\/bionley.com\/tr\/wp-content\/uploads\/2026\/01\/Adsiz-tasarim-1.png","contentUrl":"https:\/\/bionley.com\/tr\/wp-content\/uploads\/2026\/01\/Adsiz-tasarim-1.png","width":1280,"height":439,"caption":"Bionley Biyoteknoloji A.\u015e"}]},"geo.placename":"GAZ\u0130EM\u0130R","geo.region":"T\u00fcrkiye"},"_links":{"self":[{"href":"https:\/\/bionley.com\/tr\/wp-json\/wp\/v2\/product\/131100","targetHints":{"allow":["GET"]}}],"collection":[{"href":"https:\/\/bionley.com\/tr\/wp-json\/wp\/v2\/product"}],"about":[{"href":"https:\/\/bionley.com\/tr\/wp-json\/wp\/v2\/types\/product"}],"replies":[{"embeddable":true,"href":"https:\/\/bionley.com\/tr\/wp-json\/wp\/v2\/comments?post=131100"}],"wp:featuredmedia":[{"embeddable":true,"href":"https:\/\/bionley.com\/tr\/wp-json\/wp\/v2\/media\/131193"}],"wp:attachment":[{"href":"https:\/\/bionley.com\/tr\/wp-json\/wp\/v2\/media?parent=131100"}],"wp:term":[{"taxonomy":"product_brand","embeddable":true,"href":"https:\/\/bionley.com\/tr\/wp-json\/wp\/v2\/product_brand?post=131100"},{"taxonomy":"product_cat","embeddable":true,"href":"https:\/\/bionley.com\/tr\/wp-json\/wp\/v2\/product_cat?post=131100"},{"taxonomy":"product_tag","embeddable":true,"href":"https:\/\/bionley.com\/tr\/wp-json\/wp\/v2\/product_tag?post=131100"}],"curies":[{"name":"wp","href":"https:\/\/api.w.org\/{rel}","templated":true}]}}