{"id":131101,"date":"2024-01-07T18:20:23","date_gmt":"2024-01-07T15:20:23","guid":{"rendered":"http:\/\/demo.bionley.com\/?post_type=product&#038;p=131101"},"modified":"2024-01-31T01:57:31","modified_gmt":"2024-01-30T22:57:31","slug":"meyan-2","status":"publish","type":"product","link":"https:\/\/bionley.com\/tr\/urun\/meyan-2\/","title":{"rendered":"MEYAN"},"content":{"rendered":"<p>Meyan tozu, \u00e7e\u015fitli t\u0131bbi ama\u00e7lar i\u00e7in kullan\u0131lan bitkisel bir ekstraktt\u0131r. Meyan k\u00f6k\u00fcnden elde edilen bu toz, bir\u00e7ok fayda sa\u011flar ve etkin maddeler i\u00e7erir.<\/p>\n<p>Meyan toz ekstrakt\u0131n\u0131n faydalar\u0131<\/p>\n<p>Sinir Sistemi: Meyan tozu, sinir sistemini yat\u0131\u015ft\u0131r\u0131r ve stresi azalt\u0131r. Ayr\u0131ca, anksiyete, depresyon, uykusuzluk ve di\u011fer sinir sistemi bozukluklar\u0131na yard\u0131mc\u0131 olabilir.<\/p>\n<p>Hormon Dengesi: Meyan tozu, v\u00fccuttaki hormon seviyelerini dengelemeye yard\u0131mc\u0131 olur. \u00d6zellikle kad\u0131nlar i\u00e7in menopoz semptomlar\u0131n\u0131n tedavisinde kullan\u0131labilir.<\/p>\n<p>Ba\u011f\u0131\u015f\u0131kl\u0131k Sistemi: Meyan tozu, ba\u011f\u0131\u015f\u0131kl\u0131k sistemini g\u00fc\u00e7lendirmeye yard\u0131mc\u0131 olur ve antioksidan \u00f6zellikleri nedeniyle h\u00fccre hasar\u0131n\u0131 \u00f6nleyebilir.<\/p>\n<p>Mide Sa\u011fl\u0131\u011f\u0131: Meyan tozu, mide asidini n\u00f6tralize etmeye yard\u0131mc\u0131 olabilir ve mide rahats\u0131zl\u0131klar\u0131na, \u00f6zellikle mide \u00fclserine kar\u015f\u0131 koruyabilir.<\/p>\n<p>Cilt Sa\u011fl\u0131\u011f\u0131: Meyan tozu, anti-inflamatuar \u00f6zellikleri sayesinde cilt iltihab\u0131n\u0131 azaltabilir ve cildin nemlendirilmesine yard\u0131mc\u0131 olabilir.<\/p>\n<p>Meyan k\u00f6k\u00fc ekstrakt\u0131, meyan k\u00f6k\u00fcn\u00fcn konsantre bir formudur ve g\u0131da end\u00fcstrisinde yayg\u0131n olarak do\u011fal tatland\u0131r\u0131c\u0131 ve aroma verici madde olarak kullan\u0131l\u0131r. \u0130\u015fte meyan k\u00f6k\u00fc ekstrakt\u0131n\u0131n g\u0131da end\u00fcstrisindeki baz\u0131 yayg\u0131n kullan\u0131mlar\u0131:<\/p>\n<p>\u015eekerleme: Meyan k\u00f6k\u00fc ekstrakt\u0131 genellikle siyah meyan \u015fekerini tatland\u0131rmak i\u00e7in kullan\u0131l\u0131r, ancak pastil, sak\u0131z ve \u00e7ikolata gibi di\u011fer \u015fekerleme t\u00fcrlerinde de kullan\u0131labilir.<br \/>\n\u0130\u00e7ecekler: Meyan k\u00f6k\u00fc \u00f6z\u00fc genellikle bitki \u00e7aylar\u0131n\u0131, enerji i\u00e7eceklerini ve alkols\u00fcz i\u00e7ecekleri tatland\u0131rmak i\u00e7in kullan\u0131l\u0131r. Bira ve kokteyl gibi alkoll\u00fc i\u00e7ecekleri tatland\u0131rmak i\u00e7in de kullan\u0131labilir.<br \/>\nUnlu mamuller: Meyan k\u00f6k\u00fc ekstrakt\u0131 kek, kurabiye ve ekmek gibi unlu mamulleri tatland\u0131rmak i\u00e7in kullan\u0131labilir. Ayr\u0131ca krema ve buzlanmalarda tatland\u0131r\u0131c\u0131 olarak da kullan\u0131labilir.<br \/>\nS\u00fct \u00fcr\u00fcnleri: Meyan k\u00f6k\u00fc \u00f6z\u00fc dondurma, yo\u011furt ve di\u011fer s\u00fct \u00fcr\u00fcnlerini tatland\u0131rmak i\u00e7in kullan\u0131labilir.<br \/>\nBaharatlar: Meyan k\u00f6k\u00fc \u00f6z\u00fc soslar, marinatlar ve ovmalar gibi tuzlu yemeklerde baharat olarak kullan\u0131labilir. Domuz eti ve tavuk gibi etlerle iyi uyum sa\u011flar.<br \/>\nGenel olarak meyan k\u00f6k\u00fc \u00f6z\u00fc, g\u0131da end\u00fcstrisinde \u00e7e\u015fitli \u015fekillerde kullan\u0131labilen \u00e7ok y\u00f6nl\u00fc bir bile\u015fendir. Yapay tatland\u0131r\u0131c\u0131lara do\u011fal bir alternatiftir ve \u00e7e\u015fitli \u00fcr\u00fcnlere benzersiz bir lezzet katabilir.<\/p>\n<p>Glycyrrhizin olarak da bilinen meyan k\u00f6k\u00fc ekstrakt\u0131, hayvan yemi end\u00fcstrisinde do\u011fal bir aroma maddesi ve yem katk\u0131 maddesi olarak yayg\u0131n \u015fekilde kullan\u0131lmaktad\u0131r. Hayvan yeminin lezzetini art\u0131ran ve hayvanlar i\u00e7in daha \u00e7ekici hale getiren do\u011fal bir tatland\u0131r\u0131c\u0131d\u0131r. Meyan k\u00f6k\u00fc ekstrakt\u0131n\u0131n hayvan sa\u011fl\u0131\u011f\u0131 \u00fczerinde de olumlu bir etkisi oldu\u011fu g\u00f6sterilmi\u015ftir. Hayvanlar\u0131n ba\u011f\u0131\u015f\u0131kl\u0131k sistemini geli\u015ftirmeye yard\u0131mc\u0131 olabilecek anti-enflamatuar ve anti-viral \u00f6zelliklere sahiptir. B\u00fcy\u00fcme oranlar\u0131n\u0131 art\u0131rmak, yem al\u0131m\u0131n\u0131 art\u0131rmak ve genel sa\u011fl\u0131\u011f\u0131 iyile\u015ftirmek i\u00e7in k\u00fcmes hayvanlar\u0131, domuz, s\u0131\u011f\u0131r ve su \u00fcr\u00fcnleri yemlerinde kullan\u0131lm\u0131\u015ft\u0131r. Ayr\u0131ca, meyan k\u00f6k\u00fc \u00f6z\u00fct\u00fcn\u00fcn antimikrobiyal bir etkiye sahip oldu\u011fu bulunmu\u015ftur, bu da onu hayvanlarda bakteriyel ve fungal enfeksiyonlar\u0131n \u00f6nlenmesinde yararl\u0131 k\u0131lar. Hayvan yemlerinde antibiyotik ihtiyac\u0131n\u0131 azaltabildi\u011fi i\u00e7in baz\u0131 durumlarda antibiyotiklere alternatif olarak kullan\u0131lm\u0131\u015ft\u0131r. Genel olarak meyan k\u00f6k\u00fc ekstresi, hayvan sa\u011fl\u0131\u011f\u0131 ve refah\u0131 i\u00e7in bir dizi kullan\u0131m ve fayda ile hayvan yemi end\u00fcstrisinde \u00e7ok y\u00f6nl\u00fc ve faydal\u0131 bir bile\u015fendir.<\/p>\n<p>Meyan k\u00f6k\u00fc \u00f6z\u00fc, cilt sa\u011fl\u0131\u011f\u0131 i\u00e7in bir\u00e7ok potansiyel faydas\u0131 nedeniyle kozmetik end\u00fcstrisinde pop\u00fcler bir bile\u015fendir. Meyan k\u00f6k\u00fc ekstresinin kozmetikte kullan\u0131ld\u0131\u011f\u0131 yollardan baz\u0131lar\u0131 \u015funlard\u0131r:<\/p>\n<p>Cilt Parlatma: Meyan k\u00f6k\u00fc \u00f6z\u00fcn\u00fcn, ciltteki melanin \u00fcretimini azaltmaya yard\u0131mc\u0131 olabilen glabridin adl\u0131 bir bile\u015fik i\u00e7erdi\u011fi bilinmektedir. Sonu\u00e7 olarak, genellikle cilt parlatma ve ayd\u0131nlatma \u00fcr\u00fcnlerinde kullan\u0131l\u0131r.<br \/>\nAnti-inflamatuar: Meyan k\u00f6k\u00fc \u00f6z\u00fc, tahri\u015f olmu\u015f cildi yat\u0131\u015ft\u0131rmaya ve sakinle\u015ftirmeye yard\u0131mc\u0131 olabilecek anti-enflamatuar \u00f6zelliklere sahiptir. Genellikle hassas veya akneye e\u011filimli ciltler i\u00e7in \u00fcr\u00fcnlerde kullan\u0131l\u0131r.<br \/>\nYa\u015flanma Kar\u015f\u0131t\u0131: Meyan k\u00f6k\u00fc \u00f6z\u00fc, cildi serbest radikallerin neden oldu\u011fu hasarlardan korumaya yard\u0131mc\u0131 olabilecek antioksidanlar i\u00e7erir. Ayr\u0131ca cildin g\u00f6r\u00fcn\u00fcm\u00fcn\u00fc azaltmaya yard\u0131mc\u0131 olabilir.<\/p>\n<h4>Kimyasal Bilgi<\/h4>\n<p>Meyan Ekstresi<\/p>\n<h4>Geleneksel Kullan\u0131m<\/h4>\n<p>Yakla\u015f\u0131k 3000 y\u0131ld\u0131r \u00f6ks\u00fcr\u00fck, ast\u0131m ve di\u011fer solunum yolu rahats\u0131zl\u0131klar\u0131n\u0131n tedavisinde t\u0131bbi olarak kullan\u0131lmaktad\u0131r. T\u00fcr\u00fcn anavatan\u0131 orta-bat\u0131 Asya&#8217;d\u0131r. Muhtemelen onuncu y\u00fczy\u0131l civar\u0131nda Benedictine rahipleri taraf\u0131ndan Akdeniz b\u00f6lgesine getirilmi\u015ftir ve \u015fu anda t\u00fcm Avrupa k\u0131tas\u0131nda yeti\u015ftirilmektedir. Akraba t\u00fcr G. echinata da tar\u0131msal bir bitki olarak \u00f6nemlidir.<\/p>\n","protected":false},"excerpt":{"rendered":"<p>Glycrrhiza Glabra L.<br \/>\nTLC Ile 18\u03b2-Glycyrrhizic Asit<\/p>\n","protected":false},"featured_media":131203,"comment_status":"open","ping_status":"closed","template":"","meta":[],"product_brand":[],"product_cat":[151,153],"product_tag":[],"class_list":{"0":"post-131101","1":"product","2":"type-product","3":"status-publish","4":"has-post-thumbnail","6":"product_cat-extracts","7":"product_cat-powder-extracts","9":"first","10":"instock","11":"shipping-taxable","12":"product-type-simple"},"yoast_head":"<!-- This site is optimized with the Yoast SEO Premium plugin v27.4 (Yoast SEO v27.4) - https:\/\/yoast.com\/product\/yoast-seo-premium-wordpress\/ -->\n<title>MEYAN - Bionley<\/title>\n<meta name=\"robots\" content=\"index, follow, max-snippet:-1, max-image-preview:large, max-video-preview:-1\" \/>\n<link rel=\"canonical\" href=\"https:\/\/bionley.com\/tr\/urun\/meyan-2\/\" \/>\n<meta property=\"og:locale\" content=\"tr_TR\" \/>\n<meta property=\"og:type\" content=\"article\" \/>\n<meta property=\"og:title\" content=\"MEYAN\" \/>\n<meta property=\"og:description\" content=\"Glycrrhiza Glabra L. TLC Ile 18\u03b2-Glycyrrhizic Asit\" \/>\n<meta property=\"og:url\" content=\"https:\/\/bionley.com\/tr\/urun\/meyan-2\/\" \/>\n<meta property=\"og:site_name\" content=\"Bionley\" \/>\n<meta property=\"article:publisher\" content=\"https:\/\/www.facebook.com\/profile.php?id=61554875321542&amp;locale=tr_TR\" \/>\n<meta property=\"article:modified_time\" content=\"2024-01-30T22:57:31+00:00\" \/>\n<meta property=\"og:image\" content=\"https:\/\/bionley.com\/tr\/wp-content\/uploads\/2024\/01\/licorice.jpg\" \/>\n\t<meta property=\"og:image:width\" content=\"1500\" \/>\n\t<meta property=\"og:image:height\" content=\"1500\" \/>\n\t<meta property=\"og:image:type\" content=\"image\/jpeg\" \/>\n<meta name=\"twitter:card\" content=\"summary_large_image\" \/>\n<meta name=\"twitter:site\" content=\"@bionleyBion\" \/>\n<meta name=\"twitter:label1\" content=\"Tahmini okuma s\u00fcresi\" \/>\n\t<meta name=\"twitter:data1\" content=\"4 dakika\" \/>\n<script type=\"application\/ld+json\" class=\"yoast-schema-graph\">{\"@context\":\"https:\\\/\\\/schema.org\",\"@graph\":[{\"@type\":\"WebPage\",\"@id\":\"https:\\\/\\\/bionley.com\\\/tr\\\/urun\\\/meyan-2\\\/\",\"url\":\"https:\\\/\\\/bionley.com\\\/tr\\\/urun\\\/meyan-2\\\/\",\"name\":\"MEYAN - Bionley\",\"isPartOf\":{\"@id\":\"https:\\\/\\\/bionley.com\\\/tr\\\/#website\"},\"primaryImageOfPage\":{\"@id\":\"https:\\\/\\\/bionley.com\\\/tr\\\/urun\\\/meyan-2\\\/#primaryimage\"},\"image\":{\"@id\":\"https:\\\/\\\/bionley.com\\\/tr\\\/urun\\\/meyan-2\\\/#primaryimage\"},\"thumbnailUrl\":\"https:\\\/\\\/bionley.com\\\/tr\\\/wp-content\\\/uploads\\\/2024\\\/01\\\/licorice.jpg\",\"datePublished\":\"2024-01-07T15:20:23+00:00\",\"dateModified\":\"2024-01-30T22:57:31+00:00\",\"breadcrumb\":{\"@id\":\"https:\\\/\\\/bionley.com\\\/tr\\\/urun\\\/meyan-2\\\/#breadcrumb\"},\"inLanguage\":\"tr\",\"potentialAction\":[{\"@type\":\"ReadAction\",\"target\":[\"https:\\\/\\\/bionley.com\\\/tr\\\/urun\\\/meyan-2\\\/\"]}]},{\"@type\":\"ImageObject\",\"inLanguage\":\"tr\",\"@id\":\"https:\\\/\\\/bionley.com\\\/tr\\\/urun\\\/meyan-2\\\/#primaryimage\",\"url\":\"https:\\\/\\\/bionley.com\\\/tr\\\/wp-content\\\/uploads\\\/2024\\\/01\\\/licorice.jpg\",\"contentUrl\":\"https:\\\/\\\/bionley.com\\\/tr\\\/wp-content\\\/uploads\\\/2024\\\/01\\\/licorice.jpg\",\"width\":1500,\"height\":1500},{\"@type\":\"BreadcrumbList\",\"@id\":\"https:\\\/\\\/bionley.com\\\/tr\\\/urun\\\/meyan-2\\\/#breadcrumb\",\"itemListElement\":[{\"@type\":\"ListItem\",\"position\":1,\"name\":\"Anasayfa\",\"item\":\"https:\\\/\\\/bionley.com\\\/tr\\\/\"},{\"@type\":\"ListItem\",\"position\":2,\"name\":\"\u00dcr\u00fcnler\",\"item\":\"https:\\\/\\\/bionley.com\\\/tr\\\/shop\\\/\"},{\"@type\":\"ListItem\",\"position\":3,\"name\":\"MEYAN\"}]},{\"@type\":\"WebSite\",\"@id\":\"https:\\\/\\\/bionley.com\\\/tr\\\/#website\",\"url\":\"https:\\\/\\\/bionley.com\\\/tr\\\/\",\"name\":\"Bionley\",\"description\":\"\",\"publisher\":{\"@id\":\"https:\\\/\\\/bionley.com\\\/tr\\\/#organization\"},\"potentialAction\":[{\"@type\":\"SearchAction\",\"target\":{\"@type\":\"EntryPoint\",\"urlTemplate\":\"https:\\\/\\\/bionley.com\\\/tr\\\/?s={search_term_string}\"},\"query-input\":{\"@type\":\"PropertyValueSpecification\",\"valueRequired\":true,\"valueName\":\"search_term_string\"}}],\"inLanguage\":\"tr\"},{\"@type\":[\"Organization\",\"Place\",\"Corporation\"],\"@id\":\"https:\\\/\\\/bionley.com\\\/tr\\\/#organization\",\"name\":\"Bionley Biyoteknoloji A.\u015e\",\"url\":\"https:\\\/\\\/bionley.com\\\/tr\\\/\",\"logo\":{\"@id\":\"https:\\\/\\\/bionley.com\\\/tr\\\/urun\\\/meyan-2\\\/#local-main-organization-logo\"},\"image\":{\"@id\":\"https:\\\/\\\/bionley.com\\\/tr\\\/urun\\\/meyan-2\\\/#local-main-organization-logo\"},\"sameAs\":[\"https:\\\/\\\/www.facebook.com\\\/profile.php?id=61554875321542&locale=tr_TR\",\"https:\\\/\\\/x.com\\\/bionleyBion\",\"https:\\\/\\\/www.instagram.com\\\/bionleycom\\\/\"],\"description\":\"Bitkilerden standardize ekstre elde edilmesi ve elde edilen ekstrelerden de\u011ferli molek\u00fcllerin safla\u015ft\u0131r\u0131lmas\u0131 ve end\u00fcstriyel \u00f6l\u00e7ekte \u00fcretiminin yap\u0131lmas\u0131, \u00f6zellikle tar\u0131msal at\u0131klar ve t\u0131bbi aromatik bitkilerden y\u00fcksek katma de\u011ferli \u00fcr\u00fcnler elde etme \u00fczerine 20 y\u0131l\u0131 a\u015fk\u0131n s\u00fcredir \u00e7al\u0131\u015fmalar yapmaktay\u0131z. Gaziemir Sarn\u0131\u00e7 sanayi b\u00f6lgesinde faaliyet g\u00f6steren Bionley Biyoteknoloji A.\u015e \u015firketimiz i\u015f ortaklar\u0131m\u0131za \u00f6zel Ar-Ge \u00e7al\u0131\u015fmalar\u0131 ile inovatif \u00fcr\u00fcnler geli\u015ftirmekte ve \u00dclkemizin bu konularda d\u0131\u015far\u0131ya olan ba\u011f\u0131ml\u0131l\u0131\u011f\u0131n\u0131 azaltmaktay\u0131z. \u00d6zellikle Astragalus (Geven) ve Ruscus (Tav\u015fan memesi) bitkilerinin de\u011ferli molek\u00fcllerinin y\u00fcksek safl\u0131kta elde edilmesi ve end\u00fcstriyel \u00f6l\u00e7ekte \u00fcretimini ger\u00e7ekle\u015ftirmekteyiz . T\u00fcrkiye'de yeti\u015fen bitkilerin standardize olarak ekstrelerinin \u00fcretimini ger\u00e7ekle\u015ftirmektedir. Ayr\u0131ca Spray Dryer (p\u00fcsk\u00fcrtmeli kurutucu), Freeze Dryer, Tray Dryer, Rotocone Dryer v.b. cihazlar\u0131n tasar\u0131m ve optizasyonunu yapan bir firmad\u0131r.\",\"legalName\":\"B\u0130ONLEY B\u0130YOTEKNOLOJ\u0130 A.\u015e\",\"foundingDate\":\"2023-05-23\",\"numberOfEmployees\":{\"@type\":\"QuantitativeValue\",\"minValue\":\"1\",\"maxValue\":\"10\"},\"address\":{\"@id\":\"https:\\\/\\\/bionley.com\\\/tr\\\/urun\\\/meyan-2\\\/#local-main-place-address\"},\"telephone\":[\"05332783176\"],\"openingHoursSpecification\":[{\"@type\":\"OpeningHoursSpecification\",\"dayOfWeek\":[\"Monday\"],\"opens\":\"09:00\",\"closes\":\"18:00\"},{\"@type\":\"OpeningHoursSpecification\",\"dayOfWeek\":[\"Tuesday\",\"Wednesday\",\"Thursday\",\"Friday\",\"Saturday\"],\"opens\":\"09:00\",\"closes\":\"17:00\"},{\"@type\":\"OpeningHoursSpecification\",\"dayOfWeek\":[\"Sunday\"],\"opens\":\"00:00\",\"closes\":\"00:00\"}],\"email\":\"info@bionley.com\"},{\"@type\":\"PostalAddress\",\"@id\":\"https:\\\/\\\/bionley.com\\\/tr\\\/urun\\\/meyan-2\\\/#local-main-place-address\",\"streetAddress\":\"Fatih Mahallesi 1178 sokak no 5B Gaziemir \u0130ZM\u0130R\",\"addressLocality\":\"GAZ\u0130EM\u0130R\",\"postalCode\":\"35410\",\"addressRegion\":\"\u0130ZM\u0130R\",\"addressCountry\":\"TR\"},{\"@type\":\"ImageObject\",\"inLanguage\":\"tr\",\"@id\":\"https:\\\/\\\/bionley.com\\\/tr\\\/urun\\\/meyan-2\\\/#local-main-organization-logo\",\"url\":\"https:\\\/\\\/bionley.com\\\/tr\\\/wp-content\\\/uploads\\\/2026\\\/01\\\/Adsiz-tasarim-1.png\",\"contentUrl\":\"https:\\\/\\\/bionley.com\\\/tr\\\/wp-content\\\/uploads\\\/2026\\\/01\\\/Adsiz-tasarim-1.png\",\"width\":1280,\"height\":439,\"caption\":\"Bionley Biyoteknoloji A.\u015e\"}]}<\/script>\n<meta name=\"geo.placename\" content=\"GAZ\u0130EM\u0130R\" \/>\n<meta name=\"geo.region\" content=\"T\u00fcrkiye\" \/>\n<!-- \/ Yoast SEO Premium plugin. -->","yoast_head_json":{"title":"MEYAN - Bionley","robots":{"index":"index","follow":"follow","max-snippet":"max-snippet:-1","max-image-preview":"max-image-preview:large","max-video-preview":"max-video-preview:-1"},"canonical":"https:\/\/bionley.com\/tr\/urun\/meyan-2\/","og_locale":"tr_TR","og_type":"article","og_title":"MEYAN","og_description":"Glycrrhiza Glabra L. TLC Ile 18\u03b2-Glycyrrhizic Asit","og_url":"https:\/\/bionley.com\/tr\/urun\/meyan-2\/","og_site_name":"Bionley","article_publisher":"https:\/\/www.facebook.com\/profile.php?id=61554875321542&locale=tr_TR","article_modified_time":"2024-01-30T22:57:31+00:00","og_image":[{"width":1500,"height":1500,"url":"https:\/\/bionley.com\/tr\/wp-content\/uploads\/2024\/01\/licorice.jpg","type":"image\/jpeg"}],"twitter_card":"summary_large_image","twitter_site":"@bionleyBion","twitter_misc":{"Tahmini okuma s\u00fcresi":"4 dakika"},"schema":{"@context":"https:\/\/schema.org","@graph":[{"@type":"WebPage","@id":"https:\/\/bionley.com\/tr\/urun\/meyan-2\/","url":"https:\/\/bionley.com\/tr\/urun\/meyan-2\/","name":"MEYAN - Bionley","isPartOf":{"@id":"https:\/\/bionley.com\/tr\/#website"},"primaryImageOfPage":{"@id":"https:\/\/bionley.com\/tr\/urun\/meyan-2\/#primaryimage"},"image":{"@id":"https:\/\/bionley.com\/tr\/urun\/meyan-2\/#primaryimage"},"thumbnailUrl":"https:\/\/bionley.com\/tr\/wp-content\/uploads\/2024\/01\/licorice.jpg","datePublished":"2024-01-07T15:20:23+00:00","dateModified":"2024-01-30T22:57:31+00:00","breadcrumb":{"@id":"https:\/\/bionley.com\/tr\/urun\/meyan-2\/#breadcrumb"},"inLanguage":"tr","potentialAction":[{"@type":"ReadAction","target":["https:\/\/bionley.com\/tr\/urun\/meyan-2\/"]}]},{"@type":"ImageObject","inLanguage":"tr","@id":"https:\/\/bionley.com\/tr\/urun\/meyan-2\/#primaryimage","url":"https:\/\/bionley.com\/tr\/wp-content\/uploads\/2024\/01\/licorice.jpg","contentUrl":"https:\/\/bionley.com\/tr\/wp-content\/uploads\/2024\/01\/licorice.jpg","width":1500,"height":1500},{"@type":"BreadcrumbList","@id":"https:\/\/bionley.com\/tr\/urun\/meyan-2\/#breadcrumb","itemListElement":[{"@type":"ListItem","position":1,"name":"Anasayfa","item":"https:\/\/bionley.com\/tr\/"},{"@type":"ListItem","position":2,"name":"\u00dcr\u00fcnler","item":"https:\/\/bionley.com\/tr\/shop\/"},{"@type":"ListItem","position":3,"name":"MEYAN"}]},{"@type":"WebSite","@id":"https:\/\/bionley.com\/tr\/#website","url":"https:\/\/bionley.com\/tr\/","name":"Bionley","description":"","publisher":{"@id":"https:\/\/bionley.com\/tr\/#organization"},"potentialAction":[{"@type":"SearchAction","target":{"@type":"EntryPoint","urlTemplate":"https:\/\/bionley.com\/tr\/?s={search_term_string}"},"query-input":{"@type":"PropertyValueSpecification","valueRequired":true,"valueName":"search_term_string"}}],"inLanguage":"tr"},{"@type":["Organization","Place","Corporation"],"@id":"https:\/\/bionley.com\/tr\/#organization","name":"Bionley Biyoteknoloji A.\u015e","url":"https:\/\/bionley.com\/tr\/","logo":{"@id":"https:\/\/bionley.com\/tr\/urun\/meyan-2\/#local-main-organization-logo"},"image":{"@id":"https:\/\/bionley.com\/tr\/urun\/meyan-2\/#local-main-organization-logo"},"sameAs":["https:\/\/www.facebook.com\/profile.php?id=61554875321542&locale=tr_TR","https:\/\/x.com\/bionleyBion","https:\/\/www.instagram.com\/bionleycom\/"],"description":"Bitkilerden standardize ekstre elde edilmesi ve elde edilen ekstrelerden de\u011ferli molek\u00fcllerin safla\u015ft\u0131r\u0131lmas\u0131 ve end\u00fcstriyel \u00f6l\u00e7ekte \u00fcretiminin yap\u0131lmas\u0131, \u00f6zellikle tar\u0131msal at\u0131klar ve t\u0131bbi aromatik bitkilerden y\u00fcksek katma de\u011ferli \u00fcr\u00fcnler elde etme \u00fczerine 20 y\u0131l\u0131 a\u015fk\u0131n s\u00fcredir \u00e7al\u0131\u015fmalar yapmaktay\u0131z. Gaziemir Sarn\u0131\u00e7 sanayi b\u00f6lgesinde faaliyet g\u00f6steren Bionley Biyoteknoloji A.\u015e \u015firketimiz i\u015f ortaklar\u0131m\u0131za \u00f6zel Ar-Ge \u00e7al\u0131\u015fmalar\u0131 ile inovatif \u00fcr\u00fcnler geli\u015ftirmekte ve \u00dclkemizin bu konularda d\u0131\u015far\u0131ya olan ba\u011f\u0131ml\u0131l\u0131\u011f\u0131n\u0131 azaltmaktay\u0131z. \u00d6zellikle Astragalus (Geven) ve Ruscus (Tav\u015fan memesi) bitkilerinin de\u011ferli molek\u00fcllerinin y\u00fcksek safl\u0131kta elde edilmesi ve end\u00fcstriyel \u00f6l\u00e7ekte \u00fcretimini ger\u00e7ekle\u015ftirmekteyiz . T\u00fcrkiye'de yeti\u015fen bitkilerin standardize olarak ekstrelerinin \u00fcretimini ger\u00e7ekle\u015ftirmektedir. Ayr\u0131ca Spray Dryer (p\u00fcsk\u00fcrtmeli kurutucu), Freeze Dryer, Tray Dryer, Rotocone Dryer v.b. cihazlar\u0131n tasar\u0131m ve optizasyonunu yapan bir firmad\u0131r.","legalName":"B\u0130ONLEY B\u0130YOTEKNOLOJ\u0130 A.\u015e","foundingDate":"2023-05-23","numberOfEmployees":{"@type":"QuantitativeValue","minValue":"1","maxValue":"10"},"address":{"@id":"https:\/\/bionley.com\/tr\/urun\/meyan-2\/#local-main-place-address"},"telephone":["05332783176"],"openingHoursSpecification":[{"@type":"OpeningHoursSpecification","dayOfWeek":["Monday"],"opens":"09:00","closes":"18:00"},{"@type":"OpeningHoursSpecification","dayOfWeek":["Tuesday","Wednesday","Thursday","Friday","Saturday"],"opens":"09:00","closes":"17:00"},{"@type":"OpeningHoursSpecification","dayOfWeek":["Sunday"],"opens":"00:00","closes":"00:00"}],"email":"info@bionley.com"},{"@type":"PostalAddress","@id":"https:\/\/bionley.com\/tr\/urun\/meyan-2\/#local-main-place-address","streetAddress":"Fatih Mahallesi 1178 sokak no 5B Gaziemir \u0130ZM\u0130R","addressLocality":"GAZ\u0130EM\u0130R","postalCode":"35410","addressRegion":"\u0130ZM\u0130R","addressCountry":"TR"},{"@type":"ImageObject","inLanguage":"tr","@id":"https:\/\/bionley.com\/tr\/urun\/meyan-2\/#local-main-organization-logo","url":"https:\/\/bionley.com\/tr\/wp-content\/uploads\/2026\/01\/Adsiz-tasarim-1.png","contentUrl":"https:\/\/bionley.com\/tr\/wp-content\/uploads\/2026\/01\/Adsiz-tasarim-1.png","width":1280,"height":439,"caption":"Bionley Biyoteknoloji A.\u015e"}]},"geo.placename":"GAZ\u0130EM\u0130R","geo.region":"T\u00fcrkiye"},"_links":{"self":[{"href":"https:\/\/bionley.com\/tr\/wp-json\/wp\/v2\/product\/131101","targetHints":{"allow":["GET"]}}],"collection":[{"href":"https:\/\/bionley.com\/tr\/wp-json\/wp\/v2\/product"}],"about":[{"href":"https:\/\/bionley.com\/tr\/wp-json\/wp\/v2\/types\/product"}],"replies":[{"embeddable":true,"href":"https:\/\/bionley.com\/tr\/wp-json\/wp\/v2\/comments?post=131101"}],"wp:featuredmedia":[{"embeddable":true,"href":"https:\/\/bionley.com\/tr\/wp-json\/wp\/v2\/media\/131203"}],"wp:attachment":[{"href":"https:\/\/bionley.com\/tr\/wp-json\/wp\/v2\/media?parent=131101"}],"wp:term":[{"taxonomy":"product_brand","embeddable":true,"href":"https:\/\/bionley.com\/tr\/wp-json\/wp\/v2\/product_brand?post=131101"},{"taxonomy":"product_cat","embeddable":true,"href":"https:\/\/bionley.com\/tr\/wp-json\/wp\/v2\/product_cat?post=131101"},{"taxonomy":"product_tag","embeddable":true,"href":"https:\/\/bionley.com\/tr\/wp-json\/wp\/v2\/product_tag?post=131101"}],"curies":[{"name":"wp","href":"https:\/\/api.w.org\/{rel}","templated":true}]}}