{"id":131104,"date":"2024-01-07T18:23:14","date_gmt":"2024-01-07T15:23:14","guid":{"rendered":"http:\/\/demo.bionley.com\/?post_type=product&#038;p=131104"},"modified":"2024-08-28T02:30:57","modified_gmt":"2024-08-27T23:30:57","slug":"melisa-2","status":"publish","type":"product","link":"https:\/\/bionley.com\/tr\/urun\/melisa-2\/","title":{"rendered":"MEL\u0130SA"},"content":{"rendered":"<p>Melisa, bilimsel ad\u0131yla Melissa officinalis, ball\u0131babagiller ailesine ait bir bitkidir. Bu bitki \u00f6zellikle Avrupa, Kuzey Afrika ve Bat\u0131 Asya&#8217;da yeti\u015fmektedir. Melisa bitkisi, \u00f6zellikle yapraklar\u0131ndaki u\u00e7ucu ya\u011flar nedeniyle tarihsel olarak t\u0131bbi ama\u00e7larla kullan\u0131lmaktad\u0131r.<\/p>\n<p>Melisa yapraklar\u0131n\u0131n \u00f6z\u00fct\u00fc, melisa toz ekstrakt\u0131 olarak adland\u0131r\u0131lan bir bile\u015fen i\u00e7ermektedir. Bu bile\u015fen, geleneksel olarak sakinle\u015ftirici, antidepresan, antioksidan, antispazmodik ve antimikrobiyal \u00f6zellikleri nedeniyle kullan\u0131lmaktad\u0131r.<\/p>\n<p>Melisa toz ekstrakt\u0131, etken maddeler olarak rosmarinik asit, triterpenler, flavonoidler ve u\u00e7ucu ya\u011flar i\u00e7erir. Rosmarinik asit, melisa bitkisinin antioksidan \u00f6zelliklerinden sorumludur. Triterpenler, bitkilerde bulunan do\u011fal bile\u015fiklerdir ve melisa bitkisinin antiviral ve antit\u00fcm\u00f6r \u00f6zelliklerinden sorumludur. Flavonoidler, bitkilerdeki pigmentlerdir ve melisa bitkisindeki antienflamatuar \u00f6zelliklerinden sorumludur. U\u00e7ucu ya\u011flar, melisa bitkisinin kokusundan sorumlu olan bile\u015fiklerdir ve sakinle\u015ftirici \u00f6zelliklere sahiptir.<\/p>\n<p>Melisa toz ekstrakt\u0131, kozmetik, g\u0131da ve ila\u00e7 end\u00fcstrilerinde yayg\u0131n olarak kullan\u0131lmaktad\u0131r. Kozmetik end\u00fcstrisinde, melisa toz ekstrakt\u0131 cilt bak\u0131m \u00fcr\u00fcnlerinde kullan\u0131lmaktad\u0131r \u00e7\u00fcnk\u00fc cildi yat\u0131\u015ft\u0131r\u0131c\u0131 ve anti-inflamatuar \u00f6zellikleri vard\u0131r. G\u0131da end\u00fcstrisinde, melisa toz ekstrakt\u0131 \u00e7e\u015fitli yiyecek ve i\u00e7eceklerde tatland\u0131r\u0131c\u0131 olarak kullan\u0131lmaktad\u0131r. \u0130la\u00e7 end\u00fcstrisinde ise melisa toz ekstrakt\u0131 sakinle\u015ftirici ve antidepresan etkileri nedeniyle kullan\u0131lmaktad\u0131r.<\/p>\n<p>Melisa ekstrakt\u0131 olarak da bilinen Melissa bitkisel ekstrakt\u0131, Melissa officinalis bitkisinin yapraklar\u0131ndan elde edilir. Sakinle\u015ftirici ve anti-enflamatuar \u00f6zellikleri nedeniyle geleneksel t\u0131pta uzun bir kullan\u0131m ge\u00e7mi\u015fine sahiptir ve g\u00fcn\u00fcm\u00fczde kozmetik ve g\u0131da end\u00fcstrilerinde yayg\u0131n olarak kullan\u0131lmaktad\u0131r.<\/p>\n<p>Kozmetik end\u00fcstrisinde, melissa bitki \u00f6z\u00fc, cildi yat\u0131\u015ft\u0131rma ve sakinle\u015ftirme kabiliyeti nedeniyle cilt bak\u0131m \u00fcr\u00fcnlerinde s\u0131kl\u0131kla kullan\u0131l\u0131r. Y\u00fcz temizleyicileri, tonerler, nemlendiriciler ve serumlar gibi \u00e7e\u015fitli \u00fcr\u00fcnlerde bulunabilir. Melissa bitki \u00f6z\u00fc, sa\u00e7lar\u0131 g\u00fc\u00e7lendirmeye ve sa\u011fl\u0131kl\u0131 sa\u00e7 b\u00fcy\u00fcmesini te\u015fvik etmeye yard\u0131mc\u0131 olabilece\u011finden, \u015fampuanlar ve sa\u00e7 kremleri gibi sa\u00e7 bak\u0131m \u00fcr\u00fcnlerinde de kullan\u0131l\u0131r.<\/p>\n<p>G\u0131da end\u00fcstrisinde, melisa bitki \u00f6z\u00fc genellikle \u00e7aylar, bitkisel takviyeler ve \u015fekerler gibi yiyecek ve i\u00e7eceklerde tatland\u0131r\u0131c\u0131 ve aroma bile\u015feni olarak kullan\u0131l\u0131r. Antioksidan \u00f6zelliklerinden dolay\u0131 do\u011fal bir koruyucu olarak da kullan\u0131l\u0131r. Ek olarak, melissa bitki \u00f6z\u00fc, anksiyeteyi azaltmak ve bili\u015fsel i\u015flevi iyile\u015ftirmek gibi potansiyel sa\u011fl\u0131k yararlar\u0131 i\u00e7in incelenmi\u015ftir.<\/p>\n<p>Genel olarak, melissa bitki \u00f6z\u00fc kozmetik ve g\u0131da end\u00fcstrilerinde geni\u015f bir uygulama yelpazesine sahiptir ve bir\u00e7ok potansiyel sa\u011fl\u0131k yarar\u0131 nedeniyle pop\u00fclaritesinin artmaya devam etmesi muhtemeldir.<\/p>\n<h4>Kimyasal Bilgi<\/h4>\n<p>Melisa Ekstrakt\u0131<\/p>\n<h4>Geleneksel Kullan\u0131m<\/h4>\n<p>Melissa cins ismi Yunanca \u03bc\u03b5\u03bb\u03b9\u03c3\u03c3\u03bf (melisso) yani &#8220;ar\u0131&#8221; kelimesinden t\u00fcretilmi\u015ftir ve ar\u0131lar\u0131n M. officinalis&#8217;e olan g\u00fc\u00e7l\u00fc ilgisine at\u0131fta bulunmaktad\u0131r. 4 \u0130sve\u00e7li botanik\u00e7i Carl Linnaeus Melissa cinsini ilk kez 1737 y\u0131l\u0131nda tan\u0131mlam\u0131\u015ft\u0131r. 23 Avrupa Farmakopesi&#8217;nde &#8220;melissa&#8221; olarak an\u0131l\u0131rken, 24 Amerika Birle\u015fik Devletleri&#8217;nde tercih edilen standartla\u015ft\u0131r\u0131lm\u0131\u015f yayg\u0131n isim &#8220;melisa &#8220;d\u0131r. Fransa&#8217;da melisa yeti\u015ftiricili\u011fi 1611 y\u0131l\u0131 civar\u0131nda manast\u0131r bah\u00e7elerinde ba\u015flam\u0131\u015f, Paris&#8217;te bir \u015firket taraf\u0131ndan melisa suyunu dam\u0131tmak i\u00e7in bir s\u00fcre\u00e7 geli\u015ftirilmi\u015f ve melisa suyu di\u015f a\u011fr\u0131s\u0131, senkop (bay\u0131lma) ve anksiyete tedavisinde pop\u00fcler bir ila\u00e7 haline gelmi\u015ftir. 1984 y\u0131l\u0131nda Alman Komisyonu E, bitkisel inf\u00fczyon, kuru ekstrakt veya fluidextract olarak haz\u0131rlanan melisa yapra\u011f\u0131n\u0131n sinirsel uyku bozukluklar\u0131 ve fonksiyonel gastrointestinal \u015fikayetlerin tedavisinde re\u00e7etesiz bir ila\u00e7 olarak kullan\u0131m\u0131n\u0131 onaylam\u0131\u015ft\u0131r. 1997 y\u0131l\u0131nda, Avrupa Fitoterapi Bilimsel Kooperatifi (ESCOP) melisa otunun gerginlik, huzursuzluk, sinirlilik ve k\u00fc\u00e7\u00fck sindirim sorunlar\u0131n\u0131n tedavisinde dahilen ve u\u00e7uk (herpes labialis) i\u00e7in haricen kullan\u0131labilece\u011fini belirtmi\u015ftir.<\/p>\n","protected":false},"excerpt":{"rendered":"<p>Melissa Officinalis<br \/>\nUV Ile Rosmarinic Asit<\/p>\n","protected":false},"featured_media":131206,"comment_status":"open","ping_status":"closed","template":"","meta":[],"product_brand":[],"product_cat":[151,153],"product_tag":[],"class_list":{"0":"post-131104","1":"product","2":"type-product","3":"status-publish","4":"has-post-thumbnail","6":"product_cat-extracts","7":"product_cat-powder-extracts","9":"first","10":"instock","11":"shipping-taxable","12":"product-type-simple"},"yoast_head":"<!-- This site is optimized with the Yoast SEO Premium plugin v27.4 (Yoast SEO v27.4) - https:\/\/yoast.com\/product\/yoast-seo-premium-wordpress\/ -->\n<title>MEL\u0130SA - Bionley<\/title>\n<meta name=\"robots\" content=\"index, follow, max-snippet:-1, max-image-preview:large, max-video-preview:-1\" \/>\n<link rel=\"canonical\" href=\"https:\/\/bionley.com\/tr\/urun\/melisa-2\/\" \/>\n<meta property=\"og:locale\" content=\"tr_TR\" \/>\n<meta property=\"og:type\" content=\"article\" \/>\n<meta property=\"og:title\" content=\"MEL\u0130SA\" \/>\n<meta property=\"og:description\" content=\"Melissa Officinalis UV Ile Rosmarinic Asit\" \/>\n<meta property=\"og:url\" content=\"https:\/\/bionley.com\/tr\/urun\/melisa-2\/\" \/>\n<meta property=\"og:site_name\" content=\"Bionley\" \/>\n<meta property=\"article:publisher\" content=\"https:\/\/www.facebook.com\/profile.php?id=61554875321542&amp;locale=tr_TR\" \/>\n<meta property=\"article:modified_time\" content=\"2024-08-27T23:30:57+00:00\" \/>\n<meta property=\"og:image\" content=\"https:\/\/bionley.com\/tr\/wp-content\/uploads\/2024\/01\/melissa.jpg\" \/>\n\t<meta property=\"og:image:width\" content=\"1500\" \/>\n\t<meta property=\"og:image:height\" content=\"1500\" \/>\n\t<meta property=\"og:image:type\" content=\"image\/jpeg\" \/>\n<meta name=\"twitter:card\" content=\"summary_large_image\" \/>\n<meta name=\"twitter:site\" content=\"@bionleyBion\" \/>\n<meta name=\"twitter:label1\" content=\"Tahmini okuma s\u00fcresi\" \/>\n\t<meta name=\"twitter:data1\" content=\"3 dakika\" \/>\n<script type=\"application\/ld+json\" class=\"yoast-schema-graph\">{\"@context\":\"https:\\\/\\\/schema.org\",\"@graph\":[{\"@type\":\"WebPage\",\"@id\":\"https:\\\/\\\/bionley.com\\\/tr\\\/urun\\\/melisa-2\\\/\",\"url\":\"https:\\\/\\\/bionley.com\\\/tr\\\/urun\\\/melisa-2\\\/\",\"name\":\"MEL\u0130SA - Bionley\",\"isPartOf\":{\"@id\":\"https:\\\/\\\/bionley.com\\\/tr\\\/#website\"},\"primaryImageOfPage\":{\"@id\":\"https:\\\/\\\/bionley.com\\\/tr\\\/urun\\\/melisa-2\\\/#primaryimage\"},\"image\":{\"@id\":\"https:\\\/\\\/bionley.com\\\/tr\\\/urun\\\/melisa-2\\\/#primaryimage\"},\"thumbnailUrl\":\"https:\\\/\\\/bionley.com\\\/tr\\\/wp-content\\\/uploads\\\/2024\\\/01\\\/melissa.jpg\",\"datePublished\":\"2024-01-07T15:23:14+00:00\",\"dateModified\":\"2024-08-27T23:30:57+00:00\",\"breadcrumb\":{\"@id\":\"https:\\\/\\\/bionley.com\\\/tr\\\/urun\\\/melisa-2\\\/#breadcrumb\"},\"inLanguage\":\"tr\",\"potentialAction\":[{\"@type\":\"ReadAction\",\"target\":[\"https:\\\/\\\/bionley.com\\\/tr\\\/urun\\\/melisa-2\\\/\"]}]},{\"@type\":\"ImageObject\",\"inLanguage\":\"tr\",\"@id\":\"https:\\\/\\\/bionley.com\\\/tr\\\/urun\\\/melisa-2\\\/#primaryimage\",\"url\":\"https:\\\/\\\/bionley.com\\\/tr\\\/wp-content\\\/uploads\\\/2024\\\/01\\\/melissa.jpg\",\"contentUrl\":\"https:\\\/\\\/bionley.com\\\/tr\\\/wp-content\\\/uploads\\\/2024\\\/01\\\/melissa.jpg\",\"width\":1500,\"height\":1500},{\"@type\":\"BreadcrumbList\",\"@id\":\"https:\\\/\\\/bionley.com\\\/tr\\\/urun\\\/melisa-2\\\/#breadcrumb\",\"itemListElement\":[{\"@type\":\"ListItem\",\"position\":1,\"name\":\"Anasayfa\",\"item\":\"https:\\\/\\\/bionley.com\\\/tr\\\/\"},{\"@type\":\"ListItem\",\"position\":2,\"name\":\"\u00dcr\u00fcnler\",\"item\":\"https:\\\/\\\/bionley.com\\\/tr\\\/shop\\\/\"},{\"@type\":\"ListItem\",\"position\":3,\"name\":\"MEL\u0130SA\"}]},{\"@type\":\"WebSite\",\"@id\":\"https:\\\/\\\/bionley.com\\\/tr\\\/#website\",\"url\":\"https:\\\/\\\/bionley.com\\\/tr\\\/\",\"name\":\"Bionley\",\"description\":\"\",\"publisher\":{\"@id\":\"https:\\\/\\\/bionley.com\\\/tr\\\/#organization\"},\"potentialAction\":[{\"@type\":\"SearchAction\",\"target\":{\"@type\":\"EntryPoint\",\"urlTemplate\":\"https:\\\/\\\/bionley.com\\\/tr\\\/?s={search_term_string}\"},\"query-input\":{\"@type\":\"PropertyValueSpecification\",\"valueRequired\":true,\"valueName\":\"search_term_string\"}}],\"inLanguage\":\"tr\"},{\"@type\":[\"Organization\",\"Place\",\"Corporation\"],\"@id\":\"https:\\\/\\\/bionley.com\\\/tr\\\/#organization\",\"name\":\"Bionley Biyoteknoloji A.\u015e\",\"url\":\"https:\\\/\\\/bionley.com\\\/tr\\\/\",\"logo\":{\"@id\":\"https:\\\/\\\/bionley.com\\\/tr\\\/urun\\\/melisa-2\\\/#local-main-organization-logo\"},\"image\":{\"@id\":\"https:\\\/\\\/bionley.com\\\/tr\\\/urun\\\/melisa-2\\\/#local-main-organization-logo\"},\"sameAs\":[\"https:\\\/\\\/www.facebook.com\\\/profile.php?id=61554875321542&locale=tr_TR\",\"https:\\\/\\\/x.com\\\/bionleyBion\",\"https:\\\/\\\/www.instagram.com\\\/bionleycom\\\/\"],\"description\":\"Bitkilerden standardize ekstre elde edilmesi ve elde edilen ekstrelerden de\u011ferli molek\u00fcllerin safla\u015ft\u0131r\u0131lmas\u0131 ve end\u00fcstriyel \u00f6l\u00e7ekte \u00fcretiminin yap\u0131lmas\u0131, \u00f6zellikle tar\u0131msal at\u0131klar ve t\u0131bbi aromatik bitkilerden y\u00fcksek katma de\u011ferli \u00fcr\u00fcnler elde etme \u00fczerine 20 y\u0131l\u0131 a\u015fk\u0131n s\u00fcredir \u00e7al\u0131\u015fmalar yapmaktay\u0131z. Gaziemir Sarn\u0131\u00e7 sanayi b\u00f6lgesinde faaliyet g\u00f6steren Bionley Biyoteknoloji A.\u015e \u015firketimiz i\u015f ortaklar\u0131m\u0131za \u00f6zel Ar-Ge \u00e7al\u0131\u015fmalar\u0131 ile inovatif \u00fcr\u00fcnler geli\u015ftirmekte ve \u00dclkemizin bu konularda d\u0131\u015far\u0131ya olan ba\u011f\u0131ml\u0131l\u0131\u011f\u0131n\u0131 azaltmaktay\u0131z. \u00d6zellikle Astragalus (Geven) ve Ruscus (Tav\u015fan memesi) bitkilerinin de\u011ferli molek\u00fcllerinin y\u00fcksek safl\u0131kta elde edilmesi ve end\u00fcstriyel \u00f6l\u00e7ekte \u00fcretimini ger\u00e7ekle\u015ftirmekteyiz . T\u00fcrkiye'de yeti\u015fen bitkilerin standardize olarak ekstrelerinin \u00fcretimini ger\u00e7ekle\u015ftirmektedir. Ayr\u0131ca Spray Dryer (p\u00fcsk\u00fcrtmeli kurutucu), Freeze Dryer, Tray Dryer, Rotocone Dryer v.b. cihazlar\u0131n tasar\u0131m ve optizasyonunu yapan bir firmad\u0131r.\",\"legalName\":\"B\u0130ONLEY B\u0130YOTEKNOLOJ\u0130 A.\u015e\",\"foundingDate\":\"2023-05-23\",\"numberOfEmployees\":{\"@type\":\"QuantitativeValue\",\"minValue\":\"1\",\"maxValue\":\"10\"},\"address\":{\"@id\":\"https:\\\/\\\/bionley.com\\\/tr\\\/urun\\\/melisa-2\\\/#local-main-place-address\"},\"telephone\":[\"05332783176\"],\"openingHoursSpecification\":[{\"@type\":\"OpeningHoursSpecification\",\"dayOfWeek\":[\"Monday\"],\"opens\":\"09:00\",\"closes\":\"18:00\"},{\"@type\":\"OpeningHoursSpecification\",\"dayOfWeek\":[\"Tuesday\",\"Wednesday\",\"Thursday\",\"Friday\",\"Saturday\"],\"opens\":\"09:00\",\"closes\":\"17:00\"},{\"@type\":\"OpeningHoursSpecification\",\"dayOfWeek\":[\"Sunday\"],\"opens\":\"00:00\",\"closes\":\"00:00\"}],\"email\":\"info@bionley.com\"},{\"@type\":\"PostalAddress\",\"@id\":\"https:\\\/\\\/bionley.com\\\/tr\\\/urun\\\/melisa-2\\\/#local-main-place-address\",\"streetAddress\":\"Fatih Mahallesi 1178 sokak no 5B Gaziemir \u0130ZM\u0130R\",\"addressLocality\":\"GAZ\u0130EM\u0130R\",\"postalCode\":\"35410\",\"addressRegion\":\"\u0130ZM\u0130R\",\"addressCountry\":\"TR\"},{\"@type\":\"ImageObject\",\"inLanguage\":\"tr\",\"@id\":\"https:\\\/\\\/bionley.com\\\/tr\\\/urun\\\/melisa-2\\\/#local-main-organization-logo\",\"url\":\"https:\\\/\\\/bionley.com\\\/tr\\\/wp-content\\\/uploads\\\/2026\\\/01\\\/Adsiz-tasarim-1.png\",\"contentUrl\":\"https:\\\/\\\/bionley.com\\\/tr\\\/wp-content\\\/uploads\\\/2026\\\/01\\\/Adsiz-tasarim-1.png\",\"width\":1280,\"height\":439,\"caption\":\"Bionley Biyoteknoloji A.\u015e\"}]}<\/script>\n<meta name=\"geo.placename\" content=\"GAZ\u0130EM\u0130R\" \/>\n<meta name=\"geo.region\" content=\"T\u00fcrkiye\" \/>\n<!-- \/ Yoast SEO Premium plugin. -->","yoast_head_json":{"title":"MEL\u0130SA - Bionley","robots":{"index":"index","follow":"follow","max-snippet":"max-snippet:-1","max-image-preview":"max-image-preview:large","max-video-preview":"max-video-preview:-1"},"canonical":"https:\/\/bionley.com\/tr\/urun\/melisa-2\/","og_locale":"tr_TR","og_type":"article","og_title":"MEL\u0130SA","og_description":"Melissa Officinalis UV Ile Rosmarinic Asit","og_url":"https:\/\/bionley.com\/tr\/urun\/melisa-2\/","og_site_name":"Bionley","article_publisher":"https:\/\/www.facebook.com\/profile.php?id=61554875321542&locale=tr_TR","article_modified_time":"2024-08-27T23:30:57+00:00","og_image":[{"width":1500,"height":1500,"url":"https:\/\/bionley.com\/tr\/wp-content\/uploads\/2024\/01\/melissa.jpg","type":"image\/jpeg"}],"twitter_card":"summary_large_image","twitter_site":"@bionleyBion","twitter_misc":{"Tahmini okuma s\u00fcresi":"3 dakika"},"schema":{"@context":"https:\/\/schema.org","@graph":[{"@type":"WebPage","@id":"https:\/\/bionley.com\/tr\/urun\/melisa-2\/","url":"https:\/\/bionley.com\/tr\/urun\/melisa-2\/","name":"MEL\u0130SA - Bionley","isPartOf":{"@id":"https:\/\/bionley.com\/tr\/#website"},"primaryImageOfPage":{"@id":"https:\/\/bionley.com\/tr\/urun\/melisa-2\/#primaryimage"},"image":{"@id":"https:\/\/bionley.com\/tr\/urun\/melisa-2\/#primaryimage"},"thumbnailUrl":"https:\/\/bionley.com\/tr\/wp-content\/uploads\/2024\/01\/melissa.jpg","datePublished":"2024-01-07T15:23:14+00:00","dateModified":"2024-08-27T23:30:57+00:00","breadcrumb":{"@id":"https:\/\/bionley.com\/tr\/urun\/melisa-2\/#breadcrumb"},"inLanguage":"tr","potentialAction":[{"@type":"ReadAction","target":["https:\/\/bionley.com\/tr\/urun\/melisa-2\/"]}]},{"@type":"ImageObject","inLanguage":"tr","@id":"https:\/\/bionley.com\/tr\/urun\/melisa-2\/#primaryimage","url":"https:\/\/bionley.com\/tr\/wp-content\/uploads\/2024\/01\/melissa.jpg","contentUrl":"https:\/\/bionley.com\/tr\/wp-content\/uploads\/2024\/01\/melissa.jpg","width":1500,"height":1500},{"@type":"BreadcrumbList","@id":"https:\/\/bionley.com\/tr\/urun\/melisa-2\/#breadcrumb","itemListElement":[{"@type":"ListItem","position":1,"name":"Anasayfa","item":"https:\/\/bionley.com\/tr\/"},{"@type":"ListItem","position":2,"name":"\u00dcr\u00fcnler","item":"https:\/\/bionley.com\/tr\/shop\/"},{"@type":"ListItem","position":3,"name":"MEL\u0130SA"}]},{"@type":"WebSite","@id":"https:\/\/bionley.com\/tr\/#website","url":"https:\/\/bionley.com\/tr\/","name":"Bionley","description":"","publisher":{"@id":"https:\/\/bionley.com\/tr\/#organization"},"potentialAction":[{"@type":"SearchAction","target":{"@type":"EntryPoint","urlTemplate":"https:\/\/bionley.com\/tr\/?s={search_term_string}"},"query-input":{"@type":"PropertyValueSpecification","valueRequired":true,"valueName":"search_term_string"}}],"inLanguage":"tr"},{"@type":["Organization","Place","Corporation"],"@id":"https:\/\/bionley.com\/tr\/#organization","name":"Bionley Biyoteknoloji A.\u015e","url":"https:\/\/bionley.com\/tr\/","logo":{"@id":"https:\/\/bionley.com\/tr\/urun\/melisa-2\/#local-main-organization-logo"},"image":{"@id":"https:\/\/bionley.com\/tr\/urun\/melisa-2\/#local-main-organization-logo"},"sameAs":["https:\/\/www.facebook.com\/profile.php?id=61554875321542&locale=tr_TR","https:\/\/x.com\/bionleyBion","https:\/\/www.instagram.com\/bionleycom\/"],"description":"Bitkilerden standardize ekstre elde edilmesi ve elde edilen ekstrelerden de\u011ferli molek\u00fcllerin safla\u015ft\u0131r\u0131lmas\u0131 ve end\u00fcstriyel \u00f6l\u00e7ekte \u00fcretiminin yap\u0131lmas\u0131, \u00f6zellikle tar\u0131msal at\u0131klar ve t\u0131bbi aromatik bitkilerden y\u00fcksek katma de\u011ferli \u00fcr\u00fcnler elde etme \u00fczerine 20 y\u0131l\u0131 a\u015fk\u0131n s\u00fcredir \u00e7al\u0131\u015fmalar yapmaktay\u0131z. Gaziemir Sarn\u0131\u00e7 sanayi b\u00f6lgesinde faaliyet g\u00f6steren Bionley Biyoteknoloji A.\u015e \u015firketimiz i\u015f ortaklar\u0131m\u0131za \u00f6zel Ar-Ge \u00e7al\u0131\u015fmalar\u0131 ile inovatif \u00fcr\u00fcnler geli\u015ftirmekte ve \u00dclkemizin bu konularda d\u0131\u015far\u0131ya olan ba\u011f\u0131ml\u0131l\u0131\u011f\u0131n\u0131 azaltmaktay\u0131z. \u00d6zellikle Astragalus (Geven) ve Ruscus (Tav\u015fan memesi) bitkilerinin de\u011ferli molek\u00fcllerinin y\u00fcksek safl\u0131kta elde edilmesi ve end\u00fcstriyel \u00f6l\u00e7ekte \u00fcretimini ger\u00e7ekle\u015ftirmekteyiz . T\u00fcrkiye'de yeti\u015fen bitkilerin standardize olarak ekstrelerinin \u00fcretimini ger\u00e7ekle\u015ftirmektedir. Ayr\u0131ca Spray Dryer (p\u00fcsk\u00fcrtmeli kurutucu), Freeze Dryer, Tray Dryer, Rotocone Dryer v.b. cihazlar\u0131n tasar\u0131m ve optizasyonunu yapan bir firmad\u0131r.","legalName":"B\u0130ONLEY B\u0130YOTEKNOLOJ\u0130 A.\u015e","foundingDate":"2023-05-23","numberOfEmployees":{"@type":"QuantitativeValue","minValue":"1","maxValue":"10"},"address":{"@id":"https:\/\/bionley.com\/tr\/urun\/melisa-2\/#local-main-place-address"},"telephone":["05332783176"],"openingHoursSpecification":[{"@type":"OpeningHoursSpecification","dayOfWeek":["Monday"],"opens":"09:00","closes":"18:00"},{"@type":"OpeningHoursSpecification","dayOfWeek":["Tuesday","Wednesday","Thursday","Friday","Saturday"],"opens":"09:00","closes":"17:00"},{"@type":"OpeningHoursSpecification","dayOfWeek":["Sunday"],"opens":"00:00","closes":"00:00"}],"email":"info@bionley.com"},{"@type":"PostalAddress","@id":"https:\/\/bionley.com\/tr\/urun\/melisa-2\/#local-main-place-address","streetAddress":"Fatih Mahallesi 1178 sokak no 5B Gaziemir \u0130ZM\u0130R","addressLocality":"GAZ\u0130EM\u0130R","postalCode":"35410","addressRegion":"\u0130ZM\u0130R","addressCountry":"TR"},{"@type":"ImageObject","inLanguage":"tr","@id":"https:\/\/bionley.com\/tr\/urun\/melisa-2\/#local-main-organization-logo","url":"https:\/\/bionley.com\/tr\/wp-content\/uploads\/2026\/01\/Adsiz-tasarim-1.png","contentUrl":"https:\/\/bionley.com\/tr\/wp-content\/uploads\/2026\/01\/Adsiz-tasarim-1.png","width":1280,"height":439,"caption":"Bionley Biyoteknoloji A.\u015e"}]},"geo.placename":"GAZ\u0130EM\u0130R","geo.region":"T\u00fcrkiye"},"_links":{"self":[{"href":"https:\/\/bionley.com\/tr\/wp-json\/wp\/v2\/product\/131104","targetHints":{"allow":["GET"]}}],"collection":[{"href":"https:\/\/bionley.com\/tr\/wp-json\/wp\/v2\/product"}],"about":[{"href":"https:\/\/bionley.com\/tr\/wp-json\/wp\/v2\/types\/product"}],"replies":[{"embeddable":true,"href":"https:\/\/bionley.com\/tr\/wp-json\/wp\/v2\/comments?post=131104"}],"wp:featuredmedia":[{"embeddable":true,"href":"https:\/\/bionley.com\/tr\/wp-json\/wp\/v2\/media\/131206"}],"wp:attachment":[{"href":"https:\/\/bionley.com\/tr\/wp-json\/wp\/v2\/media?parent=131104"}],"wp:term":[{"taxonomy":"product_brand","embeddable":true,"href":"https:\/\/bionley.com\/tr\/wp-json\/wp\/v2\/product_brand?post=131104"},{"taxonomy":"product_cat","embeddable":true,"href":"https:\/\/bionley.com\/tr\/wp-json\/wp\/v2\/product_cat?post=131104"},{"taxonomy":"product_tag","embeddable":true,"href":"https:\/\/bionley.com\/tr\/wp-json\/wp\/v2\/product_tag?post=131104"}],"curies":[{"name":"wp","href":"https:\/\/api.w.org\/{rel}","templated":true}]}}