{"id":131105,"date":"2024-01-07T18:23:57","date_gmt":"2024-01-07T15:23:57","guid":{"rendered":"http:\/\/demo.bionley.com\/?post_type=product&#038;p=131105"},"modified":"2024-07-20T18:52:37","modified_gmt":"2024-07-20T15:52:37","slug":"deve-dikeni-2","status":"publish","type":"product","link":"https:\/\/bionley.com\/tr\/urun\/deve-dikeni-2\/","title":{"rendered":"DEVE D\u0130KEN\u0130"},"content":{"rendered":"<p>Deve dikeni ekstresi, potansiyel sa\u011fl\u0131k yararlar\u0131 ve antioksidan \u00f6zellikleri nedeniyle g\u0131da ve kozmetik end\u00fcstrisinde \u00e7e\u015fitli ama\u00e7larla kullan\u0131lmaktad\u0131r.<\/p>\n<p>G\u0131da end\u00fcstrisinde, deve dikeni ekstresi, g\u0131dalar\u0131 bozabilecek bakteri ve mantarlar\u0131n b\u00fcy\u00fcmesini engelleme kabiliyeti nedeniyle genellikle do\u011fal bir g\u0131da koruyucusu olarak kullan\u0131l\u0131r. Ayr\u0131ca, potansiyel karaci\u011fer koruyucu ve anti-enflamatuar \u00f6zellikleri nedeniyle fonksiyonel g\u0131dalarda ve diyet takviyelerinde bir bile\u015fen olarak kullan\u0131l\u0131r.<\/p>\n<p>Kozmetik end\u00fcstrisinde, deve dikeni \u00f6z\u00fc, cildi serbest radikallerin neden oldu\u011fu hasardan korumaya yard\u0131mc\u0131 olabilecek antioksidan \u00f6zellikleri nedeniyle cilt bak\u0131m \u00fcr\u00fcnlerinde bir bile\u015fen olarak kullan\u0131l\u0131r. Ayr\u0131ca ya\u015flanma kar\u015f\u0131t\u0131 etkilere sahip oldu\u011funa ve cildin elastikiyetini ve dokusunu iyile\u015ftirmeye yard\u0131mc\u0131 olabilece\u011fine inan\u0131lmaktad\u0131r.<\/p>\n<p>Genel olarak, deve dikeni ekstresi g\u0131da ve kozmetik end\u00fcstrisinde bir\u00e7ok potansiyel kullan\u0131ma sahip \u00e7ok y\u00f6nl\u00fc bir bile\u015fendir ve devam eden ara\u015ft\u0131rmalar ek faydalar\u0131 ve uygulamalar\u0131 ortaya \u00e7\u0131karabilir.<\/p>\n<p>Deve Dikeni, Akdeniz b\u00f6lgesinde yeti\u015fen bir bitki t\u00fcr\u00fcd\u00fcr ve sa\u011fl\u0131k a\u00e7\u0131s\u0131ndan bir\u00e7ok faydas\u0131 bulunmaktad\u0131r. Deve Dikeni toz ekstrakt\u0131, bitkinin tohumlar\u0131ndan elde edilir ve sa\u011fl\u0131k takviyesi olarak kullan\u0131l\u0131r. Deve Dikeni toz ekstrakt\u0131n\u0131n i\u00e7erdi\u011fi etken maddeler aras\u0131nda silymarin, silybin, silydianin ve silychristin gibi bile\u015fikler bulunur.<\/p>\n<p>Silymarin, Deve Dikeni toz ekstrakt\u0131n\u0131n ana bile\u015fenidir ve karaci\u011fer sa\u011fl\u0131\u011f\u0131 \u00fczerinde olumlu etkileri vard\u0131r. Silymarin, karaci\u011fer h\u00fccrelerini yenileyebilir ve toksinlere kar\u015f\u0131 koruyabilir. Bu nedenle, karaci\u011fer fonksiyonlar\u0131n\u0131n iyile\u015ftirilmesi i\u00e7in kullan\u0131l\u0131r. Deve Dikeni toz ekstrakt\u0131 ayr\u0131ca antioksidan \u00f6zellikleri nedeniyle anti-inflamatuar etkilere sahiptir ve kalp sa\u011fl\u0131\u011f\u0131n\u0131 korumaya yard\u0131mc\u0131 olabilir.<\/p>\n<p>Deve Dikeni toz ekstrakt\u0131n\u0131n kullan\u0131ld\u0131\u011f\u0131 bir\u00e7ok end\u00fcstri vard\u0131r. Beslenme takviyeleri, kozmetik \u00fcr\u00fcnler, farmas\u00f6tik \u00fcr\u00fcnler ve g\u0131da katk\u0131 maddeleri gibi bir\u00e7ok alanda kullan\u0131l\u0131r. Beslenme takviyeleri, Deve Dikeni toz ekstrakt\u0131n\u0131n sa\u011fl\u0131k yararlar\u0131ndan yararlanmak isteyen ki\u015filer taraf\u0131ndan s\u0131k\u00e7a kullan\u0131l\u0131r. Kozmetik \u00fcr\u00fcnlerde ise anti-inflamatuar etkileri nedeniyle ciltteki k\u0131zar\u0131kl\u0131k ve tahri\u015fi azaltmaya yard\u0131mc\u0131 olabilir. Farmas\u00f6tik \u00fcr\u00fcnlerde ise karaci\u011fer fonksiyonlar\u0131n\u0131 desteklemek i\u00e7in kullan\u0131l\u0131r. Ayr\u0131ca, Deve Dikeni toz ekstrakt\u0131 g\u0131da katk\u0131 maddesi olarak kullan\u0131l\u0131r ve besinlerin raf \u00f6mr\u00fcn\u00fc uzatmaya yard\u0131mc\u0131 olabilir.<\/p>\n<p>Sonu\u00e7 olarak, Deve Dikeni toz ekstrakt\u0131, sa\u011fl\u0131k takviyesi olarak kullan\u0131labilen bir bitki \u00f6z\u00fcd\u00fcr. \u0130\u00e7erdi\u011fi silymarin ve di\u011fer bile\u015fikler sayesinde karaci\u011fer sa\u011fl\u0131\u011f\u0131 \u00fczerinde olumlu etkileri vard\u0131r. Ayr\u0131ca, bir\u00e7ok end\u00fcstride kullan\u0131labilir ve beslenme takviyeleri, kozmetik \u00fcr\u00fcnler, farmas\u00f6tik \u00fcr\u00fcnler ve g\u0131da katk\u0131 maddeleri gibi bir\u00e7ok alanda yayg\u0131n olarak kullan\u0131l\u0131r. Ancak, Deve Dikeni toz ekstrakt\u0131n\u0131n kullan\u0131m\u0131 konusunda her zaman bir uzmanla g\u00f6r\u00fc\u015fmek ve uygun dozajlar\u0131 takip etmek \u00f6nemlidir.<\/p>\n<h4>Kimyasal Bilgi<\/h4>\n<p>Deve Dikeni Ekstrakt\u0131<\/p>\n<h4>Geleneksel Kullan\u0131m<\/h4>\n<p>Yayg\u0131n olarak &#8216;deve dikeni&#8217; olarak bilinen Silybum marianum, karaci\u011fer hastal\u0131klar\u0131n\u0131n tedavisinde en eski ve kapsaml\u0131 olarak ara\u015ft\u0131r\u0131lm\u0131\u015f bitkilerden biridir. Deve dikeni \u00f6zleri, 4. y\u00fczy\u0131l gibi erken bir tarihten itibaren genel bir \u015fifal\u0131 bitki olarak kullan\u0131lmaktad\u0131r. Bu bitki M.S. 1. y\u00fczy\u0131lda Dioskurides taraf\u0131ndan kusturucu olarak kullan\u0131lm\u0131\u015f ve 16. y\u00fczy\u0131lda hepatobiliar hastal\u0131klar i\u00e7in tercih edilen bir ila\u00e7 haline gelmi\u015f ve ila\u00e7 1960 y\u0131l\u0131nda tekrar canland\u0131r\u0131lm\u0131\u015ft\u0131r. Amerikan K\u0131z\u0131lderilileri ve Alaska Yerlileri deve dikenini \u00e7\u0131ban ve di\u011fer cilt hastal\u0131klar\u0131n\u0131 tedavi etmek i\u00e7in kullanmaktad\u0131r. Homeopatik uygulay\u0131c\u0131lar sar\u0131l\u0131k, safra ta\u015f\u0131, peritonit, kanama, bron\u015fit ve varisli damarlar\u0131 tedavi etmek i\u00e7in tohumlardan elde edilen preparatlar\u0131 kullan\u0131rlar. Deve dikeni ayr\u0131ca emziren annelerde s\u00fct \u00fcretimini uyarmak i\u00e7in, ac\u0131 tonik olarak, hemoroid i\u00e7in, dispeptik \u015fikayetler i\u00e7in nezle ve pl\u00f6rezide yat\u0131\u015ft\u0131r\u0131c\u0131 olarak kullan\u0131lm\u0131\u015ft\u0131r.<\/p>\n","protected":false},"excerpt":{"rendered":"<p>Silybum Marianum<br \/>\nTLC Ile Silymarin , DER<\/p>\n","protected":false},"featured_media":131207,"comment_status":"open","ping_status":"closed","template":"","meta":[],"product_brand":[],"product_cat":[151,153],"product_tag":[],"class_list":{"0":"post-131105","1":"product","2":"type-product","3":"status-publish","4":"has-post-thumbnail","6":"product_cat-extracts","7":"product_cat-powder-extracts","9":"first","10":"instock","11":"shipping-taxable","12":"product-type-simple"},"yoast_head":"<!-- This site is optimized with the Yoast SEO Premium plugin v27.4 (Yoast SEO v27.4) - https:\/\/yoast.com\/product\/yoast-seo-premium-wordpress\/ -->\n<title>DEVE D\u0130KEN\u0130 - Bionley<\/title>\n<meta name=\"robots\" content=\"index, follow, max-snippet:-1, max-image-preview:large, max-video-preview:-1\" \/>\n<link rel=\"canonical\" href=\"https:\/\/bionley.com\/tr\/urun\/deve-dikeni-2\/\" \/>\n<meta property=\"og:locale\" content=\"tr_TR\" \/>\n<meta property=\"og:type\" content=\"article\" \/>\n<meta property=\"og:title\" content=\"DEVE D\u0130KEN\u0130\" \/>\n<meta property=\"og:description\" content=\"Silybum Marianum TLC Ile Silymarin , DER\" \/>\n<meta property=\"og:url\" content=\"https:\/\/bionley.com\/tr\/urun\/deve-dikeni-2\/\" \/>\n<meta property=\"og:site_name\" content=\"Bionley\" \/>\n<meta property=\"article:publisher\" content=\"https:\/\/www.facebook.com\/profile.php?id=61554875321542&amp;locale=tr_TR\" \/>\n<meta property=\"article:modified_time\" content=\"2024-07-20T15:52:37+00:00\" \/>\n<meta property=\"og:image\" content=\"https:\/\/bionley.com\/tr\/wp-content\/uploads\/2024\/01\/milkthistle.jpg\" \/>\n\t<meta property=\"og:image:width\" content=\"1500\" \/>\n\t<meta property=\"og:image:height\" content=\"1500\" \/>\n\t<meta property=\"og:image:type\" content=\"image\/jpeg\" \/>\n<meta name=\"twitter:card\" content=\"summary_large_image\" \/>\n<meta name=\"twitter:site\" content=\"@bionleyBion\" \/>\n<meta name=\"twitter:label1\" content=\"Tahmini okuma s\u00fcresi\" \/>\n\t<meta name=\"twitter:data1\" content=\"3 dakika\" \/>\n<script type=\"application\/ld+json\" class=\"yoast-schema-graph\">{\"@context\":\"https:\\\/\\\/schema.org\",\"@graph\":[{\"@type\":\"WebPage\",\"@id\":\"https:\\\/\\\/bionley.com\\\/tr\\\/urun\\\/deve-dikeni-2\\\/\",\"url\":\"https:\\\/\\\/bionley.com\\\/tr\\\/urun\\\/deve-dikeni-2\\\/\",\"name\":\"DEVE D\u0130KEN\u0130 - Bionley\",\"isPartOf\":{\"@id\":\"https:\\\/\\\/bionley.com\\\/tr\\\/#website\"},\"primaryImageOfPage\":{\"@id\":\"https:\\\/\\\/bionley.com\\\/tr\\\/urun\\\/deve-dikeni-2\\\/#primaryimage\"},\"image\":{\"@id\":\"https:\\\/\\\/bionley.com\\\/tr\\\/urun\\\/deve-dikeni-2\\\/#primaryimage\"},\"thumbnailUrl\":\"https:\\\/\\\/bionley.com\\\/tr\\\/wp-content\\\/uploads\\\/2024\\\/01\\\/milkthistle.jpg\",\"datePublished\":\"2024-01-07T15:23:57+00:00\",\"dateModified\":\"2024-07-20T15:52:37+00:00\",\"breadcrumb\":{\"@id\":\"https:\\\/\\\/bionley.com\\\/tr\\\/urun\\\/deve-dikeni-2\\\/#breadcrumb\"},\"inLanguage\":\"tr\",\"potentialAction\":[{\"@type\":\"ReadAction\",\"target\":[\"https:\\\/\\\/bionley.com\\\/tr\\\/urun\\\/deve-dikeni-2\\\/\"]}]},{\"@type\":\"ImageObject\",\"inLanguage\":\"tr\",\"@id\":\"https:\\\/\\\/bionley.com\\\/tr\\\/urun\\\/deve-dikeni-2\\\/#primaryimage\",\"url\":\"https:\\\/\\\/bionley.com\\\/tr\\\/wp-content\\\/uploads\\\/2024\\\/01\\\/milkthistle.jpg\",\"contentUrl\":\"https:\\\/\\\/bionley.com\\\/tr\\\/wp-content\\\/uploads\\\/2024\\\/01\\\/milkthistle.jpg\",\"width\":1500,\"height\":1500},{\"@type\":\"BreadcrumbList\",\"@id\":\"https:\\\/\\\/bionley.com\\\/tr\\\/urun\\\/deve-dikeni-2\\\/#breadcrumb\",\"itemListElement\":[{\"@type\":\"ListItem\",\"position\":1,\"name\":\"Anasayfa\",\"item\":\"https:\\\/\\\/bionley.com\\\/tr\\\/\"},{\"@type\":\"ListItem\",\"position\":2,\"name\":\"\u00dcr\u00fcnler\",\"item\":\"https:\\\/\\\/bionley.com\\\/tr\\\/shop\\\/\"},{\"@type\":\"ListItem\",\"position\":3,\"name\":\"DEVE D\u0130KEN\u0130\"}]},{\"@type\":\"WebSite\",\"@id\":\"https:\\\/\\\/bionley.com\\\/tr\\\/#website\",\"url\":\"https:\\\/\\\/bionley.com\\\/tr\\\/\",\"name\":\"Bionley\",\"description\":\"\",\"publisher\":{\"@id\":\"https:\\\/\\\/bionley.com\\\/tr\\\/#organization\"},\"potentialAction\":[{\"@type\":\"SearchAction\",\"target\":{\"@type\":\"EntryPoint\",\"urlTemplate\":\"https:\\\/\\\/bionley.com\\\/tr\\\/?s={search_term_string}\"},\"query-input\":{\"@type\":\"PropertyValueSpecification\",\"valueRequired\":true,\"valueName\":\"search_term_string\"}}],\"inLanguage\":\"tr\"},{\"@type\":[\"Organization\",\"Place\",\"Corporation\"],\"@id\":\"https:\\\/\\\/bionley.com\\\/tr\\\/#organization\",\"name\":\"Bionley Biyoteknoloji A.\u015e\",\"url\":\"https:\\\/\\\/bionley.com\\\/tr\\\/\",\"logo\":{\"@id\":\"https:\\\/\\\/bionley.com\\\/tr\\\/urun\\\/deve-dikeni-2\\\/#local-main-organization-logo\"},\"image\":{\"@id\":\"https:\\\/\\\/bionley.com\\\/tr\\\/urun\\\/deve-dikeni-2\\\/#local-main-organization-logo\"},\"sameAs\":[\"https:\\\/\\\/www.facebook.com\\\/profile.php?id=61554875321542&locale=tr_TR\",\"https:\\\/\\\/x.com\\\/bionleyBion\",\"https:\\\/\\\/www.instagram.com\\\/bionleycom\\\/\"],\"description\":\"Bitkilerden standardize ekstre elde edilmesi ve elde edilen ekstrelerden de\u011ferli molek\u00fcllerin safla\u015ft\u0131r\u0131lmas\u0131 ve end\u00fcstriyel \u00f6l\u00e7ekte \u00fcretiminin yap\u0131lmas\u0131, \u00f6zellikle tar\u0131msal at\u0131klar ve t\u0131bbi aromatik bitkilerden y\u00fcksek katma de\u011ferli \u00fcr\u00fcnler elde etme \u00fczerine 20 y\u0131l\u0131 a\u015fk\u0131n s\u00fcredir \u00e7al\u0131\u015fmalar yapmaktay\u0131z. Gaziemir Sarn\u0131\u00e7 sanayi b\u00f6lgesinde faaliyet g\u00f6steren Bionley Biyoteknoloji A.\u015e \u015firketimiz i\u015f ortaklar\u0131m\u0131za \u00f6zel Ar-Ge \u00e7al\u0131\u015fmalar\u0131 ile inovatif \u00fcr\u00fcnler geli\u015ftirmekte ve \u00dclkemizin bu konularda d\u0131\u015far\u0131ya olan ba\u011f\u0131ml\u0131l\u0131\u011f\u0131n\u0131 azaltmaktay\u0131z. \u00d6zellikle Astragalus (Geven) ve Ruscus (Tav\u015fan memesi) bitkilerinin de\u011ferli molek\u00fcllerinin y\u00fcksek safl\u0131kta elde edilmesi ve end\u00fcstriyel \u00f6l\u00e7ekte \u00fcretimini ger\u00e7ekle\u015ftirmekteyiz . T\u00fcrkiye'de yeti\u015fen bitkilerin standardize olarak ekstrelerinin \u00fcretimini ger\u00e7ekle\u015ftirmektedir. Ayr\u0131ca Spray Dryer (p\u00fcsk\u00fcrtmeli kurutucu), Freeze Dryer, Tray Dryer, Rotocone Dryer v.b. cihazlar\u0131n tasar\u0131m ve optizasyonunu yapan bir firmad\u0131r.\",\"legalName\":\"B\u0130ONLEY B\u0130YOTEKNOLOJ\u0130 A.\u015e\",\"foundingDate\":\"2023-05-23\",\"numberOfEmployees\":{\"@type\":\"QuantitativeValue\",\"minValue\":\"1\",\"maxValue\":\"10\"},\"address\":{\"@id\":\"https:\\\/\\\/bionley.com\\\/tr\\\/urun\\\/deve-dikeni-2\\\/#local-main-place-address\"},\"telephone\":[\"05332783176\"],\"openingHoursSpecification\":[{\"@type\":\"OpeningHoursSpecification\",\"dayOfWeek\":[\"Monday\"],\"opens\":\"09:00\",\"closes\":\"18:00\"},{\"@type\":\"OpeningHoursSpecification\",\"dayOfWeek\":[\"Tuesday\",\"Wednesday\",\"Thursday\",\"Friday\",\"Saturday\"],\"opens\":\"09:00\",\"closes\":\"17:00\"},{\"@type\":\"OpeningHoursSpecification\",\"dayOfWeek\":[\"Sunday\"],\"opens\":\"00:00\",\"closes\":\"00:00\"}],\"email\":\"info@bionley.com\"},{\"@type\":\"PostalAddress\",\"@id\":\"https:\\\/\\\/bionley.com\\\/tr\\\/urun\\\/deve-dikeni-2\\\/#local-main-place-address\",\"streetAddress\":\"Fatih Mahallesi 1178 sokak no 5B Gaziemir \u0130ZM\u0130R\",\"addressLocality\":\"GAZ\u0130EM\u0130R\",\"postalCode\":\"35410\",\"addressRegion\":\"\u0130ZM\u0130R\",\"addressCountry\":\"TR\"},{\"@type\":\"ImageObject\",\"inLanguage\":\"tr\",\"@id\":\"https:\\\/\\\/bionley.com\\\/tr\\\/urun\\\/deve-dikeni-2\\\/#local-main-organization-logo\",\"url\":\"https:\\\/\\\/bionley.com\\\/tr\\\/wp-content\\\/uploads\\\/2026\\\/01\\\/Adsiz-tasarim-1.png\",\"contentUrl\":\"https:\\\/\\\/bionley.com\\\/tr\\\/wp-content\\\/uploads\\\/2026\\\/01\\\/Adsiz-tasarim-1.png\",\"width\":1280,\"height\":439,\"caption\":\"Bionley Biyoteknoloji A.\u015e\"}]}<\/script>\n<meta name=\"geo.placename\" content=\"GAZ\u0130EM\u0130R\" \/>\n<meta name=\"geo.region\" content=\"T\u00fcrkiye\" \/>\n<!-- \/ Yoast SEO Premium plugin. -->","yoast_head_json":{"title":"DEVE D\u0130KEN\u0130 - Bionley","robots":{"index":"index","follow":"follow","max-snippet":"max-snippet:-1","max-image-preview":"max-image-preview:large","max-video-preview":"max-video-preview:-1"},"canonical":"https:\/\/bionley.com\/tr\/urun\/deve-dikeni-2\/","og_locale":"tr_TR","og_type":"article","og_title":"DEVE D\u0130KEN\u0130","og_description":"Silybum Marianum TLC Ile Silymarin , DER","og_url":"https:\/\/bionley.com\/tr\/urun\/deve-dikeni-2\/","og_site_name":"Bionley","article_publisher":"https:\/\/www.facebook.com\/profile.php?id=61554875321542&locale=tr_TR","article_modified_time":"2024-07-20T15:52:37+00:00","og_image":[{"width":1500,"height":1500,"url":"https:\/\/bionley.com\/tr\/wp-content\/uploads\/2024\/01\/milkthistle.jpg","type":"image\/jpeg"}],"twitter_card":"summary_large_image","twitter_site":"@bionleyBion","twitter_misc":{"Tahmini okuma s\u00fcresi":"3 dakika"},"schema":{"@context":"https:\/\/schema.org","@graph":[{"@type":"WebPage","@id":"https:\/\/bionley.com\/tr\/urun\/deve-dikeni-2\/","url":"https:\/\/bionley.com\/tr\/urun\/deve-dikeni-2\/","name":"DEVE D\u0130KEN\u0130 - Bionley","isPartOf":{"@id":"https:\/\/bionley.com\/tr\/#website"},"primaryImageOfPage":{"@id":"https:\/\/bionley.com\/tr\/urun\/deve-dikeni-2\/#primaryimage"},"image":{"@id":"https:\/\/bionley.com\/tr\/urun\/deve-dikeni-2\/#primaryimage"},"thumbnailUrl":"https:\/\/bionley.com\/tr\/wp-content\/uploads\/2024\/01\/milkthistle.jpg","datePublished":"2024-01-07T15:23:57+00:00","dateModified":"2024-07-20T15:52:37+00:00","breadcrumb":{"@id":"https:\/\/bionley.com\/tr\/urun\/deve-dikeni-2\/#breadcrumb"},"inLanguage":"tr","potentialAction":[{"@type":"ReadAction","target":["https:\/\/bionley.com\/tr\/urun\/deve-dikeni-2\/"]}]},{"@type":"ImageObject","inLanguage":"tr","@id":"https:\/\/bionley.com\/tr\/urun\/deve-dikeni-2\/#primaryimage","url":"https:\/\/bionley.com\/tr\/wp-content\/uploads\/2024\/01\/milkthistle.jpg","contentUrl":"https:\/\/bionley.com\/tr\/wp-content\/uploads\/2024\/01\/milkthistle.jpg","width":1500,"height":1500},{"@type":"BreadcrumbList","@id":"https:\/\/bionley.com\/tr\/urun\/deve-dikeni-2\/#breadcrumb","itemListElement":[{"@type":"ListItem","position":1,"name":"Anasayfa","item":"https:\/\/bionley.com\/tr\/"},{"@type":"ListItem","position":2,"name":"\u00dcr\u00fcnler","item":"https:\/\/bionley.com\/tr\/shop\/"},{"@type":"ListItem","position":3,"name":"DEVE D\u0130KEN\u0130"}]},{"@type":"WebSite","@id":"https:\/\/bionley.com\/tr\/#website","url":"https:\/\/bionley.com\/tr\/","name":"Bionley","description":"","publisher":{"@id":"https:\/\/bionley.com\/tr\/#organization"},"potentialAction":[{"@type":"SearchAction","target":{"@type":"EntryPoint","urlTemplate":"https:\/\/bionley.com\/tr\/?s={search_term_string}"},"query-input":{"@type":"PropertyValueSpecification","valueRequired":true,"valueName":"search_term_string"}}],"inLanguage":"tr"},{"@type":["Organization","Place","Corporation"],"@id":"https:\/\/bionley.com\/tr\/#organization","name":"Bionley Biyoteknoloji A.\u015e","url":"https:\/\/bionley.com\/tr\/","logo":{"@id":"https:\/\/bionley.com\/tr\/urun\/deve-dikeni-2\/#local-main-organization-logo"},"image":{"@id":"https:\/\/bionley.com\/tr\/urun\/deve-dikeni-2\/#local-main-organization-logo"},"sameAs":["https:\/\/www.facebook.com\/profile.php?id=61554875321542&locale=tr_TR","https:\/\/x.com\/bionleyBion","https:\/\/www.instagram.com\/bionleycom\/"],"description":"Bitkilerden standardize ekstre elde edilmesi ve elde edilen ekstrelerden de\u011ferli molek\u00fcllerin safla\u015ft\u0131r\u0131lmas\u0131 ve end\u00fcstriyel \u00f6l\u00e7ekte \u00fcretiminin yap\u0131lmas\u0131, \u00f6zellikle tar\u0131msal at\u0131klar ve t\u0131bbi aromatik bitkilerden y\u00fcksek katma de\u011ferli \u00fcr\u00fcnler elde etme \u00fczerine 20 y\u0131l\u0131 a\u015fk\u0131n s\u00fcredir \u00e7al\u0131\u015fmalar yapmaktay\u0131z. Gaziemir Sarn\u0131\u00e7 sanayi b\u00f6lgesinde faaliyet g\u00f6steren Bionley Biyoteknoloji A.\u015e \u015firketimiz i\u015f ortaklar\u0131m\u0131za \u00f6zel Ar-Ge \u00e7al\u0131\u015fmalar\u0131 ile inovatif \u00fcr\u00fcnler geli\u015ftirmekte ve \u00dclkemizin bu konularda d\u0131\u015far\u0131ya olan ba\u011f\u0131ml\u0131l\u0131\u011f\u0131n\u0131 azaltmaktay\u0131z. \u00d6zellikle Astragalus (Geven) ve Ruscus (Tav\u015fan memesi) bitkilerinin de\u011ferli molek\u00fcllerinin y\u00fcksek safl\u0131kta elde edilmesi ve end\u00fcstriyel \u00f6l\u00e7ekte \u00fcretimini ger\u00e7ekle\u015ftirmekteyiz . T\u00fcrkiye'de yeti\u015fen bitkilerin standardize olarak ekstrelerinin \u00fcretimini ger\u00e7ekle\u015ftirmektedir. Ayr\u0131ca Spray Dryer (p\u00fcsk\u00fcrtmeli kurutucu), Freeze Dryer, Tray Dryer, Rotocone Dryer v.b. cihazlar\u0131n tasar\u0131m ve optizasyonunu yapan bir firmad\u0131r.","legalName":"B\u0130ONLEY B\u0130YOTEKNOLOJ\u0130 A.\u015e","foundingDate":"2023-05-23","numberOfEmployees":{"@type":"QuantitativeValue","minValue":"1","maxValue":"10"},"address":{"@id":"https:\/\/bionley.com\/tr\/urun\/deve-dikeni-2\/#local-main-place-address"},"telephone":["05332783176"],"openingHoursSpecification":[{"@type":"OpeningHoursSpecification","dayOfWeek":["Monday"],"opens":"09:00","closes":"18:00"},{"@type":"OpeningHoursSpecification","dayOfWeek":["Tuesday","Wednesday","Thursday","Friday","Saturday"],"opens":"09:00","closes":"17:00"},{"@type":"OpeningHoursSpecification","dayOfWeek":["Sunday"],"opens":"00:00","closes":"00:00"}],"email":"info@bionley.com"},{"@type":"PostalAddress","@id":"https:\/\/bionley.com\/tr\/urun\/deve-dikeni-2\/#local-main-place-address","streetAddress":"Fatih Mahallesi 1178 sokak no 5B Gaziemir \u0130ZM\u0130R","addressLocality":"GAZ\u0130EM\u0130R","postalCode":"35410","addressRegion":"\u0130ZM\u0130R","addressCountry":"TR"},{"@type":"ImageObject","inLanguage":"tr","@id":"https:\/\/bionley.com\/tr\/urun\/deve-dikeni-2\/#local-main-organization-logo","url":"https:\/\/bionley.com\/tr\/wp-content\/uploads\/2026\/01\/Adsiz-tasarim-1.png","contentUrl":"https:\/\/bionley.com\/tr\/wp-content\/uploads\/2026\/01\/Adsiz-tasarim-1.png","width":1280,"height":439,"caption":"Bionley Biyoteknoloji A.\u015e"}]},"geo.placename":"GAZ\u0130EM\u0130R","geo.region":"T\u00fcrkiye"},"_links":{"self":[{"href":"https:\/\/bionley.com\/tr\/wp-json\/wp\/v2\/product\/131105","targetHints":{"allow":["GET"]}}],"collection":[{"href":"https:\/\/bionley.com\/tr\/wp-json\/wp\/v2\/product"}],"about":[{"href":"https:\/\/bionley.com\/tr\/wp-json\/wp\/v2\/types\/product"}],"replies":[{"embeddable":true,"href":"https:\/\/bionley.com\/tr\/wp-json\/wp\/v2\/comments?post=131105"}],"wp:featuredmedia":[{"embeddable":true,"href":"https:\/\/bionley.com\/tr\/wp-json\/wp\/v2\/media\/131207"}],"wp:attachment":[{"href":"https:\/\/bionley.com\/tr\/wp-json\/wp\/v2\/media?parent=131105"}],"wp:term":[{"taxonomy":"product_brand","embeddable":true,"href":"https:\/\/bionley.com\/tr\/wp-json\/wp\/v2\/product_brand?post=131105"},{"taxonomy":"product_cat","embeddable":true,"href":"https:\/\/bionley.com\/tr\/wp-json\/wp\/v2\/product_cat?post=131105"},{"taxonomy":"product_tag","embeddable":true,"href":"https:\/\/bionley.com\/tr\/wp-json\/wp\/v2\/product_tag?post=131105"}],"curies":[{"name":"wp","href":"https:\/\/api.w.org\/{rel}","templated":true}]}}