{"id":131106,"date":"2024-01-07T18:25:26","date_gmt":"2024-01-07T15:25:26","guid":{"rendered":"http:\/\/demo.bionley.com\/?post_type=product&#038;p=131106"},"modified":"2024-07-20T18:53:15","modified_gmt":"2024-07-20T15:53:15","slug":"isirgan-2","status":"publish","type":"product","link":"https:\/\/bionley.com\/tr\/urun\/isirgan-2\/","title":{"rendered":"ISIRGAN"},"content":{"rendered":"<p>Is\u0131rgan otu\u00a0yapra\u011f\u0131 ekstresi \u0131s\u0131rgan otu bitkisinden elde edilir ve y\u00fczy\u0131llard\u0131r t\u0131bbi ama\u00e7lar i\u00e7in kullan\u0131lmaktad\u0131r. Son y\u0131llarda, potansiyel sa\u011fl\u0131k ve g\u00fczellik faydalar\u0131 nedeniyle g\u0131da ve kozmetik end\u00fcstrilerinde pop\u00fclerlik kazanm\u0131\u015ft\u0131r. \u0130\u015fte \u0131s\u0131rgan otu yapra\u011f\u0131 ekstrakt\u0131n\u0131n g\u0131da ve kozmetik end\u00fcstrilerindeki yayg\u0131n kullan\u0131mlar\u0131ndan baz\u0131lar\u0131:<\/p>\n<p>G\u0131da End\u00fcstrisi:<br \/>\nIs\u0131rgan yapra\u011f\u0131 ekstresi\u00a0g\u0131da end\u00fcstrisinde do\u011fal bir tatland\u0131r\u0131c\u0131 ve renklendirici olarak kullan\u0131l\u0131r. Ayr\u0131ca y\u00fcksek vitamin ve mineral i\u00e7eri\u011fi nedeniyle besin takviyesi olarak g\u0131dalara eklenir. Is\u0131rgan yapra\u011f\u0131\u00a0<a href=\"https:\/\/bionley.com.tr\/urunlerimiz.html\">ekstrakt\u0131<\/a>\u00a0bitkisel \u00e7aylar\u0131n, enerji i\u00e7eceklerinin ve besin takviyelerinin \u00fcretiminde kullan\u0131l\u0131r. Is\u0131rgan yapra\u011f\u0131 \u00f6z\u00fc, biran\u0131n lezzetini ve aromas\u0131n\u0131 iyile\u015ftirmek i\u00e7in demleme s\u00fcrecine eklendi\u011fi bira \u00fcretiminde de kullan\u0131l\u0131r.<\/p>\n<p>Kozmetik End\u00fcstrisi:<br \/>\nIs\u0131rgan yapra\u011f\u0131 ekstresi, anti-enflamatuar ve antioksidan \u00f6zellikleri nedeniyle cilt kremleri, losyonlar ve \u015fampuanlar gibi kozmetik \u00fcr\u00fcnlerde kullan\u0131l\u0131r. Ciltteki iltihaplanmay\u0131 ve k\u0131zar\u0131kl\u0131\u011f\u0131 azaltmaya yard\u0131mc\u0131 oldu\u011funa ve sa\u011fl\u0131kl\u0131 sa\u00e7 b\u00fcy\u00fcmesini destekledi\u011fine inan\u0131lmaktad\u0131r. Is\u0131rgan yapra\u011f\u0131 \u00f6z\u00fc, akne ve di\u011fer cilt rahats\u0131zl\u0131klar\u0131n\u0131 tedavi etmek i\u00e7in do\u011fal kozmetiklerde de kullan\u0131l\u0131r. Genel olarak, \u0131s\u0131rgan yapra\u011f\u0131 ekstresi, potansiyel sa\u011fl\u0131k ve g\u00fczellik faydalar\u0131 nedeniyle \u00e7e\u015fitli g\u0131da ve kozmetik \u00fcr\u00fcnlerinde kullan\u0131labilen \u00e7ok y\u00f6nl\u00fc bir bile\u015fendir.<\/p>\n<p>Is\u0131rgan otu, d\u00fcnyan\u0131n bir\u00e7ok b\u00f6lgesinde yeti\u015fen, besin de\u011feri y\u00fcksek bir bitkidir. Ancak, sadece besin de\u011feriyle de\u011fil, sa\u011fl\u0131k yararlar\u0131yla da bilinir. Is\u0131rgan otu tozu, bu sa\u011fl\u0131k yararlar\u0131n\u0131n bir\u00e7o\u011funu sa\u011flayabilen do\u011fal bir ekstre olarak kullan\u0131l\u0131r. Bu makalede, \u0131s\u0131rgan toz ekstrakt\u0131n\u0131n i\u00e7erdi\u011fi etken maddelerle ve kullan\u0131ld\u0131\u011f\u0131 end\u00fcstrilerle ilgili daha fazla bilgi verilecektir.<\/p>\n<p>Is\u0131rgan Toz Ekstrakt\u0131n\u0131n \u0130\u00e7erdi\u011fi Etken Maddeler<\/p>\n<p>Is\u0131rgan otu, bir\u00e7ok faydal\u0131 besin ve bitki bile\u015feni i\u00e7erir. \u0130\u00e7eri\u011fi, bitkinin toplanma zaman\u0131na ve toprak ko\u015fullar\u0131na g\u00f6re de\u011fi\u015febilir. Ancak, \u0131s\u0131rgan toz ekstrakt\u0131n\u0131n genellikle a\u015fa\u011f\u0131daki etken maddeleri i\u00e7erdi\u011fi bilinmektedir:<\/p>\n<p>Serbest radikallerle m\u00fccadele eden antioksidanlar: \u0130\u00e7erdi\u011fi antioksidanlar, h\u00fccrelerin ya\u015flanmas\u0131n\u0131 yava\u015flatarak ve DNA hasar\u0131n\u0131 \u00f6nleyerek sa\u011fl\u0131k yararlar\u0131 sa\u011flayabilir.<\/p>\n<p>Polisakkaritler: \u0130mm\u00fcn sistemi destekleyen ve inflamasyonu azaltan bile\u015fenlerdir.<\/p>\n<p>Flavonoidler: Kan dola\u015f\u0131m\u0131n\u0131 artt\u0131rabilir ve kalp sa\u011fl\u0131\u011f\u0131na fayda sa\u011flayabilir.<\/p>\n<p>Vitaminler: Is\u0131rgan otu, \u00f6zellikle C vitamini, A vitamini ve K vitamini gibi bir\u00e7ok vitamin i\u00e7erir. Bu vitaminler, h\u00fccre sa\u011fl\u0131\u011f\u0131 i\u00e7in \u00f6nemlidir.<\/p>\n<p>Mineraller: Is\u0131rgan otu, kalsiyum, demir, magnezyum ve potasyum gibi bir\u00e7ok mineral i\u00e7erir. Bu mineraller, kemik sa\u011fl\u0131\u011f\u0131, enerji metabolizmas\u0131 ve sinir fonksiyonlar\u0131 gibi bir\u00e7ok i\u015flev i\u00e7in \u00f6nemlidir.<\/p>\n<h4>Kimyasal Bilgi<\/h4>\n<p>Is\u0131rgan Otu Ekstresi<\/p>\n<h4>Geleneksel Kullan\u0131m<\/h4>\n<p>Y\u00fczy\u0131llar boyunca d\u00fcnyan\u0131n d\u00f6rt bir yan\u0131ndaki k\u00fclt\u00fcrler bu bitkiyi burun ve solunum sorunlar\u0131n\u0131 tedavi etmek i\u00e7in kullanm\u0131\u015ft\u0131r: \u00f6ks\u00fcr\u00fck, burun ak\u0131nt\u0131s\u0131, g\u00f6\u011f\u00fcs t\u0131kan\u0131kl\u0131\u011f\u0131, ast\u0131m, bo\u011fmaca ve hatta t\u00fcberk\u00fcloz. D\u00f6rt y\u00fcz y\u0131l \u00f6nce \u0130ngiliz bitki uzman\u0131 Nicholas Culpeper, meyve suyu veya \u00e7ay olarak kullan\u0131lan \u0131s\u0131rgan otu k\u00f6kleri veya yapraklar\u0131n\u0131n &#8220;akci\u011ferlerin borular\u0131n\u0131 ve ge\u00e7itlerini a\u00e7mak i\u00e7in g\u00fcvenli ve kesin ila\u00e7lar&#8221; oldu\u011funu iddia etmi\u015ftir. Avustralyal\u0131lar uzun y\u0131llar boyunca \u0131s\u0131rgan otunu ast\u0131m i\u00e7in iyi bir tedavi olarak g\u00f6rm\u00fc\u015flerdir. Avustralyal\u0131lar k\u00f6klerin ve yapraklar\u0131n suyunu bal veya \u015fekerle kar\u0131\u015ft\u0131rarak i\u00e7erler ve bunun bron\u015fiyal sorunlar\u0131 hafifletti\u011fine kesinlikle inan\u0131rlar.<\/p>\n","protected":false},"excerpt":{"rendered":"<p><em>Urtica Dioica<\/em><br \/>\nUV Ile Toplam Flavonoid<\/p>\n","protected":false},"featured_media":131208,"comment_status":"open","ping_status":"closed","template":"","meta":[],"product_brand":[],"product_cat":[151,153],"product_tag":[],"class_list":{"0":"post-131106","1":"product","2":"type-product","3":"status-publish","4":"has-post-thumbnail","6":"product_cat-extracts","7":"product_cat-powder-extracts","9":"first","10":"instock","11":"shipping-taxable","12":"product-type-simple"},"yoast_head":"<!-- This site is optimized with the Yoast SEO Premium plugin v27.4 (Yoast SEO v27.4) - https:\/\/yoast.com\/product\/yoast-seo-premium-wordpress\/ -->\n<title>ISIRGAN - Bionley<\/title>\n<meta name=\"robots\" content=\"index, follow, max-snippet:-1, max-image-preview:large, max-video-preview:-1\" \/>\n<link rel=\"canonical\" href=\"https:\/\/bionley.com\/tr\/urun\/isirgan-2\/\" \/>\n<meta property=\"og:locale\" content=\"tr_TR\" \/>\n<meta property=\"og:type\" content=\"article\" \/>\n<meta property=\"og:title\" content=\"ISIRGAN\" \/>\n<meta property=\"og:description\" content=\"Urtica Dioica UV Ile Toplam Flavonoid\" \/>\n<meta property=\"og:url\" content=\"https:\/\/bionley.com\/tr\/urun\/isirgan-2\/\" \/>\n<meta property=\"og:site_name\" content=\"Bionley\" \/>\n<meta property=\"article:publisher\" content=\"https:\/\/www.facebook.com\/profile.php?id=61554875321542&amp;locale=tr_TR\" \/>\n<meta property=\"article:modified_time\" content=\"2024-07-20T15:53:15+00:00\" \/>\n<meta property=\"og:image\" content=\"https:\/\/bionley.com\/tr\/wp-content\/uploads\/2024\/01\/nettleleaf.jpg\" \/>\n\t<meta property=\"og:image:width\" content=\"1500\" \/>\n\t<meta property=\"og:image:height\" content=\"1500\" \/>\n\t<meta property=\"og:image:type\" content=\"image\/jpeg\" \/>\n<meta name=\"twitter:card\" content=\"summary_large_image\" \/>\n<meta name=\"twitter:site\" content=\"@bionleyBion\" \/>\n<meta name=\"twitter:label1\" content=\"Tahmini okuma s\u00fcresi\" \/>\n\t<meta name=\"twitter:data1\" content=\"3 dakika\" \/>\n<script type=\"application\/ld+json\" class=\"yoast-schema-graph\">{\"@context\":\"https:\\\/\\\/schema.org\",\"@graph\":[{\"@type\":\"WebPage\",\"@id\":\"https:\\\/\\\/bionley.com\\\/tr\\\/urun\\\/isirgan-2\\\/\",\"url\":\"https:\\\/\\\/bionley.com\\\/tr\\\/urun\\\/isirgan-2\\\/\",\"name\":\"ISIRGAN - Bionley\",\"isPartOf\":{\"@id\":\"https:\\\/\\\/bionley.com\\\/tr\\\/#website\"},\"primaryImageOfPage\":{\"@id\":\"https:\\\/\\\/bionley.com\\\/tr\\\/urun\\\/isirgan-2\\\/#primaryimage\"},\"image\":{\"@id\":\"https:\\\/\\\/bionley.com\\\/tr\\\/urun\\\/isirgan-2\\\/#primaryimage\"},\"thumbnailUrl\":\"https:\\\/\\\/bionley.com\\\/tr\\\/wp-content\\\/uploads\\\/2024\\\/01\\\/nettleleaf.jpg\",\"datePublished\":\"2024-01-07T15:25:26+00:00\",\"dateModified\":\"2024-07-20T15:53:15+00:00\",\"breadcrumb\":{\"@id\":\"https:\\\/\\\/bionley.com\\\/tr\\\/urun\\\/isirgan-2\\\/#breadcrumb\"},\"inLanguage\":\"tr\",\"potentialAction\":[{\"@type\":\"ReadAction\",\"target\":[\"https:\\\/\\\/bionley.com\\\/tr\\\/urun\\\/isirgan-2\\\/\"]}]},{\"@type\":\"ImageObject\",\"inLanguage\":\"tr\",\"@id\":\"https:\\\/\\\/bionley.com\\\/tr\\\/urun\\\/isirgan-2\\\/#primaryimage\",\"url\":\"https:\\\/\\\/bionley.com\\\/tr\\\/wp-content\\\/uploads\\\/2024\\\/01\\\/nettleleaf.jpg\",\"contentUrl\":\"https:\\\/\\\/bionley.com\\\/tr\\\/wp-content\\\/uploads\\\/2024\\\/01\\\/nettleleaf.jpg\",\"width\":1500,\"height\":1500},{\"@type\":\"BreadcrumbList\",\"@id\":\"https:\\\/\\\/bionley.com\\\/tr\\\/urun\\\/isirgan-2\\\/#breadcrumb\",\"itemListElement\":[{\"@type\":\"ListItem\",\"position\":1,\"name\":\"Anasayfa\",\"item\":\"https:\\\/\\\/bionley.com\\\/tr\\\/\"},{\"@type\":\"ListItem\",\"position\":2,\"name\":\"\u00dcr\u00fcnler\",\"item\":\"https:\\\/\\\/bionley.com\\\/tr\\\/shop\\\/\"},{\"@type\":\"ListItem\",\"position\":3,\"name\":\"ISIRGAN\"}]},{\"@type\":\"WebSite\",\"@id\":\"https:\\\/\\\/bionley.com\\\/tr\\\/#website\",\"url\":\"https:\\\/\\\/bionley.com\\\/tr\\\/\",\"name\":\"Bionley\",\"description\":\"\",\"publisher\":{\"@id\":\"https:\\\/\\\/bionley.com\\\/tr\\\/#organization\"},\"potentialAction\":[{\"@type\":\"SearchAction\",\"target\":{\"@type\":\"EntryPoint\",\"urlTemplate\":\"https:\\\/\\\/bionley.com\\\/tr\\\/?s={search_term_string}\"},\"query-input\":{\"@type\":\"PropertyValueSpecification\",\"valueRequired\":true,\"valueName\":\"search_term_string\"}}],\"inLanguage\":\"tr\"},{\"@type\":[\"Organization\",\"Place\",\"Corporation\"],\"@id\":\"https:\\\/\\\/bionley.com\\\/tr\\\/#organization\",\"name\":\"Bionley Biyoteknoloji A.\u015e\",\"url\":\"https:\\\/\\\/bionley.com\\\/tr\\\/\",\"logo\":{\"@id\":\"https:\\\/\\\/bionley.com\\\/tr\\\/urun\\\/isirgan-2\\\/#local-main-organization-logo\"},\"image\":{\"@id\":\"https:\\\/\\\/bionley.com\\\/tr\\\/urun\\\/isirgan-2\\\/#local-main-organization-logo\"},\"sameAs\":[\"https:\\\/\\\/www.facebook.com\\\/profile.php?id=61554875321542&locale=tr_TR\",\"https:\\\/\\\/x.com\\\/bionleyBion\",\"https:\\\/\\\/www.instagram.com\\\/bionleycom\\\/\"],\"description\":\"Bitkilerden standardize ekstre elde edilmesi ve elde edilen ekstrelerden de\u011ferli molek\u00fcllerin safla\u015ft\u0131r\u0131lmas\u0131 ve end\u00fcstriyel \u00f6l\u00e7ekte \u00fcretiminin yap\u0131lmas\u0131, \u00f6zellikle tar\u0131msal at\u0131klar ve t\u0131bbi aromatik bitkilerden y\u00fcksek katma de\u011ferli \u00fcr\u00fcnler elde etme \u00fczerine 20 y\u0131l\u0131 a\u015fk\u0131n s\u00fcredir \u00e7al\u0131\u015fmalar yapmaktay\u0131z. Gaziemir Sarn\u0131\u00e7 sanayi b\u00f6lgesinde faaliyet g\u00f6steren Bionley Biyoteknoloji A.\u015e \u015firketimiz i\u015f ortaklar\u0131m\u0131za \u00f6zel Ar-Ge \u00e7al\u0131\u015fmalar\u0131 ile inovatif \u00fcr\u00fcnler geli\u015ftirmekte ve \u00dclkemizin bu konularda d\u0131\u015far\u0131ya olan ba\u011f\u0131ml\u0131l\u0131\u011f\u0131n\u0131 azaltmaktay\u0131z. \u00d6zellikle Astragalus (Geven) ve Ruscus (Tav\u015fan memesi) bitkilerinin de\u011ferli molek\u00fcllerinin y\u00fcksek safl\u0131kta elde edilmesi ve end\u00fcstriyel \u00f6l\u00e7ekte \u00fcretimini ger\u00e7ekle\u015ftirmekteyiz . T\u00fcrkiye'de yeti\u015fen bitkilerin standardize olarak ekstrelerinin \u00fcretimini ger\u00e7ekle\u015ftirmektedir. Ayr\u0131ca Spray Dryer (p\u00fcsk\u00fcrtmeli kurutucu), Freeze Dryer, Tray Dryer, Rotocone Dryer v.b. cihazlar\u0131n tasar\u0131m ve optizasyonunu yapan bir firmad\u0131r.\",\"legalName\":\"B\u0130ONLEY B\u0130YOTEKNOLOJ\u0130 A.\u015e\",\"foundingDate\":\"2023-05-23\",\"numberOfEmployees\":{\"@type\":\"QuantitativeValue\",\"minValue\":\"1\",\"maxValue\":\"10\"},\"address\":{\"@id\":\"https:\\\/\\\/bionley.com\\\/tr\\\/urun\\\/isirgan-2\\\/#local-main-place-address\"},\"telephone\":[\"05332783176\"],\"openingHoursSpecification\":[{\"@type\":\"OpeningHoursSpecification\",\"dayOfWeek\":[\"Monday\"],\"opens\":\"09:00\",\"closes\":\"18:00\"},{\"@type\":\"OpeningHoursSpecification\",\"dayOfWeek\":[\"Tuesday\",\"Wednesday\",\"Thursday\",\"Friday\",\"Saturday\"],\"opens\":\"09:00\",\"closes\":\"17:00\"},{\"@type\":\"OpeningHoursSpecification\",\"dayOfWeek\":[\"Sunday\"],\"opens\":\"00:00\",\"closes\":\"00:00\"}],\"email\":\"info@bionley.com\"},{\"@type\":\"PostalAddress\",\"@id\":\"https:\\\/\\\/bionley.com\\\/tr\\\/urun\\\/isirgan-2\\\/#local-main-place-address\",\"streetAddress\":\"Fatih Mahallesi 1178 sokak no 5B Gaziemir \u0130ZM\u0130R\",\"addressLocality\":\"GAZ\u0130EM\u0130R\",\"postalCode\":\"35410\",\"addressRegion\":\"\u0130ZM\u0130R\",\"addressCountry\":\"TR\"},{\"@type\":\"ImageObject\",\"inLanguage\":\"tr\",\"@id\":\"https:\\\/\\\/bionley.com\\\/tr\\\/urun\\\/isirgan-2\\\/#local-main-organization-logo\",\"url\":\"https:\\\/\\\/bionley.com\\\/tr\\\/wp-content\\\/uploads\\\/2026\\\/01\\\/Adsiz-tasarim-1.png\",\"contentUrl\":\"https:\\\/\\\/bionley.com\\\/tr\\\/wp-content\\\/uploads\\\/2026\\\/01\\\/Adsiz-tasarim-1.png\",\"width\":1280,\"height\":439,\"caption\":\"Bionley Biyoteknoloji A.\u015e\"}]}<\/script>\n<meta name=\"geo.placename\" content=\"GAZ\u0130EM\u0130R\" \/>\n<meta name=\"geo.region\" content=\"T\u00fcrkiye\" \/>\n<!-- \/ Yoast SEO Premium plugin. -->","yoast_head_json":{"title":"ISIRGAN - Bionley","robots":{"index":"index","follow":"follow","max-snippet":"max-snippet:-1","max-image-preview":"max-image-preview:large","max-video-preview":"max-video-preview:-1"},"canonical":"https:\/\/bionley.com\/tr\/urun\/isirgan-2\/","og_locale":"tr_TR","og_type":"article","og_title":"ISIRGAN","og_description":"Urtica Dioica UV Ile Toplam Flavonoid","og_url":"https:\/\/bionley.com\/tr\/urun\/isirgan-2\/","og_site_name":"Bionley","article_publisher":"https:\/\/www.facebook.com\/profile.php?id=61554875321542&locale=tr_TR","article_modified_time":"2024-07-20T15:53:15+00:00","og_image":[{"width":1500,"height":1500,"url":"https:\/\/bionley.com\/tr\/wp-content\/uploads\/2024\/01\/nettleleaf.jpg","type":"image\/jpeg"}],"twitter_card":"summary_large_image","twitter_site":"@bionleyBion","twitter_misc":{"Tahmini okuma s\u00fcresi":"3 dakika"},"schema":{"@context":"https:\/\/schema.org","@graph":[{"@type":"WebPage","@id":"https:\/\/bionley.com\/tr\/urun\/isirgan-2\/","url":"https:\/\/bionley.com\/tr\/urun\/isirgan-2\/","name":"ISIRGAN - Bionley","isPartOf":{"@id":"https:\/\/bionley.com\/tr\/#website"},"primaryImageOfPage":{"@id":"https:\/\/bionley.com\/tr\/urun\/isirgan-2\/#primaryimage"},"image":{"@id":"https:\/\/bionley.com\/tr\/urun\/isirgan-2\/#primaryimage"},"thumbnailUrl":"https:\/\/bionley.com\/tr\/wp-content\/uploads\/2024\/01\/nettleleaf.jpg","datePublished":"2024-01-07T15:25:26+00:00","dateModified":"2024-07-20T15:53:15+00:00","breadcrumb":{"@id":"https:\/\/bionley.com\/tr\/urun\/isirgan-2\/#breadcrumb"},"inLanguage":"tr","potentialAction":[{"@type":"ReadAction","target":["https:\/\/bionley.com\/tr\/urun\/isirgan-2\/"]}]},{"@type":"ImageObject","inLanguage":"tr","@id":"https:\/\/bionley.com\/tr\/urun\/isirgan-2\/#primaryimage","url":"https:\/\/bionley.com\/tr\/wp-content\/uploads\/2024\/01\/nettleleaf.jpg","contentUrl":"https:\/\/bionley.com\/tr\/wp-content\/uploads\/2024\/01\/nettleleaf.jpg","width":1500,"height":1500},{"@type":"BreadcrumbList","@id":"https:\/\/bionley.com\/tr\/urun\/isirgan-2\/#breadcrumb","itemListElement":[{"@type":"ListItem","position":1,"name":"Anasayfa","item":"https:\/\/bionley.com\/tr\/"},{"@type":"ListItem","position":2,"name":"\u00dcr\u00fcnler","item":"https:\/\/bionley.com\/tr\/shop\/"},{"@type":"ListItem","position":3,"name":"ISIRGAN"}]},{"@type":"WebSite","@id":"https:\/\/bionley.com\/tr\/#website","url":"https:\/\/bionley.com\/tr\/","name":"Bionley","description":"","publisher":{"@id":"https:\/\/bionley.com\/tr\/#organization"},"potentialAction":[{"@type":"SearchAction","target":{"@type":"EntryPoint","urlTemplate":"https:\/\/bionley.com\/tr\/?s={search_term_string}"},"query-input":{"@type":"PropertyValueSpecification","valueRequired":true,"valueName":"search_term_string"}}],"inLanguage":"tr"},{"@type":["Organization","Place","Corporation"],"@id":"https:\/\/bionley.com\/tr\/#organization","name":"Bionley Biyoteknoloji A.\u015e","url":"https:\/\/bionley.com\/tr\/","logo":{"@id":"https:\/\/bionley.com\/tr\/urun\/isirgan-2\/#local-main-organization-logo"},"image":{"@id":"https:\/\/bionley.com\/tr\/urun\/isirgan-2\/#local-main-organization-logo"},"sameAs":["https:\/\/www.facebook.com\/profile.php?id=61554875321542&locale=tr_TR","https:\/\/x.com\/bionleyBion","https:\/\/www.instagram.com\/bionleycom\/"],"description":"Bitkilerden standardize ekstre elde edilmesi ve elde edilen ekstrelerden de\u011ferli molek\u00fcllerin safla\u015ft\u0131r\u0131lmas\u0131 ve end\u00fcstriyel \u00f6l\u00e7ekte \u00fcretiminin yap\u0131lmas\u0131, \u00f6zellikle tar\u0131msal at\u0131klar ve t\u0131bbi aromatik bitkilerden y\u00fcksek katma de\u011ferli \u00fcr\u00fcnler elde etme \u00fczerine 20 y\u0131l\u0131 a\u015fk\u0131n s\u00fcredir \u00e7al\u0131\u015fmalar yapmaktay\u0131z. Gaziemir Sarn\u0131\u00e7 sanayi b\u00f6lgesinde faaliyet g\u00f6steren Bionley Biyoteknoloji A.\u015e \u015firketimiz i\u015f ortaklar\u0131m\u0131za \u00f6zel Ar-Ge \u00e7al\u0131\u015fmalar\u0131 ile inovatif \u00fcr\u00fcnler geli\u015ftirmekte ve \u00dclkemizin bu konularda d\u0131\u015far\u0131ya olan ba\u011f\u0131ml\u0131l\u0131\u011f\u0131n\u0131 azaltmaktay\u0131z. \u00d6zellikle Astragalus (Geven) ve Ruscus (Tav\u015fan memesi) bitkilerinin de\u011ferli molek\u00fcllerinin y\u00fcksek safl\u0131kta elde edilmesi ve end\u00fcstriyel \u00f6l\u00e7ekte \u00fcretimini ger\u00e7ekle\u015ftirmekteyiz . T\u00fcrkiye'de yeti\u015fen bitkilerin standardize olarak ekstrelerinin \u00fcretimini ger\u00e7ekle\u015ftirmektedir. Ayr\u0131ca Spray Dryer (p\u00fcsk\u00fcrtmeli kurutucu), Freeze Dryer, Tray Dryer, Rotocone Dryer v.b. cihazlar\u0131n tasar\u0131m ve optizasyonunu yapan bir firmad\u0131r.","legalName":"B\u0130ONLEY B\u0130YOTEKNOLOJ\u0130 A.\u015e","foundingDate":"2023-05-23","numberOfEmployees":{"@type":"QuantitativeValue","minValue":"1","maxValue":"10"},"address":{"@id":"https:\/\/bionley.com\/tr\/urun\/isirgan-2\/#local-main-place-address"},"telephone":["05332783176"],"openingHoursSpecification":[{"@type":"OpeningHoursSpecification","dayOfWeek":["Monday"],"opens":"09:00","closes":"18:00"},{"@type":"OpeningHoursSpecification","dayOfWeek":["Tuesday","Wednesday","Thursday","Friday","Saturday"],"opens":"09:00","closes":"17:00"},{"@type":"OpeningHoursSpecification","dayOfWeek":["Sunday"],"opens":"00:00","closes":"00:00"}],"email":"info@bionley.com"},{"@type":"PostalAddress","@id":"https:\/\/bionley.com\/tr\/urun\/isirgan-2\/#local-main-place-address","streetAddress":"Fatih Mahallesi 1178 sokak no 5B Gaziemir \u0130ZM\u0130R","addressLocality":"GAZ\u0130EM\u0130R","postalCode":"35410","addressRegion":"\u0130ZM\u0130R","addressCountry":"TR"},{"@type":"ImageObject","inLanguage":"tr","@id":"https:\/\/bionley.com\/tr\/urun\/isirgan-2\/#local-main-organization-logo","url":"https:\/\/bionley.com\/tr\/wp-content\/uploads\/2026\/01\/Adsiz-tasarim-1.png","contentUrl":"https:\/\/bionley.com\/tr\/wp-content\/uploads\/2026\/01\/Adsiz-tasarim-1.png","width":1280,"height":439,"caption":"Bionley Biyoteknoloji A.\u015e"}]},"geo.placename":"GAZ\u0130EM\u0130R","geo.region":"T\u00fcrkiye"},"_links":{"self":[{"href":"https:\/\/bionley.com\/tr\/wp-json\/wp\/v2\/product\/131106","targetHints":{"allow":["GET"]}}],"collection":[{"href":"https:\/\/bionley.com\/tr\/wp-json\/wp\/v2\/product"}],"about":[{"href":"https:\/\/bionley.com\/tr\/wp-json\/wp\/v2\/types\/product"}],"replies":[{"embeddable":true,"href":"https:\/\/bionley.com\/tr\/wp-json\/wp\/v2\/comments?post=131106"}],"wp:featuredmedia":[{"embeddable":true,"href":"https:\/\/bionley.com\/tr\/wp-json\/wp\/v2\/media\/131208"}],"wp:attachment":[{"href":"https:\/\/bionley.com\/tr\/wp-json\/wp\/v2\/media?parent=131106"}],"wp:term":[{"taxonomy":"product_brand","embeddable":true,"href":"https:\/\/bionley.com\/tr\/wp-json\/wp\/v2\/product_brand?post=131106"},{"taxonomy":"product_cat","embeddable":true,"href":"https:\/\/bionley.com\/tr\/wp-json\/wp\/v2\/product_cat?post=131106"},{"taxonomy":"product_tag","embeddable":true,"href":"https:\/\/bionley.com\/tr\/wp-json\/wp\/v2\/product_tag?post=131106"}],"curies":[{"name":"wp","href":"https:\/\/api.w.org\/{rel}","templated":true}]}}