{"id":131107,"date":"2024-01-07T18:26:05","date_gmt":"2024-01-07T15:26:05","guid":{"rendered":"http:\/\/demo.bionley.com\/?post_type=product&#038;p=131107"},"modified":"2024-01-31T02:30:59","modified_gmt":"2024-01-30T23:30:59","slug":"zeytin-yapragi-2","status":"publish","type":"product","link":"https:\/\/bionley.com\/tr\/urun\/zeytin-yapragi-2\/","title":{"rendered":"ZEYT\u0130N YAPRA\u011eI"},"content":{"rendered":"<p>Zeytin yapra\u011f\u0131 toz ekstrakt\u0131, zeytin a\u011fac\u0131n\u0131n yapraklar\u0131ndan elde edilen bir do\u011fal \u00fcr\u00fcnd\u00fcr. Bu do\u011fal \u00fcr\u00fcn, zeytin a\u011fac\u0131 yapraklar\u0131nda bulunan bir\u00e7ok farkl\u0131 etken madde i\u00e7erir. Bu etken maddeler aras\u0131nda\u00a0<a href=\"https:\/\/bionley.com.tr\/saf-molekuller.html\">oleuropein<\/a>, hydroxytyrosol, tirosol ve kafeik asit gibi bile\u015fikler yer al\u0131r. Bu bile\u015fiklerin \u00e7e\u015fitli sa\u011fl\u0131k faydalar\u0131 oldu\u011fu bilinmektedir.<\/p>\n<p>Zeytin yapra\u011f\u0131 toz ekstrakt\u0131n\u0131n en yayg\u0131n kullan\u0131m alan\u0131, sa\u011fl\u0131k ve wellness end\u00fcstrisidir. Zeytin yapra\u011f\u0131 toz ekstrakt\u0131, antioksidan, antienflamatuar, antimikrobiyal ve antiviral \u00f6zelliklere sahip oldu\u011fu i\u00e7in bir\u00e7ok hastal\u0131\u011f\u0131n tedavisinde kullan\u0131lmaktad\u0131r. \u00d6zellikle kardiyovask\u00fcler hastal\u0131klar, diyabet, kanser ve Alzheimer hastal\u0131\u011f\u0131 gibi hastal\u0131klar\u0131n tedavisinde yard\u0131mc\u0131 olabilece\u011fi d\u00fc\u015f\u00fcn\u00fclmektedir.<\/p>\n<p>Zeytin yapra\u011f\u0131 toz ekstrakt\u0131, ayr\u0131ca kozmetik end\u00fcstrisinde de kullan\u0131lmaktad\u0131r. Antioksidan \u00f6zellikleri sayesinde ciltteki serbest radikalleri yok edebilir ve cildin ya\u015flanmas\u0131n\u0131 yava\u015flat\u0131r. Ayr\u0131ca, akne, sivilce ve di\u011fer cilt sorunlar\u0131n\u0131n tedavisinde de kullan\u0131labilir.\u00a0Zeytin yapra\u011f\u0131\u00a0toz ekstrakt\u0131, sa\u00e7 d\u00f6k\u00fclmesini de \u00f6nleyebilir ve sa\u00e7 sa\u011fl\u0131\u011f\u0131n\u0131 destekleyebilir.<\/p>\n<p>Zeytin yapra\u011f\u0131 toz ekstrakt\u0131, g\u0131da end\u00fcstrisinde de kullan\u0131lmaktad\u0131r. Antioksidan \u00f6zellikleri sayesinde, g\u0131dalar\u0131n bozulmas\u0131n\u0131 \u00f6nleyebilir ve raf \u00f6mr\u00fcn\u00fc uzatabilir. Ayr\u0131ca, zeytin yapra\u011f\u0131 toz ekstrakt\u0131, g\u0131dalarda kullan\u0131lan koruyucu maddelerin yerine ge\u00e7ebilir ve daha do\u011fal bir alternatif sunabilir. Zeytin yapra\u011f\u0131 toz ekstrakt\u0131 ayr\u0131ca, zeytinya\u011f\u0131 \u00fcretiminde kullan\u0131lan suda bulunan ya\u011flar\u0131n ayr\u0131\u015ft\u0131r\u0131lmas\u0131 i\u00e7in kullan\u0131l\u0131r.<\/p>\n<p>Zeytin yapra\u011f\u0131 toz ekstrakt\u0131n\u0131n bile\u015fenleri, sa\u011fl\u0131k a\u00e7\u0131s\u0131ndan bir\u00e7ok fayda sa\u011flar ve do\u011fal bir alternatif sunar. Bununla birlikte, herhangi bir ila\u00e7 veya takviye kullanmadan \u00f6nce doktorunuza dan\u0131\u015fman\u0131z \u00f6nemlidir.<\/p>\n<h4>Kimyasal Bilgi<\/h4>\n<p>Zeytin Yapra\u011f\u0131 Ekstresi<\/p>\n<h4>Geleneksel Kullan\u0131m<\/h4>\n<p>Tarihsel olarak, zeytin yapraklar\u0131 eski uygarl\u0131klar taraf\u0131ndan bir\u00e7ok hastal\u0131\u011f\u0131n tedavisinde kullan\u0131lm\u0131\u015ft\u0131r. M\u0131s\u0131rl\u0131lar 5.000 y\u0131ldan daha uzun bir s\u00fcre \u00f6nce zeytinya\u011f\u0131n\u0131 tap\u0131naklar\u0131n\u0131 ayd\u0131nlatmak i\u00e7in, ayr\u0131ca merhem, kozmetik ve muhtemelen g\u0131da olarak kullanm\u0131\u015flard\u0131r. M\u0131s\u0131rl\u0131lar zeytin yapraklar\u0131n\u0131 firavunlar\u0131n\u0131n cesetlerini mumyalamak i\u00e7in kullanm\u0131\u015flard\u0131r. Buna ek olarak, daha sonra zeytin yapraklar\u0131 ate\u015f i\u00e7in \u00e7ok pop\u00fcler bir halk ilac\u0131 haline gelmi\u015ftir. 1800&#8217;l\u00fc y\u0131llarda \u0130ngilizler zeytin yapraklar\u0131n\u0131 kolonilerde \u00e7ok yayg\u0131n olan s\u0131tma gibi tropikal hastal\u0131klar\u0131n tedavisinde kullanm\u0131\u015flard\u0131r. Ge\u00e7en y\u00fczy\u0131l\u0131n ortalar\u0131nda zeytin yapra\u011f\u0131 ekstrakt\u0131n\u0131n hipertansiyon \u00fczerinde olumlu etkisi oldu\u011fu bulunmu\u015ftur. O zamandan beri zeytin yapra\u011f\u0131n\u0131n potansiyellerini tart\u0131\u015fan ara\u015ft\u0131rmalar artm\u0131\u015ft\u0131r. Son birka\u00e7 y\u0131ld\u0131r, do\u011fal kaynaklardan biyolojik olarak aktif bile\u015fiklerin elde edilmesine b\u00fcy\u00fck \u00f6nem verilmektedir. Yara iyile\u015ftirici ve antiseptik olarak topikal uygulama i\u00e7in kaynatma b\u0131rak\u0131r.<\/p>\n","protected":false},"excerpt":{"rendered":"<p><em>Olea Europea<\/em><br \/>\nUV Ile Toplam Polifenol<\/p>\n","protected":false},"featured_media":131209,"comment_status":"open","ping_status":"closed","template":"","meta":[],"product_brand":[],"product_cat":[151,153],"product_tag":[],"class_list":{"0":"post-131107","1":"product","2":"type-product","3":"status-publish","4":"has-post-thumbnail","6":"product_cat-extracts","7":"product_cat-powder-extracts","9":"first","10":"instock","11":"shipping-taxable","12":"product-type-simple"},"yoast_head":"<!-- This site is optimized with the Yoast SEO Premium plugin v27.4 (Yoast SEO v27.4) - https:\/\/yoast.com\/product\/yoast-seo-premium-wordpress\/ -->\n<title>ZEYT\u0130N YAPRA\u011eI - Bionley<\/title>\n<meta name=\"robots\" content=\"index, follow, max-snippet:-1, max-image-preview:large, max-video-preview:-1\" \/>\n<link rel=\"canonical\" href=\"https:\/\/bionley.com\/tr\/urun\/zeytin-yapragi-2\/\" \/>\n<meta property=\"og:locale\" content=\"tr_TR\" \/>\n<meta property=\"og:type\" content=\"article\" \/>\n<meta property=\"og:title\" content=\"ZEYT\u0130N YAPRA\u011eI\" \/>\n<meta property=\"og:description\" content=\"Olea Europea UV Ile Toplam Polifenol\" \/>\n<meta property=\"og:url\" content=\"https:\/\/bionley.com\/tr\/urun\/zeytin-yapragi-2\/\" \/>\n<meta property=\"og:site_name\" content=\"Bionley\" \/>\n<meta property=\"article:publisher\" content=\"https:\/\/www.facebook.com\/profile.php?id=61554875321542&amp;locale=tr_TR\" \/>\n<meta property=\"article:modified_time\" content=\"2024-01-30T23:30:59+00:00\" \/>\n<meta property=\"og:image\" content=\"https:\/\/bionley.com\/tr\/wp-content\/uploads\/2024\/01\/oliveleaf.jpg\" \/>\n\t<meta property=\"og:image:width\" content=\"1500\" \/>\n\t<meta property=\"og:image:height\" content=\"1500\" \/>\n\t<meta property=\"og:image:type\" content=\"image\/jpeg\" \/>\n<meta name=\"twitter:card\" content=\"summary_large_image\" \/>\n<meta name=\"twitter:site\" content=\"@bionleyBion\" \/>\n<meta name=\"twitter:label1\" content=\"Tahmini okuma s\u00fcresi\" \/>\n\t<meta name=\"twitter:data1\" content=\"2 dakika\" \/>\n<script type=\"application\/ld+json\" class=\"yoast-schema-graph\">{\"@context\":\"https:\\\/\\\/schema.org\",\"@graph\":[{\"@type\":\"WebPage\",\"@id\":\"https:\\\/\\\/bionley.com\\\/tr\\\/urun\\\/zeytin-yapragi-2\\\/\",\"url\":\"https:\\\/\\\/bionley.com\\\/tr\\\/urun\\\/zeytin-yapragi-2\\\/\",\"name\":\"ZEYT\u0130N YAPRA\u011eI - Bionley\",\"isPartOf\":{\"@id\":\"https:\\\/\\\/bionley.com\\\/tr\\\/#website\"},\"primaryImageOfPage\":{\"@id\":\"https:\\\/\\\/bionley.com\\\/tr\\\/urun\\\/zeytin-yapragi-2\\\/#primaryimage\"},\"image\":{\"@id\":\"https:\\\/\\\/bionley.com\\\/tr\\\/urun\\\/zeytin-yapragi-2\\\/#primaryimage\"},\"thumbnailUrl\":\"https:\\\/\\\/bionley.com\\\/tr\\\/wp-content\\\/uploads\\\/2024\\\/01\\\/oliveleaf.jpg\",\"datePublished\":\"2024-01-07T15:26:05+00:00\",\"dateModified\":\"2024-01-30T23:30:59+00:00\",\"breadcrumb\":{\"@id\":\"https:\\\/\\\/bionley.com\\\/tr\\\/urun\\\/zeytin-yapragi-2\\\/#breadcrumb\"},\"inLanguage\":\"tr\",\"potentialAction\":[{\"@type\":\"ReadAction\",\"target\":[\"https:\\\/\\\/bionley.com\\\/tr\\\/urun\\\/zeytin-yapragi-2\\\/\"]}]},{\"@type\":\"ImageObject\",\"inLanguage\":\"tr\",\"@id\":\"https:\\\/\\\/bionley.com\\\/tr\\\/urun\\\/zeytin-yapragi-2\\\/#primaryimage\",\"url\":\"https:\\\/\\\/bionley.com\\\/tr\\\/wp-content\\\/uploads\\\/2024\\\/01\\\/oliveleaf.jpg\",\"contentUrl\":\"https:\\\/\\\/bionley.com\\\/tr\\\/wp-content\\\/uploads\\\/2024\\\/01\\\/oliveleaf.jpg\",\"width\":1500,\"height\":1500},{\"@type\":\"BreadcrumbList\",\"@id\":\"https:\\\/\\\/bionley.com\\\/tr\\\/urun\\\/zeytin-yapragi-2\\\/#breadcrumb\",\"itemListElement\":[{\"@type\":\"ListItem\",\"position\":1,\"name\":\"Anasayfa\",\"item\":\"https:\\\/\\\/bionley.com\\\/tr\\\/\"},{\"@type\":\"ListItem\",\"position\":2,\"name\":\"\u00dcr\u00fcnler\",\"item\":\"https:\\\/\\\/bionley.com\\\/tr\\\/shop\\\/\"},{\"@type\":\"ListItem\",\"position\":3,\"name\":\"ZEYT\u0130N YAPRA\u011eI\"}]},{\"@type\":\"WebSite\",\"@id\":\"https:\\\/\\\/bionley.com\\\/tr\\\/#website\",\"url\":\"https:\\\/\\\/bionley.com\\\/tr\\\/\",\"name\":\"Bionley\",\"description\":\"\",\"publisher\":{\"@id\":\"https:\\\/\\\/bionley.com\\\/tr\\\/#organization\"},\"potentialAction\":[{\"@type\":\"SearchAction\",\"target\":{\"@type\":\"EntryPoint\",\"urlTemplate\":\"https:\\\/\\\/bionley.com\\\/tr\\\/?s={search_term_string}\"},\"query-input\":{\"@type\":\"PropertyValueSpecification\",\"valueRequired\":true,\"valueName\":\"search_term_string\"}}],\"inLanguage\":\"tr\"},{\"@type\":[\"Organization\",\"Place\",\"Corporation\"],\"@id\":\"https:\\\/\\\/bionley.com\\\/tr\\\/#organization\",\"name\":\"Bionley Biyoteknoloji A.\u015e\",\"url\":\"https:\\\/\\\/bionley.com\\\/tr\\\/\",\"logo\":{\"@id\":\"https:\\\/\\\/bionley.com\\\/tr\\\/urun\\\/zeytin-yapragi-2\\\/#local-main-organization-logo\"},\"image\":{\"@id\":\"https:\\\/\\\/bionley.com\\\/tr\\\/urun\\\/zeytin-yapragi-2\\\/#local-main-organization-logo\"},\"sameAs\":[\"https:\\\/\\\/www.facebook.com\\\/profile.php?id=61554875321542&locale=tr_TR\",\"https:\\\/\\\/x.com\\\/bionleyBion\",\"https:\\\/\\\/www.instagram.com\\\/bionleycom\\\/\"],\"description\":\"Bitkilerden standardize ekstre elde edilmesi ve elde edilen ekstrelerden de\u011ferli molek\u00fcllerin safla\u015ft\u0131r\u0131lmas\u0131 ve end\u00fcstriyel \u00f6l\u00e7ekte \u00fcretiminin yap\u0131lmas\u0131, \u00f6zellikle tar\u0131msal at\u0131klar ve t\u0131bbi aromatik bitkilerden y\u00fcksek katma de\u011ferli \u00fcr\u00fcnler elde etme \u00fczerine 20 y\u0131l\u0131 a\u015fk\u0131n s\u00fcredir \u00e7al\u0131\u015fmalar yapmaktay\u0131z. Gaziemir Sarn\u0131\u00e7 sanayi b\u00f6lgesinde faaliyet g\u00f6steren Bionley Biyoteknoloji A.\u015e \u015firketimiz i\u015f ortaklar\u0131m\u0131za \u00f6zel Ar-Ge \u00e7al\u0131\u015fmalar\u0131 ile inovatif \u00fcr\u00fcnler geli\u015ftirmekte ve \u00dclkemizin bu konularda d\u0131\u015far\u0131ya olan ba\u011f\u0131ml\u0131l\u0131\u011f\u0131n\u0131 azaltmaktay\u0131z. \u00d6zellikle Astragalus (Geven) ve Ruscus (Tav\u015fan memesi) bitkilerinin de\u011ferli molek\u00fcllerinin y\u00fcksek safl\u0131kta elde edilmesi ve end\u00fcstriyel \u00f6l\u00e7ekte \u00fcretimini ger\u00e7ekle\u015ftirmekteyiz . T\u00fcrkiye'de yeti\u015fen bitkilerin standardize olarak ekstrelerinin \u00fcretimini ger\u00e7ekle\u015ftirmektedir. Ayr\u0131ca Spray Dryer (p\u00fcsk\u00fcrtmeli kurutucu), Freeze Dryer, Tray Dryer, Rotocone Dryer v.b. cihazlar\u0131n tasar\u0131m ve optizasyonunu yapan bir firmad\u0131r.\",\"legalName\":\"B\u0130ONLEY B\u0130YOTEKNOLOJ\u0130 A.\u015e\",\"foundingDate\":\"2023-05-23\",\"numberOfEmployees\":{\"@type\":\"QuantitativeValue\",\"minValue\":\"1\",\"maxValue\":\"10\"},\"address\":{\"@id\":\"https:\\\/\\\/bionley.com\\\/tr\\\/urun\\\/zeytin-yapragi-2\\\/#local-main-place-address\"},\"telephone\":[\"05332783176\"],\"openingHoursSpecification\":[{\"@type\":\"OpeningHoursSpecification\",\"dayOfWeek\":[\"Monday\"],\"opens\":\"09:00\",\"closes\":\"18:00\"},{\"@type\":\"OpeningHoursSpecification\",\"dayOfWeek\":[\"Tuesday\",\"Wednesday\",\"Thursday\",\"Friday\",\"Saturday\"],\"opens\":\"09:00\",\"closes\":\"17:00\"},{\"@type\":\"OpeningHoursSpecification\",\"dayOfWeek\":[\"Sunday\"],\"opens\":\"00:00\",\"closes\":\"00:00\"}],\"email\":\"info@bionley.com\"},{\"@type\":\"PostalAddress\",\"@id\":\"https:\\\/\\\/bionley.com\\\/tr\\\/urun\\\/zeytin-yapragi-2\\\/#local-main-place-address\",\"streetAddress\":\"Fatih Mahallesi 1178 sokak no 5B Gaziemir \u0130ZM\u0130R\",\"addressLocality\":\"GAZ\u0130EM\u0130R\",\"postalCode\":\"35410\",\"addressRegion\":\"\u0130ZM\u0130R\",\"addressCountry\":\"TR\"},{\"@type\":\"ImageObject\",\"inLanguage\":\"tr\",\"@id\":\"https:\\\/\\\/bionley.com\\\/tr\\\/urun\\\/zeytin-yapragi-2\\\/#local-main-organization-logo\",\"url\":\"https:\\\/\\\/bionley.com\\\/tr\\\/wp-content\\\/uploads\\\/2026\\\/01\\\/Adsiz-tasarim-1.png\",\"contentUrl\":\"https:\\\/\\\/bionley.com\\\/tr\\\/wp-content\\\/uploads\\\/2026\\\/01\\\/Adsiz-tasarim-1.png\",\"width\":1280,\"height\":439,\"caption\":\"Bionley Biyoteknoloji A.\u015e\"}]}<\/script>\n<meta name=\"geo.placename\" content=\"GAZ\u0130EM\u0130R\" \/>\n<meta name=\"geo.region\" content=\"T\u00fcrkiye\" \/>\n<!-- \/ Yoast SEO Premium plugin. -->","yoast_head_json":{"title":"ZEYT\u0130N YAPRA\u011eI - Bionley","robots":{"index":"index","follow":"follow","max-snippet":"max-snippet:-1","max-image-preview":"max-image-preview:large","max-video-preview":"max-video-preview:-1"},"canonical":"https:\/\/bionley.com\/tr\/urun\/zeytin-yapragi-2\/","og_locale":"tr_TR","og_type":"article","og_title":"ZEYT\u0130N YAPRA\u011eI","og_description":"Olea Europea UV Ile Toplam Polifenol","og_url":"https:\/\/bionley.com\/tr\/urun\/zeytin-yapragi-2\/","og_site_name":"Bionley","article_publisher":"https:\/\/www.facebook.com\/profile.php?id=61554875321542&locale=tr_TR","article_modified_time":"2024-01-30T23:30:59+00:00","og_image":[{"width":1500,"height":1500,"url":"https:\/\/bionley.com\/tr\/wp-content\/uploads\/2024\/01\/oliveleaf.jpg","type":"image\/jpeg"}],"twitter_card":"summary_large_image","twitter_site":"@bionleyBion","twitter_misc":{"Tahmini okuma s\u00fcresi":"2 dakika"},"schema":{"@context":"https:\/\/schema.org","@graph":[{"@type":"WebPage","@id":"https:\/\/bionley.com\/tr\/urun\/zeytin-yapragi-2\/","url":"https:\/\/bionley.com\/tr\/urun\/zeytin-yapragi-2\/","name":"ZEYT\u0130N YAPRA\u011eI - Bionley","isPartOf":{"@id":"https:\/\/bionley.com\/tr\/#website"},"primaryImageOfPage":{"@id":"https:\/\/bionley.com\/tr\/urun\/zeytin-yapragi-2\/#primaryimage"},"image":{"@id":"https:\/\/bionley.com\/tr\/urun\/zeytin-yapragi-2\/#primaryimage"},"thumbnailUrl":"https:\/\/bionley.com\/tr\/wp-content\/uploads\/2024\/01\/oliveleaf.jpg","datePublished":"2024-01-07T15:26:05+00:00","dateModified":"2024-01-30T23:30:59+00:00","breadcrumb":{"@id":"https:\/\/bionley.com\/tr\/urun\/zeytin-yapragi-2\/#breadcrumb"},"inLanguage":"tr","potentialAction":[{"@type":"ReadAction","target":["https:\/\/bionley.com\/tr\/urun\/zeytin-yapragi-2\/"]}]},{"@type":"ImageObject","inLanguage":"tr","@id":"https:\/\/bionley.com\/tr\/urun\/zeytin-yapragi-2\/#primaryimage","url":"https:\/\/bionley.com\/tr\/wp-content\/uploads\/2024\/01\/oliveleaf.jpg","contentUrl":"https:\/\/bionley.com\/tr\/wp-content\/uploads\/2024\/01\/oliveleaf.jpg","width":1500,"height":1500},{"@type":"BreadcrumbList","@id":"https:\/\/bionley.com\/tr\/urun\/zeytin-yapragi-2\/#breadcrumb","itemListElement":[{"@type":"ListItem","position":1,"name":"Anasayfa","item":"https:\/\/bionley.com\/tr\/"},{"@type":"ListItem","position":2,"name":"\u00dcr\u00fcnler","item":"https:\/\/bionley.com\/tr\/shop\/"},{"@type":"ListItem","position":3,"name":"ZEYT\u0130N YAPRA\u011eI"}]},{"@type":"WebSite","@id":"https:\/\/bionley.com\/tr\/#website","url":"https:\/\/bionley.com\/tr\/","name":"Bionley","description":"","publisher":{"@id":"https:\/\/bionley.com\/tr\/#organization"},"potentialAction":[{"@type":"SearchAction","target":{"@type":"EntryPoint","urlTemplate":"https:\/\/bionley.com\/tr\/?s={search_term_string}"},"query-input":{"@type":"PropertyValueSpecification","valueRequired":true,"valueName":"search_term_string"}}],"inLanguage":"tr"},{"@type":["Organization","Place","Corporation"],"@id":"https:\/\/bionley.com\/tr\/#organization","name":"Bionley Biyoteknoloji A.\u015e","url":"https:\/\/bionley.com\/tr\/","logo":{"@id":"https:\/\/bionley.com\/tr\/urun\/zeytin-yapragi-2\/#local-main-organization-logo"},"image":{"@id":"https:\/\/bionley.com\/tr\/urun\/zeytin-yapragi-2\/#local-main-organization-logo"},"sameAs":["https:\/\/www.facebook.com\/profile.php?id=61554875321542&locale=tr_TR","https:\/\/x.com\/bionleyBion","https:\/\/www.instagram.com\/bionleycom\/"],"description":"Bitkilerden standardize ekstre elde edilmesi ve elde edilen ekstrelerden de\u011ferli molek\u00fcllerin safla\u015ft\u0131r\u0131lmas\u0131 ve end\u00fcstriyel \u00f6l\u00e7ekte \u00fcretiminin yap\u0131lmas\u0131, \u00f6zellikle tar\u0131msal at\u0131klar ve t\u0131bbi aromatik bitkilerden y\u00fcksek katma de\u011ferli \u00fcr\u00fcnler elde etme \u00fczerine 20 y\u0131l\u0131 a\u015fk\u0131n s\u00fcredir \u00e7al\u0131\u015fmalar yapmaktay\u0131z. Gaziemir Sarn\u0131\u00e7 sanayi b\u00f6lgesinde faaliyet g\u00f6steren Bionley Biyoteknoloji A.\u015e \u015firketimiz i\u015f ortaklar\u0131m\u0131za \u00f6zel Ar-Ge \u00e7al\u0131\u015fmalar\u0131 ile inovatif \u00fcr\u00fcnler geli\u015ftirmekte ve \u00dclkemizin bu konularda d\u0131\u015far\u0131ya olan ba\u011f\u0131ml\u0131l\u0131\u011f\u0131n\u0131 azaltmaktay\u0131z. \u00d6zellikle Astragalus (Geven) ve Ruscus (Tav\u015fan memesi) bitkilerinin de\u011ferli molek\u00fcllerinin y\u00fcksek safl\u0131kta elde edilmesi ve end\u00fcstriyel \u00f6l\u00e7ekte \u00fcretimini ger\u00e7ekle\u015ftirmekteyiz . T\u00fcrkiye'de yeti\u015fen bitkilerin standardize olarak ekstrelerinin \u00fcretimini ger\u00e7ekle\u015ftirmektedir. Ayr\u0131ca Spray Dryer (p\u00fcsk\u00fcrtmeli kurutucu), Freeze Dryer, Tray Dryer, Rotocone Dryer v.b. cihazlar\u0131n tasar\u0131m ve optizasyonunu yapan bir firmad\u0131r.","legalName":"B\u0130ONLEY B\u0130YOTEKNOLOJ\u0130 A.\u015e","foundingDate":"2023-05-23","numberOfEmployees":{"@type":"QuantitativeValue","minValue":"1","maxValue":"10"},"address":{"@id":"https:\/\/bionley.com\/tr\/urun\/zeytin-yapragi-2\/#local-main-place-address"},"telephone":["05332783176"],"openingHoursSpecification":[{"@type":"OpeningHoursSpecification","dayOfWeek":["Monday"],"opens":"09:00","closes":"18:00"},{"@type":"OpeningHoursSpecification","dayOfWeek":["Tuesday","Wednesday","Thursday","Friday","Saturday"],"opens":"09:00","closes":"17:00"},{"@type":"OpeningHoursSpecification","dayOfWeek":["Sunday"],"opens":"00:00","closes":"00:00"}],"email":"info@bionley.com"},{"@type":"PostalAddress","@id":"https:\/\/bionley.com\/tr\/urun\/zeytin-yapragi-2\/#local-main-place-address","streetAddress":"Fatih Mahallesi 1178 sokak no 5B Gaziemir \u0130ZM\u0130R","addressLocality":"GAZ\u0130EM\u0130R","postalCode":"35410","addressRegion":"\u0130ZM\u0130R","addressCountry":"TR"},{"@type":"ImageObject","inLanguage":"tr","@id":"https:\/\/bionley.com\/tr\/urun\/zeytin-yapragi-2\/#local-main-organization-logo","url":"https:\/\/bionley.com\/tr\/wp-content\/uploads\/2026\/01\/Adsiz-tasarim-1.png","contentUrl":"https:\/\/bionley.com\/tr\/wp-content\/uploads\/2026\/01\/Adsiz-tasarim-1.png","width":1280,"height":439,"caption":"Bionley Biyoteknoloji A.\u015e"}]},"geo.placename":"GAZ\u0130EM\u0130R","geo.region":"T\u00fcrkiye"},"_links":{"self":[{"href":"https:\/\/bionley.com\/tr\/wp-json\/wp\/v2\/product\/131107","targetHints":{"allow":["GET"]}}],"collection":[{"href":"https:\/\/bionley.com\/tr\/wp-json\/wp\/v2\/product"}],"about":[{"href":"https:\/\/bionley.com\/tr\/wp-json\/wp\/v2\/types\/product"}],"replies":[{"embeddable":true,"href":"https:\/\/bionley.com\/tr\/wp-json\/wp\/v2\/comments?post=131107"}],"wp:featuredmedia":[{"embeddable":true,"href":"https:\/\/bionley.com\/tr\/wp-json\/wp\/v2\/media\/131209"}],"wp:attachment":[{"href":"https:\/\/bionley.com\/tr\/wp-json\/wp\/v2\/media?parent=131107"}],"wp:term":[{"taxonomy":"product_brand","embeddable":true,"href":"https:\/\/bionley.com\/tr\/wp-json\/wp\/v2\/product_brand?post=131107"},{"taxonomy":"product_cat","embeddable":true,"href":"https:\/\/bionley.com\/tr\/wp-json\/wp\/v2\/product_cat?post=131107"},{"taxonomy":"product_tag","embeddable":true,"href":"https:\/\/bionley.com\/tr\/wp-json\/wp\/v2\/product_tag?post=131107"}],"curies":[{"name":"wp","href":"https:\/\/api.w.org\/{rel}","templated":true}]}}