{"id":131112,"date":"2024-01-07T18:31:09","date_gmt":"2024-01-07T15:31:09","guid":{"rendered":"http:\/\/demo.bionley.com\/?post_type=product&#038;p=131112"},"modified":"2024-07-20T18:54:12","modified_gmt":"2024-07-20T15:54:12","slug":"sari-kantaron-2","status":"publish","type":"product","link":"https:\/\/bionley.com\/tr\/urun\/sari-kantaron-2\/","title":{"rendered":"SARI KANTARON"},"content":{"rendered":"<p>Sar\u0131 kantaron toz ekstrakt\u0131, do\u011fal bir bitki \u00f6z\u00fct\u00fcd\u00fcr ve sa\u011fl\u0131k \u00fczerinde bir\u00e7ok faydal\u0131 etkiye sahiptir. Sar\u0131 kantaron bitkisi, \u00f6zellikle Avrupa ve Asya&#8217;da geleneksel olarak kullan\u0131lan bir bitkidir ve yaralar\u0131n iyile\u015fmesi, depresyonun hafifletilmesi ve antioksidan etkileri gibi bir\u00e7ok sa\u011fl\u0131k yarar\u0131 ile ili\u015fkilendirilir.<\/p>\n<p>Sar\u0131 kantaron toz ekstrakt\u0131n\u0131n en \u00f6nemli faydalar\u0131ndan biri, depresyon ve anksiyete gibi zihinsel sa\u011fl\u0131k sorunlar\u0131n\u0131n tedavisinde kullan\u0131labilmesidir. Ara\u015ft\u0131rmalar, sar\u0131 kantaron bitkisinin etkili bir do\u011fal antidepresan oldu\u011funu g\u00f6stermektedir. Sar\u0131 kantaron bitkisi, beyindeki serotonin seviyelerini artt\u0131rarak, depresyon ve anksiyete semptomlar\u0131n\u0131n azalmas\u0131na yard\u0131mc\u0131 olur.<\/p>\n<p>Sar\u0131 kantaron bitkisinin bir di\u011fer faydas\u0131, anti-inflamatuar etkileri nedeniyle deri hastal\u0131klar\u0131n\u0131n tedavisinde kullan\u0131labilmesidir. Sar\u0131 kantaron bitkisi, ciltteki iltihapl\u0131 durumlar\u0131 hafifletmeye yard\u0131mc\u0131 olan bile\u015fikler i\u00e7erir. Bu nedenle, sedef hastal\u0131\u011f\u0131, egzama ve di\u011fer cilt hastal\u0131klar\u0131 gibi iltihapl\u0131 cilt durumlar\u0131na kar\u015f\u0131 do\u011fal bir tedavi y\u00f6ntemi olarak kullan\u0131labilir.<\/p>\n<p>Sar\u0131 kantaron bitkisi, ayn\u0131 zamanda yaralar\u0131n h\u0131zl\u0131 bir \u015fekilde iyile\u015fmesine yard\u0131mc\u0131 olur. Bitkinin antiseptik ve antibakteriyel \u00f6zellikleri, yaralar\u0131n enfeksiyon riskini azalt\u0131r ve iyile\u015fme s\u00fcrecini h\u0131zland\u0131r\u0131r.<\/p>\n<p>Sar\u0131 kantaron toz ekstrakt\u0131n\u0131n i\u00e7erdi\u011fi etken maddeler aras\u0131nda, hiperisin, florogl\u00fcsinol ve flavonoidler yer al\u0131r. Hiperisin, depresyonun tedavisinde en \u00f6nemli bile\u015fenlerden biridir. Florogl\u00fcsinol, antioksidan \u00f6zelliklere sahiptir ve cilt hastal\u0131klar\u0131n\u0131n tedavisinde faydal\u0131d\u0131r. Flavonoidler ise anti-inflamatuar ve antioksidan etkilere sahiptir.<\/p>\n<p>Sar\u0131 kantaron toz ekstrakt\u0131, farmas\u00f6tik end\u00fcstrisi, kozmetik end\u00fcstrisi ve g\u0131da end\u00fcstrisi gibi bir\u00e7ok sekt\u00f6rde kullan\u0131l\u0131r. Farmas\u00f6tik end\u00fcstrisi, sar\u0131 kantaron bitkisinin antidepresan etkilerinden yararlanarak, antidepresan ila\u00e7lar\u0131n \u00fcretiminde kullan\u0131r. Kozmetik end\u00fcstrisi ise, sar\u0131 kantaron toz ekstrakt\u0131n\u0131 cilt bak\u0131m \u00fcr\u00fcnlerinde kullanarak, cilt hastal\u0131klar\u0131n\u0131n tedavisinde etkili bir do\u011fal bile\u015fen olarak kullan\u0131r.<\/p>\n<p>Sar\u0131 kantaron (Hypericum perforatum) y\u00fczy\u0131llard\u0131r geleneksel olarak t\u0131bbi ama\u00e7larla kullan\u0131lan bir bitkidir. \u00d6ncelikle antidepresan ve anti-enflamatuar \u00f6zellikleri i\u00e7in kullan\u0131l\u0131r ve genellikle kaps\u00fcl, tablet veya s\u0131v\u0131 \u00f6zler \u015feklinde bir besin takviyesi olarak sat\u0131l\u0131r.<\/p>\n<p>Sar\u0131 kantaron\u00a0\u00f6z\u00fc, besin takviyesi olarak kullan\u0131m\u0131n\u0131n yan\u0131 s\u0131ra, do\u011fal \u00f6zellikleri nedeniyle g\u0131da ve kozmetik end\u00fcstrisinde de kullan\u0131lmaktad\u0131r. \u0130\u015fte baz\u0131 yayg\u0131n kullan\u0131m alanlar\u0131:<br \/>\nG\u0131da End\u00fcstrisi: Sar\u0131 kantaron \u00f6z\u00fc do\u011fal bir g\u0131da renklendiricisi olarak kullan\u0131l\u0131r. Genellikle peynir, yo\u011furt ve tereya\u011f\u0131 \u00fcretiminde sar\u0131 bir renk katmak i\u00e7in kullan\u0131l\u0131r. Ekstrakt ayr\u0131ca \u00e7ay ve bira gibi i\u00e7eceklerde renk ve lezzet katmak i\u00e7in kullan\u0131l\u0131r.<\/p>\n<p>Kozmetik End\u00fcstrisi: Sar\u0131 kantaron \u00f6z\u00fc, anti-enflamatuar ve yat\u0131\u015ft\u0131r\u0131c\u0131 \u00f6zellikleri nedeniyle kozmetik form\u00fclasyonlarda kullan\u0131l\u0131r. Tahri\u015f olmu\u015f cildi sakinle\u015ftirmek ve yat\u0131\u015ft\u0131rmak i\u00e7in kremler, losyonlar ve serumlar gibi cilt bak\u0131m \u00fcr\u00fcnlerinde yayg\u0131n olarak kullan\u0131l\u0131r. Ekstrakt ayr\u0131ca sa\u00e7 bak\u0131m \u00fcr\u00fcnlerinde sa\u011fl\u0131kl\u0131 sa\u00e7 b\u00fcy\u00fcmesini te\u015fvik etmek i\u00e7in kullan\u0131l\u0131r.<\/p>\n<p>Genel olarak, sar\u0131 kantaron \u00f6z\u00fc, do\u011fal \u00f6zellikleri nedeniyle g\u0131da ve kozmetik end\u00fcstrisinde geni\u015f bir kullan\u0131m alan\u0131na sahiptir. Bununla birlikte, sar\u0131 kantaron otunun baz\u0131 ila\u00e7larla etkile\u015fime girebilece\u011fini unutmamak \u00f6nemlidir, bu nedenle kullanmadan \u00f6nce bir sa\u011fl\u0131k uzman\u0131na dan\u0131\u015fmak her zaman en iyisidir.<\/p>\n<h4>Kimyasal Bilgi<\/h4>\n<p>Sar\u0131 Kantaron Ekstrakt\u0131<\/p>\n<h4>Geleneksel Kullan\u0131m<\/h4>\n<p>The plant has long been used in traditional medicine as a remedy for anxiety, depression, wounds, burns, rheumatism, gout, inflammations, and ulcer. In Western countries, its therapeutic use can be traced back to the seventeenth century, while it was already used by North American indigenous people before the arrival of Europeans, to heal fever, snakebites, and skin diseases.<\/p>\n","protected":false},"excerpt":{"rendered":"<p>Hypericum Perforatum L.<br \/>\nUV Ile Hypericin<\/p>\n","protected":false},"featured_media":131213,"comment_status":"open","ping_status":"closed","template":"","meta":[],"product_brand":[],"product_cat":[153,151],"product_tag":[],"class_list":{"0":"post-131112","1":"product","2":"type-product","3":"status-publish","4":"has-post-thumbnail","6":"product_cat-powder-extracts","7":"product_cat-extracts","9":"first","10":"instock","11":"shipping-taxable","12":"product-type-simple"},"yoast_head":"<!-- This site is optimized with the Yoast SEO Premium plugin v27.4 (Yoast SEO v27.4) - https:\/\/yoast.com\/product\/yoast-seo-premium-wordpress\/ -->\n<title>SARI KANTARON - Bionley<\/title>\n<meta name=\"robots\" content=\"index, follow, max-snippet:-1, max-image-preview:large, max-video-preview:-1\" \/>\n<link rel=\"canonical\" href=\"https:\/\/bionley.com\/tr\/urun\/sari-kantaron-2\/\" \/>\n<meta property=\"og:locale\" content=\"tr_TR\" \/>\n<meta property=\"og:type\" content=\"article\" \/>\n<meta property=\"og:title\" content=\"SARI KANTARON\" \/>\n<meta property=\"og:description\" content=\"Hypericum Perforatum L. UV Ile Hypericin\" \/>\n<meta property=\"og:url\" content=\"https:\/\/bionley.com\/tr\/urun\/sari-kantaron-2\/\" \/>\n<meta property=\"og:site_name\" content=\"Bionley\" \/>\n<meta property=\"article:publisher\" content=\"https:\/\/www.facebook.com\/profile.php?id=61554875321542&amp;locale=tr_TR\" \/>\n<meta property=\"article:modified_time\" content=\"2024-07-20T15:54:12+00:00\" \/>\n<meta property=\"og:image\" content=\"https:\/\/bionley.com\/tr\/wp-content\/uploads\/2024\/01\/stjohn.jpg\" \/>\n\t<meta property=\"og:image:width\" content=\"1500\" \/>\n\t<meta property=\"og:image:height\" content=\"1500\" \/>\n\t<meta property=\"og:image:type\" content=\"image\/jpeg\" \/>\n<meta name=\"twitter:card\" content=\"summary_large_image\" \/>\n<meta name=\"twitter:site\" content=\"@bionleyBion\" \/>\n<meta name=\"twitter:label1\" content=\"Tahmini okuma s\u00fcresi\" \/>\n\t<meta name=\"twitter:data1\" content=\"3 dakika\" \/>\n<script type=\"application\/ld+json\" class=\"yoast-schema-graph\">{\"@context\":\"https:\\\/\\\/schema.org\",\"@graph\":[{\"@type\":\"WebPage\",\"@id\":\"https:\\\/\\\/bionley.com\\\/tr\\\/urun\\\/sari-kantaron-2\\\/\",\"url\":\"https:\\\/\\\/bionley.com\\\/tr\\\/urun\\\/sari-kantaron-2\\\/\",\"name\":\"SARI KANTARON - Bionley\",\"isPartOf\":{\"@id\":\"https:\\\/\\\/bionley.com\\\/tr\\\/#website\"},\"primaryImageOfPage\":{\"@id\":\"https:\\\/\\\/bionley.com\\\/tr\\\/urun\\\/sari-kantaron-2\\\/#primaryimage\"},\"image\":{\"@id\":\"https:\\\/\\\/bionley.com\\\/tr\\\/urun\\\/sari-kantaron-2\\\/#primaryimage\"},\"thumbnailUrl\":\"https:\\\/\\\/bionley.com\\\/tr\\\/wp-content\\\/uploads\\\/2024\\\/01\\\/stjohn.jpg\",\"datePublished\":\"2024-01-07T15:31:09+00:00\",\"dateModified\":\"2024-07-20T15:54:12+00:00\",\"breadcrumb\":{\"@id\":\"https:\\\/\\\/bionley.com\\\/tr\\\/urun\\\/sari-kantaron-2\\\/#breadcrumb\"},\"inLanguage\":\"tr\",\"potentialAction\":[{\"@type\":\"ReadAction\",\"target\":[\"https:\\\/\\\/bionley.com\\\/tr\\\/urun\\\/sari-kantaron-2\\\/\"]}]},{\"@type\":\"ImageObject\",\"inLanguage\":\"tr\",\"@id\":\"https:\\\/\\\/bionley.com\\\/tr\\\/urun\\\/sari-kantaron-2\\\/#primaryimage\",\"url\":\"https:\\\/\\\/bionley.com\\\/tr\\\/wp-content\\\/uploads\\\/2024\\\/01\\\/stjohn.jpg\",\"contentUrl\":\"https:\\\/\\\/bionley.com\\\/tr\\\/wp-content\\\/uploads\\\/2024\\\/01\\\/stjohn.jpg\",\"width\":1500,\"height\":1500},{\"@type\":\"BreadcrumbList\",\"@id\":\"https:\\\/\\\/bionley.com\\\/tr\\\/urun\\\/sari-kantaron-2\\\/#breadcrumb\",\"itemListElement\":[{\"@type\":\"ListItem\",\"position\":1,\"name\":\"Anasayfa\",\"item\":\"https:\\\/\\\/bionley.com\\\/tr\\\/\"},{\"@type\":\"ListItem\",\"position\":2,\"name\":\"\u00dcr\u00fcnler\",\"item\":\"https:\\\/\\\/bionley.com\\\/tr\\\/shop\\\/\"},{\"@type\":\"ListItem\",\"position\":3,\"name\":\"SARI KANTARON\"}]},{\"@type\":\"WebSite\",\"@id\":\"https:\\\/\\\/bionley.com\\\/tr\\\/#website\",\"url\":\"https:\\\/\\\/bionley.com\\\/tr\\\/\",\"name\":\"Bionley\",\"description\":\"\",\"publisher\":{\"@id\":\"https:\\\/\\\/bionley.com\\\/tr\\\/#organization\"},\"potentialAction\":[{\"@type\":\"SearchAction\",\"target\":{\"@type\":\"EntryPoint\",\"urlTemplate\":\"https:\\\/\\\/bionley.com\\\/tr\\\/?s={search_term_string}\"},\"query-input\":{\"@type\":\"PropertyValueSpecification\",\"valueRequired\":true,\"valueName\":\"search_term_string\"}}],\"inLanguage\":\"tr\"},{\"@type\":[\"Organization\",\"Place\",\"Corporation\"],\"@id\":\"https:\\\/\\\/bionley.com\\\/tr\\\/#organization\",\"name\":\"Bionley Biyoteknoloji A.\u015e\",\"url\":\"https:\\\/\\\/bionley.com\\\/tr\\\/\",\"logo\":{\"@id\":\"https:\\\/\\\/bionley.com\\\/tr\\\/urun\\\/sari-kantaron-2\\\/#local-main-organization-logo\"},\"image\":{\"@id\":\"https:\\\/\\\/bionley.com\\\/tr\\\/urun\\\/sari-kantaron-2\\\/#local-main-organization-logo\"},\"sameAs\":[\"https:\\\/\\\/www.facebook.com\\\/profile.php?id=61554875321542&locale=tr_TR\",\"https:\\\/\\\/x.com\\\/bionleyBion\",\"https:\\\/\\\/www.instagram.com\\\/bionleycom\\\/\"],\"description\":\"Bitkilerden standardize ekstre elde edilmesi ve elde edilen ekstrelerden de\u011ferli molek\u00fcllerin safla\u015ft\u0131r\u0131lmas\u0131 ve end\u00fcstriyel \u00f6l\u00e7ekte \u00fcretiminin yap\u0131lmas\u0131, \u00f6zellikle tar\u0131msal at\u0131klar ve t\u0131bbi aromatik bitkilerden y\u00fcksek katma de\u011ferli \u00fcr\u00fcnler elde etme \u00fczerine 20 y\u0131l\u0131 a\u015fk\u0131n s\u00fcredir \u00e7al\u0131\u015fmalar yapmaktay\u0131z. Gaziemir Sarn\u0131\u00e7 sanayi b\u00f6lgesinde faaliyet g\u00f6steren Bionley Biyoteknoloji A.\u015e \u015firketimiz i\u015f ortaklar\u0131m\u0131za \u00f6zel Ar-Ge \u00e7al\u0131\u015fmalar\u0131 ile inovatif \u00fcr\u00fcnler geli\u015ftirmekte ve \u00dclkemizin bu konularda d\u0131\u015far\u0131ya olan ba\u011f\u0131ml\u0131l\u0131\u011f\u0131n\u0131 azaltmaktay\u0131z. \u00d6zellikle Astragalus (Geven) ve Ruscus (Tav\u015fan memesi) bitkilerinin de\u011ferli molek\u00fcllerinin y\u00fcksek safl\u0131kta elde edilmesi ve end\u00fcstriyel \u00f6l\u00e7ekte \u00fcretimini ger\u00e7ekle\u015ftirmekteyiz . T\u00fcrkiye'de yeti\u015fen bitkilerin standardize olarak ekstrelerinin \u00fcretimini ger\u00e7ekle\u015ftirmektedir. Ayr\u0131ca Spray Dryer (p\u00fcsk\u00fcrtmeli kurutucu), Freeze Dryer, Tray Dryer, Rotocone Dryer v.b. cihazlar\u0131n tasar\u0131m ve optizasyonunu yapan bir firmad\u0131r.\",\"legalName\":\"B\u0130ONLEY B\u0130YOTEKNOLOJ\u0130 A.\u015e\",\"foundingDate\":\"2023-05-23\",\"numberOfEmployees\":{\"@type\":\"QuantitativeValue\",\"minValue\":\"1\",\"maxValue\":\"10\"},\"address\":{\"@id\":\"https:\\\/\\\/bionley.com\\\/tr\\\/urun\\\/sari-kantaron-2\\\/#local-main-place-address\"},\"telephone\":[\"05332783176\"],\"openingHoursSpecification\":[{\"@type\":\"OpeningHoursSpecification\",\"dayOfWeek\":[\"Monday\"],\"opens\":\"09:00\",\"closes\":\"18:00\"},{\"@type\":\"OpeningHoursSpecification\",\"dayOfWeek\":[\"Tuesday\",\"Wednesday\",\"Thursday\",\"Friday\",\"Saturday\"],\"opens\":\"09:00\",\"closes\":\"17:00\"},{\"@type\":\"OpeningHoursSpecification\",\"dayOfWeek\":[\"Sunday\"],\"opens\":\"00:00\",\"closes\":\"00:00\"}],\"email\":\"info@bionley.com\"},{\"@type\":\"PostalAddress\",\"@id\":\"https:\\\/\\\/bionley.com\\\/tr\\\/urun\\\/sari-kantaron-2\\\/#local-main-place-address\",\"streetAddress\":\"Fatih Mahallesi 1178 sokak no 5B Gaziemir \u0130ZM\u0130R\",\"addressLocality\":\"GAZ\u0130EM\u0130R\",\"postalCode\":\"35410\",\"addressRegion\":\"\u0130ZM\u0130R\",\"addressCountry\":\"TR\"},{\"@type\":\"ImageObject\",\"inLanguage\":\"tr\",\"@id\":\"https:\\\/\\\/bionley.com\\\/tr\\\/urun\\\/sari-kantaron-2\\\/#local-main-organization-logo\",\"url\":\"https:\\\/\\\/bionley.com\\\/tr\\\/wp-content\\\/uploads\\\/2026\\\/01\\\/Adsiz-tasarim-1.png\",\"contentUrl\":\"https:\\\/\\\/bionley.com\\\/tr\\\/wp-content\\\/uploads\\\/2026\\\/01\\\/Adsiz-tasarim-1.png\",\"width\":1280,\"height\":439,\"caption\":\"Bionley Biyoteknoloji A.\u015e\"}]}<\/script>\n<meta name=\"geo.placename\" content=\"GAZ\u0130EM\u0130R\" \/>\n<meta name=\"geo.region\" content=\"T\u00fcrkiye\" \/>\n<!-- \/ Yoast SEO Premium plugin. -->","yoast_head_json":{"title":"SARI KANTARON - Bionley","robots":{"index":"index","follow":"follow","max-snippet":"max-snippet:-1","max-image-preview":"max-image-preview:large","max-video-preview":"max-video-preview:-1"},"canonical":"https:\/\/bionley.com\/tr\/urun\/sari-kantaron-2\/","og_locale":"tr_TR","og_type":"article","og_title":"SARI KANTARON","og_description":"Hypericum Perforatum L. UV Ile Hypericin","og_url":"https:\/\/bionley.com\/tr\/urun\/sari-kantaron-2\/","og_site_name":"Bionley","article_publisher":"https:\/\/www.facebook.com\/profile.php?id=61554875321542&locale=tr_TR","article_modified_time":"2024-07-20T15:54:12+00:00","og_image":[{"width":1500,"height":1500,"url":"https:\/\/bionley.com\/tr\/wp-content\/uploads\/2024\/01\/stjohn.jpg","type":"image\/jpeg"}],"twitter_card":"summary_large_image","twitter_site":"@bionleyBion","twitter_misc":{"Tahmini okuma s\u00fcresi":"3 dakika"},"schema":{"@context":"https:\/\/schema.org","@graph":[{"@type":"WebPage","@id":"https:\/\/bionley.com\/tr\/urun\/sari-kantaron-2\/","url":"https:\/\/bionley.com\/tr\/urun\/sari-kantaron-2\/","name":"SARI KANTARON - Bionley","isPartOf":{"@id":"https:\/\/bionley.com\/tr\/#website"},"primaryImageOfPage":{"@id":"https:\/\/bionley.com\/tr\/urun\/sari-kantaron-2\/#primaryimage"},"image":{"@id":"https:\/\/bionley.com\/tr\/urun\/sari-kantaron-2\/#primaryimage"},"thumbnailUrl":"https:\/\/bionley.com\/tr\/wp-content\/uploads\/2024\/01\/stjohn.jpg","datePublished":"2024-01-07T15:31:09+00:00","dateModified":"2024-07-20T15:54:12+00:00","breadcrumb":{"@id":"https:\/\/bionley.com\/tr\/urun\/sari-kantaron-2\/#breadcrumb"},"inLanguage":"tr","potentialAction":[{"@type":"ReadAction","target":["https:\/\/bionley.com\/tr\/urun\/sari-kantaron-2\/"]}]},{"@type":"ImageObject","inLanguage":"tr","@id":"https:\/\/bionley.com\/tr\/urun\/sari-kantaron-2\/#primaryimage","url":"https:\/\/bionley.com\/tr\/wp-content\/uploads\/2024\/01\/stjohn.jpg","contentUrl":"https:\/\/bionley.com\/tr\/wp-content\/uploads\/2024\/01\/stjohn.jpg","width":1500,"height":1500},{"@type":"BreadcrumbList","@id":"https:\/\/bionley.com\/tr\/urun\/sari-kantaron-2\/#breadcrumb","itemListElement":[{"@type":"ListItem","position":1,"name":"Anasayfa","item":"https:\/\/bionley.com\/tr\/"},{"@type":"ListItem","position":2,"name":"\u00dcr\u00fcnler","item":"https:\/\/bionley.com\/tr\/shop\/"},{"@type":"ListItem","position":3,"name":"SARI KANTARON"}]},{"@type":"WebSite","@id":"https:\/\/bionley.com\/tr\/#website","url":"https:\/\/bionley.com\/tr\/","name":"Bionley","description":"","publisher":{"@id":"https:\/\/bionley.com\/tr\/#organization"},"potentialAction":[{"@type":"SearchAction","target":{"@type":"EntryPoint","urlTemplate":"https:\/\/bionley.com\/tr\/?s={search_term_string}"},"query-input":{"@type":"PropertyValueSpecification","valueRequired":true,"valueName":"search_term_string"}}],"inLanguage":"tr"},{"@type":["Organization","Place","Corporation"],"@id":"https:\/\/bionley.com\/tr\/#organization","name":"Bionley Biyoteknoloji A.\u015e","url":"https:\/\/bionley.com\/tr\/","logo":{"@id":"https:\/\/bionley.com\/tr\/urun\/sari-kantaron-2\/#local-main-organization-logo"},"image":{"@id":"https:\/\/bionley.com\/tr\/urun\/sari-kantaron-2\/#local-main-organization-logo"},"sameAs":["https:\/\/www.facebook.com\/profile.php?id=61554875321542&locale=tr_TR","https:\/\/x.com\/bionleyBion","https:\/\/www.instagram.com\/bionleycom\/"],"description":"Bitkilerden standardize ekstre elde edilmesi ve elde edilen ekstrelerden de\u011ferli molek\u00fcllerin safla\u015ft\u0131r\u0131lmas\u0131 ve end\u00fcstriyel \u00f6l\u00e7ekte \u00fcretiminin yap\u0131lmas\u0131, \u00f6zellikle tar\u0131msal at\u0131klar ve t\u0131bbi aromatik bitkilerden y\u00fcksek katma de\u011ferli \u00fcr\u00fcnler elde etme \u00fczerine 20 y\u0131l\u0131 a\u015fk\u0131n s\u00fcredir \u00e7al\u0131\u015fmalar yapmaktay\u0131z. Gaziemir Sarn\u0131\u00e7 sanayi b\u00f6lgesinde faaliyet g\u00f6steren Bionley Biyoteknoloji A.\u015e \u015firketimiz i\u015f ortaklar\u0131m\u0131za \u00f6zel Ar-Ge \u00e7al\u0131\u015fmalar\u0131 ile inovatif \u00fcr\u00fcnler geli\u015ftirmekte ve \u00dclkemizin bu konularda d\u0131\u015far\u0131ya olan ba\u011f\u0131ml\u0131l\u0131\u011f\u0131n\u0131 azaltmaktay\u0131z. \u00d6zellikle Astragalus (Geven) ve Ruscus (Tav\u015fan memesi) bitkilerinin de\u011ferli molek\u00fcllerinin y\u00fcksek safl\u0131kta elde edilmesi ve end\u00fcstriyel \u00f6l\u00e7ekte \u00fcretimini ger\u00e7ekle\u015ftirmekteyiz . T\u00fcrkiye'de yeti\u015fen bitkilerin standardize olarak ekstrelerinin \u00fcretimini ger\u00e7ekle\u015ftirmektedir. Ayr\u0131ca Spray Dryer (p\u00fcsk\u00fcrtmeli kurutucu), Freeze Dryer, Tray Dryer, Rotocone Dryer v.b. cihazlar\u0131n tasar\u0131m ve optizasyonunu yapan bir firmad\u0131r.","legalName":"B\u0130ONLEY B\u0130YOTEKNOLOJ\u0130 A.\u015e","foundingDate":"2023-05-23","numberOfEmployees":{"@type":"QuantitativeValue","minValue":"1","maxValue":"10"},"address":{"@id":"https:\/\/bionley.com\/tr\/urun\/sari-kantaron-2\/#local-main-place-address"},"telephone":["05332783176"],"openingHoursSpecification":[{"@type":"OpeningHoursSpecification","dayOfWeek":["Monday"],"opens":"09:00","closes":"18:00"},{"@type":"OpeningHoursSpecification","dayOfWeek":["Tuesday","Wednesday","Thursday","Friday","Saturday"],"opens":"09:00","closes":"17:00"},{"@type":"OpeningHoursSpecification","dayOfWeek":["Sunday"],"opens":"00:00","closes":"00:00"}],"email":"info@bionley.com"},{"@type":"PostalAddress","@id":"https:\/\/bionley.com\/tr\/urun\/sari-kantaron-2\/#local-main-place-address","streetAddress":"Fatih Mahallesi 1178 sokak no 5B Gaziemir \u0130ZM\u0130R","addressLocality":"GAZ\u0130EM\u0130R","postalCode":"35410","addressRegion":"\u0130ZM\u0130R","addressCountry":"TR"},{"@type":"ImageObject","inLanguage":"tr","@id":"https:\/\/bionley.com\/tr\/urun\/sari-kantaron-2\/#local-main-organization-logo","url":"https:\/\/bionley.com\/tr\/wp-content\/uploads\/2026\/01\/Adsiz-tasarim-1.png","contentUrl":"https:\/\/bionley.com\/tr\/wp-content\/uploads\/2026\/01\/Adsiz-tasarim-1.png","width":1280,"height":439,"caption":"Bionley Biyoteknoloji A.\u015e"}]},"geo.placename":"GAZ\u0130EM\u0130R","geo.region":"T\u00fcrkiye"},"_links":{"self":[{"href":"https:\/\/bionley.com\/tr\/wp-json\/wp\/v2\/product\/131112","targetHints":{"allow":["GET"]}}],"collection":[{"href":"https:\/\/bionley.com\/tr\/wp-json\/wp\/v2\/product"}],"about":[{"href":"https:\/\/bionley.com\/tr\/wp-json\/wp\/v2\/types\/product"}],"replies":[{"embeddable":true,"href":"https:\/\/bionley.com\/tr\/wp-json\/wp\/v2\/comments?post=131112"}],"wp:featuredmedia":[{"embeddable":true,"href":"https:\/\/bionley.com\/tr\/wp-json\/wp\/v2\/media\/131213"}],"wp:attachment":[{"href":"https:\/\/bionley.com\/tr\/wp-json\/wp\/v2\/media?parent=131112"}],"wp:term":[{"taxonomy":"product_brand","embeddable":true,"href":"https:\/\/bionley.com\/tr\/wp-json\/wp\/v2\/product_brand?post=131112"},{"taxonomy":"product_cat","embeddable":true,"href":"https:\/\/bionley.com\/tr\/wp-json\/wp\/v2\/product_cat?post=131112"},{"taxonomy":"product_tag","embeddable":true,"href":"https:\/\/bionley.com\/tr\/wp-json\/wp\/v2\/product_tag?post=131112"}],"curies":[{"name":"wp","href":"https:\/\/api.w.org\/{rel}","templated":true}]}}