{"id":131115,"date":"2024-01-07T18:32:33","date_gmt":"2024-01-07T15:32:33","guid":{"rendered":"http:\/\/demo.bionley.com\/?post_type=product&#038;p=131115"},"modified":"2024-01-31T03:19:16","modified_gmt":"2024-01-31T00:19:16","slug":"sogut-kabugu-2","status":"publish","type":"product","link":"https:\/\/bionley.com\/tr\/urun\/sogut-kabugu-2\/","title":{"rendered":"S\u00d6\u011e\u00dcT KABU\u011eU"},"content":{"rendered":"<p>S\u00f6\u011f\u00fct kabu\u011fu toz ekstrakt\u0131, salisilik asit a\u00e7\u0131s\u0131ndan zengin bir bitki kayna\u011f\u0131d\u0131r ve as\u0131rlard\u0131r insanlar taraf\u0131ndan do\u011fal bir a\u011fr\u0131 kesici olarak kullan\u0131lmaktad\u0131r. Ayr\u0131ca, s\u00f6\u011f\u00fct kabu\u011fu toz ekstrakt\u0131, anti-inflamatuar \u00f6zellikleri nedeniyle de bilinir ve baz\u0131 cilt problemleri i\u00e7in etkili bir tedavi olarak kullan\u0131l\u0131r. S\u00f6\u011f\u00fct kabu\u011fu toz ekstrakt\u0131n\u0131n faydalar\u0131 ve kullan\u0131ld\u0131\u011f\u0131 end\u00fcstriler hakk\u0131nda daha fazla bilgi edinmek i\u00e7in l\u00fctfen detaylar\u0131 okuyun.<\/p>\n<p>S\u00f6\u011f\u00fct kabu\u011fu toz ekstrakt\u0131n\u0131n Faydalar\u0131<\/p>\n<p>A\u011fr\u0131 Kesici: S\u00f6\u011f\u00fct kabu\u011fu toz ekstrakt\u0131, i\u00e7erdi\u011fi salisilik asit nedeniyle do\u011fal bir a\u011fr\u0131 kesicidir. Aspirin gibi sentetik a\u011fr\u0131 kesicilerin yap\u0131s\u0131nda bulunan salisilik asitin do\u011fal bir kayna\u011f\u0131d\u0131r. Bu nedenle, ba\u015f a\u011fr\u0131s\u0131, adet a\u011fr\u0131s\u0131, kas a\u011fr\u0131s\u0131, eklem a\u011fr\u0131s\u0131 ve di\u011fer a\u011fr\u0131lar i\u00e7in kullan\u0131labilir.<\/p>\n<p>Anti-inflamatuar: S\u00f6\u011f\u00fct kabu\u011fu toz ekstrakt\u0131, i\u00e7erdi\u011fi salisilik asit nedeniyle anti-inflamatuar \u00f6zelliklere sahiptir. Bu nedenle, eklem iltihab\u0131, romatoid artrit ve di\u011fer iltihabi hastal\u0131klar\u0131n tedavisinde kullan\u0131labilir.<\/p>\n<p>Cilt Sa\u011fl\u0131\u011f\u0131: S\u00f6\u011f\u00fct kabu\u011fu toz ekstrakt\u0131, cilt i\u00e7in bir\u00e7ok fayda sa\u011flar. Anti-inflamatuar \u00f6zellikleri sayesinde, sivilce, egzama ve di\u011fer cilt problemlerinin tedavisinde etkilidir. Ayr\u0131ca, cildin genel sa\u011fl\u0131\u011f\u0131n\u0131 destekleyerek ya\u015flanma belirtilerini azalt\u0131r.<\/p>\n<p>Kalp Sa\u011fl\u0131\u011f\u0131: S\u00f6\u011f\u00fct kabu\u011fu toz ekstrakt\u0131, kalp sa\u011fl\u0131\u011f\u0131n\u0131 korumaya yard\u0131mc\u0131 olan flavonoidler ve fenolik asitler gibi antioksidan bile\u015fikler i\u00e7erir. Bu bile\u015fikler, kan damarlar\u0131n\u0131n geni\u015flemesine ve kan bas\u0131nc\u0131n\u0131n d\u00fc\u015f\u00fcr\u00fclmesine yard\u0131mc\u0131 olabilir.<\/p>\n<p>S\u00f6\u011f\u00fct kabu\u011fu toz ekstrakt\u0131, bir\u00e7ok etkin madde i\u00e7erir. Bunlar\u0131n aras\u0131nda en \u00f6nemli olan\u0131 salisilik asittir. Ayr\u0131ca, s\u00f6\u011f\u00fct kabu\u011fu toz ekstrakt\u0131, flavonoidler, fenolik asitler ve tanenler gibi antioksidan bile\u015fikler i\u00e7erir.<\/p>\n<p>S\u00f6\u011f\u00fct kabu\u011fu \u00f6z\u00fc, cilde sa\u011flad\u0131\u011f\u0131 \u00e7e\u015fitli faydalar nedeniyle kozmetik \u00fcr\u00fcnlerde pop\u00fcler bir bile\u015fendir. S\u00f6\u011f\u00fct a\u011fac\u0131n\u0131n kabu\u011fundan elde edilir ve salisilik asidin do\u011fal bir formu olan salisin i\u00e7erir.<br \/>\n\u0130\u015fte s\u00f6\u011f\u00fct kabu\u011fu \u00f6z\u00fcn\u00fcn baz\u0131 kozmetik kullan\u0131mlar\u0131:<\/p>\n<p>Eksfoliasyon: S\u00f6\u011f\u00fct kabu\u011fu \u00f6z\u00fc, \u00f6l\u00fc cilt h\u00fccrelerini temizlemeye, g\u00f6zenekleri a\u00e7maya ve daha parlak, p\u00fcr\u00fczs\u00fcz bir cilt ortaya \u00e7\u0131karmaya yard\u0131mc\u0131 olabilecek do\u011fal bir eksfoliyand\u0131r.<\/p>\n<p>Akne kar\u015f\u0131t\u0131: S\u00f6\u011f\u00fct kabu\u011fu \u00f6z\u00fc anti-enflamatuar ve antibakteriyel \u00f6zelliklere sahiptir, bu da onu akne tedavisinde ve enflamasyonu azaltmada etkili k\u0131lar.<\/p>\n<p>Ya\u015flanma kar\u015f\u0131t\u0131: S\u00f6\u011f\u00fct kabu\u011fu \u00f6z\u00fc antioksidanlar a\u00e7\u0131s\u0131ndan zengindir, bu da cildin serbest radikal hasar\u0131ndan korunmas\u0131na ve erken ya\u015flanman\u0131n \u00f6nlenmesine yard\u0131mc\u0131 olabilir.<\/p>\n<p>Nemlendirici: S\u00f6\u011f\u00fct kabu\u011fu \u00f6z\u00fc cildi nemlendirmeye ve nemlendirmeye yard\u0131mc\u0131 olarak yumu\u015fak ve esnek kalmas\u0131n\u0131 sa\u011flayabilir.<\/p>\n<p>Yat\u0131\u015ft\u0131r\u0131c\u0131: S\u00f6\u011f\u00fct kabu\u011fu \u00f6z\u00fc cilt \u00fczerinde sakinle\u015ftirici bir etkiye sahiptir, bu da onu hassas veya tahri\u015f olmu\u015f ciltler i\u00e7in tasarlanm\u0131\u015f \u00fcr\u00fcnlerde kullan\u0131m i\u00e7in ideal hale getirir.<\/p>\n<p>Genel olarak, s\u00f6\u011f\u00fct kabu\u011fu \u00f6z\u00fc, \u00f6zellikle akneye e\u011filimli, ya\u011fl\u0131 veya karma cilt tipine sahip olanlar i\u00e7in kozmetik \u00fcr\u00fcnlerde faydal\u0131 bir bile\u015fen olabilir.<\/p>\n<p><strong>\u00d6NEML\u0130 NOT :<\/strong>\u00a0S\u00f6\u011f\u00fct kabu\u011fu toz ekstrakt\u0131n\u0131n kullan\u0131m\u0131n\u0131 mutlaka doktor kontrol\u00fcnde yap\u0131n\u0131z.<\/p>\n<h4>Kimyasal Bilgi<\/h4>\n<p>S\u00f6\u011f\u00fct Kabu\u011fu Ekstresi<\/p>\n<h4>Geleneksel Kullan\u0131m<\/h4>\n<p>330-500&#8217;den fazla t\u00fcr\u00fc ve 200&#8217;den fazla melezi olan S\u00f6\u011f\u00fctler (Salix cinsi), Afrika, Kuzey Amerika, Avrupa ve Asya&#8217;da yayg\u0131n olarak bulunan a\u011fa\u00e7lar, \u00e7al\u0131lar veya secde eden bitkilerdir. Bu cins geleneksel olarak halk t\u0131bb\u0131nda kullan\u0131l\u0131r ve salisilik asit i\u00e7in bir \u00f6n ila\u00e7 olan salisin de dahil olmak \u00fczere biyolojik olarak aktif bile\u015fiklerin de\u011ferli bir kayna\u011f\u0131n\u0131 temsil eder. Bu bitkiler geleneksel olarak a\u011fr\u0131l\u0131 kas-iskelet sistemi eklem a\u011fr\u0131s\u0131 durumlar\u0131n\u0131, iltihaplanmay\u0131 ve ate\u015fi tedavi etmek i\u00e7in kullan\u0131lm\u0131\u015ft\u0131r. S\u00f6\u011f\u00fct) Orta Do\u011fu&#8217;da, \u00f6zellikle \u0130ran&#8217;da, geleneksel olarak anemi ve vertigo tedavisinde, kardiyotonik bir ajan olarak ve ayr\u0131ca koku katk\u0131 maddesi olarak yerel \u015fekerlemelerin haz\u0131rlanmas\u0131nda kullan\u0131ld\u0131\u011f\u0131 i\u00e7in \u00f6nemliydi. Salix. alba L., halk t\u0131bb\u0131nda ate\u015f, kronik ve akut enflamasyon, a\u011fr\u0131 ve enfeksiyon tedavisinde kullan\u0131lm\u0131\u015ft\u0131r.<\/p>\n","protected":false},"excerpt":{"rendered":"<p><em>Salix Alba<\/em><br \/>\nSalisilik Asit Tayini<\/p>\n","protected":false},"featured_media":131217,"comment_status":"open","ping_status":"closed","template":"","meta":[],"product_brand":[],"product_cat":[151,153],"product_tag":[],"class_list":{"0":"post-131115","1":"product","2":"type-product","3":"status-publish","4":"has-post-thumbnail","6":"product_cat-extracts","7":"product_cat-powder-extracts","9":"first","10":"instock","11":"shipping-taxable","12":"product-type-simple"},"yoast_head":"<!-- This site is optimized with the Yoast SEO Premium plugin v27.4 (Yoast SEO v27.4) - https:\/\/yoast.com\/product\/yoast-seo-premium-wordpress\/ -->\n<title>S\u00d6\u011e\u00dcT KABU\u011eU - Bionley<\/title>\n<meta name=\"robots\" content=\"index, follow, max-snippet:-1, max-image-preview:large, max-video-preview:-1\" \/>\n<link rel=\"canonical\" href=\"https:\/\/bionley.com\/tr\/urun\/sogut-kabugu-2\/\" \/>\n<meta property=\"og:locale\" content=\"tr_TR\" \/>\n<meta property=\"og:type\" content=\"article\" \/>\n<meta property=\"og:title\" content=\"S\u00d6\u011e\u00dcT KABU\u011eU\" \/>\n<meta property=\"og:description\" content=\"Salix Alba Salisilik Asit Tayini\" \/>\n<meta property=\"og:url\" content=\"https:\/\/bionley.com\/tr\/urun\/sogut-kabugu-2\/\" \/>\n<meta property=\"og:site_name\" content=\"Bionley\" \/>\n<meta property=\"article:publisher\" content=\"https:\/\/www.facebook.com\/profile.php?id=61554875321542&amp;locale=tr_TR\" \/>\n<meta property=\"article:modified_time\" content=\"2024-01-31T00:19:16+00:00\" \/>\n<meta property=\"og:image\" content=\"https:\/\/bionley.com\/tr\/wp-content\/uploads\/2024\/01\/autumnal-background-with-slice-of-tree-trunk-with-2023-11-27-05-00-22-utc-scaled.jpg\" \/>\n\t<meta property=\"og:image:width\" content=\"2560\" \/>\n\t<meta property=\"og:image:height\" content=\"1709\" \/>\n\t<meta property=\"og:image:type\" content=\"image\/jpeg\" \/>\n<meta name=\"twitter:card\" content=\"summary_large_image\" \/>\n<meta name=\"twitter:site\" content=\"@bionleyBion\" \/>\n<meta name=\"twitter:label1\" content=\"Tahmini okuma s\u00fcresi\" \/>\n\t<meta name=\"twitter:data1\" content=\"4 dakika\" \/>\n<script type=\"application\/ld+json\" class=\"yoast-schema-graph\">{\"@context\":\"https:\\\/\\\/schema.org\",\"@graph\":[{\"@type\":\"WebPage\",\"@id\":\"https:\\\/\\\/bionley.com\\\/tr\\\/urun\\\/sogut-kabugu-2\\\/\",\"url\":\"https:\\\/\\\/bionley.com\\\/tr\\\/urun\\\/sogut-kabugu-2\\\/\",\"name\":\"S\u00d6\u011e\u00dcT KABU\u011eU - Bionley\",\"isPartOf\":{\"@id\":\"https:\\\/\\\/bionley.com\\\/tr\\\/#website\"},\"primaryImageOfPage\":{\"@id\":\"https:\\\/\\\/bionley.com\\\/tr\\\/urun\\\/sogut-kabugu-2\\\/#primaryimage\"},\"image\":{\"@id\":\"https:\\\/\\\/bionley.com\\\/tr\\\/urun\\\/sogut-kabugu-2\\\/#primaryimage\"},\"thumbnailUrl\":\"https:\\\/\\\/bionley.com\\\/tr\\\/wp-content\\\/uploads\\\/2024\\\/01\\\/autumnal-background-with-slice-of-tree-trunk-with-2023-11-27-05-00-22-utc-scaled.jpg\",\"datePublished\":\"2024-01-07T15:32:33+00:00\",\"dateModified\":\"2024-01-31T00:19:16+00:00\",\"breadcrumb\":{\"@id\":\"https:\\\/\\\/bionley.com\\\/tr\\\/urun\\\/sogut-kabugu-2\\\/#breadcrumb\"},\"inLanguage\":\"tr\",\"potentialAction\":[{\"@type\":\"ReadAction\",\"target\":[\"https:\\\/\\\/bionley.com\\\/tr\\\/urun\\\/sogut-kabugu-2\\\/\"]}]},{\"@type\":\"ImageObject\",\"inLanguage\":\"tr\",\"@id\":\"https:\\\/\\\/bionley.com\\\/tr\\\/urun\\\/sogut-kabugu-2\\\/#primaryimage\",\"url\":\"https:\\\/\\\/bionley.com\\\/tr\\\/wp-content\\\/uploads\\\/2024\\\/01\\\/autumnal-background-with-slice-of-tree-trunk-with-2023-11-27-05-00-22-utc-scaled.jpg\",\"contentUrl\":\"https:\\\/\\\/bionley.com\\\/tr\\\/wp-content\\\/uploads\\\/2024\\\/01\\\/autumnal-background-with-slice-of-tree-trunk-with-2023-11-27-05-00-22-utc-scaled.jpg\",\"width\":2560,\"height\":1709,\"caption\":\"autumnal background with slice of tree trunk with leaves and dry branches\"},{\"@type\":\"BreadcrumbList\",\"@id\":\"https:\\\/\\\/bionley.com\\\/tr\\\/urun\\\/sogut-kabugu-2\\\/#breadcrumb\",\"itemListElement\":[{\"@type\":\"ListItem\",\"position\":1,\"name\":\"Anasayfa\",\"item\":\"https:\\\/\\\/bionley.com\\\/tr\\\/\"},{\"@type\":\"ListItem\",\"position\":2,\"name\":\"\u00dcr\u00fcnler\",\"item\":\"https:\\\/\\\/bionley.com\\\/tr\\\/shop\\\/\"},{\"@type\":\"ListItem\",\"position\":3,\"name\":\"S\u00d6\u011e\u00dcT KABU\u011eU\"}]},{\"@type\":\"WebSite\",\"@id\":\"https:\\\/\\\/bionley.com\\\/tr\\\/#website\",\"url\":\"https:\\\/\\\/bionley.com\\\/tr\\\/\",\"name\":\"Bionley\",\"description\":\"\",\"publisher\":{\"@id\":\"https:\\\/\\\/bionley.com\\\/tr\\\/#organization\"},\"potentialAction\":[{\"@type\":\"SearchAction\",\"target\":{\"@type\":\"EntryPoint\",\"urlTemplate\":\"https:\\\/\\\/bionley.com\\\/tr\\\/?s={search_term_string}\"},\"query-input\":{\"@type\":\"PropertyValueSpecification\",\"valueRequired\":true,\"valueName\":\"search_term_string\"}}],\"inLanguage\":\"tr\"},{\"@type\":[\"Organization\",\"Place\",\"Corporation\"],\"@id\":\"https:\\\/\\\/bionley.com\\\/tr\\\/#organization\",\"name\":\"Bionley Biyoteknoloji A.\u015e\",\"url\":\"https:\\\/\\\/bionley.com\\\/tr\\\/\",\"logo\":{\"@id\":\"https:\\\/\\\/bionley.com\\\/tr\\\/urun\\\/sogut-kabugu-2\\\/#local-main-organization-logo\"},\"image\":{\"@id\":\"https:\\\/\\\/bionley.com\\\/tr\\\/urun\\\/sogut-kabugu-2\\\/#local-main-organization-logo\"},\"sameAs\":[\"https:\\\/\\\/www.facebook.com\\\/profile.php?id=61554875321542&locale=tr_TR\",\"https:\\\/\\\/x.com\\\/bionleyBion\",\"https:\\\/\\\/www.instagram.com\\\/bionleycom\\\/\"],\"description\":\"Bitkilerden standardize ekstre elde edilmesi ve elde edilen ekstrelerden de\u011ferli molek\u00fcllerin safla\u015ft\u0131r\u0131lmas\u0131 ve end\u00fcstriyel \u00f6l\u00e7ekte \u00fcretiminin yap\u0131lmas\u0131, \u00f6zellikle tar\u0131msal at\u0131klar ve t\u0131bbi aromatik bitkilerden y\u00fcksek katma de\u011ferli \u00fcr\u00fcnler elde etme \u00fczerine 20 y\u0131l\u0131 a\u015fk\u0131n s\u00fcredir \u00e7al\u0131\u015fmalar yapmaktay\u0131z. Gaziemir Sarn\u0131\u00e7 sanayi b\u00f6lgesinde faaliyet g\u00f6steren Bionley Biyoteknoloji A.\u015e \u015firketimiz i\u015f ortaklar\u0131m\u0131za \u00f6zel Ar-Ge \u00e7al\u0131\u015fmalar\u0131 ile inovatif \u00fcr\u00fcnler geli\u015ftirmekte ve \u00dclkemizin bu konularda d\u0131\u015far\u0131ya olan ba\u011f\u0131ml\u0131l\u0131\u011f\u0131n\u0131 azaltmaktay\u0131z. \u00d6zellikle Astragalus (Geven) ve Ruscus (Tav\u015fan memesi) bitkilerinin de\u011ferli molek\u00fcllerinin y\u00fcksek safl\u0131kta elde edilmesi ve end\u00fcstriyel \u00f6l\u00e7ekte \u00fcretimini ger\u00e7ekle\u015ftirmekteyiz . T\u00fcrkiye'de yeti\u015fen bitkilerin standardize olarak ekstrelerinin \u00fcretimini ger\u00e7ekle\u015ftirmektedir. Ayr\u0131ca Spray Dryer (p\u00fcsk\u00fcrtmeli kurutucu), Freeze Dryer, Tray Dryer, Rotocone Dryer v.b. cihazlar\u0131n tasar\u0131m ve optizasyonunu yapan bir firmad\u0131r.\",\"legalName\":\"B\u0130ONLEY B\u0130YOTEKNOLOJ\u0130 A.\u015e\",\"foundingDate\":\"2023-05-23\",\"numberOfEmployees\":{\"@type\":\"QuantitativeValue\",\"minValue\":\"1\",\"maxValue\":\"10\"},\"address\":{\"@id\":\"https:\\\/\\\/bionley.com\\\/tr\\\/urun\\\/sogut-kabugu-2\\\/#local-main-place-address\"},\"telephone\":[\"05332783176\"],\"openingHoursSpecification\":[{\"@type\":\"OpeningHoursSpecification\",\"dayOfWeek\":[\"Monday\"],\"opens\":\"09:00\",\"closes\":\"18:00\"},{\"@type\":\"OpeningHoursSpecification\",\"dayOfWeek\":[\"Tuesday\",\"Wednesday\",\"Thursday\",\"Friday\",\"Saturday\"],\"opens\":\"09:00\",\"closes\":\"17:00\"},{\"@type\":\"OpeningHoursSpecification\",\"dayOfWeek\":[\"Sunday\"],\"opens\":\"00:00\",\"closes\":\"00:00\"}],\"email\":\"info@bionley.com\"},{\"@type\":\"PostalAddress\",\"@id\":\"https:\\\/\\\/bionley.com\\\/tr\\\/urun\\\/sogut-kabugu-2\\\/#local-main-place-address\",\"streetAddress\":\"Fatih Mahallesi 1178 sokak no 5B Gaziemir \u0130ZM\u0130R\",\"addressLocality\":\"GAZ\u0130EM\u0130R\",\"postalCode\":\"35410\",\"addressRegion\":\"\u0130ZM\u0130R\",\"addressCountry\":\"TR\"},{\"@type\":\"ImageObject\",\"inLanguage\":\"tr\",\"@id\":\"https:\\\/\\\/bionley.com\\\/tr\\\/urun\\\/sogut-kabugu-2\\\/#local-main-organization-logo\",\"url\":\"https:\\\/\\\/bionley.com\\\/tr\\\/wp-content\\\/uploads\\\/2026\\\/01\\\/Adsiz-tasarim-1.png\",\"contentUrl\":\"https:\\\/\\\/bionley.com\\\/tr\\\/wp-content\\\/uploads\\\/2026\\\/01\\\/Adsiz-tasarim-1.png\",\"width\":1280,\"height\":439,\"caption\":\"Bionley Biyoteknoloji A.\u015e\"}]}<\/script>\n<meta name=\"geo.placename\" content=\"GAZ\u0130EM\u0130R\" \/>\n<meta name=\"geo.region\" content=\"T\u00fcrkiye\" \/>\n<!-- \/ Yoast SEO Premium plugin. -->","yoast_head_json":{"title":"S\u00d6\u011e\u00dcT KABU\u011eU - Bionley","robots":{"index":"index","follow":"follow","max-snippet":"max-snippet:-1","max-image-preview":"max-image-preview:large","max-video-preview":"max-video-preview:-1"},"canonical":"https:\/\/bionley.com\/tr\/urun\/sogut-kabugu-2\/","og_locale":"tr_TR","og_type":"article","og_title":"S\u00d6\u011e\u00dcT KABU\u011eU","og_description":"Salix Alba Salisilik Asit Tayini","og_url":"https:\/\/bionley.com\/tr\/urun\/sogut-kabugu-2\/","og_site_name":"Bionley","article_publisher":"https:\/\/www.facebook.com\/profile.php?id=61554875321542&locale=tr_TR","article_modified_time":"2024-01-31T00:19:16+00:00","og_image":[{"width":2560,"height":1709,"url":"https:\/\/bionley.com\/tr\/wp-content\/uploads\/2024\/01\/autumnal-background-with-slice-of-tree-trunk-with-2023-11-27-05-00-22-utc-scaled.jpg","type":"image\/jpeg"}],"twitter_card":"summary_large_image","twitter_site":"@bionleyBion","twitter_misc":{"Tahmini okuma s\u00fcresi":"4 dakika"},"schema":{"@context":"https:\/\/schema.org","@graph":[{"@type":"WebPage","@id":"https:\/\/bionley.com\/tr\/urun\/sogut-kabugu-2\/","url":"https:\/\/bionley.com\/tr\/urun\/sogut-kabugu-2\/","name":"S\u00d6\u011e\u00dcT KABU\u011eU - Bionley","isPartOf":{"@id":"https:\/\/bionley.com\/tr\/#website"},"primaryImageOfPage":{"@id":"https:\/\/bionley.com\/tr\/urun\/sogut-kabugu-2\/#primaryimage"},"image":{"@id":"https:\/\/bionley.com\/tr\/urun\/sogut-kabugu-2\/#primaryimage"},"thumbnailUrl":"https:\/\/bionley.com\/tr\/wp-content\/uploads\/2024\/01\/autumnal-background-with-slice-of-tree-trunk-with-2023-11-27-05-00-22-utc-scaled.jpg","datePublished":"2024-01-07T15:32:33+00:00","dateModified":"2024-01-31T00:19:16+00:00","breadcrumb":{"@id":"https:\/\/bionley.com\/tr\/urun\/sogut-kabugu-2\/#breadcrumb"},"inLanguage":"tr","potentialAction":[{"@type":"ReadAction","target":["https:\/\/bionley.com\/tr\/urun\/sogut-kabugu-2\/"]}]},{"@type":"ImageObject","inLanguage":"tr","@id":"https:\/\/bionley.com\/tr\/urun\/sogut-kabugu-2\/#primaryimage","url":"https:\/\/bionley.com\/tr\/wp-content\/uploads\/2024\/01\/autumnal-background-with-slice-of-tree-trunk-with-2023-11-27-05-00-22-utc-scaled.jpg","contentUrl":"https:\/\/bionley.com\/tr\/wp-content\/uploads\/2024\/01\/autumnal-background-with-slice-of-tree-trunk-with-2023-11-27-05-00-22-utc-scaled.jpg","width":2560,"height":1709,"caption":"autumnal background with slice of tree trunk with leaves and dry branches"},{"@type":"BreadcrumbList","@id":"https:\/\/bionley.com\/tr\/urun\/sogut-kabugu-2\/#breadcrumb","itemListElement":[{"@type":"ListItem","position":1,"name":"Anasayfa","item":"https:\/\/bionley.com\/tr\/"},{"@type":"ListItem","position":2,"name":"\u00dcr\u00fcnler","item":"https:\/\/bionley.com\/tr\/shop\/"},{"@type":"ListItem","position":3,"name":"S\u00d6\u011e\u00dcT KABU\u011eU"}]},{"@type":"WebSite","@id":"https:\/\/bionley.com\/tr\/#website","url":"https:\/\/bionley.com\/tr\/","name":"Bionley","description":"","publisher":{"@id":"https:\/\/bionley.com\/tr\/#organization"},"potentialAction":[{"@type":"SearchAction","target":{"@type":"EntryPoint","urlTemplate":"https:\/\/bionley.com\/tr\/?s={search_term_string}"},"query-input":{"@type":"PropertyValueSpecification","valueRequired":true,"valueName":"search_term_string"}}],"inLanguage":"tr"},{"@type":["Organization","Place","Corporation"],"@id":"https:\/\/bionley.com\/tr\/#organization","name":"Bionley Biyoteknoloji A.\u015e","url":"https:\/\/bionley.com\/tr\/","logo":{"@id":"https:\/\/bionley.com\/tr\/urun\/sogut-kabugu-2\/#local-main-organization-logo"},"image":{"@id":"https:\/\/bionley.com\/tr\/urun\/sogut-kabugu-2\/#local-main-organization-logo"},"sameAs":["https:\/\/www.facebook.com\/profile.php?id=61554875321542&locale=tr_TR","https:\/\/x.com\/bionleyBion","https:\/\/www.instagram.com\/bionleycom\/"],"description":"Bitkilerden standardize ekstre elde edilmesi ve elde edilen ekstrelerden de\u011ferli molek\u00fcllerin safla\u015ft\u0131r\u0131lmas\u0131 ve end\u00fcstriyel \u00f6l\u00e7ekte \u00fcretiminin yap\u0131lmas\u0131, \u00f6zellikle tar\u0131msal at\u0131klar ve t\u0131bbi aromatik bitkilerden y\u00fcksek katma de\u011ferli \u00fcr\u00fcnler elde etme \u00fczerine 20 y\u0131l\u0131 a\u015fk\u0131n s\u00fcredir \u00e7al\u0131\u015fmalar yapmaktay\u0131z. Gaziemir Sarn\u0131\u00e7 sanayi b\u00f6lgesinde faaliyet g\u00f6steren Bionley Biyoteknoloji A.\u015e \u015firketimiz i\u015f ortaklar\u0131m\u0131za \u00f6zel Ar-Ge \u00e7al\u0131\u015fmalar\u0131 ile inovatif \u00fcr\u00fcnler geli\u015ftirmekte ve \u00dclkemizin bu konularda d\u0131\u015far\u0131ya olan ba\u011f\u0131ml\u0131l\u0131\u011f\u0131n\u0131 azaltmaktay\u0131z. \u00d6zellikle Astragalus (Geven) ve Ruscus (Tav\u015fan memesi) bitkilerinin de\u011ferli molek\u00fcllerinin y\u00fcksek safl\u0131kta elde edilmesi ve end\u00fcstriyel \u00f6l\u00e7ekte \u00fcretimini ger\u00e7ekle\u015ftirmekteyiz . T\u00fcrkiye'de yeti\u015fen bitkilerin standardize olarak ekstrelerinin \u00fcretimini ger\u00e7ekle\u015ftirmektedir. Ayr\u0131ca Spray Dryer (p\u00fcsk\u00fcrtmeli kurutucu), Freeze Dryer, Tray Dryer, Rotocone Dryer v.b. cihazlar\u0131n tasar\u0131m ve optizasyonunu yapan bir firmad\u0131r.","legalName":"B\u0130ONLEY B\u0130YOTEKNOLOJ\u0130 A.\u015e","foundingDate":"2023-05-23","numberOfEmployees":{"@type":"QuantitativeValue","minValue":"1","maxValue":"10"},"address":{"@id":"https:\/\/bionley.com\/tr\/urun\/sogut-kabugu-2\/#local-main-place-address"},"telephone":["05332783176"],"openingHoursSpecification":[{"@type":"OpeningHoursSpecification","dayOfWeek":["Monday"],"opens":"09:00","closes":"18:00"},{"@type":"OpeningHoursSpecification","dayOfWeek":["Tuesday","Wednesday","Thursday","Friday","Saturday"],"opens":"09:00","closes":"17:00"},{"@type":"OpeningHoursSpecification","dayOfWeek":["Sunday"],"opens":"00:00","closes":"00:00"}],"email":"info@bionley.com"},{"@type":"PostalAddress","@id":"https:\/\/bionley.com\/tr\/urun\/sogut-kabugu-2\/#local-main-place-address","streetAddress":"Fatih Mahallesi 1178 sokak no 5B Gaziemir \u0130ZM\u0130R","addressLocality":"GAZ\u0130EM\u0130R","postalCode":"35410","addressRegion":"\u0130ZM\u0130R","addressCountry":"TR"},{"@type":"ImageObject","inLanguage":"tr","@id":"https:\/\/bionley.com\/tr\/urun\/sogut-kabugu-2\/#local-main-organization-logo","url":"https:\/\/bionley.com\/tr\/wp-content\/uploads\/2026\/01\/Adsiz-tasarim-1.png","contentUrl":"https:\/\/bionley.com\/tr\/wp-content\/uploads\/2026\/01\/Adsiz-tasarim-1.png","width":1280,"height":439,"caption":"Bionley Biyoteknoloji A.\u015e"}]},"geo.placename":"GAZ\u0130EM\u0130R","geo.region":"T\u00fcrkiye"},"_links":{"self":[{"href":"https:\/\/bionley.com\/tr\/wp-json\/wp\/v2\/product\/131115","targetHints":{"allow":["GET"]}}],"collection":[{"href":"https:\/\/bionley.com\/tr\/wp-json\/wp\/v2\/product"}],"about":[{"href":"https:\/\/bionley.com\/tr\/wp-json\/wp\/v2\/types\/product"}],"replies":[{"embeddable":true,"href":"https:\/\/bionley.com\/tr\/wp-json\/wp\/v2\/comments?post=131115"}],"wp:featuredmedia":[{"embeddable":true,"href":"https:\/\/bionley.com\/tr\/wp-json\/wp\/v2\/media\/131217"}],"wp:attachment":[{"href":"https:\/\/bionley.com\/tr\/wp-json\/wp\/v2\/media?parent=131115"}],"wp:term":[{"taxonomy":"product_brand","embeddable":true,"href":"https:\/\/bionley.com\/tr\/wp-json\/wp\/v2\/product_brand?post=131115"},{"taxonomy":"product_cat","embeddable":true,"href":"https:\/\/bionley.com\/tr\/wp-json\/wp\/v2\/product_cat?post=131115"},{"taxonomy":"product_tag","embeddable":true,"href":"https:\/\/bionley.com\/tr\/wp-json\/wp\/v2\/product_tag?post=131115"}],"curies":[{"name":"wp","href":"https:\/\/api.w.org\/{rel}","templated":true}]}}